{"id":11679,"date":"2025-03-25T09:44:40","date_gmt":"2025-03-25T02:44:40","guid":{"rendered":"https:\/\/www.upmd.fr\/tai-sao-tai-tro-cho-upmd-lai-la-lua-chon-sang-suot\/"},"modified":"2025-03-25T09:44:40","modified_gmt":"2025-03-25T02:44:40","slug":"tai-sao-tai-tro-cho-upmd-lai-la-lua-chon-sang-suot","status":"publish","type":"page","link":"https:\/\/www.upmd.fr\/vi\/tai-sao-tai-tro-cho-upmd-lai-la-lua-chon-sang-suot\/","title":{"rendered":"T\u1ea1i sao t\u00e0i tr\u1ee3 cho UPMD l\u1ea1i l\u00e0 l\u1ef1a ch\u1ecdn s\u00e1ng su\u1ed1t?"},"content":{"rendered":"\n<p>Khi n\u00f3i \u0111\u1ebfn t\u00e0i tr\u1ee3 v\u00e0 b\u1ea3o tr\u1ee3, ch\u00fang ta th\u01b0\u1eddng ngh\u0129 \u0111\u1ebfn c\u00e1c ho\u1ea1t \u0111\u1ed9ng nh\u00e2n \u0111\u1ea1o l\u1edbn ho\u1eb7c c\u00e1c s\u1ef1 ki\u1ec7n th\u1ec3 thao. Tuy nhi\u00ean, c\u00f3 m\u1ed9t cam k\u1ebft c\u1ee5 th\u1ec3, mang t\u00ednh \u0111\u1ecba ph\u01b0\u01a1ng v\u00e0 c\u00f3 gi\u00e1 tr\u1ecb: h\u1ed7 tr\u1ee3 h\u1ed9i ph\u1ee5 huynh nh\u01b0 UPMD. M\u1ed9t c\u1eed ch\u1ec9 v\u01b0\u1ee3t xa m\u1ed9t kho\u1ea3n quy\u00ean g\u00f3p t\u00e0i ch\u00ednh \u0111\u01a1n thu\u1ea7n.  <\/p>\n\n\n\n<p>Cho d\u00f9 b\u1ea1n l\u00e0 m\u1ed9t doanh nghi\u1ec7p \u0111\u1ecba ph\u01b0\u01a1ng nh\u1ecf, m\u1ed9t th\u01b0\u01a1ng hi\u1ec7u \u0111ang t\u00ecm ki\u1ebfm s\u1ef1 nh\u1eadn di\u1ec7n hay m\u1ed9t t\u1eadp \u0111o\u00e0n l\u1edbn quan t\u00e2m \u0111\u1ebfn h\u00ecnh \u1ea3nh x\u00e3 h\u1ed9i c\u1ee7a m\u00ecnh, sau \u0111\u00e2y l\u00e0 ba l\u00fd do ch\u00ednh t\u1ea1i sao vi\u1ec7c tr\u1edf th\u00e0nh nh\u00e0 t\u00e0i tr\u1ee3 ho\u1eb7c ng\u01b0\u1eddi b\u1ea3o tr\u1ee3 c\u1ee7a UPMD l\u1ea1i l\u00e0 m\u1ed9t c\u01a1 h\u1ed9i \u0111\u1ed9c \u0111\u00e1o.<\/p>\n\n\n\n<figure class=\"wp-block-image size-full\"><img loading=\"lazy\" decoding=\"async\" width=\"551\" height=\"453\" src=\"https:\/\/www.upmd.fr\/wp-content\/uploads\/2025\/03\/image-removebg-preview-100.png\" alt=\"\" class=\"wp-image-11674\" srcset=\"https:\/\/www.upmd.fr\/wp-content\/uploads\/2025\/03\/image-removebg-preview-100.png 551w, https:\/\/www.upmd.fr\/wp-content\/uploads\/2025\/03\/image-removebg-preview-100-300x247.png 300w\" sizes=\"auto, (max-width: 551px) 100vw, 551px\" \/><\/figure>\n\n\n\n<h2 class=\"wp-block-heading\">T\u00e1c \u0111\u1ed9ng tr\u1ef1c ti\u1ebfp \u0111\u1ebfn gi\u00e1o d\u1ee5c v\u00e0 c\u1ed9ng \u0111\u1ed3ng \u0111\u1ecba ph\u01b0\u01a1ng  <\/h2>\n\n\n\n<p>\u0110\u1ea7u t\u01b0 v\u00e0o h\u1ed9i ph\u1ee5 huynh ch\u00ednh l\u00e0 \u0111\u1ea7u t\u01b0 cho t\u01b0\u01a1ng lai. UPMD \u0111\u00f3ng vai tr\u00f2 thi\u1ebft y\u1ebfu trong vi\u1ec7c \u0111\u1ea3m b\u1ea3o h\u1ea1nh ph\u00fac v\u00e0 th\u00e0nh c\u00f4ng trong h\u1ecdc t\u1eadp c\u1ee7a tr\u1ebb em t\u1ea1i Tr\u01b0\u1eddng Lyc\u00e9e Fran\u00e7ais International Marguerite Duras. <\/p>\n\n\n\n<p><em>S\u1ef1 h\u1ed7 tr\u1ee3 c\u1ee7a b\u1ea1n cho ph\u00e9p:<\/em><\/p>\n\n\n\n<ul class=\"wp-block-list\">\n<li>T\u1ed5 ch\u1ee9c c\u00e1c s\u1ef1 ki\u1ec7n gi\u00e1o d\u1ee5c v\u00e0 v\u0103n h\u00f3a (l\u1ec5 h\u1ed9i, h\u1ed9i ch\u1ee3, cu\u1ed9c thi).<\/li>\n\n\n\n<li>C\u1ea3i thi\u1ec7n \u0111i\u1ec1u ki\u1ec7n h\u1ecdc t\u1eadp (h\u1ed7 tr\u1ee3 gia \u0111\u00ecnh, \u0111\u01b0a \u0111\u00f3n \u0111\u1ebfn tr\u01b0\u1eddng).<\/li>\n\n\n\n<li>T\u0103ng c\u01b0\u1eddng m\u1ed1i quan h\u1ec7 gi\u1eefa ph\u1ee5 huynh, h\u1ecdc sinh v\u00e0 gi\u00e1o vi\u00ean.<\/li>\n<\/ul>\n\n\n\n<p>B\u1eb1ng c\u00e1ch h\u1ed7 tr\u1ee3 UPMD, b\u1ea1n \u0111ang tr\u1ef1c ti\u1ebfp \u0111\u00f3ng g\u00f3p v\u00e0o ch\u1ea5t l\u01b0\u1ee3ng gi\u00e1o d\u1ee5c v\u00e0 ph\u00e1t tri\u1ec3n m\u00f4i tr\u01b0\u1eddng h\u1ecdc t\u1eadp n\u0103ng \u0111\u1ed9ng v\u00e0 h\u1ed7 tr\u1ee3.<\/p>\n\n\n\n<figure class=\"wp-block-image size-full\"><img loading=\"lazy\" decoding=\"async\" width=\"612\" height=\"408\" src=\"https:\/\/www.upmd.fr\/wp-content\/uploads\/2025\/03\/image-removebg-preview-97.png\" alt=\"\" class=\"wp-image-11662\" srcset=\"https:\/\/www.upmd.fr\/wp-content\/uploads\/2025\/03\/image-removebg-preview-97.png 612w, https:\/\/www.upmd.fr\/wp-content\/uploads\/2025\/03\/image-removebg-preview-97-300x200.png 300w\" sizes=\"auto, (max-width: 612px) 100vw, 612px\" \/><\/figure>\n\n\n\n<h2 class=\"wp-block-heading\">T\u1ea7m nh\u00ecn chi\u1ebfn l\u01b0\u1ee3c v\u00e0 h\u00ecnh \u1ea3nh cam k\u1ebft&nbsp;<\/h2>\n\n\n\n<ul class=\"wp-block-list\">\n<li>B\u1ea1n c\u00f3 bi\u1ebft r\u1eb1ng 88% ng\u01b0\u1eddi ti\u00eau d\u00f9ng th\u00edch mua h\u00e0ng t\u1eeb c\u00e1c c\u00f4ng ty c\u00f3 ho\u1ea1t \u0111\u1ed9ng x\u00e3 h\u1ed9i kh\u00f4ng?<\/li>\n<\/ul>\n\n\n\n<p>Vi\u1ec7c li\u00ean k\u1ebft th\u01b0\u01a1ng hi\u1ec7u c\u1ee7a b\u1ea1n v\u1edbi m\u1ed9t hi\u1ec7p h\u1ed9i gi\u00e1o d\u1ee5c s\u1ebd c\u1ee7ng c\u1ed1 h\u00ecnh \u1ea3nh v\u00e0 uy t\u00edn c\u1ee7a b\u1ea1n v\u1edbi \u0111\u1ed1i t\u01b0\u1ee3ng m\u1ee5c ti\u00eau l\u00e0 gia \u0111\u00ecnh, qu\u1ed1c t\u1ebf v\u00e0 c\u00f3 s\u1ee9c \u1ea3nh h\u01b0\u1edfng.<\/p>\n\n\n\n<p><em>Kh\u1ea3 n\u0103ng hi\u1ec3n th\u1ecb \u0111\u01b0\u1ee3c cung c\u1ea5p cho c\u00e1c nh\u00e0 t\u00e0i tr\u1ee3:<\/em><\/p>\n\n\n\n<ul class=\"wp-block-list\">\n<li>Logo v\u00e0 t\u00ean c\u00f4ng ty \u0111\u01b0\u1ee3c hi\u1ec3n th\u1ecb tr\u00ean trang web v\u00e0 m\u1ea1ng x\u00e3 h\u1ed9i c\u1ee7a UPMD.<\/li>\n\n\n\n<li>Xu\u1ea5t hi\u1ec7n tr\u00ean \u00e1p ph\u00edch v\u00e0 t\u00e0i li\u1ec7u cho c\u00e1c s\u1ef1 ki\u1ec7n c\u1ee7a tr\u01b0\u1eddng.<\/li>\n\n\n\n<li>\u0110\u01b0\u1ee3c khen ng\u1ee3i v\u00e0 c\u1ea3m \u01a1n \u0111\u1eb7c bi\u1ec7t t\u1ea1i c\u00e1c h\u1ed9i ch\u1ee3 v\u00e0 l\u1ec5 h\u1ed9i.<\/li>\n\n\n\n<li>C\u01a1 h\u1ed9i giao ti\u1ebfp qua b\u1ea3n tin g\u1eedi t\u1edbi ph\u1ee5 huynh.<\/li>\n<\/ul>\n\n\n\n<p>\ud83d\udca1 B\u1eb1ng c\u00e1ch t\u00e0i tr\u1ee3 cho UPMD, b\u1ea1n s\u1ebd tr\u1edf n\u00ean n\u1ed5i ti\u1ebfng \u0111\u1ed3ng th\u1eddi \u0111\u1ecbnh v\u1ecb m\u00ecnh l\u00e0 m\u1ed9t c\u00f4ng ty cam k\u1ebft theo \u0111u\u1ed5i c\u00e1c gi\u00e1 tr\u1ecb gi\u00e1o d\u1ee5c v\u00e0 \u0111o\u00e0n k\u1ebft.<\/p>\n\n\n\n<figure class=\"wp-block-image size-full\"><img loading=\"lazy\" decoding=\"async\" width=\"497\" height=\"502\" src=\"https:\/\/www.upmd.fr\/wp-content\/uploads\/2025\/03\/image-removebg-preview-96.png\" alt=\"\" class=\"wp-image-11659\" srcset=\"https:\/\/www.upmd.fr\/wp-content\/uploads\/2025\/03\/image-removebg-preview-96.png 497w, https:\/\/www.upmd.fr\/wp-content\/uploads\/2025\/03\/image-removebg-preview-96-297x300.png 297w\" sizes=\"auto, (max-width: 497px) 100vw, 497px\" \/><\/figure>\n\n\n\n<h2 class=\"wp-block-heading\">M\u1ea1ng l\u01b0\u1edbi &amp; C\u01a1 h\u1ed9i kinh doanh&nbsp;<\/h2>\n\n\n\n<p>UPMD c\u0169ng c\u00f3 m\u1ea1ng l\u01b0\u1edbi ph\u1ee5 huynh h\u00f9ng m\u1ea1nh \u0111\u1ebfn t\u1eeb nhi\u1ec1u n\u1ec1n t\u1ea3ng ngh\u1ec1 nghi\u1ec7p kh\u00e1c nhau (gi\u00e1m \u0111\u1ed1c \u0111i\u1ec1u h\u00e0nh, doanh nh\u00e2n, qu\u1ea3n l\u00fd ng\u01b0\u1eddi n\u01b0\u1edbc ngo\u00e0i, v.v.).<\/p>\n\n\n\n<p>L\u1ee3i \u00edch c\u1ee5 th\u1ec3 cho doanh nghi\u1ec7p c\u1ee7a b\u1ea1n:<\/p>\n\n\n\n<ul class=\"wp-block-list\">\n<li>Ti\u1ebfp c\u1eadn c\u1ed9ng \u0111\u1ed3ng c\u00f3 \u1ea3nh h\u01b0\u1edfng g\u1ed3m c\u00e1c gia \u0111\u00ecnh v\u00e0 chuy\u00ean gia trong n\u01b0\u1edbc v\u00e0 qu\u1ed1c t\u1ebf<\/li>\n\n\n\n<li>C\u01a1 h\u1ed9i giao l\u01b0u trong c\u00e1c s\u1ef1 ki\u1ec7n do UPMD t\u1ed5 ch\u1ee9c.<\/li>\n\n\n\n<li>L\u00e0m n\u1ed5i b\u1eadt c\u00e1c d\u1ecbch v\u1ee5 v\u00e0 s\u1ea3n ph\u1ea9m c\u1ee7a b\u1ea1n t\u1edbi \u0111\u1ed1i t\u01b0\u1ee3ng m\u1ee5c ti\u00eau \u0111\u1eb7c bi\u1ec7t.<\/li>\n\n\n\n<li>C\u00f3 th\u1ec3 kh\u1ea5u tr\u1eeb thu\u1ebf \u0111\u1ed1i v\u1edbi c\u00e1c kho\u1ea3n \u0111\u00f3ng g\u00f3p v\u00e0 quan h\u1ec7 \u0111\u1ed1i t\u00e1c theo lu\u1eadt hi\u1ec7n h\u00e0nh.<\/li>\n<\/ul>\n\n\n\n<p>Khi tr\u1edf th\u00e0nh nh\u00e0 t\u00e0i tr\u1ee3, b\u1ea1n kh\u00f4ng ch\u1ec9 quy\u00ean g\u00f3p: b\u1ea1n \u0111ang t\u1ea1o ra nh\u1eefng m\u1ed1i quan h\u1ec7 chi\u1ebfn l\u01b0\u1ee3c v\u00e0 m\u1edf ra c\u00e1nh c\u1eeda cho doanh nghi\u1ec7p c\u1ee7a m\u00ecnh.<\/p>\n\n\n\n<figure class=\"wp-block-image size-full\"><img loading=\"lazy\" decoding=\"async\" width=\"802\" height=\"660\" src=\"https:\/\/www.upmd.fr\/wp-content\/uploads\/2025\/03\/Capture-decran-2025-03-25-a-03.58.48.png\" alt=\"\" class=\"wp-image-11656\" srcset=\"https:\/\/www.upmd.fr\/wp-content\/uploads\/2025\/03\/Capture-decran-2025-03-25-a-03.58.48.png 802w, https:\/\/www.upmd.fr\/wp-content\/uploads\/2025\/03\/Capture-decran-2025-03-25-a-03.58.48-300x247.png 300w, https:\/\/www.upmd.fr\/wp-content\/uploads\/2025\/03\/Capture-decran-2025-03-25-a-03.58.48-768x632.png 768w\" sizes=\"auto, (max-width: 802px) 100vw, 802px\" \/><\/figure>\n\n\n\n<h2 class=\"wp-block-heading\">V\u1eady, b\u1ea1n \u0111\u00e3 s\u1eb5n s\u00e0ng h\u00e0nh \u0111\u1ed9ng ch\u01b0a?<\/h2>\n\n\n\n<p>Cam k\u1ebft v\u1edbi UPMD kh\u00f4ng ch\u1ec9 \u0111\u01a1n thu\u1ea7n l\u00e0 t\u00e0i tr\u1ee3: \u0111\u00f3 l\u00e0 kho\u1ea3n \u0111\u1ea7u t\u01b0 \u0111\u00f4i b\u00ean c\u00f9ng c\u00f3 l\u1ee3i, khi c\u00f4ng ty v\u00e0 c\u1ed9ng \u0111\u1ed3ng c\u00f9ng nhau ti\u1ebfn l\u00ean.<\/p>\n\n\n\n<p>Cho d\u00f9 b\u1ea1n l\u00e0 c\u00f4ng ty kh\u1edfi nghi\u1ec7p, doanh nghi\u1ec7p v\u1eeba v\u00e0 nh\u1ecf hay c\u00f4ng ty l\u1edbn, \u0111\u1ec1u c\u00f3 g\u00f3i d\u1ecbch v\u1ee5 ph\u00f9 h\u1ee3p v\u1edbi cam k\u1ebft c\u1ee7a b\u1ea1n!<\/p>\n\n\n\n<p>\ud83d\udce9 H\u00e3y li\u00ean h\u1ec7 v\u1edbi ch\u00fang t\u00f4i ngay h\u00f4m nay \u0111\u1ec3 tr\u1edf th\u00e0nh nh\u00e0 t\u00e0i tr\u1ee3 ho\u1eb7c ng\u01b0\u1eddi b\u1ea3o tr\u1ee3!<br> \ud83d\udce7 contact@upmd.fr<br> \ud83c\udf0d <a href=\"http:\/\/www.upmd.fr\/\">www.upmd.fr<\/a><\/p>\n\n\n\n<p>H\u00e3y tham gia c\u00f9ng ch\u00fang t\u00f4i v\u00e0 \u0111\u00f3ng vai tr\u00f2 t\u00edch c\u1ef1c trong vi\u1ec7c x\u00e2y d\u1ef1ng t\u01b0\u01a1ng lai t\u1ed1t \u0111\u1eb9p h\u01a1n cho con em ch\u00fang ta v\u00e0 c\u1ed9ng \u0111\u1ed3ng c\u1ee7a ch\u00fang ta!<\/p>\n\n\n\n<figure class=\"wp-block-image size-full\"><img loading=\"lazy\" decoding=\"async\" width=\"640\" height=\"376\" src=\"https:\/\/www.upmd.fr\/wp-content\/uploads\/2025\/03\/image-removebg-preview-98-1.png\" alt=\"\" class=\"wp-image-11668\" srcset=\"https:\/\/www.upmd.fr\/wp-content\/uploads\/2025\/03\/image-removebg-preview-98-1.png 640w, https:\/\/www.upmd.fr\/wp-content\/uploads\/2025\/03\/image-removebg-preview-98-1-300x176.png 300w\" sizes=\"auto, (max-width: 640px) 100vw, 640px\" \/><\/figure>\n\n\n\n<div style=\"height:100px\" aria-hidden=\"true\" class=\"wp-block-spacer\"><\/div>\n\n\n\n<hr class=\"wp-block-separator has-alpha-channel-opacity\">\n\n\n\n<p><\/p>\n","protected":false},"excerpt":{"rendered":"<p>Khi n\u00f3i \u0111\u1ebfn t\u00e0i tr\u1ee3 v\u00e0 b\u1ea3o tr\u1ee3, ch\u00fang ta th\u01b0\u1eddng ngh\u0129 \u0111\u1ebfn c\u00e1c ho\u1ea1t \u0111\u1ed9ng nh\u00e2n \u0111\u1ea1o l\u1edbn ho\u1eb7c c\u00e1c s\u1ef1 ki\u1ec7n th\u1ec3 thao. Tuy nhi\u00ean, c\u00f3 m\u1ed9t cam k\u1ebft c\u1ee5 th\u1ec3, mang t\u00ednh \u0111\u1ecba ph\u01b0\u01a1ng v\u00e0 c\u00f3 gi\u00e1 tr\u1ecb: h\u1ed7 tr\u1ee3 h\u1ed9i ph\u1ee5 huynh nh\u01b0 UPMD. M\u1ed9t c\u1eed ch\u1ec9 v\u01b0\u1ee3t xa m\u1ed9t kho\u1ea3n [&hellip;]<\/p>\n","protected":false},"author":14,"featured_media":10007,"parent":0,"menu_order":0,"comment_status":"closed","ping_status":"closed","template":"","meta":{"footnotes":""},"class_list":["post-11679","page","type-page","status-publish","has-post-thumbnail","hentry"],"_links":{"self":[{"href":"https:\/\/www.upmd.fr\/vi\/wp-json\/wp\/v2\/pages\/11679","targetHints":{"allow":["GET"]}}],"collection":[{"href":"https:\/\/www.upmd.fr\/vi\/wp-json\/wp\/v2\/pages"}],"about":[{"href":"https:\/\/www.upmd.fr\/vi\/wp-json\/wp\/v2\/types\/page"}],"author":[{"embeddable":true,"href":"https:\/\/www.upmd.fr\/vi\/wp-json\/wp\/v2\/users\/14"}],"replies":[{"embeddable":true,"href":"https:\/\/www.upmd.fr\/vi\/wp-json\/wp\/v2\/comments?post=11679"}],"version-history":[{"count":0,"href":"https:\/\/www.upmd.fr\/vi\/wp-json\/wp\/v2\/pages\/11679\/revisions"}],"wp:featuredmedia":[{"embeddable":true,"href":"https:\/\/www.upmd.fr\/vi\/wp-json\/wp\/v2\/media\/10007"}],"wp:attachment":[{"href":"https:\/\/www.upmd.fr\/vi\/wp-json\/wp\/v2\/media?parent=11679"}],"curies":[{"name":"wp","href":"https:\/\/api.w.org\/{rel}","templated":true}]}}