{"id":11547,"date":"2024-09-29T21:49:45","date_gmt":"2024-09-29T14:49:45","guid":{"rendered":"https:\/\/www.upmd.fr\/tat-ca-tin-tuc\/tat-ca-cac-bai-viet-bong-da\/"},"modified":"2024-09-29T21:49:45","modified_gmt":"2024-09-29T14:49:45","slug":"tat-ca-cac-bai-viet-bong-da","status":"publish","type":"page","link":"https:\/\/www.upmd.fr\/vi\/tat-ca-tin-tuc\/tat-ca-cac-bai-viet-bong-da\/","title":{"rendered":"T\u1ea5t c\u1ea3 c\u00e1c b\u00e0i vi\u1ebft: B\u00f3ng \u0111\u00e1"},"content":{"rendered":"\n<div class=\"wp-block-query is-layout-flow wp-block-query-is-layout-flow\"><ul class=\"columns-1 wp-block-post-template is-layout-grid wp-container-core-post-template-is-layout-ae0f3fe1 wp-block-post-template-is-layout-grid\"><li class=\"wp-block-post post-11420 post type-post status-publish format-standard has-post-thumbnail hentry category-bong-da\">\n\n<div class=\"wp-block-group is-layout-flow wp-block-group-is-layout-flow\" style=\"padding-top:30px;padding-right:30px;padding-bottom:30px;padding-left:30px\"><h2 style=\"font-size:clamp(15.747px, 0.984rem + ((1vw - 3.2px) * 0.86), 24px);\" class=\"wp-block-post-title\"><a href=\"https:\/\/www.upmd.fr\/vi\/upmd-foot-%e2%9a%bd%ef%b8%8f-mua-giai-2024-2025-khoi-dong\/\" target=\"_self\" >UPMD Foot \u26bd\ufe0f &#8211; M\u00f9a gi\u1ea3i 2024-2025 kh\u1edfi \u0111\u1ed9ng!<\/a><\/h2>\n\n<div class=\"wp-block-post-excerpt\"><p class=\"wp-block-post-excerpt__excerpt\">Th\u1ebf th\u00f4i! M\u00f9a gi\u1ea3i \u0111ang di\u1ec5n ra! C\u00e2u l\u1ea1c b\u1ed9 b\u00f3ng \u0111\u00e1 UPMD \u0111\u00e3 khai m\u1ea1c bu\u1ed5i t\u1eadp \u0111\u1ea7u ti\u00ean t\u1ea1i c\u01a1 s\u1edf m\u1edbi c\u1ee7a MANSION CLUB SPORT TP.HCM, n\u01a1i c\u00e2u l\u1ea1c b\u1ed9 s\u1ebd \u0111\u0103ng cai.M\u1ed9t bu\u1ed5i d\u1ecdn d\u1eb9p vui v\u1ebb, m\u1ed9t v\u00e0i c\u01a1n chu\u1ed9t r\u00fat \ud83d\ude2c\ud83d\ude1c, nh\u01b0ng tr\u00ean h\u1ebft l\u00e0 r\u1ea5t nhi\u1ec1u ni\u1ec1m vui&hellip; <\/p><\/div>\n\n<div class=\"wp-block-post-date\"><time datetime=\"2024-09-09T08:03:55+07:00\">09\/09\/2024<\/time><\/div><\/div>\n\n<\/li><li class=\"wp-block-post post-10877 post type-post status-publish format-standard has-post-thumbnail hentry category-bong-da\">\n\n<div class=\"wp-block-group is-layout-flow wp-block-group-is-layout-flow\" style=\"padding-top:30px;padding-right:30px;padding-bottom:30px;padding-left:30px\"><h2 style=\"font-size:clamp(15.747px, 0.984rem + ((1vw - 3.2px) * 0.86), 24px);\" class=\"wp-block-post-title\"><a href=\"https:\/\/www.upmd.fr\/vi\/club-de-foot-upmd-2024-2025\/\" target=\"_self\" >\ud83c\uddfb\ud83c\uddf3 Club de Foot UPMD 2024-2025 |T\u1ea5t c\u1ea3 chi ti\u1ebft \u26bd\ufe0f<\/a><\/h2>\n\n<div class=\"wp-block-post-excerpt\"><p class=\"wp-block-post-excerpt__excerpt\">\ud83c\uddfb\ud83c\uddf3 CLB B\u00d3NG \u0110\u00c1 UPMD &#8211; M\u1ed8T M\u00d9A GI\u1ea2I 2024\/2025 TUY\u1ec6T V\u1edcI &#8211;&nbsp; WHASTAPP Groupe&nbsp; &#8211;&nbsp; &nbsp;|&nbsp; &nbsp;&#8211;&nbsp; Email&nbsp; &#8211; N\u0103m nay, theo y\u00eau c\u1ea7u c\u1ee7a nhi\u1ec1u gia \u0111\u00ecnh v\u00e0 t\u1ea5t c\u1ea3 c\u00e1c em nh\u1ecf, CLB B\u00d3NG \u0110\u00c1 UPMD s\u1ebd n\u00e2ng cao tr\u00ecnh \u0111\u1ed9!! V\u1edbi ni\u1ec1m vui v\u00e0 t\u1ef1 h\u00e0o, c\u00e1c b\u1eadc ph\u1ee5 huynh t\u00ecnh&hellip; <\/p><\/div>\n\n<div class=\"wp-block-post-date\"><time datetime=\"2024-09-04T07:54:58+07:00\">04\/09\/2024<\/time><\/div><\/div>\n\n<\/li><li class=\"wp-block-post post-10724 post type-post status-publish format-standard has-post-thumbnail hentry category-bong-da\">\n\n<div class=\"wp-block-group is-layout-flow wp-block-group-is-layout-flow\" style=\"padding-top:30px;padding-right:30px;padding-bottom:30px;padding-left:30px\"><h2 style=\"font-size:clamp(15.747px, 0.984rem + ((1vw - 3.2px) * 0.86), 24px);\" class=\"wp-block-post-title\"><a href=\"https:\/\/www.upmd.fr\/vi\/%f0%9f%87%bb%f0%9f%87%b3-upmd-vivablast-football-tournament-2024-%e2%9a%bd%ef%b8%8f-huy-bo\/\" target=\"_self\" >\ud83c\uddfb\ud83c\uddf3 UPMD Vivablast Football Tournament 2024 \u26bd\ufe0f &#8211; H\u1ee7y b\u1ecf<\/a><\/h2>\n\n<div class=\"wp-block-post-excerpt\"><p class=\"wp-block-post-excerpt__excerpt\">\ud83c\uddfb\ud83c\uddf3 Cha m\u1eb9 th\u00e2n y\u00eau, C\u00e1c ch\u1ee7 t\u1ecbch c\u00e2u l\u1ea1c b\u1ed9 b\u00f3ng \u0111\u00e1 UPMD r\u1ea5t ti\u1ebfc th\u00f4ng b\u00e1o r\u1eb1ng, do s\u1ed1 l\u01b0\u1ee3ng c\u00e1c \u0111\u1ed9i b\u00f3ng tham gia&nbsp; thi\u1ebfu tr\u1ea7m tr\u1ecdng, v\u00ec th\u1ebf gi\u1ea3i b\u00f3ng UPMD \u2013 Vivablast, \u0111\u01b0\u1ee3c d\u1ef1 ki\u1ebfn t\u1ed5 ch\u1ee9c v\u00e0o ng\u00e0y th\u1ee9 7, 08 Th\u00e1ng 06 n\u0103m 2024 ph\u1ea3i h\u1ee7y b\u1ecf. S\u1ef1&hellip; <\/p><\/div>\n\n<div class=\"wp-block-post-date\"><time datetime=\"2024-05-07T16:14:09+07:00\">07\/05\/2024<\/time><\/div><\/div>\n\n<\/li><li class=\"wp-block-post post-10608 post type-post status-publish format-standard has-post-thumbnail hentry category-bong-da\">\n\n<div class=\"wp-block-group is-layout-flow wp-block-group-is-layout-flow\" style=\"padding-top:30px;padding-right:30px;padding-bottom:30px;padding-left:30px\"><h2 style=\"font-size:clamp(15.747px, 0.984rem + ((1vw - 3.2px) * 0.86), 24px);\" class=\"wp-block-post-title\"><a href=\"https:\/\/www.upmd.fr\/vi\/%f0%9f%87%bb%f0%9f%87%b3-upmd-girls-france-vs-igs-germany-11-6-%e2%9a%bd%ef%b8%8f\/\" target=\"_self\" >\ud83c\uddfb\ud83c\uddf3 UPMD Girls (France) vs IGS (Germany) : 11-6 \u26bd\ufe0f<\/a><\/h2>\n\n<div class=\"wp-block-post-excerpt\"><p class=\"wp-block-post-excerpt__excerpt\">\ud83c\uddfb\ud83c\uddf3 Th\u1ee9 b\u1ea3y ng\u00e0y 4 th\u00e1ng 5, c\u00e1c c\u00f4 g\u00e1i c\u1ee7a c\u00e2u l\u1ea1c b\u1ed9 b\u00f3ng \u0111\u00e1 th\u1ec3 thao UMPD \u0111\u00e3 g\u1eb7p c\u00e1c \u0111\u1ed1i t\u00e1c \u0110\u1ee9c \u0111\u1ec3 thi \u0111\u1ea5u giao h\u1eefu t\u1ea1i Th\u1ea3o \u0110i\u1ec1n.Tr\u1eadn \u0111\u1ea5u di\u1ec5n ra trong t\u00e2m th\u1ebf tuy\u1ec7t v\u1eddi v\u1edbi r\u1ea5t \u0111\u00f4ng kh\u00e1n gi\u1ea3 \u0111\u1ebfn c\u1ed5 v\u0169 cho c\u1ea3 hai \u0111\u1ed9i.H\u00e3y ghi nh\u1eadn&hellip; <\/p><\/div>\n\n<div class=\"wp-block-post-date\"><time datetime=\"2024-05-06T05:58:35+07:00\">06\/05\/2024<\/time><\/div><\/div>\n\n<\/li><li class=\"wp-block-post post-10686 post type-post status-publish format-standard has-post-thumbnail hentry category-bong-da\">\n\n<div class=\"wp-block-group is-layout-flow wp-block-group-is-layout-flow\" style=\"padding-top:30px;padding-right:30px;padding-bottom:30px;padding-left:30px\"><h2 style=\"font-size:clamp(15.747px, 0.984rem + ((1vw - 3.2px) * 0.86), 24px);\" class=\"wp-block-post-title\"><a href=\"https:\/\/www.upmd.fr\/vi\/%f0%9f%87%bb%f0%9f%87%b3-football-club-lich-2023-2024-%e2%9a%bd%ef%b8%8f\/\" target=\"_self\" >\ud83c\uddfb\ud83c\uddf3 Football Club L\u1ecbch 2023-2024 \u26bd\ufe0f<\/a><\/h2>\n\n<div class=\"wp-block-post-excerpt\"><p class=\"wp-block-post-excerpt__excerpt\">\ud83c\uddfb\ud83c\uddf3 Xin nh\u1eafc l\u1ea1i, l\u1ecbch t\u1eadp luy\u1ec7n \u0111\u00e3 \u0111\u01b0\u1ee3c th\u00f4ng b\u00e1o khi \u0111\u0103ng k\u00fd tham gia b\u00f3ng \u0111\u00e1. Nh\u1eefng qu\u1ea3 b\u00f3ng nh\u1ecf m\u00e0u xanh l\u00e0 nh\u1eefng ng\u00e0y th\u1ee9 b\u1ea3y khi t\u1eadp luy\u1ec7n. <\/p><\/div>\n\n<div class=\"wp-block-post-date\"><time datetime=\"2024-04-03T17:03:56+07:00\">03\/04\/2024<\/time><\/div><\/div>\n\n<\/li><li class=\"wp-block-post post-10806 post type-post status-publish format-standard has-post-thumbnail hentry category-bong-da\">\n\n<div class=\"wp-block-group is-layout-flow wp-block-group-is-layout-flow\" style=\"padding-top:30px;padding-right:30px;padding-bottom:30px;padding-left:30px\"><h2 style=\"font-size:clamp(15.747px, 0.984rem + ((1vw - 3.2px) * 0.86), 24px);\" class=\"wp-block-post-title\"><a href=\"https:\/\/www.upmd.fr\/vi\/giai-bong-da-cup-chau\/\" target=\"_self\" >\ud83c\uddfb\ud83c\uddf3Gi\u1ea3i b\u00f3ng \u0111\u00e1 C\u00fap Ch\u00e2u \u00c1 Th\u00e1i B\u00ecnh D\u01b0\u01a1ng AEFE 2024 \u26bd\ufe0f | Video \ud83c\udfa5<\/a><\/h2>\n\n<div class=\"wp-block-post-excerpt\"><p class=\"wp-block-post-excerpt__excerpt\">GI\u1ea2I B\u00d3NG \u0110\u00c1 CH\u00c2U \u00c1 TH\u00c1I B\u00ccNH D\u01af\u01a0NG AEFE 2024 <\/p><\/div>\n\n<div class=\"wp-block-post-date\"><time datetime=\"2024-03-15T17:04:37+07:00\">15\/03\/2024<\/time><\/div><\/div>\n\n<\/li><\/ul><\/div>\n","protected":false},"excerpt":{"rendered":"","protected":false},"author":8,"featured_media":10076,"parent":11523,"menu_order":5,"comment_status":"closed","ping_status":"closed","template":"page-with-sidebar","meta":{"footnotes":""},"class_list":["post-11547","page","type-page","status-publish","has-post-thumbnail","hentry"],"_links":{"self":[{"href":"https:\/\/www.upmd.fr\/vi\/wp-json\/wp\/v2\/pages\/11547","targetHints":{"allow":["GET"]}}],"collection":[{"href":"https:\/\/www.upmd.fr\/vi\/wp-json\/wp\/v2\/pages"}],"about":[{"href":"https:\/\/www.upmd.fr\/vi\/wp-json\/wp\/v2\/types\/page"}],"author":[{"embeddable":true,"href":"https:\/\/www.upmd.fr\/vi\/wp-json\/wp\/v2\/users\/8"}],"replies":[{"embeddable":true,"href":"https:\/\/www.upmd.fr\/vi\/wp-json\/wp\/v2\/comments?post=11547"}],"version-history":[{"count":0,"href":"https:\/\/www.upmd.fr\/vi\/wp-json\/wp\/v2\/pages\/11547\/revisions"}],"up":[{"embeddable":true,"href":"https:\/\/www.upmd.fr\/vi\/wp-json\/wp\/v2\/pages\/11523"}],"wp:featuredmedia":[{"embeddable":true,"href":"https:\/\/www.upmd.fr\/vi\/wp-json\/wp\/v2\/media\/10076"}],"wp:attachment":[{"href":"https:\/\/www.upmd.fr\/vi\/wp-json\/wp\/v2\/media?parent=11547"}],"curies":[{"name":"wp","href":"https:\/\/api.w.org\/{rel}","templated":true}]}}