{"id":11537,"date":"2024-09-29T21:29:51","date_gmt":"2024-09-29T14:29:51","guid":{"rendered":"https:\/\/www.upmd.fr\/tat-ca-tin-tuc\/tat-ca-cac-bai-viet-tiec-su-kien\/"},"modified":"2024-09-29T21:29:51","modified_gmt":"2024-09-29T14:29:51","slug":"tat-ca-cac-bai-viet-tiec-su-kien","status":"publish","type":"page","link":"https:\/\/www.upmd.fr\/vi\/tat-ca-tin-tuc\/tat-ca-cac-bai-viet-tiec-su-kien\/","title":{"rendered":"T\u1ea5t c\u1ea3 c\u00e1c b\u00e0i vi\u1ebft: Ti\u1ec7c &amp; S\u1ef1 ki\u1ec7n"},"content":{"rendered":"\n<div class=\"wp-block-query is-layout-flow wp-block-query-is-layout-flow\"><ul class=\"columns-1 wp-block-post-template is-layout-grid wp-container-core-post-template-is-layout-ae0f3fe1 wp-block-post-template-is-layout-grid\"><li class=\"wp-block-post post-11416 post type-post status-publish format-standard has-post-thumbnail hentry category-su-kien-upmd\">\n\n<div class=\"wp-block-group is-layout-flow wp-block-group-is-layout-flow\" style=\"padding-top:30px;padding-right:30px;padding-bottom:30px;padding-left:30px\"><h2 style=\"font-size:clamp(15.747px, 0.984rem + ((1vw - 3.2px) * 0.86), 24px);\" class=\"wp-block-post-title\"><a href=\"https:\/\/www.upmd.fr\/vi\/hoi-nghi-fdm-tri-tue-cam-xuc-thu-nam-ngay-19-thang-12\/\" target=\"_self\" >H\u1ed9i ngh\u1ecb FDM \u2013 Tr\u00ed tu\u1ec7 c\u1ea3m x\u00fac Th\u1ee9 n\u0103m, ng\u00e0y 19 th\u00e1ng 12<\/a><\/h2>\n\n<div class=\"wp-block-post-excerpt\"><p class=\"wp-block-post-excerpt__excerpt\">&nbsp;\u0110\u0103ng tr\u00ean&nbsp;13 d\u00e9cembre 2024,&nbsp;&nbsp;&nbsp; &nbsp;Trong danh m\u1ee5c&nbsp;\u00c9v\u00e8nements Xin ch\u00e0o t\u1ea5t c\u1ea3 m\u1ecdi ng\u01b0\u1eddi, L\u00e0 m\u1ed9t ph\u1ea7n c\u1ee7a d\u1ef1 \u00e1n Entraides&nbsp;Fran\u00e7ais du monde Vietnam&nbsp;s\u1ebd t\u1ed5 ch\u1ee9c h\u1ed9i ngh\u1ecb v\u00e0o th\u1ee9 n\u0103m tu\u1ea7n th\u1ee9 hai c\u1ee7a m\u1ed7i th\u00e1ng do Justine Hareng v\u00e0 Arnaud Guibert ch\u1ee7 tr\u00ec. H\u1ed9i ngh\u1ecb \u0111\u1ea7u ti\u00ean b\u1eb1ng ti\u1ebfng Ph\u00e1p s\u1ebd di\u1ec5n ra v\u00e0o&hellip; <\/p><\/div>\n\n<div class=\"wp-block-post-date\"><time datetime=\"2025-03-13T14:46:20+07:00\">13\/03\/2025<\/time><\/div><\/div>\n\n<\/li><li class=\"wp-block-post post-11387 post type-post status-publish format-standard hentry category-su-kien-upmd\">\n\n<div class=\"wp-block-group is-layout-flow wp-block-group-is-layout-flow\" style=\"padding-top:30px;padding-right:30px;padding-bottom:30px;padding-left:30px\"><h2 style=\"font-size:clamp(15.747px, 0.984rem + ((1vw - 3.2px) * 0.86), 24px);\" class=\"wp-block-post-title\"><a href=\"https:\/\/www.upmd.fr\/vi\/%f0%9f%8f%83%e2%99%80%ef%b8%8f%f0%9f%8f%83%e2%99%82%ef%b8%8f-the-forest-run-13-04-2025-andros-lakes-race-01-06-2025\/\" target=\"_self\" >\ud83c\udfc3\u200d\u2640\ufe0f\ud83c\udfc3\u200d\u2642\ufe0f The Forest Run 13\/04\/2025 + Andros Lakes Race 01\/06\/2025<\/a><\/h2>\n\n<div class=\"wp-block-post-excerpt\"><p class=\"wp-block-post-excerpt__excerpt\">K\u00ednh g\u1eedi Qu\u00fd Ph\u1ee5 huynh, UPMD h\u1ee3p t\u00e1c v\u1edbi The Forest Run, m\u1ed9t s\u1ef1 ki\u1ec7n m\u1edbi b\u1ed5 sung cho Andros Lakes Race. \u0110\u00e2y l\u00e0 c\u01a1 h\u1ed9i tuy\u1ec7t v\u1eddi \u0111\u1ec3 tr\u1ebb ph\u00e1t tri\u1ec3n th\u00f4ng qua th\u1ec3 thao. Ch\u00fang t\u00f4i s\u1ebd c\u00f3 m\u1eb7t t\u1ea1i c\u1ea3 hai s\u1ef1 ki\u1ec7n v\u00e0 hy v\u1ecdng \u0111\u01b0\u1ee3c th\u1ea5y nhi\u1ec1u h\u1ecdc sinh v\u00e0&hellip; <\/p><\/div>\n\n<div class=\"wp-block-post-date\"><time datetime=\"2025-03-11T14:19:00+07:00\">11\/03\/2025<\/time><\/div><\/div>\n\n<\/li><li class=\"wp-block-post post-11383 post type-post status-publish format-standard hentry category-su-kien-upmd\">\n\n<div class=\"wp-block-group is-layout-flow wp-block-group-is-layout-flow\" style=\"padding-top:30px;padding-right:30px;padding-bottom:30px;padding-left:30px\"><h2 style=\"font-size:clamp(15.747px, 0.984rem + ((1vw - 3.2px) * 0.86), 24px);\" class=\"wp-block-post-title\"><a href=\"https:\/\/www.upmd.fr\/vi\/don-mung-tet-at-ty-2025\/\" target=\"_self\" >\u0110\u00f3n m\u1eebng T\u1ebft \u1ea4t T\u1ef5 2025<\/a><\/h2>\n\n<div class=\"wp-block-post-excerpt\"><p class=\"wp-block-post-excerpt__excerpt\"> <\/p><\/div>\n\n<div class=\"wp-block-post-date\"><time datetime=\"2025-01-07T14:13:00+07:00\">07\/01\/2025<\/time><\/div><\/div>\n\n<\/li><li class=\"wp-block-post post-11397 post type-post status-publish format-standard hentry category-chua-phan-loai category-su-kien-upmd\">\n\n<div class=\"wp-block-group is-layout-flow wp-block-group-is-layout-flow\" style=\"padding-top:30px;padding-right:30px;padding-bottom:30px;padding-left:30px\"><h2 style=\"font-size:clamp(15.747px, 0.984rem + ((1vw - 3.2px) * 0.86), 24px);\" class=\"wp-block-post-title\"><a href=\"https:\/\/www.upmd.fr\/vi\/upmd-to-chuc-le-giang-sinh%f0%9f%8e%84\/\" target=\"_self\" >UPMD t\u1ed5 ch\u1ee9c l\u1ec5 Gi\u00e1ng sinh\ud83c\udf84<\/a><\/h2>\n\n<div class=\"wp-block-post-excerpt\"><p class=\"wp-block-post-excerpt__excerpt\">Ho ho ho, UPMD \u0111ang t\u1ed5 ch\u1ee9c l\u1ec5 Gi\u00e1ng sinh cho tr\u1ebb em c\u1ee7a ch\u00fang ta. Th\u1ee9 s\u00e1u ng\u00e0y 20\/12 d\u00e0nh cho c\u00e1c b\u1ea1n nh\u1ecf, \u00f4ng gi\u00e0 Noel s\u1ebd xu\u1ea5t hi\u1ec7n t\u1ea1i tr\u01b0\u1eddng v\u00e0 ch\u00e0o \u0111\u00f3n c\u00e1c b\u1ea1n b\u1eb1ng nh\u1eefng tr\u00e0ng c\u01b0\u1eddi s\u1ea3ng kho\u00e1i! \u0110\u1ed1i v\u1edbi c\u00e1c cu\u1ed9c b\u1ea7u c\u1eed s\u01a1 b\u1ed9, m\u1ed9t ch\u01b0\u01a1ng tr\u00ecnh&hellip; <\/p><\/div>\n\n<div class=\"wp-block-post-date\"><time datetime=\"2024-12-13T09:32:00+07:00\">13\/12\/2024<\/time><\/div><\/div>\n\n<\/li><li class=\"wp-block-post post-11391 post type-post status-publish format-standard hentry category-su-kien-upmd\">\n\n<div class=\"wp-block-group is-layout-flow wp-block-group-is-layout-flow\" style=\"padding-top:30px;padding-right:30px;padding-bottom:30px;padding-left:30px\"><h2 style=\"font-size:clamp(15.747px, 0.984rem + ((1vw - 3.2px) * 0.86), 24px);\" class=\"wp-block-post-title\"><a href=\"https:\/\/www.upmd.fr\/vi\/giam-gia-dac-biet\/\" target=\"_self\" >Gi\u1ea3m gi\u00e1 \u0111\u1eb7c bi\u1ec7t<\/a><\/h2>\n\n<div class=\"wp-block-post-excerpt\"><p class=\"wp-block-post-excerpt__excerpt\">Tr\u1ea1i Gi\u00e1ng sinh c\u1ee7a Le Petit Mus\u00e9e &nbsp;Tr\u1ea1i Gi\u00e1ng sinh B\u1eafc C\u1ef1c \u2013 Kh\u00e1m ph\u00e1 \u0110\u1ed9ng v\u1eadt hoang d\u00e3 B\u1eafc C\u1ef1c&nbsp; &nbsp;Tham Gia Chuy\u1ebfn Phi\u00eau L\u01b0u B\u1eafc C\u1ef1c! H\u00e3y b\u01b0\u1edbc v\u00e0o v\u00f9ng \u0111\u1ea5t hoang s\u01a1 v\u00e0 b\u00ed \u1ea9n nh\u1ea5t tr\u00ean h\u00e0nh tinh \u2013 B\u1eafc C\u1ef1c! Kh\u00e1m ph\u00e1 th\u1ebf gi\u1edbi n\u01a1i c\u00e1c lo\u00e0i \u0111\u1ed9ng v\u1eadt b\u1ec1n&hellip; <\/p><\/div>\n\n<div class=\"wp-block-post-date\"><time datetime=\"2024-12-12T14:26:00+07:00\">12\/12\/2024<\/time><\/div><\/div>\n\n<\/li><li class=\"wp-block-post post-11403 post type-post status-publish format-standard hentry category-su-kien-upmd\">\n\n<div class=\"wp-block-group is-layout-flow wp-block-group-is-layout-flow\" style=\"padding-top:30px;padding-right:30px;padding-bottom:30px;padding-left:30px\"><h2 style=\"font-size:clamp(15.747px, 0.984rem + ((1vw - 3.2px) * 0.86), 24px);\" class=\"wp-block-post-title\"><a href=\"https:\/\/www.upmd.fr\/vi\/dai-hoi-bao-cao\/\" target=\"_self\" >\u0110\u1ea1i h\u1ed9i \u2013 B\u00e1o c\u00e1o<\/a><\/h2>\n\n<div class=\"wp-block-post-excerpt\"><p class=\"wp-block-post-excerpt__excerpt\">\u0110\u1ea1i h\u1ed9i 2024 c\u1ee7a UPMD \u0111\u00e3 \u0111\u01b0\u1ee3c t\u1ed5 ch\u1ee9c v\u00e0o th\u1ee9 B\u1ea3y, ng\u00e0y 9 th\u00e1ng 11 v\u1edbi s\u1ef1 c\u00f3 m\u1eb7t c\u1ee7a Anne-Laure Vincent, T\u00f9y vi\u00ean H\u1ee3p t\u00e1c Gi\u00e1o d\u1ee5c v\u00e0 Ng\u00f4n ng\u1eef (MEAE) \u0111\u1ea1i di\u1ec7n cho B\u00e0 T\u1ed5ng L\u00e3nh s\u1ef1 c\u0169ng nh\u01b0 \u00d4ng Jean-Hugues Mota, Hi\u1ec7u tr\u01b0\u1edfng Tr\u01b0\u1eddng LFI Duras. B\u1ea1n s\u1ebd t\u00ecm th\u1ea5y th\u00f4ng&hellip; <\/p><\/div>\n\n<div class=\"wp-block-post-date\"><time datetime=\"2024-12-06T14:42:00+07:00\">06\/12\/2024<\/time><\/div><\/div>\n\n<\/li><\/ul><\/div>\n","protected":false},"excerpt":{"rendered":"","protected":false},"author":8,"featured_media":10074,"parent":11523,"menu_order":4,"comment_status":"closed","ping_status":"closed","template":"page-with-sidebar","meta":{"footnotes":""},"class_list":["post-11537","page","type-page","status-publish","has-post-thumbnail","hentry"],"_links":{"self":[{"href":"https:\/\/www.upmd.fr\/vi\/wp-json\/wp\/v2\/pages\/11537","targetHints":{"allow":["GET"]}}],"collection":[{"href":"https:\/\/www.upmd.fr\/vi\/wp-json\/wp\/v2\/pages"}],"about":[{"href":"https:\/\/www.upmd.fr\/vi\/wp-json\/wp\/v2\/types\/page"}],"author":[{"embeddable":true,"href":"https:\/\/www.upmd.fr\/vi\/wp-json\/wp\/v2\/users\/8"}],"replies":[{"embeddable":true,"href":"https:\/\/www.upmd.fr\/vi\/wp-json\/wp\/v2\/comments?post=11537"}],"version-history":[{"count":0,"href":"https:\/\/www.upmd.fr\/vi\/wp-json\/wp\/v2\/pages\/11537\/revisions"}],"up":[{"embeddable":true,"href":"https:\/\/www.upmd.fr\/vi\/wp-json\/wp\/v2\/pages\/11523"}],"wp:featuredmedia":[{"embeddable":true,"href":"https:\/\/www.upmd.fr\/vi\/wp-json\/wp\/v2\/media\/10074"}],"wp:attachment":[{"href":"https:\/\/www.upmd.fr\/vi\/wp-json\/wp\/v2\/media?parent=11537"}],"curies":[{"name":"wp","href":"https:\/\/api.w.org\/{rel}","templated":true}]}}