{"id":11534,"date":"2024-09-20T23:08:26","date_gmt":"2024-09-20T16:08:26","guid":{"rendered":"https:\/\/www.upmd.fr\/tat-ca-tin-tuc\/tat-ca-cac-bai-viet-van-chuyen-truong-hoc\/"},"modified":"2024-09-20T23:08:26","modified_gmt":"2024-09-20T16:08:26","slug":"tat-ca-cac-bai-viet-van-chuyen-truong-hoc","status":"publish","type":"page","link":"https:\/\/www.upmd.fr\/vi\/tat-ca-tin-tuc\/tat-ca-cac-bai-viet-van-chuyen-truong-hoc\/","title":{"rendered":"T\u1ea5t c\u1ea3 c\u00e1c b\u00e0i vi\u1ebft: V\u1eadn chuy\u1ec3n tr\u01b0\u1eddng h\u1ecdc"},"content":{"rendered":"\n<div class=\"wp-block-query is-layout-flow wp-block-query-is-layout-flow\"><ul class=\"columns-1 wp-block-post-template is-layout-grid wp-container-core-post-template-is-layout-bc7a1266 wp-block-post-template-is-layout-grid\"><li class=\"wp-block-post post-11842 post type-post status-publish format-standard hentry category-xe-buyt\">\n\n<div class=\"wp-block-group is-layout-flow wp-block-group-is-layout-flow\" style=\"padding-top:30px;padding-right:30px;padding-bottom:30px;padding-left:30px\"><h2 style=\"font-size:clamp(0.929rem, 0.929rem + ((1vw - 0.2rem) * 0.785), 1.4rem);\" class=\"wp-block-post-title\"><a href=\"https:\/\/www.upmd.fr\/vi\/%f0%9f%9a%8c-ra-mat-tuan-le-an-toan-xe-buyt-truong-hoc-tai-marguerite-duras-%f0%9f%9a%b8-%e2%9c%a8\/\" target=\"_self\" >\ud83d\ude8c RA M\u1eaeT TU\u1ea6N L\u1ec4 AN TO\u00c0N XE BU\u00ddT TR\u01af\u1edcNG H\u1eccC T\u1ea0I MARGUERITE DURAS! \ud83d\udeb8 \u2728<\/a><\/h2>\n\n<div class=\"wp-block-post-excerpt\"><p class=\"wp-block-post-excerpt__excerpt\">Ch\u00fang ta b\u1eaft \u0111\u1ea7u th\u00f4i! Tu\u1ea7n l\u1ec5 An to\u00e0n Xe bu\u00fdt , \u0111\u01b0\u1ee3c t\u1ed5 ch\u1ee9c v\u1edbi s\u1ef1 h\u1ee3p t\u00e1c c\u1ee7a @SBS v\u00e0 @UPMD, \u0111\u00e3 ch\u00ednh th\u1ee9c b\u1eaft \u0111\u1ea7u v\u00e0o th\u1ee9 Hai, ng\u00e0y 3 th\u00e1ng 3 t\u1ea1i @Lyc\u00e9e Fran\u00e7ais Marguerite Duras! Gi\u1ed1ng nh\u01b0 n\u0103m tr\u01b0\u1edbc, kh\u00f3a h\u1ecdc k\u00e9o d\u00e0i 15 ng\u00e0y \u0111\u1ec3 t\u1ea5t c\u1ea3 h\u1ecdc vi\u00ean&hellip; <\/p><\/div>\n\n<div class=\"wp-block-post-date\"><time datetime=\"2025-03-31T14:44:59+07:00\">31\/03\/2025<\/time><\/div><\/div>\n\n<\/li><li class=\"wp-block-post post-11843 post type-post status-publish format-standard hentry category-chua-phan-loai category-xe-buyt\">\n\n<div class=\"wp-block-group is-layout-flow wp-block-group-is-layout-flow\" style=\"padding-top:30px;padding-right:30px;padding-bottom:30px;padding-left:30px\"><h2 style=\"font-size:clamp(0.929rem, 0.929rem + ((1vw - 0.2rem) * 0.785), 1.4rem);\" class=\"wp-block-post-title\"><a href=\"https:\/\/www.upmd.fr\/vi\/%f0%9f%87%ab%f0%9f%87%b7-dang-ky-phuong-tien-giao-thong-nam-2025-2026\/\" target=\"_self\" >\ud83c\uddeb\ud83c\uddf7 \u0110\u0103ng k\u00fd ph\u01b0\u01a1ng ti\u1ec7n giao th\u00f4ng n\u0103m 2025-2026<\/a><\/h2>\n\n<div class=\"wp-block-post-excerpt\"><p class=\"wp-block-post-excerpt__excerpt\">Li\u00ean h\u1ec7: transport@upmd.fr \ud83c\uddeb\ud83c\uddf7 \u0110\u0103ng k\u00fd 2025-26 (3 giai \u0111o\u1ea1n) 1 &gt; 2 &gt; 3 &gt; B\u01b0\u1edbc 1 &#8211; Tham gia UPMD qua HelloAsso&nbsp; \u0110i\u1ec1u ki\u1ec7n ti\u00ean quy\u1ebft : Bi\u1ebft ID EDUKA c\u1ee7a b\u1ea1n. H\u01b0\u1edbng d\u1eabn kh\u00f4i ph\u1ee5c ID EDUKA c\u1ee7a b\u1ea1n: t\u1ea1i \u0111\u00e2y Ho\u00e0n th\u00e0nh m\u1eabu \u0111\u01a1n \u0111\u0103ng k\u00fd th\u00e0nh vi\u00ean UPMD v\u00e0 thanh&hellip; <\/p><\/div>\n\n<div class=\"wp-block-post-date\"><time datetime=\"2025-03-24T11:31:59+07:00\">24\/03\/2025<\/time><\/div><\/div>\n\n<\/li><li class=\"wp-block-post post-10812 post type-post status-publish format-standard has-post-thumbnail hentry category-xe-buyt tag-lich-trinh tag-stations-vi\">\n\n<div class=\"wp-block-group is-layout-flow wp-block-group-is-layout-flow\" style=\"padding-top:30px;padding-right:30px;padding-bottom:30px;padding-left:30px\"><h2 style=\"font-size:clamp(0.929rem, 0.929rem + ((1vw - 0.2rem) * 0.785), 1.4rem);\" class=\"wp-block-post-title\"><a href=\"https:\/\/www.upmd.fr\/vi\/tram-buyt-amp\/\" target=\"_self\" >\ud83c\uddfb\ud83c\uddf3 Tr\u1ea1m bu\u00fdt &amp; gi\u1edd \u0111\u00f3n | 2024 &#8211; 2025<\/a><\/h2>\n\n<div class=\"wp-block-post-excerpt\"><p class=\"wp-block-post-excerpt__excerpt\">\ud83c\uddfb\ud83c\uddf3 SBS \u0111\u00e3 c\u00f4ng b\u1ed1 c\u00e1c tr\u1ea1m xe bu\u00fdt v\u00e0 th\u1eddi kh\u00f3a bi\u1ec3u cho n\u0103m h\u1ecdc 2024-2025. <\/p><\/div>\n\n<div class=\"wp-block-post-date\"><time datetime=\"2024-09-20T22:50:57+07:00\">20\/09\/2024<\/time><\/div><\/div>\n\n<\/li><li class=\"wp-block-post post-10663 post type-post status-publish format-standard has-post-thumbnail hentry category-xe-buyt\">\n\n<div class=\"wp-block-group is-layout-flow wp-block-group-is-layout-flow\" style=\"padding-top:30px;padding-right:30px;padding-bottom:30px;padding-left:30px\"><h2 style=\"font-size:clamp(0.929rem, 0.929rem + ((1vw - 0.2rem) * 0.785), 1.4rem);\" class=\"wp-block-post-title\"><a href=\"https:\/\/www.upmd.fr\/vi\/%f0%9f%87%bb%f0%9f%87%b3-2024-2025-dang-ky-xe-buyt\/\" target=\"_self\" >\ud83c\uddfb\ud83c\uddf3 2024-2025 \u0110\u0103ng k\u00fd xe bu\u00fdt<\/a><\/h2>\n\n<div class=\"wp-block-post-excerpt\"><p class=\"wp-block-post-excerpt__excerpt\">Contact : transport@upmd.fr \ud83c\uddfb\ud83c\uddf3 \u0110\u0103ng k\u00fd 2024-25 (3 b\u01b0\u1edbc) &nbsp; 1 &gt; 2 &gt; 3 &gt; B\u01b0\u1edbc 1 &#8211; \u0110\u0103ng k\u00fd th\u00e0nh vi\u00ean qua HelloAsso B\u1ea1n s\u1ebd c\u1ea7n : s\u1ed1 nh\u1eadn d\u1ea1ng ID Eduka c\u1ee7a m\u00ecnh \u0111\u1ec3 x\u00e1c th\u1ef1c kho\u1ea3n thanh to\u00e1n c\u1ee7a m\u00ecnh. H\u01b0\u1edbng d\u1eabn \u0111\u1ec3 kh\u00f4i ph\u1ee5c ID Eduka : \u0110\u00e2y \u0110i\u1ec1n M\u1eabu&hellip; <\/p><\/div>\n\n<div class=\"wp-block-post-date\"><time datetime=\"2024-03-23T19:41:00+07:00\">23\/03\/2024<\/time><\/div><\/div>\n\n<\/li><li class=\"wp-block-post post-10821 post type-post status-publish format-standard has-post-thumbnail hentry category-xe-buyt\">\n\n<div class=\"wp-block-group is-layout-flow wp-block-group-is-layout-flow\" style=\"padding-top:30px;padding-right:30px;padding-bottom:30px;padding-left:30px\"><h2 style=\"font-size:clamp(0.929rem, 0.929rem + ((1vw - 0.2rem) * 0.785), 1.4rem);\" class=\"wp-block-post-title\"><a href=\"https:\/\/www.upmd.fr\/vi\/tram-xe-buyt-lich-gio\/\" target=\"_self\" >Tr\u1ea1m xe bu\u00fdt &amp; l\u1ecbch gi\u1edd<\/a><\/h2>\n\n<div class=\"wp-block-post-excerpt\"><p class=\"wp-block-post-excerpt__excerpt\">Ch\u1ecdn m\u1ed9t tr\u1ea1m \u0111\u1ec3 xem gi\u1edd Ch\u00fa \u00fd : B\u1ea3n \u0111\u1ed3 n\u00e0y ch\u1ec9 d\u00e0nh cho m\u1ee5c \u0111\u00edch tham kh\u1ea3o, kh\u00f4ng mang t\u00ednh ch\u1ec9 d\u1eabn \u0111\u1ec3 tham kh\u1ea3o &#8211; Kh\u00f4ng ph\u1ea3i b\u1ea3n \u0111\u1ed3 tr\u1ef1c ti\u1ebfp :Vui l\u00f2ng truy c\u1eadp tr\u1ef1c ti\u1ebfp v\u00e0o trang web c\u1ee7a \u0111\u1ed1i t\u00e1c v\u1eadn chuy\u1ec3n SBS \u0111\u1ec3 bi\u1ebft th\u00f4ng tin m\u1edbi nh\u1ea5t.G\u1eedi&hellip; <\/p><\/div>\n\n<div class=\"wp-block-post-date\"><time datetime=\"2023-10-20T21:33:00+07:00\">20\/10\/2023<\/time><\/div><\/div>\n\n<\/li><li class=\"wp-block-post post-10834 post type-post status-publish format-standard has-post-thumbnail hentry category-xe-buyt\">\n\n<div class=\"wp-block-group is-layout-flow wp-block-group-is-layout-flow\" style=\"padding-top:30px;padding-right:30px;padding-bottom:30px;padding-left:30px\"><h2 style=\"font-size:clamp(0.929rem, 0.929rem + ((1vw - 0.2rem) * 0.785), 1.4rem);\" class=\"wp-block-post-title\"><a href=\"https:\/\/www.upmd.fr\/vi\/ket-qua-goi-thau-phuong-tien-giao-thong-truong-hoc-2023-26\/\" target=\"_self\" >K\u1ebft qu\u1ea3 g\u1ecdi th\u1ea7u ph\u01b0\u01a1ng ti\u1ec7n giao th\u00f4ng tr\u01b0\u1eddng h\u1ecdc 2023-26<\/a><\/h2>\n\n<div class=\"wp-block-post-excerpt\"><p class=\"wp-block-post-excerpt__excerpt\">Contact:&nbsp; transport@upmd.fr K\u00ednh g\u1eedi Qu\u00fd Ph\u1ee5 Huynh, Th\u01b0 \u0111\u0103ng k\u00fd\/th\u00e0nh vi\u00ean cho d\u1ecbch v\u1ee5 v\u1eadn chuy\u1ec3n tr\u01b0\u1eddng h\u1ecdc UPMD 22022-2023 \u0111\u00e3 \u0111\u01b0\u1ee3c g\u1eedi cho b\u1ea1n v\u00e0i ng\u00e0y tr\u01b0\u1edbc qua LFI Duras. \u0110\u1ec3 bi\u1ebft th\u00f4ng tin c\u1ee7a b\u1ea1n, ch\u00fang t\u00f4i mu\u1ed1n chia s\u1ebb v\u1edbi b\u1ea1n c\u00e1c chi ti\u1ebft v\u1ec1 vi\u1ec7c ho\u00e0n thi\u1ec7n \u0111\u1ea5u th\u1ea7u. Th\u00e1ng 10&hellip; <\/p><\/div>\n\n<div class=\"wp-block-post-date\"><time datetime=\"2023-04-05T22:10:00+07:00\">05\/04\/2023<\/time><\/div><\/div>\n\n<\/li><li class=\"wp-block-post post-10890 post type-post status-publish format-standard hentry category-xe-buyt\">\n\n<div class=\"wp-block-group is-layout-flow wp-block-group-is-layout-flow\" style=\"padding-top:30px;padding-right:30px;padding-bottom:30px;padding-left:30px\"><h2 style=\"font-size:clamp(0.929rem, 0.929rem + ((1vw - 0.2rem) * 0.785), 1.4rem);\" class=\"wp-block-post-title\"><a href=\"https:\/\/www.upmd.fr\/vi\/%f0%9f%87%bb%f0%9f%87%b3-kinh-gui-huynh-hoc-sinh\/\" target=\"_self\" >\ud83c\uddfb\ud83c\uddf3 Ki\u0301nh g\u01b0\u0309i huynh ho\u0323c sinh<\/a><\/h2>\n\n<div class=\"wp-block-post-excerpt\"><p class=\"wp-block-post-excerpt__excerpt\">Ki\u0301nh g\u01b0\u0309i huynh ho\u0323c sinh, Chi\u1ebfn d\u1ecbch 2022-23 \u0111\u1ec3 tham gia UPMD v\u00e0 \u0111\u0103ng k\u00fd d\u1ecbch v\u1ee5 v\u1eadn t\u1ea3i tr\u01b0\u1eddng h\u1ecdc b\u1eaft \u0111\u1ea7u v\u00e0o ng\u00e0y 1 th\u00e1ng 6 v\u00e0 s\u1ebd k\u1ebft th\u00fac v\u00e0o ng\u00e0y 30 th\u00e1ng 6 n\u0103m 2022. Vi\u1ec7c thanh to\u00e1n ph\u00ed th\u00e0nh vi\u00ean UPMD \u0111\u01b0\u1ee3c th\u1ef1c hi\u1ec7n tr\u1ef1c tuy\u1ebfn b\u1eb1ng th\u1ebb t\u00edn d\u1ee5ng,&hellip; <\/p><\/div>\n\n<div class=\"wp-block-post-date\"><time datetime=\"2022-06-14T00:12:42+07:00\">14\/06\/2022<\/time><\/div><\/div>\n\n<\/li><li class=\"wp-block-post post-10927 post type-post status-publish format-standard has-post-thumbnail hentry category-hoi-phu-huynh category-xe-buyt tag-dai-hoi tag-dai-hoi-thuong-ky tag-dh tag-dhtk\">\n\n<div class=\"wp-block-group is-layout-flow wp-block-group-is-layout-flow\" style=\"padding-top:30px;padding-right:30px;padding-bottom:30px;padding-left:30px\"><h2 style=\"font-size:clamp(0.929rem, 0.929rem + ((1vw - 0.2rem) * 0.785), 1.4rem);\" class=\"wp-block-post-title\"><a href=\"https:\/\/www.upmd.fr\/vi\/lieu-dich-vu-van-chuyen\/\" target=\"_self\" >\ud83c\uddfb\ud83c\uddf3 Li\u1ec7u d\u1ecbch v\u1ee5 v\u1eadn chuy\u1ec3n \u0111\u1ebfn tr\u01b0\u1eddng c\u1ee7a LFI c\u00f3 b\u1ecb \u0111e d\u1ecda kh\u00f4ng?<\/a><\/h2>\n\n<div class=\"wp-block-post-excerpt\"><p class=\"wp-block-post-excerpt__excerpt\">\ud83c\uddfb\ud83c\uddf3 D\u1ecaCH V\u1ee4 V\u1eacN T\u1ea2I S\u1ebc \u0110\u01af\u1ee2C TI\u1ebeP T\u1ee4C ? Ba m\u1eb9 th\u00e2n m\u1ebfn,Sau bu\u1ed5i h\u1ecdp th\u01b0\u1eddng k\u1ef3 c\u1ee7a h\u1ed9i ph\u1ee5 huynh UPMD, ch\u00fang t\u00f4i nh\u1ea5t tr\u00ed t\u1ed5 ch\u1ee9c m\u1ed9t cu\u1ed9c h\u1ecdp v\u1edbi c\u00e1c ph\u1ee5 huynh v\u1ec1 vi\u1ec7c s\u1eed d\u1ee5ng d\u1ecbch v\u1ee5 v\u1eadn t\u1ea3i \u0111\u01b0a \u0111\u00f3n h\u1ecdc sinh. Trong qu\u00e1 tr\u00ecnh ho\u1ea1t \u0111\u1ed9ng, c\u00f3 m\u1ed9t&hellip; <\/p><\/div>\n\n<div class=\"wp-block-post-date\"><time datetime=\"2022-03-25T07:58:26+07:00\">25\/03\/2022<\/time><\/div><\/div>\n\n<\/li><li class=\"wp-block-post post-11141 post type-post status-publish format-standard has-post-thumbnail hentry category-xe-buyt\">\n\n<div class=\"wp-block-group is-layout-flow wp-block-group-is-layout-flow\" style=\"padding-top:30px;padding-right:30px;padding-bottom:30px;padding-left:30px\"><h2 style=\"font-size:clamp(0.929rem, 0.929rem + ((1vw - 0.2rem) * 0.785), 1.4rem);\" class=\"wp-block-post-title\"><a href=\"https:\/\/www.upmd.fr\/vi\/%f0%9f%87%bb%f0%9f%87%b3-ket-qua-khao-sat-dich-vu-van-tai-truong-hoc-2022\/\" target=\"_self\" >\ud83c\uddfb\ud83c\uddf3 K\u1ebft qu\u1ea3 kh\u1ea3o s\u00e1t d\u1ecbch v\u1ee5 v\u1eadn t\u1ea3i tr\u01b0\u1eddng h\u1ecdc  2022<\/a><\/h2>\n\n<div class=\"wp-block-post-excerpt\"><p class=\"wp-block-post-excerpt__excerpt\">\ud83c\uddfb\ud83c\uddf3 Cha m\u1eb9 th\u00e2n y\u00eau, Cu\u1ed9c kh\u1ea3o s\u00e1t \u00fd ki\u1ebfn \u200b\u200bv\u1ec1 nh\u1eefng kh\u00f3 kh\u0103n c\u1ee7a giao th\u00f4ng h\u1ecdc \u0111\u01b0\u1eddng \u0111\u00e3 k\u1ebft th\u00fac v\u00e0o ng\u00e0y 21 th\u00e1ng 1, c\u1ea3m \u01a1n b\u1ea1n \u0111\u00e3 d\u00e0nh th\u1eddi gian tham gia. Vui l\u00f2ng t\u00ecm k\u1ebft qu\u1ea3 c\u1ee7a cu\u1ed9c \u0111i\u1ec1u tra n\u00e0y d\u01b0\u1edbi \u0111\u00e2y. Ch\u00fang t\u00f4i xin ghi nh\u1eadn \u00fd ki\u1ebfn&hellip; <\/p><\/div>\n\n<div class=\"wp-block-post-date\"><time datetime=\"2022-01-26T21:14:00+07:00\">26\/01\/2022<\/time><\/div><\/div>\n\n<\/li><li class=\"wp-block-post post-10953 post type-post status-publish format-standard has-post-thumbnail hentry category-xe-buyt\">\n\n<div class=\"wp-block-group is-layout-flow wp-block-group-is-layout-flow\" style=\"padding-top:30px;padding-right:30px;padding-bottom:30px;padding-left:30px\"><h2 style=\"font-size:clamp(0.929rem, 0.929rem + ((1vw - 0.2rem) * 0.785), 1.4rem);\" class=\"wp-block-post-title\"><a href=\"https:\/\/www.upmd.fr\/vi\/kho-khan-lien\/\" target=\"_self\" >\ud83c\uddfb\ud83c\uddf3 Kh\u00f3 kh\u0103n li\u00ean quan \u0111\u1ebfn giao th\u00f4ng tr\u01b0\u1eddng h\u1ecdc<\/a><\/h2>\n\n<div class=\"wp-block-post-excerpt\"><p class=\"wp-block-post-excerpt__excerpt\">Contact:\u00a0 transport@upmd.fr \ud83c\uddfb\ud83c\uddf3 Th\u00f4ng c\u00e1o Qu\u00fd ph\u1ee5 huynh th\u00e2n m\u1ebfn, Trong l\u1ecbch s\u1eed v\u00e0 h\u01a1n 10 n\u0103m nay, UPMD, hi\u1ec7p h\u1ed9i ph\u1ee5 huynh c\u1ee7a LFIDuras, \u0111\u00e3 tham gia v\u00e0o ho\u1ea1t \u0111\u1ed9ng v\u1eadn t\u1ea3i h\u1ecdc \u0111\u01b0\u1eddng v\u1edbi m\u1ee5c \u0111\u00edch cung c\u1ea5p ph\u01b0\u01a1ng ti\u1ec7n giao th\u00f4ng t\u1eadp th\u1ec3 (kh\u00f4ng do nh\u00e0 tr\u01b0\u1eddng ho\u1eb7c ch\u00ednh quy\u1ec1n Ph\u00e1p tr\u1ea3&hellip; <\/p><\/div>\n\n<div class=\"wp-block-post-date\"><time datetime=\"2022-01-07T07:32:00+07:00\">07\/01\/2022<\/time><\/div><\/div>\n\n<\/li><li class=\"wp-block-post post-10797 post type-post status-publish format-standard hentry category-hop-cong-cu category-xe-buyt tag-xebus-vi\">\n\n<div class=\"wp-block-group is-layout-flow wp-block-group-is-layout-flow\" style=\"padding-top:30px;padding-right:30px;padding-bottom:30px;padding-left:30px\"><h2 style=\"font-size:clamp(0.929rem, 0.929rem + ((1vw - 0.2rem) * 0.785), 1.4rem);\" class=\"wp-block-post-title\"><a href=\"https:\/\/www.upmd.fr\/vi\/%f0%9f%87%bb%f0%9f%87%b3-xebus-ket-noi-duoc-giai-quyet%f0%9f%93%b1\/\" target=\"_self\" >\ud83c\uddfb\ud83c\uddf3 Xebus : K\u1ebft n\u1ed1i \u0111\u01b0\u1ee3c gi\u1ea3i quy\u1ebft\ud83d\udcf1<\/a><\/h2>\n\n<div class=\"wp-block-post-excerpt\"><p class=\"wp-block-post-excerpt__excerpt\">\ud83c\uddfb\ud83c\uddf3 Sau nh\u1eefng kh\u00f3 kh\u0103n m\u00e0 ph\u1ee5 huynh g\u1eb7p ph\u1ea3i khi k\u1ebft n\u1ed1i v\u1edbi \u1ee9ng d\u1ee5ng Xebus Parent, vui l\u00f2ng t\u00ecm th\u00f4ng tin sau: \u1ee8ng d\u1ee5ng di \u0111\u1ed9ng Xebus Parent cho ph\u00e9p cha m\u1eb9 \u0111\u1eb7t l\u1ea1i m\u1eadt kh\u1ea9u c\u1ee7a h\u1ecd. M\u1eadt kh\u1ea9u m\u1edbi ph\u1ea3i ch\u1ee9a \u00edt nh\u1ea5t t\u00e1m k\u00fd t\u1ef1, m\u1ed9t s\u1ed1, m\u1ed9t ch\u1eef hoa,&hellip; <\/p><\/div>\n\n<div class=\"wp-block-post-date\"><time datetime=\"2022-01-04T13:32:58+07:00\">04\/01\/2022<\/time><\/div><\/div>\n\n<\/li><li class=\"wp-block-post post-11046 post type-post status-publish format-standard has-post-thumbnail hentry category-hop-cong-cu category-xe-buyt\">\n\n<div class=\"wp-block-group is-layout-flow wp-block-group-is-layout-flow\" style=\"padding-top:30px;padding-right:30px;padding-bottom:30px;padding-left:30px\"><h2 style=\"font-size:clamp(0.929rem, 0.929rem + ((1vw - 0.2rem) * 0.785), 1.4rem);\" class=\"wp-block-post-title\"><a href=\"https:\/\/www.upmd.fr\/vi\/%f0%9f%87%bb%f0%9f%87%b3-xebus-phien-ban-moi\/\" target=\"_self\" >\ud83c\uddfb\ud83c\uddf3 Xebus : Phi\u00ean b\u1ea3n m\u1edbi<\/a><\/h2>\n\n<div class=\"wp-block-post-excerpt\"><p class=\"wp-block-post-excerpt__excerpt\">\ud83c\uddfb\ud83c\uddf3 C\u1eadp nh\u1eadt \u1ee9ng d\u1ee5ng di \u0111\u1ed9ng d\u00e0nh cho cha m\u1eb9 Xin nh\u1eafc l\u1ea1i, \u1ee9ng d\u1ee5ng Xebus Parent cho ph\u00e9p b\u1ea1n theo d\u00f5i con m\u00ecnh trong su\u1ed1t h\u00e0nh tr\u00ecnh \u0111i xe bu\u00fdt \u0111\u1ebfn tr\u01b0\u1eddng c\u1ee7a ch\u00fang ch\u1ec9 v\u1edbi m\u1ed9t c\u00fa nh\u1ea5p chu\u1ed9t (xem m\u00e0n h\u00ecnh 1 v\u00e0 m\u00e0n h\u00ecnh 2). N\u00f3 c\u0169ng cho ph\u00e9p b\u1ea1n&hellip; <\/p><\/div>\n\n<div class=\"wp-block-post-date\"><time datetime=\"2021-03-02T23:16:00+07:00\">02\/03\/2021<\/time><\/div><\/div>\n\n<\/li><li class=\"wp-block-post post-11107 post type-post status-publish format-standard has-post-thumbnail hentry category-xe-buyt\">\n\n<div class=\"wp-block-group is-layout-flow wp-block-group-is-layout-flow\" style=\"padding-top:30px;padding-right:30px;padding-bottom:30px;padding-left:30px\"><h2 style=\"font-size:clamp(0.929rem, 0.929rem + ((1vw - 0.2rem) * 0.785), 1.4rem);\" class=\"wp-block-post-title\"><a href=\"https:\/\/www.upmd.fr\/vi\/%f0%9f%87%bb%f0%9f%87%b3-an-toan-tren-xe-buyt\/\" target=\"_self\" >\ud83c\uddfb\ud83c\uddf3 An to\u00e0n tr\u00ean xe bu\u00fdt<\/a><\/h2>\n\n<div class=\"wp-block-post-excerpt\"><p class=\"wp-block-post-excerpt__excerpt\">\ud83c\uddfb\ud83c\uddf3 Hai tu\u1ea7n an to\u00e0n tr\u00ean xe bu\u00fdt &nbsp; UPMF v\u00e0 nh\u00f3m SBS &#8211; ph\u1ed1i h\u1ee3p v\u1edbi ban qu\u1ea3n l\u00fd c\u01a1 s\u1edf &#8211; \u0111ang ti\u1ebfn h\u00e0nh hai tu\u1ea7n \u0111\u00e0o t\u1ea1o v\u1ec1 an to\u00e0n xe bu\u00fdt, t\u1eeb Th\u1ee9 Hai ng\u00e0y 18 th\u00e1ng Gi\u00eang \u0111\u1ebfn th\u1ee9 S\u00e1u ng\u00e0y 29 th\u00e1ng Gi\u00eang. &nbsp;Vi\u1ec7c \u0111\u00e0o t\u1ea1o n\u00e0y s\u1ebd \u0111\u01b0\u1ee3c&hellip; <\/p><\/div>\n\n<div class=\"wp-block-post-date\"><time datetime=\"2021-01-13T16:08:29+07:00\">13\/01\/2021<\/time><\/div><\/div>\n\n<\/li><\/ul><\/div>\n","protected":false},"excerpt":{"rendered":"","protected":false},"author":8,"featured_media":10068,"parent":11523,"menu_order":1,"comment_status":"closed","ping_status":"closed","template":"page-with-sidebar","meta":{"footnotes":""},"class_list":["post-11534","page","type-page","status-publish","has-post-thumbnail","hentry"],"_links":{"self":[{"href":"https:\/\/www.upmd.fr\/vi\/wp-json\/wp\/v2\/pages\/11534","targetHints":{"allow":["GET"]}}],"collection":[{"href":"https:\/\/www.upmd.fr\/vi\/wp-json\/wp\/v2\/pages"}],"about":[{"href":"https:\/\/www.upmd.fr\/vi\/wp-json\/wp\/v2\/types\/page"}],"author":[{"embeddable":true,"href":"https:\/\/www.upmd.fr\/vi\/wp-json\/wp\/v2\/users\/8"}],"replies":[{"embeddable":true,"href":"https:\/\/www.upmd.fr\/vi\/wp-json\/wp\/v2\/comments?post=11534"}],"version-history":[{"count":0,"href":"https:\/\/www.upmd.fr\/vi\/wp-json\/wp\/v2\/pages\/11534\/revisions"}],"up":[{"embeddable":true,"href":"https:\/\/www.upmd.fr\/vi\/wp-json\/wp\/v2\/pages\/11523"}],"wp:featuredmedia":[{"embeddable":true,"href":"https:\/\/www.upmd.fr\/vi\/wp-json\/wp\/v2\/media\/10068"}],"wp:attachment":[{"href":"https:\/\/www.upmd.fr\/vi\/wp-json\/wp\/v2\/media?parent=11534"}],"curies":[{"name":"wp","href":"https:\/\/api.w.org\/{rel}","templated":true}]}}