{"id":11533,"date":"2024-09-29T22:13:36","date_gmt":"2024-09-29T15:13:36","guid":{"rendered":"https:\/\/www.upmd.fr\/tat-ca-tin-tuc\/tat-ca-cac-bai-viet-an-pham-truyen-thong\/"},"modified":"2024-09-29T22:13:36","modified_gmt":"2024-09-29T15:13:36","slug":"tat-ca-cac-bai-viet-an-pham-truyen-thong","status":"publish","type":"page","link":"https:\/\/www.upmd.fr\/vi\/tat-ca-tin-tuc\/tat-ca-cac-bai-viet-an-pham-truyen-thong\/","title":{"rendered":"T\u1ea5t c\u1ea3 c\u00e1c b\u00e0i vi\u1ebft: \u1ea4n ph\u1ea9m &amp; truy\u1ec1n th\u00f4ng"},"content":{"rendered":"\n<div class=\"wp-block-query is-layout-flow wp-block-query-is-layout-flow\"><ul class=\"columns-1 wp-block-post-template is-layout-grid wp-container-core-post-template-is-layout-ae0f3fe1 wp-block-post-template-is-layout-grid\"><li class=\"wp-block-post post-11836 post type-post status-publish format-standard hentry category-chua-phan-loai category-xuat-ban-truyen-thong\">\n\n<div class=\"wp-block-group is-layout-flow wp-block-group-is-layout-flow\" style=\"padding-top:30px;padding-right:30px;padding-bottom:30px;padding-left:30px\"><h2 style=\"font-size:clamp(15.747px, 0.984rem + ((1vw - 3.2px) * 0.86), 24px);\" class=\"wp-block-post-title\"><a href=\"https:\/\/www.upmd.fr\/vi\/ra-mat-trang-web-moi-%f0%9f%8e%89\/\" target=\"_self\" >Ra m\u1eaft trang web m\u1edbi! \ud83c\udf89<\/a><\/h2>\n\n<div class=\"wp-block-post-excerpt\"><p class=\"wp-block-post-excerpt__excerpt\">UPMD ra m\u1eaft phi\u00ean b\u1ea3n Beta c\u1ee7a trang web m\u1edbi! UPMD t\u1ef1 h\u00e0o th\u00f4ng b\u00e1o v\u1ec1 vi\u1ec7c ra m\u1eaft phi\u00ean b\u1ea3n Beta c\u1ee7a trang web ho\u00e0n to\u00e0n m\u1edbi! \u0110\u01b0\u1ee3c thi\u1ebft k\u1ebf \u0111\u1ec3 mang l\u1ea1i tr\u1ea3i nghi\u1ec7m t\u1ed1t h\u01a1n cho ng\u01b0\u1eddi d\u00f9ng v\u00e0 \u0111\u01a1n gi\u1ea3n h\u00f3a vi\u1ec7c truy c\u1eadp v\u00e0o c\u00e1c d\u1ecbch v\u1ee5 v\u00e0 th\u00f4ng tin&hellip; <\/p><\/div>\n\n<div class=\"wp-block-post-date\"><time datetime=\"2025-04-10T14:13:45+07:00\">10\/04\/2025<\/time><\/div><\/div>\n\n<\/li><li class=\"wp-block-post post-11195 post type-post status-publish format-standard hentry category-xuat-ban-truyen-thong tag-whatsapp-vi\">\n\n<div class=\"wp-block-group is-layout-flow wp-block-group-is-layout-flow\" style=\"padding-top:30px;padding-right:30px;padding-bottom:30px;padding-left:30px\"><h2 style=\"font-size:clamp(15.747px, 0.984rem + ((1vw - 3.2px) * 0.86), 24px);\" class=\"wp-block-post-title\"><a href=\"https:\/\/www.upmd.fr\/vi\/%f0%9f%87%bb%f0%9f%87%b3-upmd-whatsapp-fil-tin-tuc\/\" target=\"_self\" >\ud83c\uddfb\ud83c\uddf3 UPMD WhatsApp Fil Tin t\u1ee9c<\/a><\/h2>\n\n<div class=\"wp-block-post-excerpt\"><p class=\"wp-block-post-excerpt__excerpt\">\ud83c\uddfb\ud83c\uddf3 Nh\u00f3m WhatsApp &#8220;Tin t\u1ee9c&#8221; Xin ch\u00e0o, \u0110\u1ec3 c\u00f3 th\u1ec3 li\u00ean l\u1ea1c v\u1edbi c\u00e0ng nhi\u1ec1u ng\u01b0\u1eddi c\u00e0ng t\u1ed1t, UPMD (H\u1ed9i ph\u1ee5 huynh tr\u01b0\u1eddng Maguerite Duras) \u0111\u00e3 t\u1ea1o ra m\u1ed9t nh\u00f3m WhatsApp \u0111\u1ec3 cung c\u1ea5p th\u00f4ng tin cho m\u1ecdi ng\u01b0\u1eddi. M\u1ee5c ti\u00eau l\u00e0 t\u1ea1o ra nhi\u1ec1u k\u00eanh th\u00f4ng tin kh\u00e1c nhau v\u00e0 gi\u00fap m\u1ecdi ng\u01b0\u1eddi c\u00f3&hellip; <\/p><\/div>\n\n<div class=\"wp-block-post-date\"><time datetime=\"2020-07-10T18:17:45+07:00\">10\/07\/2020<\/time><\/div><\/div>\n\n<\/li><li class=\"wp-block-post post-11034 post type-post status-publish format-standard hentry category-xuat-ban-truyen-thong tag-la-gazette-des-parents-vi\">\n\n<div class=\"wp-block-group is-layout-flow wp-block-group-is-layout-flow\" style=\"padding-top:30px;padding-right:30px;padding-bottom:30px;padding-left:30px\"><h2 style=\"font-size:clamp(15.747px, 0.984rem + ((1vw - 3.2px) * 0.86), 24px);\" class=\"wp-block-post-title\"><a href=\"https:\/\/www.upmd.fr\/vi\/%f0%9f%87%bb%f0%9f%87%b3-la-gazette-des-parents-n7\/\" target=\"_self\" >\ud83c\uddfb\ud83c\uddf3 La Gazette des parents n\u00b07<\/a><\/h2>\n\n<div class=\"wp-block-post-excerpt\"><p class=\"wp-block-post-excerpt__excerpt\">\ud83c\uddfb\ud83c\uddf3 B\u1ea3n ti\u1ebfng vi\u1ec7t <\/p><\/div>\n\n<div class=\"wp-block-post-date\"><time datetime=\"2020-05-13T14:12:42+07:00\">13\/05\/2020<\/time><\/div><\/div>\n\n<\/li><\/ul><\/div>\n","protected":false},"excerpt":{"rendered":"","protected":false},"author":8,"featured_media":10088,"parent":11523,"menu_order":8,"comment_status":"closed","ping_status":"closed","template":"page-with-sidebar","meta":{"footnotes":""},"class_list":["post-11533","page","type-page","status-publish","has-post-thumbnail","hentry"],"_links":{"self":[{"href":"https:\/\/www.upmd.fr\/vi\/wp-json\/wp\/v2\/pages\/11533","targetHints":{"allow":["GET"]}}],"collection":[{"href":"https:\/\/www.upmd.fr\/vi\/wp-json\/wp\/v2\/pages"}],"about":[{"href":"https:\/\/www.upmd.fr\/vi\/wp-json\/wp\/v2\/types\/page"}],"author":[{"embeddable":true,"href":"https:\/\/www.upmd.fr\/vi\/wp-json\/wp\/v2\/users\/8"}],"replies":[{"embeddable":true,"href":"https:\/\/www.upmd.fr\/vi\/wp-json\/wp\/v2\/comments?post=11533"}],"version-history":[{"count":0,"href":"https:\/\/www.upmd.fr\/vi\/wp-json\/wp\/v2\/pages\/11533\/revisions"}],"up":[{"embeddable":true,"href":"https:\/\/www.upmd.fr\/vi\/wp-json\/wp\/v2\/pages\/11523"}],"wp:featuredmedia":[{"embeddable":true,"href":"https:\/\/www.upmd.fr\/vi\/wp-json\/wp\/v2\/media\/10088"}],"wp:attachment":[{"href":"https:\/\/www.upmd.fr\/vi\/wp-json\/wp\/v2\/media?parent=11533"}],"curies":[{"name":"wp","href":"https:\/\/api.w.org\/{rel}","templated":true}]}}