{"id":11528,"date":"2019-09-30T15:12:26","date_gmt":"2019-09-30T08:12:26","guid":{"rendered":"https:\/\/www.upmd.fr\/tat-ca-tin-tuc\/bai-viet-cua-thanh-vien\/"},"modified":"2019-09-30T15:12:26","modified_gmt":"2019-09-30T08:12:26","slug":"bai-viet-cua-thanh-vien","status":"publish","type":"page","link":"https:\/\/www.upmd.fr\/vi\/tat-ca-tin-tuc\/bai-viet-cua-thanh-vien\/","title":{"rendered":"B\u00e0i vi\u1ebft c\u1ee7a th\u00e0nh vi\u00ean"},"content":{"rendered":"\n<div class=\"wp-block-query is-layout-flow wp-block-query-is-layout-flow\"><ul class=\"wp-block-post-template is-layout-flow wp-block-post-template-is-layout-flow\"><li class=\"wp-block-post post-12007 post type-post status-publish format-standard has-post-thumbnail hentry category-cau-long category-sinh-hoat\">\n<h2 class=\"wp-block-post-title\">\ud83c\udff8 UPMD C\u1ea7u Long b\u1eaft \u0111\u1ea7u ! Khai tr\u01b0\u01a1ng Ch\u1ee7 Nh\u1eadt 12\/10\/2025 9:00-12:00<\/h2>\n\n<div class=\"wp-block-post-date\"><time datetime=\"2025-10-06T22:15:14+07:00\">06\/10\/2025<\/time><\/div>\n\n<div class=\"wp-block-post-excerpt\"><p class=\"wp-block-post-excerpt__excerpt\">Sau b\u00f3ng \u0111\u00e1, c\u00f2n g\u00ec n\u1ed5i b\u1eadt h\u01a1n c\u1ea7u l\u00f4ng \u1edf Vi\u1ec7t Nam? H\u00e3y \u0111\u1ebfn kh\u00e1m ph\u00e1 v\u00e0 ho\u00e0n thi\u1ec7n k\u1ef9 n\u0103ng \u0111\u00e1nh v\u1ee3t c\u1ee7a b\u1ea1n! UPMD \u0111ang m\u1edf c\u00e1c ho\u1ea1t \u0111\u1ed9ng c\u1ea7u l\u00f4ng g\u1ea7n tr\u01b0\u1eddng trung h\u1ecdc v\u1edbi 2 su\u1ea5t cho b\u1ea1n l\u1ef1a ch\u1ecdn: \u0110\u0103ng k\u00fd cho m\u1ed9t m\u00f9a gi\u1ea3i. \u0110\u1ec3 bi\u1ebft th\u00eam chi&hellip; <\/p><\/div>\n<\/li><li class=\"wp-block-post post-11988 post type-post status-publish format-standard has-post-thumbnail hentry category-do-dung-hoc-tap\">\n<h2 class=\"wp-block-post-title\">Nam Phong Nh\u00e0 S\u00e1ch Ph\u00e1p | \u0110\u01a1n \u0111\u1eb7t h\u00e0ng s\u00e1ch 2025<\/h2>\n\n<div class=\"wp-block-post-date\"><time datetime=\"2025-09-19T11:20:01+07:00\">19\/09\/2025<\/time><\/div>\n\n<div class=\"wp-block-post-excerpt\"><p class=\"wp-block-post-excerpt__excerpt\">TH\u00d4NG TIN T\u1eea NAM PHONG NH\u00c0 S\u00c1CH PH\u00c1P 19\/09\/2025 : K\u00ednh g\u1eedi qu\u00fd kh\u00e1ch,\u0110\u01a1n h\u00e0ng c\u1ee7a qu\u00fd kh\u00e1ch \u0111\u00e3 \u0111\u01b0\u1ee3c chu\u1ea9n b\u1ecb xong.Nh\u00e0 s\u00e1ch Nam Phong hi\u1ec7n kh\u00f4ng c\u00f3 d\u1ecbch v\u1ee5 giao h\u00e0ng t\u1eadn nh\u00e0, nh\u01b0ng qu\u00fd kh\u00e1ch c\u00f3 th\u1ec3 g\u1eediGrab \u0111\u1ebfn nh\u1eadn s\u00e1ch. Trong tr\u01b0\u1eddng h\u1ee3p \u0111\u00f3, qu\u00fd kh\u00e1ch nh\u1ea5t thi\u1ebft c\u1ea7n th\u00f4ng b\u00e1o&hellip; <\/p><\/div>\n<\/li><li class=\"wp-block-post post-11980 post type-post status-publish format-standard has-post-thumbnail hentry category-hoi-phu-huynh\">\n<h2 class=\"wp-block-post-title\">\u0110\u1ea1i h\u1ed9i 2025 \u2013 Th\u1ee9 B\u1ea3y, 20 th\u00e1ng 09<\/h2>\n\n<div class=\"wp-block-post-date\"><time datetime=\"2025-09-15T11:09:56+07:00\">15\/09\/2025<\/time><\/div>\n\n<div class=\"wp-block-post-excerpt\"><p class=\"wp-block-post-excerpt__excerpt\">K\u00ednh g\u1eedi qu\u00fd Ph\u1ee5 huynh th\u00e0nh vi\u00ean h\u1ed9i ph\u1ee5 huynh UPMD! Qu\u00fd v\u1ecb \u0111\u01b0\u1ee3c m\u1eddi \u0111\u1ebfn tham d\u1ef1 cu\u1ed9c h\u1ecdp chung th\u01b0\u1eddng k\u1ef3 c\u1ee7a UPMD s\u1ebd di\u1ec5n ra v\u00e0o: Th\u1ee9 B\u1ea3y, 20 th\u00e1ng 09 n\u0103m 2025, t\u1eeb 2 gi\u1edd chi\u1ec1u \u0111\u1ebfn 4 gi\u1edd chi\u1ec1u;\u0110\u1ecba \u0111i\u1ec3m:&nbsp;Le Caf\u00e9 des stagiairess\u1ed1 10, \u0111\u01b0\u1eddng s\u1ed1 54, th\u1ea3o \u0111i\u1ec1n, th\u00e0nh&hellip; <\/p><\/div>\n<\/li><\/ul>\n\n<nav class=\"wp-block-query-pagination is-layout-flex wp-block-query-pagination-is-layout-flex\" aria-label=\"Pagination\">\n\n\n<div class=\"wp-block-query-pagination-numbers\"><span aria-current=\"page\" class=\"page-numbers current\">1<\/span>\n<a class=\"page-numbers\" href=\"?query-72-page=2\">2<\/a>\n<a class=\"page-numbers\" href=\"?query-72-page=3\">3<\/a>\n<span class=\"page-numbers dots\">&hellip;<\/span>\n<a class=\"page-numbers\" href=\"?query-72-page=32\">32<\/a><\/div>\n\n<a href=\"\/vi\/wp-json\/wp\/v2\/pages\/11528?query-72-page=2\" class=\"wp-block-query-pagination-next\">Next Page<\/a>\n<\/nav>\n\n<\/div>\n","protected":false},"excerpt":{"rendered":"","protected":false},"author":3,"featured_media":0,"parent":11523,"menu_order":0,"comment_status":"closed","ping_status":"closed","template":"page-no-title","meta":{"footnotes":""},"class_list":["post-11528","page","type-page","status-publish","hentry"],"_links":{"self":[{"href":"https:\/\/www.upmd.fr\/vi\/wp-json\/wp\/v2\/pages\/11528","targetHints":{"allow":["GET"]}}],"collection":[{"href":"https:\/\/www.upmd.fr\/vi\/wp-json\/wp\/v2\/pages"}],"about":[{"href":"https:\/\/www.upmd.fr\/vi\/wp-json\/wp\/v2\/types\/page"}],"author":[{"embeddable":true,"href":"https:\/\/www.upmd.fr\/vi\/wp-json\/wp\/v2\/users\/3"}],"replies":[{"embeddable":true,"href":"https:\/\/www.upmd.fr\/vi\/wp-json\/wp\/v2\/comments?post=11528"}],"version-history":[{"count":0,"href":"https:\/\/www.upmd.fr\/vi\/wp-json\/wp\/v2\/pages\/11528\/revisions"}],"up":[{"embeddable":true,"href":"https:\/\/www.upmd.fr\/vi\/wp-json\/wp\/v2\/pages\/11523"}],"wp:attachment":[{"href":"https:\/\/www.upmd.fr\/vi\/wp-json\/wp\/v2\/media?parent=11528"}],"curies":[{"name":"wp","href":"https:\/\/api.w.org\/{rel}","templated":true}]}}