{"id":11523,"date":"2019-06-11T11:22:49","date_gmt":"2019-06-11T04:22:49","guid":{"rendered":"https:\/\/www.upmd.fr\/tat-ca-tin-tuc\/"},"modified":"2019-06-11T11:22:49","modified_gmt":"2019-06-11T04:22:49","slug":"tat-ca-tin-tuc","status":"publish","type":"page","link":"https:\/\/www.upmd.fr\/vi\/tat-ca-tin-tuc\/","title":{"rendered":"T\u1ea5t c\u1ea3 tin t\u1ee9c"},"content":{"rendered":"\n<div class=\"wp-block-query is-layout-flow wp-block-query-is-layout-flow\"><ul class=\"columns-1 wp-block-post-template is-layout-grid wp-container-core-post-template-is-layout-ae0f3fe1 wp-block-post-template-is-layout-grid\"><li class=\"wp-block-post post-12007 post type-post status-publish format-standard has-post-thumbnail hentry category-cau-long category-sinh-hoat\">\n\n<div class=\"wp-block-group is-layout-flow wp-block-group-is-layout-flow\" style=\"padding-top:30px;padding-right:30px;padding-bottom:30px;padding-left:30px\"><h2 style=\"font-size:clamp(15.747px, 0.984rem + ((1vw - 3.2px) * 0.86), 24px);\" class=\"wp-block-post-title\"><a href=\"https:\/\/www.upmd.fr\/vi\/upmd-cau-long-bat-dau\/\" target=\"_self\" >\ud83c\udff8 UPMD C\u1ea7u Long b\u1eaft \u0111\u1ea7u ! Khai tr\u01b0\u01a1ng Ch\u1ee7 Nh\u1eadt 12\/10\/2025 9:00-12:00<\/a><\/h2>\n\n<div class=\"wp-block-post-excerpt\"><p class=\"wp-block-post-excerpt__excerpt\">Sau b\u00f3ng \u0111\u00e1, c\u00f2n g\u00ec n\u1ed5i b\u1eadt h\u01a1n c\u1ea7u l\u00f4ng \u1edf Vi\u1ec7t Nam? H\u00e3y \u0111\u1ebfn kh\u00e1m ph\u00e1 v\u00e0 ho\u00e0n thi\u1ec7n k\u1ef9 n\u0103ng \u0111\u00e1nh v\u1ee3t c\u1ee7a b\u1ea1n! UPMD \u0111ang m\u1edf c\u00e1c ho\u1ea1t \u0111\u1ed9ng c\u1ea7u l\u00f4ng g\u1ea7n tr\u01b0\u1eddng trung h\u1ecdc v\u1edbi 2 su\u1ea5t cho b\u1ea1n l\u1ef1a ch\u1ecdn: \u0110\u0103ng k\u00fd cho m\u1ed9t m\u00f9a gi\u1ea3i. \u0110\u1ec3 bi\u1ebft th\u00eam chi&hellip; <\/p><\/div>\n\n<div class=\"wp-block-post-date\"><time datetime=\"2025-10-06T22:15:14+07:00\">06\/10\/2025<\/time><\/div><\/div>\n\n<\/li><li class=\"wp-block-post post-11988 post type-post status-publish format-standard has-post-thumbnail hentry category-do-dung-hoc-tap\">\n\n<div class=\"wp-block-group is-layout-flow wp-block-group-is-layout-flow\" style=\"padding-top:30px;padding-right:30px;padding-bottom:30px;padding-left:30px\"><h2 style=\"font-size:clamp(15.747px, 0.984rem + ((1vw - 3.2px) * 0.86), 24px);\" class=\"wp-block-post-title\"><a href=\"https:\/\/www.upmd.fr\/vi\/nam-phong-nha-sach-phap-don-dat-hang-sach-2025\/\" target=\"_self\" >Nam Phong Nh\u00e0 S\u00e1ch Ph\u00e1p | \u0110\u01a1n \u0111\u1eb7t h\u00e0ng s\u00e1ch 2025<\/a><\/h2>\n\n<div class=\"wp-block-post-excerpt\"><p class=\"wp-block-post-excerpt__excerpt\">TH\u00d4NG TIN T\u1eea NAM PHONG NH\u00c0 S\u00c1CH PH\u00c1P 19\/09\/2025 : K\u00ednh g\u1eedi qu\u00fd kh\u00e1ch,\u0110\u01a1n h\u00e0ng c\u1ee7a qu\u00fd kh\u00e1ch \u0111\u00e3 \u0111\u01b0\u1ee3c chu\u1ea9n b\u1ecb xong.Nh\u00e0 s\u00e1ch Nam Phong hi\u1ec7n kh\u00f4ng c\u00f3 d\u1ecbch v\u1ee5 giao h\u00e0ng t\u1eadn nh\u00e0, nh\u01b0ng qu\u00fd kh\u00e1ch c\u00f3 th\u1ec3 g\u1eediGrab \u0111\u1ebfn nh\u1eadn s\u00e1ch. Trong tr\u01b0\u1eddng h\u1ee3p \u0111\u00f3, qu\u00fd kh\u00e1ch nh\u1ea5t thi\u1ebft c\u1ea7n th\u00f4ng b\u00e1o&hellip; <\/p><\/div>\n\n<div class=\"wp-block-post-date\"><time datetime=\"2025-09-19T11:20:01+07:00\">19\/09\/2025<\/time><\/div><\/div>\n\n<\/li><li class=\"wp-block-post post-11980 post type-post status-publish format-standard has-post-thumbnail hentry category-hoi-phu-huynh\">\n\n<div class=\"wp-block-group is-layout-flow wp-block-group-is-layout-flow\" style=\"padding-top:30px;padding-right:30px;padding-bottom:30px;padding-left:30px\"><h2 style=\"font-size:clamp(15.747px, 0.984rem + ((1vw - 3.2px) * 0.86), 24px);\" class=\"wp-block-post-title\"><a href=\"https:\/\/www.upmd.fr\/vi\/dai-hoi-2025-thu-moi\/\" target=\"_self\" >\u0110\u1ea1i h\u1ed9i 2025 \u2013 Th\u1ee9 B\u1ea3y, 20 th\u00e1ng 09<\/a><\/h2>\n\n<div class=\"wp-block-post-excerpt\"><p class=\"wp-block-post-excerpt__excerpt\">K\u00ednh g\u1eedi qu\u00fd Ph\u1ee5 huynh th\u00e0nh vi\u00ean h\u1ed9i ph\u1ee5 huynh UPMD! Qu\u00fd v\u1ecb \u0111\u01b0\u1ee3c m\u1eddi \u0111\u1ebfn tham d\u1ef1 cu\u1ed9c h\u1ecdp chung th\u01b0\u1eddng k\u1ef3 c\u1ee7a UPMD s\u1ebd di\u1ec5n ra v\u00e0o: Th\u1ee9 B\u1ea3y, 20 th\u00e1ng 09 n\u0103m 2025, t\u1eeb 2 gi\u1edd chi\u1ec1u \u0111\u1ebfn 4 gi\u1edd chi\u1ec1u;\u0110\u1ecba \u0111i\u1ec3m:&nbsp;Le Caf\u00e9 des stagiairess\u1ed1 10, \u0111\u01b0\u1eddng s\u1ed1 54, th\u1ea3o \u0111i\u1ec1n, th\u00e0nh&hellip; <\/p><\/div>\n\n<div class=\"wp-block-post-date\"><time datetime=\"2025-09-15T11:09:56+07:00\">15\/09\/2025<\/time><\/div><\/div>\n\n<\/li><li class=\"wp-block-post post-11954 post type-post status-publish format-standard has-post-thumbnail hentry category-hoi-phu-huynh\">\n\n<div class=\"wp-block-group is-layout-flow wp-block-group-is-layout-flow\" style=\"padding-top:30px;padding-right:30px;padding-bottom:30px;padding-left:30px\"><h2 style=\"font-size:clamp(15.747px, 0.984rem + ((1vw - 3.2px) * 0.86), 24px);\" class=\"wp-block-post-title\"><a href=\"https:\/\/www.upmd.fr\/vi\/upmd-chuyen-den-phong-004\/\" target=\"_self\" >UPMD chuy\u1ec3n \u0111\u1ebfn ph\u00f2ng 004<\/a><\/h2>\n\n<div class=\"wp-block-post-excerpt\"><p class=\"wp-block-post-excerpt__excerpt\"> <\/p><\/div>\n\n<div class=\"wp-block-post-date\"><time datetime=\"2025-08-29T12:25:49+07:00\">29\/08\/2025<\/time><\/div><\/div>\n\n<\/li><li class=\"wp-block-post post-11904 post type-post status-publish format-standard has-post-thumbnail hentry category-sinh-hoat\">\n\n<div class=\"wp-block-group is-layout-flow wp-block-group-is-layout-flow\" style=\"padding-top:30px;padding-right:30px;padding-bottom:30px;padding-left:30px\"><h2 style=\"font-size:clamp(15.747px, 0.984rem + ((1vw - 3.2px) * 0.86), 24px);\" class=\"wp-block-post-title\"><a href=\"https:\/\/www.upmd.fr\/vi\/balls-and-marbles-ngay-5-den-ngay-9-thang-5-nam-2025\/\" target=\"_self\" >Balls and Marbles &#8211; Ng\u00e0y 5 \u0111\u1ebfn ng\u00e0y 9 th\u00e1ng 5 n\u0103m 2025<\/a><\/h2>\n\n<div class=\"wp-block-post-excerpt\"><p class=\"wp-block-post-excerpt__excerpt\">\udb80\udfc3 TRUNG T\u00c2M GI\u1ea2I TR\u00cd \u2013 \u0110\u1eb6C BI\u1ec6T L\u1ec4 PH\u1ee4C SINH Ng\u00e0y 5&amp;9\/5\/2025 \u2013 C\u00f4ng tr\u01b0\u1eddng B\u00ecnh Th\u1ea1nh D\u00e0nh cho tr\u1ebb em t\u1eeb 3 \u0111\u1ebfn 11 tu\u1ed5i C\u00e1c ho\u1ea1t \u0111\u1ed9ng vui v\u1ebb, s\u00e1ng t\u1ea1o v\u00e0 th\u1ec3 thao \u0111\u1ec3 ch\u00e0o m\u1eebng l\u1ec5 Ph\u1ee5c sinh nh\u01b0 mong \u0111\u1ee3i ! Ch\u01b0\u01a1ng tr\u00ecnh: th\u1ee7 c\u00f4ng, h\u1ed9i h\u1ecda, ngh\u1ec7 thu\u1eadt&hellip; <\/p><\/div>\n\n<div class=\"wp-block-post-date\"><time datetime=\"2025-04-21T10:45:29+07:00\">21\/04\/2025<\/time><\/div><\/div>\n\n<\/li><li class=\"wp-block-post post-11836 post type-post status-publish format-standard hentry category-chua-phan-loai category-xuat-ban-truyen-thong\">\n\n<div class=\"wp-block-group is-layout-flow wp-block-group-is-layout-flow\" style=\"padding-top:30px;padding-right:30px;padding-bottom:30px;padding-left:30px\"><h2 style=\"font-size:clamp(15.747px, 0.984rem + ((1vw - 3.2px) * 0.86), 24px);\" class=\"wp-block-post-title\"><a href=\"https:\/\/www.upmd.fr\/vi\/ra-mat-trang-web-moi-%f0%9f%8e%89\/\" target=\"_self\" >Ra m\u1eaft trang web m\u1edbi! \ud83c\udf89<\/a><\/h2>\n\n<div class=\"wp-block-post-excerpt\"><p class=\"wp-block-post-excerpt__excerpt\">UPMD ra m\u1eaft phi\u00ean b\u1ea3n Beta c\u1ee7a trang web m\u1edbi! UPMD t\u1ef1 h\u00e0o th\u00f4ng b\u00e1o v\u1ec1 vi\u1ec7c ra m\u1eaft phi\u00ean b\u1ea3n Beta c\u1ee7a trang web ho\u00e0n to\u00e0n m\u1edbi! \u0110\u01b0\u1ee3c thi\u1ebft k\u1ebf \u0111\u1ec3 mang l\u1ea1i tr\u1ea3i nghi\u1ec7m t\u1ed1t h\u01a1n cho ng\u01b0\u1eddi d\u00f9ng v\u00e0 \u0111\u01a1n gi\u1ea3n h\u00f3a vi\u1ec7c truy c\u1eadp v\u00e0o c\u00e1c d\u1ecbch v\u1ee5 v\u00e0 th\u00f4ng tin&hellip; <\/p><\/div>\n\n<div class=\"wp-block-post-date\"><time datetime=\"2025-04-10T14:13:45+07:00\">10\/04\/2025<\/time><\/div><\/div>\n\n<\/li><\/ul><\/div>\n","protected":false},"excerpt":{"rendered":"","protected":false},"author":8,"featured_media":0,"parent":0,"menu_order":0,"comment_status":"closed","ping_status":"closed","template":"page-with-sidebar","meta":{"footnotes":""},"class_list":["post-11523","page","type-page","status-publish","hentry"],"_links":{"self":[{"href":"https:\/\/www.upmd.fr\/vi\/wp-json\/wp\/v2\/pages\/11523","targetHints":{"allow":["GET"]}}],"collection":[{"href":"https:\/\/www.upmd.fr\/vi\/wp-json\/wp\/v2\/pages"}],"about":[{"href":"https:\/\/www.upmd.fr\/vi\/wp-json\/wp\/v2\/types\/page"}],"author":[{"embeddable":true,"href":"https:\/\/www.upmd.fr\/vi\/wp-json\/wp\/v2\/users\/8"}],"replies":[{"embeddable":true,"href":"https:\/\/www.upmd.fr\/vi\/wp-json\/wp\/v2\/comments?post=11523"}],"version-history":[{"count":0,"href":"https:\/\/www.upmd.fr\/vi\/wp-json\/wp\/v2\/pages\/11523\/revisions"}],"wp:attachment":[{"href":"https:\/\/www.upmd.fr\/vi\/wp-json\/wp\/v2\/media?parent=11523"}],"curies":[{"name":"wp","href":"https:\/\/api.w.org\/{rel}","templated":true}]}}