{"id":11520,"date":"2024-09-29T19:12:58","date_gmt":"2024-09-29T12:12:58","guid":{"rendered":"https:\/\/www.upmd.fr\/to-chuc-cua-chung-toi-muc-luc\/%f0%9f%85%bf-tiec-tung-su-kien\/"},"modified":"2024-09-29T19:12:58","modified_gmt":"2024-09-29T12:12:58","slug":"%f0%9f%85%bf-tiec-tung-su-kien","status":"publish","type":"page","link":"https:\/\/www.upmd.fr\/vi\/to-chuc-cua-chung-toi-muc-luc\/%f0%9f%85%bf-tiec-tung-su-kien\/","title":{"rendered":"\ud83c\udd7f Ti\u1ec7c t\u00f9ng &amp; S\u1ef1 ki\u1ec7n"},"content":{"rendered":"\n<p>Ph\u1ee5 huynh tr\u01b0\u1eddng UPMD t\u1ed5 ch\u1ee9c nhi\u1ec1u b\u1eefa ti\u1ec7c v\u00e0 ch\u01b0\u01a1ng tr\u00ecnh bi\u1ec3u di\u1ec5n cho tr\u1ebb em trong su\u1ed1t c\u1ea3 n\u0103m: Halloween, Gi\u00e1ng sinh, T\u1ebft, H\u1ed9i ch\u1ee3.<\/p>\n\n\n\n<div style=\"height:var(--wp--preset--spacing--10)\" aria-hidden=\"true\" class=\"wp-block-spacer\"><\/div>\n\n\n\n<div class=\"wp-block-group alignfull has-accent-background-color has-background has-global-padding is-layout-constrained wp-container-core-group-is-layout-669513ed wp-block-group-is-layout-constrained\" style=\"margin-top:0;margin-bottom:0;padding-top:var(--wp--preset--spacing--50);padding-right:var(--wp--preset--spacing--50);padding-bottom:var(--wp--preset--spacing--50);padding-left:var(--wp--preset--spacing--50)\">\n<div class=\"wp-block-columns alignwide is-layout-flex wp-container-core-columns-is-layout-1da03c2a wp-block-columns-is-layout-flex\">\n<div class=\"wp-block-column is-vertically-aligned-stretch is-layout-flow wp-block-column-is-layout-flow\" style=\"flex-basis:50%\">\n<div class=\"wp-block-group is-vertical is-content-justification-stretch is-layout-flex wp-container-core-group-is-layout-444d5ee8 wp-block-group-is-layout-flex\" style=\"min-height:100%\">\n<p class=\"has-heading-font-family has-x-large-font-size\" style=\"line-height:1.2\">Ch\u00fang t\u00f4i c\u1ea7n s\u1ef1 gi\u00fap \u0111\u1ee1 c\u1ee7a b\u1ea1n cho t\u1ea5t c\u1ea3 nh\u1eefng s\u1ef1 ki\u1ec7n n\u00e0y.<\/p>\n\n\n\n<div class=\"wp-block-group has-global-padding is-content-justification-left is-layout-constrained wp-container-core-group-is-layout-9fe8ed88 wp-block-group-is-layout-constrained\">\n<p class=\"wp-container-content-0733e5d0\">Con c\u00e1i ch\u00fang ta, tr\u01b0\u1eddng h\u1ecdc c\u1ee7a ch\u00fang ta, d\u1ef1 \u00e1n c\u1ee7a ch\u00fang ta<\/p>\n\n\n\n<div class=\"wp-block-buttons is-layout-flex wp-block-buttons-is-layout-flex\">\n<div class=\"wp-block-button\"><a class=\"wp-block-button__link wp-element-button\" href=\"mailto:contact@upmd.fr\">Li\u00ean h\u1ec7 v\u1edbi ch\u00fang t\u00f4i<\/a><\/div>\n<\/div>\n<\/div>\n<\/div>\n<\/div>\n\n\n\n<div class=\"wp-block-column is-vertically-aligned-center is-layout-flow wp-block-column-is-layout-flow\" style=\"flex-basis:50%\">\n<figure class=\"wp-block-image size-full is-style-rounded is-style-rounded--1\"><img loading=\"lazy\" decoding=\"async\" width=\"600\" height=\"600\" src=\"https:\/\/www.upmd.fr\/wp-content\/uploads\/2019\/06\/kermess-1.jpg\" alt=\"H\u00ecnh \u1ea3nh trang tr\u00ed h\u1ed9i ch\u1ee3\" class=\"wp-image-180\" style=\"aspect-ratio:16\/9;object-fit:cover\" srcset=\"https:\/\/www.upmd.fr\/wp-content\/uploads\/2019\/06\/kermess-1.jpg 600w, https:\/\/www.upmd.fr\/wp-content\/uploads\/2019\/06\/kermess-1-300x300.jpg 300w, https:\/\/www.upmd.fr\/wp-content\/uploads\/2019\/06\/kermess-1-150x150.jpg 150w\" sizes=\"auto, (max-width: 600px) 100vw, 600px\" \/><\/figure>\n<\/div>\n<\/div>\n<\/div>\n\n\n\n<hr class=\"wp-block-separator has-alpha-channel-opacity\">\n\n\n\n<div style=\"height:var(--wp--preset--spacing--10)\" aria-hidden=\"true\" class=\"wp-block-spacer\"><\/div>\n\n\n\n<h2 class=\"wp-block-heading\">\ud83c\udf83 L\u1ec5 h\u1ed9i Halloween<\/h2>\n\n\n\n<p>V\u00e0o \u0111\u00eam tr\u01b0\u1edbc ng\u00e0y l\u1ec5 C\u00e1c Th\u00e1nh (th\u00e1ng 10), m\u1ed9t b\u1eefa \u0103n nh\u1eb9 \u0111\u00e3 \u0111\u01b0\u1ee3c ph\u00e1t cho t\u1ea5t c\u1ea3 tr\u1ebb em trong b\u1ea7u kh\u00f4ng kh\u00ed h\u00f3a trang&#8230; \u0111\u1ee7 \u0111\u1ec3 khi\u1ebfn ch\u00fang s\u1ee3 h\u00e3i. H\u00e3y \u0111\u1ebfn gi\u00fap ch\u00fang t\u00f4i m\u1ed9t tay. <\/p>\n\n\n\n<div style=\"height:var(--wp--preset--spacing--10)\" aria-hidden=\"true\" class=\"wp-block-spacer\"><\/div>\n\n\n\n<hr class=\"wp-block-separator has-alpha-channel-opacity\">\n\n\n\n<div style=\"height:var(--wp--preset--spacing--10)\" aria-hidden=\"true\" class=\"wp-block-spacer\"><\/div>\n\n\n\n<h2 class=\"wp-block-heading\">\ud83c\udf84 Gi\u00e1ng sinh<\/h2>\n\n\n\n<p>V\u00e0o th\u00e1ng 12, \u00d4ng gi\u00e0 Noel s\u1ebd \u0111\u1ebfn th\u0103m c\u00e1c l\u1edbp h\u1ecdc v\u1edbi nh\u1eefng m\u00f3n qu\u00e0 b\u1ea5t ng\u1edd trong t\u00fai c\u1ee7a m\u00ecnh. M\u1ed9t c\u00e2y th\u00f4ng l\u1edbn c\u0169ng \u0111\u01b0\u1ee3c tr\u1ed3ng trong s\u00e2n. <\/p>\n\n\n\n<div style=\"height:var(--wp--preset--spacing--10)\" aria-hidden=\"true\" class=\"wp-block-spacer\"><\/div>\n\n\n\n<hr class=\"wp-block-separator has-alpha-channel-opacity\">\n\n\n\n<div style=\"height:var(--wp--preset--spacing--10)\" aria-hidden=\"true\" class=\"wp-block-spacer\"><\/div>\n\n\n\n<h2 class=\"wp-block-heading\">\ud83e\udde7 \u0110\u1ea7u<\/h2>\n\n\n\n<p>V\u00e0o th\u00e1ng 1\/th\u00e1ng 2, m\u1ed9t ch\u01b0\u01a1ng tr\u00ecnh bi\u1ec3u di\u1ec5n truy\u1ec1n th\u1ed1ng \u0111\u1eb7c bi\u1ec7t s\u1ebd \u0111\u01b0\u1ee3c t\u1ed5 ch\u1ee9c cho to\u00e0n tr\u01b0\u1eddng. V\u00ec ni\u1ec1m vui c\u1ee7a ng\u01b0\u1eddi gi\u00e0 v\u00e0 tr\u1ebb. <\/p>\n\n\n\n<div style=\"height:var(--wp--preset--spacing--10)\" aria-hidden=\"true\" class=\"wp-block-spacer\"><\/div>\n\n\n\n<hr class=\"wp-block-separator has-alpha-channel-opacity\">\n\n\n\n<div style=\"height:var(--wp--preset--spacing--10)\" aria-hidden=\"true\" class=\"wp-block-spacer\"><\/div>\n\n\n\n<h2 class=\"wp-block-heading\">\ud83c\udfa1 H\u1ed9i ch\u1ee3<\/h2>\n\n\n\n<p>(Xem ph\u1ea7n chuy\u00ean \u0111\u1ec1: <a href=\"https:\/\/www.upmd.fr\/index.php\/centres-dinteret-poles\/kermesse\/\" data-type=\"page\" data-id=\"323\">H\u1ed9i ch\u1ee3<\/a> )<\/p>\n\n\n\n<div style=\"height:var(--wp--preset--spacing--10)\" aria-hidden=\"true\" class=\"wp-block-spacer\"><\/div>\n\n\n\n<hr class=\"wp-block-separator has-alpha-channel-opacity\">\n\n\n\n<div style=\"height:var(--wp--preset--spacing--10)\" aria-hidden=\"true\" class=\"wp-block-spacer\"><\/div>\n\n\n\n<h2 class=\"wp-block-heading\">Li\u00ean h\u1ec7<\/h2>\n\n\n\n<p>li\u00ean h\u1ec7@upmd.fr<\/p>\n\n\n\n<div style=\"height:var(--wp--preset--spacing--10)\" aria-hidden=\"true\" class=\"wp-block-spacer\"><\/div>\n\n\n\n<hr class=\"wp-block-separator has-alpha-channel-opacity\">\n\n\n\n<div style=\"height:var(--wp--preset--spacing--10)\" aria-hidden=\"true\" class=\"wp-block-spacer\"><\/div>\n\n\n\n<h2 class=\"wp-block-heading\">\u270f\ufe0f B\u00e0i vi\u1ebft m\u1edbi nh\u1ea5t: Ti\u1ec7c &amp; S\u1ef1 ki\u1ec7n<\/h2>\n\n\n<ul class=\"wp-block-latest-posts__list is-grid columns-3 wp-block-latest-posts\"><li><a class=\"wp-block-latest-posts__post-title\" href=\"https:\/\/www.upmd.fr\/vi\/hoi-nghi-fdm-tri-tue-cam-xuc-thu-nam-ngay-19-thang-12\/\">H\u1ed9i ngh\u1ecb FDM \u2013 Tr\u00ed tu\u1ec7 c\u1ea3m x\u00fac Th\u1ee9 n\u0103m, ng\u00e0y 19 th\u00e1ng 12<\/a><\/li>\n<li><a class=\"wp-block-latest-posts__post-title\" href=\"https:\/\/www.upmd.fr\/vi\/%f0%9f%8f%83%e2%99%80%ef%b8%8f%f0%9f%8f%83%e2%99%82%ef%b8%8f-the-forest-run-13-04-2025-andros-lakes-race-01-06-2025\/\">\ud83c\udfc3\u200d\u2640\ufe0f\ud83c\udfc3\u200d\u2642\ufe0f The Forest Run 13\/04\/2025 + Andros Lakes Race 01\/06\/2025<\/a><\/li>\n<li><a class=\"wp-block-latest-posts__post-title\" href=\"https:\/\/www.upmd.fr\/vi\/don-mung-tet-at-ty-2025\/\">\u0110\u00f3n m\u1eebng T\u1ebft \u1ea4t T\u1ef5 2025<\/a><\/li>\n<li><a class=\"wp-block-latest-posts__post-title\" href=\"https:\/\/www.upmd.fr\/vi\/upmd-to-chuc-le-giang-sinh%f0%9f%8e%84\/\">UPMD t\u1ed5 ch\u1ee9c l\u1ec5 Gi\u00e1ng sinh\ud83c\udf84<\/a><\/li>\n<li><a class=\"wp-block-latest-posts__post-title\" href=\"https:\/\/www.upmd.fr\/vi\/giam-gia-dac-biet\/\">Gi\u1ea3m gi\u00e1 \u0111\u1eb7c bi\u1ec7t<\/a><\/li>\n<li><a class=\"wp-block-latest-posts__post-title\" href=\"https:\/\/www.upmd.fr\/vi\/dai-hoi-bao-cao\/\">\u0110\u1ea1i h\u1ed9i \u2013 B\u00e1o c\u00e1o<\/a><\/li>\n<\/ul>\n\n\n<p>\u261e <a href=\"https:\/\/www.upmd.fr\/vi\/tat-ca-tin-tuc\/tat-ca-cac-bai-viet-tiec-su-kien\/\" data-type=\"page\" data-id=\"8308\">T\u1ea5t c\u1ea3 b\u00e0i vi\u1ebft: Ti\u1ec7c &amp; S\u1ef1 ki\u1ec7n<\/a><\/p>\n\n\n\n<div style=\"height:var(--wp--preset--spacing--10)\" aria-hidden=\"true\" class=\"wp-block-spacer\"><\/div>\n\n\n\n<hr class=\"wp-block-separator has-alpha-channel-opacity\">\n\n\n\n<div style=\"height:var(--wp--preset--spacing--10)\" aria-hidden=\"true\" class=\"wp-block-spacer\"><\/div>\n\n\n\n<div class=\"wp-block-group is-nowrap is-layout-flex wp-container-core-group-is-layout-6c531013 wp-block-group-is-layout-flex\">\n<p>C\u1eadp nh\u1eadt l\u1ea7n cu\u1ed1i:<\/p>\n\n\n<\/div>\n","protected":false},"excerpt":{"rendered":"<p>Ph\u1ee5 huynh tr\u01b0\u1eddng UPMD t\u1ed5 ch\u1ee9c nhi\u1ec1u b\u1eefa ti\u1ec7c v\u00e0 ch\u01b0\u01a1ng tr\u00ecnh bi\u1ec3u di\u1ec5n cho tr\u1ebb em trong su\u1ed1t c\u1ea3 n\u0103m: Halloween, Gi\u00e1ng sinh, T\u1ebft, H\u1ed9i ch\u1ee3. Ch\u00fang t\u00f4i c\u1ea7n s\u1ef1 gi\u00fap \u0111\u1ee1 c\u1ee7a b\u1ea1n cho t\u1ea5t c\u1ea3 nh\u1eefng s\u1ef1 ki\u1ec7n n\u00e0y. Con c\u00e1i ch\u00fang ta, tr\u01b0\u1eddng h\u1ecdc c\u1ee7a ch\u00fang ta, d\u1ef1 \u00e1n c\u1ee7a ch\u00fang [&hellip;]<\/p>\n","protected":false},"author":8,"featured_media":10074,"parent":11488,"menu_order":4,"comment_status":"closed","ping_status":"closed","template":"page-wide","meta":{"footnotes":""},"class_list":["post-11520","page","type-page","status-publish","has-post-thumbnail","hentry"],"_links":{"self":[{"href":"https:\/\/www.upmd.fr\/vi\/wp-json\/wp\/v2\/pages\/11520","targetHints":{"allow":["GET"]}}],"collection":[{"href":"https:\/\/www.upmd.fr\/vi\/wp-json\/wp\/v2\/pages"}],"about":[{"href":"https:\/\/www.upmd.fr\/vi\/wp-json\/wp\/v2\/types\/page"}],"author":[{"embeddable":true,"href":"https:\/\/www.upmd.fr\/vi\/wp-json\/wp\/v2\/users\/8"}],"replies":[{"embeddable":true,"href":"https:\/\/www.upmd.fr\/vi\/wp-json\/wp\/v2\/comments?post=11520"}],"version-history":[{"count":0,"href":"https:\/\/www.upmd.fr\/vi\/wp-json\/wp\/v2\/pages\/11520\/revisions"}],"up":[{"embeddable":true,"href":"https:\/\/www.upmd.fr\/vi\/wp-json\/wp\/v2\/pages\/11488"}],"wp:featuredmedia":[{"embeddable":true,"href":"https:\/\/www.upmd.fr\/vi\/wp-json\/wp\/v2\/media\/10074"}],"wp:attachment":[{"href":"https:\/\/www.upmd.fr\/vi\/wp-json\/wp\/v2\/media?parent=11520"}],"curies":[{"name":"wp","href":"https:\/\/api.w.org\/{rel}","templated":true}]}}