{"id":11516,"date":"2024-09-04T07:24:57","date_gmt":"2024-09-04T00:24:57","guid":{"rendered":"https:\/\/www.upmd.fr\/to-chuc-cua-chung-toi-muc-luc\/%f0%9f%85%bf-bong-da\/"},"modified":"2024-09-04T07:24:57","modified_gmt":"2024-09-04T00:24:57","slug":"%f0%9f%85%bf-bong-da","status":"publish","type":"page","link":"https:\/\/www.upmd.fr\/vi\/to-chuc-cua-chung-toi-muc-luc\/%f0%9f%85%bf-bong-da\/","title":{"rendered":"\ud83c\udd7f B\u00f3ng \u0111\u00e1"},"content":{"rendered":"\n<div style=\"height:var(--wp--preset--spacing--10)\" aria-hidden=\"true\" class=\"wp-block-spacer\"><\/div>\n\n\n\n<div class=\"wp-block-group is-layout-grid wp-container-core-group-is-layout-09953040 wp-block-group-is-layout-grid\">\n<div class=\"wp-block-group is-vertical is-content-justification-center is-layout-flex wp-container-core-group-is-layout-ce155fab wp-block-group-is-layout-flex\">\n<figure class=\"wp-block-image size-full\"><a href=\"https:\/\/www.upmd.fr\/index.php\/2024\/09\/04\/club-foot-upmd-2024-2025\/\"><img loading=\"lazy\" decoding=\"async\" width=\"512\" height=\"512\" src=\"https:\/\/www.upmd.fr\/wp-content\/uploads\/2024\/10\/inscription-foot.png\" alt=\"h\u00ecnh \u1ea3nh \u0111\u0103ng k\u00fd b\u00f3ng \u0111\u00e1\" class=\"wp-image-8693\" srcset=\"https:\/\/www.upmd.fr\/wp-content\/uploads\/2024\/10\/inscription-foot.png 512w, https:\/\/www.upmd.fr\/wp-content\/uploads\/2024\/10\/inscription-foot-300x300.png 300w, https:\/\/www.upmd.fr\/wp-content\/uploads\/2024\/10\/inscription-foot-150x150.png 150w\" sizes=\"auto, (max-width: 512px) 100vw, 512px\" \/><\/a><\/figure>\n\n\n\n<p class=\"has-text-align-center\">\u0110\u0103ng k\u00fd<\/p>\n<\/div>\n\n\n\n<div class=\"wp-block-group is-vertical is-content-justification-center is-layout-flex wp-container-core-group-is-layout-ce155fab wp-block-group-is-layout-flex\">\n<figure class=\"wp-block-image size-full\"><img loading=\"lazy\" decoding=\"async\" width=\"512\" height=\"512\" src=\"https:\/\/www.upmd.fr\/wp-content\/uploads\/2024\/10\/clock-yellow-orange.png\" alt=\"H\u00ecnh \u1ea3nh \u0111\u1ed3ng h\u1ed3 m\u00e0u v\u00e0ng\" class=\"wp-image-8652\" srcset=\"https:\/\/www.upmd.fr\/wp-content\/uploads\/2024\/10\/clock-yellow-orange.png 512w, https:\/\/www.upmd.fr\/wp-content\/uploads\/2024\/10\/clock-yellow-orange-300x300.png 300w, https:\/\/www.upmd.fr\/wp-content\/uploads\/2024\/10\/clock-yellow-orange-150x150.png 150w\" sizes=\"auto, (max-width: 512px) 100vw, 512px\" \/><\/figure>\n\n\n\n<p class=\"has-text-align-center\">L\u1ecbch tr\u00ecnh<\/p>\n<\/div>\n\n\n\n<div class=\"wp-block-group is-vertical is-content-justification-center is-layout-flex wp-container-core-group-is-layout-ce155fab wp-block-group-is-layout-flex\">\n<figure class=\"wp-block-image size-full\"><a href=\"#calendrier_football\"><img loading=\"lazy\" decoding=\"async\" width=\"512\" height=\"512\" src=\"https:\/\/www.upmd.fr\/wp-content\/uploads\/2024\/10\/calendar-1.png\" alt=\"\" class=\"wp-image-8696\" srcset=\"https:\/\/www.upmd.fr\/wp-content\/uploads\/2024\/10\/calendar-1.png 512w, https:\/\/www.upmd.fr\/wp-content\/uploads\/2024\/10\/calendar-1-300x300.png 300w, https:\/\/www.upmd.fr\/wp-content\/uploads\/2024\/10\/calendar-1-150x150.png 150w\" sizes=\"auto, (max-width: 512px) 100vw, 512px\" \/><\/a><\/figure>\n\n\n\n<p class=\"has-text-align-center\">L\u1ecbch<\/p>\n<\/div>\n\n\n\n<div class=\"wp-block-group wp-container-content-a7057f16 is-vertical is-content-justification-center is-layout-flex wp-container-core-group-is-layout-ce155fab wp-block-group-is-layout-flex\">\n<figure class=\"wp-block-image size-full\"><a href=\"#contact_footbal\"><img loading=\"lazy\" decoding=\"async\" width=\"512\" height=\"512\" src=\"https:\/\/www.upmd.fr\/wp-content\/uploads\/2024\/10\/question-blue.png\" alt=\"C\u00e2u h\u1ecfi tr\u1ee3 gi\u00fap h\u00ecnh \u1ea3nh\" class=\"wp-image-8653\" srcset=\"https:\/\/www.upmd.fr\/wp-content\/uploads\/2024\/10\/question-blue.png 512w, https:\/\/www.upmd.fr\/wp-content\/uploads\/2024\/10\/question-blue-300x300.png 300w, https:\/\/www.upmd.fr\/wp-content\/uploads\/2024\/10\/question-blue-150x150.png 150w\" sizes=\"auto, (max-width: 512px) 100vw, 512px\" \/><\/a><\/figure>\n\n\n\n<p class=\"has-text-align-center\">Li\u00ean h\u1ec7<\/p>\n<\/div>\n<\/div>\n\n\n\n<div style=\"height:var(--wp--preset--spacing--10)\" aria-hidden=\"true\" class=\"wp-block-spacer\"><\/div>\n\n\n\n<div class=\"wp-block-group alignfull has-accent-5-background-color has-background has-global-padding is-layout-constrained wp-container-core-group-is-layout-d89aad35 wp-block-group-is-layout-constrained\" style=\"margin-top:0;margin-bottom:0;padding-top:var(--wp--preset--spacing--50);padding-right:var(--wp--preset--spacing--50);padding-bottom:var(--wp--preset--spacing--50);padding-left:var(--wp--preset--spacing--50)\">\n<div class=\"wp-block-columns alignwide is-layout-flex wp-container-core-columns-is-layout-1da03c2a wp-block-columns-is-layout-flex\">\n<div class=\"wp-block-column is-vertically-aligned-center is-layout-flow wp-block-column-is-layout-flow\" style=\"flex-basis:60%\">\n<figure class=\"wp-block-image size-full is-style-rounded wp-duotone-duotone-1 is-style-rounded--1\"><img loading=\"lazy\" decoding=\"async\" width=\"1200\" height=\"400\" src=\"https:\/\/www.upmd.fr\/wp-content\/uploads\/2024\/09\/football-ball-1200x400-1.jpg\" alt=\"\" class=\"wp-image-7545\" srcset=\"https:\/\/www.upmd.fr\/wp-content\/uploads\/2024\/09\/football-ball-1200x400-1.jpg 1200w, https:\/\/www.upmd.fr\/wp-content\/uploads\/2024\/09\/football-ball-1200x400-1-300x100.jpg 300w, https:\/\/www.upmd.fr\/wp-content\/uploads\/2024\/09\/football-ball-1200x400-1-1024x341.jpg 1024w, https:\/\/www.upmd.fr\/wp-content\/uploads\/2024\/09\/football-ball-1200x400-1-768x256.jpg 768w\" sizes=\"auto, (max-width: 1200px) 100vw, 1200px\" \/><\/figure>\n<\/div>\n\n\n\n<div class=\"wp-block-column is-layout-flow wp-block-column-is-layout-flow\" style=\"flex-basis:40%\">\n<h2 class=\"wp-block-heading\">Tham gia \u0111\u1ed9i b\u00f3ng \u0111\u00e1 \ud83c\udd7f<\/h2>\n\n\n\n<p>Ho\u1ea1t \u0111\u1ed9ng b\u00f3ng \u0111\u00e1 ch\u1ec9 c\u00f3 th\u1ec3 di\u1ec5n ra nh\u1edd v\u00e0o thi\u1ec7n ch\u00ed c\u1ee7a c\u00e1c th\u00e0nh vi\u00ean t\u00edch c\u1ef1c. Nh\u1eefng ng\u01b0\u1eddi \u0111am m\u00ea b\u00f3ng \u0111\u00e1, h\u00e3y li\u00ean h\u1ec7 v\u1edbi ch\u00fang t\u00f4i. <\/p>\n\n\n\n<div class=\"wp-block-buttons is-layout-flex wp-block-buttons-is-layout-flex\">\n<div class=\"wp-block-button\"><a class=\"wp-block-button__link wp-element-button\" href=\"mailto:foot@upmd.fr\" target=\"_blank\" rel=\"noreferrer noopener\">Li\u00ean h\u1ec7 v\u1edbi ch\u00fang t\u00f4i<\/a><\/div>\n<\/div>\n<\/div>\n<\/div>\n<\/div>\n\n\n\n<div style=\"height:var(--wp--preset--spacing--10)\" aria-hidden=\"true\" class=\"wp-block-spacer\"><\/div>\n\n\n\n<h2 class=\"wp-block-heading\">Th\u00f4ng b\u00e1o \u0111\u1ebfn nh\u1eefng ng\u01b0\u1eddi y\u00eau b\u00f3ng \u0111\u00e1<\/h2>\n\n\n\n<p>B\u00f3ng \u0111\u00e1 l\u00e0 ho\u1ea1t \u0111\u1ed9ng ch\u1ee7 l\u1ef1c c\u1ee7a UPMD k\u1ec3 t\u1eeb m\u00f9a gi\u1ea3i 2023-2024. UPMD \u0111\u00e3 th\u00e0nh l\u1eadp C\u00e2u l\u1ea1c b\u1ed9 b\u00f3ng \u0111\u00e1 bao g\u1ed3m: <\/p>\n\n\n\n<ul class=\"wp-block-list\">\n<li>C\u00e1c bu\u1ed5i \u0111\u00e0o t\u1ea1o h\u00e0ng tu\u1ea7n cho nhi\u1ec1u c\u1ea5p \u0111\u1ed9:  \n<ul class=\"wp-block-list\">\n<li>U8 \u0111\u1ebfn U11 (CE1 \u0111\u1ebfn CM2)<\/li>\n\n\n\n<li>U13 (th\u1ee9 6-5)<\/li>\n\n\n\n<li>U15 (th\u1ee9 4-3)<\/li>\n\n\n\n<li>U18 (N\u0103m th\u1ee9 hai \u0111\u1ebfn n\u0103m cu\u1ed1i)<\/li>\n<\/ul>\n<\/li>\n\n\n\n<li>Con trai v\u00e0 con g\u00e1i<\/li>\n\n\n\n<li>T\u1ed5 ch\u1ee9c c\u00e1c gi\u1ea3i \u0111\u1ea5u th\u01b0\u1eddng k\u1ef3 v\u00e0 c\u00e1c cu\u1ed9c h\u1ecdp li\u00ean c\u00e2u l\u1ea1c b\u1ed9.<\/li>\n<\/ul>\n\n\n\n<div style=\"height:var(--wp--preset--spacing--10)\" aria-hidden=\"true\" class=\"wp-block-spacer\"><\/div>\n\n\n\n<hr class=\"wp-block-separator has-alpha-channel-opacity\">\n\n\n\n<div style=\"height:var(--wp--preset--spacing--10)\" aria-hidden=\"true\" class=\"wp-block-spacer\"><\/div>\n\n\n\n<h2 class=\"wp-block-heading\" id=\"calendrier_football\">\ud83d\udcc6 L\u1ecbch v\u00e0 gi\u00e1<\/h2>\n\n\n\n<p>\u261e <a href=\"https:\/\/www.upmd.fr\/index.php\/2024\/09\/04\/club-foot-upmd-2024-2025\/\" data-type=\"post\" data-id=\"7540\">T\u1ea5t c\u1ea3 th\u00f4ng tin chi ti\u1ebft cho m\u00f9a gi\u1ea3i 2024-2025<\/a><\/p>\n\n\n\n<div style=\"height:var(--wp--preset--spacing--10)\" aria-hidden=\"true\" class=\"wp-block-spacer\"><\/div>\n\n\n\n<hr class=\"wp-block-separator has-alpha-channel-opacity\">\n\n\n\n<div style=\"height:var(--wp--preset--spacing--10)\" aria-hidden=\"true\" class=\"wp-block-spacer\"><\/div>\n\n\n\n<h2 class=\"wp-block-heading\" id=\"contact_footbal\">Li\u00ean h\u1ec7<\/h2>\n\n\n\n<figure class=\"wp-block-image size-thumbnail is-resized\"><img loading=\"lazy\" decoding=\"async\" width=\"150\" height=\"150\" src=\"https:\/\/www.upmd.fr\/wp-content\/uploads\/2024\/10\/question-blue-150x150.png\" alt=\"C\u00e2u h\u1ecfi tr\u1ee3 gi\u00fap h\u00ecnh \u1ea3nh\" class=\"wp-image-8653\" style=\"width:50px\" srcset=\"https:\/\/www.upmd.fr\/wp-content\/uploads\/2024\/10\/question-blue-150x150.png 150w, https:\/\/www.upmd.fr\/wp-content\/uploads\/2024\/10\/question-blue-300x300.png 300w, https:\/\/www.upmd.fr\/wp-content\/uploads\/2024\/10\/question-blue.png 512w\" sizes=\"auto, (max-width: 150px) 100vw, 150px\" \/><\/figure>\n\n\n\n<p><strong>foot@upmd.fr<\/strong><\/p>\n\n\n\n<div style=\"height:var(--wp--preset--spacing--10)\" aria-hidden=\"true\" class=\"wp-block-spacer\"><\/div>\n\n\n\n<hr class=\"wp-block-separator has-alpha-channel-opacity\">\n\n\n\n<div style=\"height:var(--wp--preset--spacing--10)\" aria-hidden=\"true\" class=\"wp-block-spacer\"><\/div>\n\n\n\n<h2 class=\"wp-block-heading\">\u270f\ufe0f B\u00e0i vi\u1ebft m\u1edbi nh\u1ea5t: B\u00f3ng \u0111\u00e1<\/h2>\n\n\n<ul class=\"wp-block-latest-posts__list is-grid columns-3 wp-block-latest-posts\"><li><a class=\"wp-block-latest-posts__post-title\" href=\"https:\/\/www.upmd.fr\/vi\/upmd-foot-%e2%9a%bd%ef%b8%8f-mua-giai-2024-2025-khoi-dong\/\">UPMD Foot \u26bd\ufe0f &#8211; M\u00f9a gi\u1ea3i 2024-2025 kh\u1edfi \u0111\u1ed9ng!<\/a><\/li>\n<li><a class=\"wp-block-latest-posts__post-title\" href=\"https:\/\/www.upmd.fr\/vi\/club-de-foot-upmd-2024-2025\/\">\ud83c\uddfb\ud83c\uddf3 Club de Foot UPMD 2024-2025 |T\u1ea5t c\u1ea3 chi ti\u1ebft \u26bd\ufe0f<\/a><\/li>\n<li><a class=\"wp-block-latest-posts__post-title\" href=\"https:\/\/www.upmd.fr\/vi\/%f0%9f%87%bb%f0%9f%87%b3-upmd-vivablast-football-tournament-2024-%e2%9a%bd%ef%b8%8f-huy-bo\/\">\ud83c\uddfb\ud83c\uddf3 UPMD Vivablast Football Tournament 2024 \u26bd\ufe0f &#8211; H\u1ee7y b\u1ecf<\/a><\/li>\n<li><a class=\"wp-block-latest-posts__post-title\" href=\"https:\/\/www.upmd.fr\/vi\/%f0%9f%87%bb%f0%9f%87%b3-upmd-girls-france-vs-igs-germany-11-6-%e2%9a%bd%ef%b8%8f\/\">\ud83c\uddfb\ud83c\uddf3 UPMD Girls (France) vs IGS (Germany) : 11-6 \u26bd\ufe0f<\/a><\/li>\n<li><a class=\"wp-block-latest-posts__post-title\" href=\"https:\/\/www.upmd.fr\/vi\/%f0%9f%87%bb%f0%9f%87%b3-football-club-lich-2023-2024-%e2%9a%bd%ef%b8%8f\/\">\ud83c\uddfb\ud83c\uddf3 Football Club L\u1ecbch 2023-2024 \u26bd\ufe0f<\/a><\/li>\n<li><a class=\"wp-block-latest-posts__post-title\" href=\"https:\/\/www.upmd.fr\/vi\/giai-bong-da-cup-chau\/\">\ud83c\uddfb\ud83c\uddf3Gi\u1ea3i b\u00f3ng \u0111\u00e1 C\u00fap Ch\u00e2u \u00c1 Th\u00e1i B\u00ecnh D\u01b0\u01a1ng AEFE 2024 \u26bd\ufe0f | Video \ud83c\udfa5<\/a><\/li>\n<\/ul>\n\n\n<p>\u261e <a href=\"https:\/\/www.upmd.fr\/vi\/tat-ca-tin-tuc\/tat-ca-cac-bai-viet-bong-da\/\" data-type=\"page\" data-id=\"8319\">T\u1ea5t c\u1ea3 b\u00e0i vi\u1ebft: B\u00f3ng \u0111\u00e1<\/a><\/p>\n\n\n\n<div style=\"height:var(--wp--preset--spacing--10)\" aria-hidden=\"true\" class=\"wp-block-spacer\"><\/div>\n\n\n\n<hr class=\"wp-block-separator has-alpha-channel-opacity\">\n\n\n\n<div style=\"height:16px\" aria-hidden=\"true\" class=\"wp-block-spacer\"><\/div>\n\n\n\n<div class=\"wp-block-group is-nowrap is-layout-flex wp-container-core-group-is-layout-6c531013 wp-block-group-is-layout-flex\">\n<p>C\u1eadp nh\u1eadt l\u1ea7n cu\u1ed1i:<\/p>\n\n\n<\/div>\n","protected":false},"excerpt":{"rendered":"<p>\u0110\u0103ng k\u00fd L\u1ecbch tr\u00ecnh L\u1ecbch Li\u00ean h\u1ec7 Tham gia \u0111\u1ed9i b\u00f3ng \u0111\u00e1 \ud83c\udd7f Ho\u1ea1t \u0111\u1ed9ng b\u00f3ng \u0111\u00e1 ch\u1ec9 c\u00f3 th\u1ec3 di\u1ec5n ra nh\u1edd v\u00e0o thi\u1ec7n ch\u00ed c\u1ee7a c\u00e1c th\u00e0nh vi\u00ean t\u00edch c\u1ef1c. Nh\u1eefng ng\u01b0\u1eddi \u0111am m\u00ea b\u00f3ng \u0111\u00e1, h\u00e3y li\u00ean h\u1ec7 v\u1edbi ch\u00fang t\u00f4i. Th\u00f4ng b\u00e1o \u0111\u1ebfn nh\u1eefng ng\u01b0\u1eddi y\u00eau b\u00f3ng \u0111\u00e1 B\u00f3ng \u0111\u00e1 l\u00e0 [&hellip;]<\/p>\n","protected":false},"author":8,"featured_media":0,"parent":11488,"menu_order":5,"comment_status":"closed","ping_status":"closed","template":"page-wide","meta":{"footnotes":""},"class_list":["post-11516","page","type-page","status-publish","hentry"],"_links":{"self":[{"href":"https:\/\/www.upmd.fr\/vi\/wp-json\/wp\/v2\/pages\/11516","targetHints":{"allow":["GET"]}}],"collection":[{"href":"https:\/\/www.upmd.fr\/vi\/wp-json\/wp\/v2\/pages"}],"about":[{"href":"https:\/\/www.upmd.fr\/vi\/wp-json\/wp\/v2\/types\/page"}],"author":[{"embeddable":true,"href":"https:\/\/www.upmd.fr\/vi\/wp-json\/wp\/v2\/users\/8"}],"replies":[{"embeddable":true,"href":"https:\/\/www.upmd.fr\/vi\/wp-json\/wp\/v2\/comments?post=11516"}],"version-history":[{"count":0,"href":"https:\/\/www.upmd.fr\/vi\/wp-json\/wp\/v2\/pages\/11516\/revisions"}],"up":[{"embeddable":true,"href":"https:\/\/www.upmd.fr\/vi\/wp-json\/wp\/v2\/pages\/11488"}],"wp:attachment":[{"href":"https:\/\/www.upmd.fr\/vi\/wp-json\/wp\/v2\/media?parent=11516"}],"curies":[{"name":"wp","href":"https:\/\/api.w.org\/{rel}","templated":true}]}}