{"id":11513,"date":"2019-06-10T04:22:06","date_gmt":"2019-06-09T21:22:06","guid":{"rendered":"https:\/\/www.upmd.fr\/to-chuc-cua-chung-toi-muc-luc\/%f0%9f%85%bf-hoc-bong-ho-tro\/hoc-bong-lanh-su-quan\/"},"modified":"2019-06-10T04:22:06","modified_gmt":"2019-06-09T21:22:06","slug":"hoc-bong-lanh-su-quan","status":"publish","type":"page","link":"https:\/\/www.upmd.fr\/vi\/to-chuc-cua-chung-toi-muc-luc\/%f0%9f%85%bf-hoc-bong-ho-tro\/hoc-bong-lanh-su-quan\/","title":{"rendered":"H\u1ecdc b\u1ed5ng l\u00e3nh s\u1ef1 qu\u00e1n"},"content":{"rendered":"\n<h1 class=\"wp-block-heading\">H\u00e3y h\u1ecfi c\u00f4 \u1ea5y!<\/h1>\n\n\n\n<div style=\"height:var(--wp--preset--spacing--10)\" aria-hidden=\"true\" class=\"wp-block-spacer\"><\/div>\n\n\n\n<hr class=\"wp-block-separator has-alpha-channel-opacity\">\n\n\n\n<div style=\"height:var(--wp--preset--spacing--10)\" aria-hidden=\"true\" class=\"wp-block-spacer\"><\/div>\n\n\n\n<h2 class=\"wp-block-heading\">Li\u00ean h\u1ec7<\/h2>\n\n\n\n<p><strong><a href=\"mailto:bourses.scolaires@upmd.fr\">bourses.scolaires@upmd.fr<\/a><\/strong><\/p>\n\n\n\n<div style=\"height:var(--wp--preset--spacing--10)\" aria-hidden=\"true\" class=\"wp-block-spacer\"><\/div>\n\n\n\n<hr class=\"wp-block-separator has-alpha-channel-opacity\">\n\n\n\n<div style=\"height:var(--wp--preset--spacing--10)\" aria-hidden=\"true\" class=\"wp-block-spacer\"><\/div>\n\n\n\n<p>H\u1ecdc b\u1ed5ng <strong>d\u00e0nh ri\u00eang cho tr\u1ebb em Ph\u00e1p<\/strong> \u0111ang sinh s\u1ed1ng c\u00f9ng gia \u0111\u00ecnh (\u00edt nh\u1ea5t m\u1ed9t trong hai ph\u1ee5 huynh) \u1edf n\u01b0\u1edbc ngo\u00e0i, \u0111\u01b0\u1ee3c \u0111\u0103ng k\u00fd trong s\u1ed5 \u0111\u0103ng k\u00fd to\u00e0n c\u1ea7u c\u1ee7a ng\u01b0\u1eddi Ph\u00e1p s\u1ed1ng b\u00ean ngo\u00e0i n\u01b0\u1edbc Ph\u00e1p v\u00e0 theo h\u1ecdc t\u1ea1i m\u1ed9t c\u01a1 s\u1edf gi\u00e1o d\u1ee5c \u0111\u01b0\u1ee3c B\u1ed9 Gi\u00e1o d\u1ee5c Qu\u1ed1c gia ch\u1ea5p thu\u1eadn, trong \u0111\u00f3 c\u00f3 Lyc\u00e9e Fran\u00e7ais International.  <\/p>\n\n\n\n<p>Ch\u00fang \u0111\u01b0\u1ee3c <strong>trao t\u00f9y thu\u1ed9c v\u00e0o \u0111i\u1ec1u ki\u1ec7n ngu\u1ed3n l\u1ef1c<\/strong> . Nh\u1eefng \u0111i\u1ec1u n\u00e0y ph\u1ea3i ph\u00f9 h\u1ee3p v\u1edbi thang ph\u00e2n b\u1ed5 \u0111\u01b0\u1ee3c thi\u1ebft l\u1eadp theo t\u00ecnh h\u00ecnh kinh t\u1ebf v\u00e0 x\u00e3 h\u1ed9i c\u1ee7a m\u1ed7i qu\u1ed1c gia. <\/p>\n\n\n\n<p><strong>UPMD mong mu\u1ed1n<\/strong> gi\u00fap \u0111\u1ee1 c\u00e1c gia \u0111\u00ecnh, \u0111\u1eb7c bi\u1ec7t l\u00e0 c\u00e1c gia \u0111\u00ecnh \u0111\u01a1n th\u00e2n c\u00f3 cha ho\u1eb7c m\u1eb9 n\u00f3i ti\u1ebfng Vi\u1ec7t, ho\u00e0n t\u1ea5t \u0111\u01a1n xin h\u1ecdc b\u1ed5ng cho con em m\u00ecnh.  <\/p>\n\n\n\n<p>Tr\u00ean th\u1ef1c t\u1ebf, h\u00e0ng n\u0103m, c\u00e1c \u0111\u01a1n xin c\u1ea5p th\u1ecb th\u1ef1c \u0111\u1ec1u b\u1ecb ho\u00e3n l\u1ea1i ho\u1eb7c t\u1eeb ch\u1ed1i do th\u00f4ng tin kh\u00f4ng ch\u00ednh x\u00e1c ho\u1eb7c thi\u1ebfu, \u0111\u00f3 l\u00e0 l\u00fd do t\u1ea1i sao ch\u00fang t\u00f4i cung c\u1ea5p cho b\u1ea1n s\u1ef1 tr\u1ee3 gi\u00fap c\u1ee7a ph\u1ee5 huynh n\u00f3i ti\u1ebfng Vi\u1ec7t \u0111\u1ec3 gi\u00fap b\u1ea1n th\u1ef1c hi\u1ec7n th\u1ee7 t\u1ee5c.<\/p>\n\n\n\n<div style=\"height:var(--wp--preset--spacing--10)\" aria-hidden=\"true\" class=\"wp-block-spacer\"><\/div>\n\n\n\n<hr class=\"wp-block-separator has-alpha-channel-opacity\">\n\n\n\n<div style=\"height:var(--wp--preset--spacing--10)\" aria-hidden=\"true\" class=\"wp-block-spacer\"><\/div>\n\n\n\n<h2 class=\"wp-block-heading\">Tr\u1ee3 gi\u00fap cho gia \u0111\u00ecnh<\/h2>\n\n\n\n<h5 class=\"wp-block-heading\"><strong>Olivier DARIUS<\/strong><\/h5>\n\n\n\n<h5 class=\"wp-block-heading\"><strong>Bruno TREFFEEL<\/strong><\/h5>\n\n\n\n<h5 class=\"wp-block-heading\"><strong>Jaime PEYPOCH<\/strong><\/h5>\n\n\n\n<h5 class=\"wp-block-heading\"><strong>Tr\u01b0\u01a1ng H\u1ea3i VO (Louis)<\/strong><\/h5>\n\n\n\n<h5 class=\"wp-block-heading\"><strong>Wandine CADIC<\/strong><\/h5>\n\n\n\n<div style=\"height:var(--wp--preset--spacing--10)\" aria-hidden=\"true\" class=\"wp-block-spacer\"><\/div>\n\n\n\n<hr class=\"wp-block-separator has-alpha-channel-opacity\">\n\n\n\n<div style=\"height:var(--wp--preset--spacing--10)\" aria-hidden=\"true\" class=\"wp-block-spacer\"><\/div>\n\n\n\n<p><a href=\"https:\/\/www.upmd.fr\/index.php\/2022\/10\/02\/campagne-bourses-scolaires-2022-2023\/\" data-type=\"post\" data-id=\"7413\">Chi\u1ebfn d\u1ecbch h\u1ecdc b\u1ed5ng tr\u01b0\u1eddng h\u1ecdc 2022\/2023<\/a><\/p>\n\n\n\n<div style=\"height:var(--wp--preset--spacing--10)\" aria-hidden=\"true\" class=\"wp-block-spacer\"><\/div>\n\n\n\n<hr class=\"wp-block-separator has-alpha-channel-opacity\">\n\n\n\n<div style=\"height:var(--wp--preset--spacing--10)\" aria-hidden=\"true\" class=\"wp-block-spacer\"><\/div>\n\n\n\n<h2 class=\"wp-block-heading\">\u270f\ufe0f B\u00e0i vi\u1ebft m\u1edbi nh\u1ea5t: H\u1ecdc b\u1ed5ng &amp; h\u1ed7 tr\u1ee3<\/h2>\n\n\n<ul class=\"wp-block-latest-posts__list is-grid columns-3 wp-block-latest-posts\"><li><a class=\"wp-block-latest-posts__post-title\" href=\"https:\/\/www.upmd.fr\/vi\/%f0%9f%87%bb%f0%9f%87%b3-projet-oles-2021\/\">\ud83c\uddfb\ud83c\uddf3 Projet OLES 2021<\/a><\/li>\n<li><a class=\"wp-block-latest-posts__post-title\" href=\"https:\/\/www.upmd.fr\/vi\/%f0%9f%87%bb%f0%9f%87%b3-tang-may-tinh\/\">\ud83c\uddfb\ud83c\uddf3 T\u1eb7ng m\u00e1y t\u00ednh<\/a><\/li>\n<\/ul>\n\n\n<div style=\"height:var(--wp--preset--spacing--10)\" aria-hidden=\"true\" class=\"wp-block-spacer\"><\/div>\n\n\n\n<hr class=\"wp-block-separator has-alpha-channel-opacity\">\n\n\n\n<div style=\"height:var(--wp--preset--spacing--10)\" aria-hidden=\"true\" class=\"wp-block-spacer\"><\/div>\n\n\n\n<div class=\"wp-block-group is-nowrap is-layout-flex wp-container-core-group-is-layout-6c531013 wp-block-group-is-layout-flex\">\n<p>C\u1eadp nh\u1eadt l\u1ea7n cu\u1ed1i:<\/p>\n\n\n<\/div>\n","protected":false},"excerpt":{"rendered":"<p>H\u00e3y h\u1ecfi c\u00f4 \u1ea5y! Li\u00ean h\u1ec7 bourses.scolaires@upmd.fr H\u1ecdc b\u1ed5ng d\u00e0nh ri\u00eang cho tr\u1ebb em Ph\u00e1p \u0111ang sinh s\u1ed1ng c\u00f9ng gia \u0111\u00ecnh (\u00edt nh\u1ea5t m\u1ed9t trong hai ph\u1ee5 huynh) \u1edf n\u01b0\u1edbc ngo\u00e0i, \u0111\u01b0\u1ee3c \u0111\u0103ng k\u00fd trong s\u1ed5 \u0111\u0103ng k\u00fd to\u00e0n c\u1ea7u c\u1ee7a ng\u01b0\u1eddi Ph\u00e1p s\u1ed1ng b\u00ean ngo\u00e0i n\u01b0\u1edbc Ph\u00e1p v\u00e0 theo h\u1ecdc t\u1ea1i m\u1ed9t c\u01a1 s\u1edf [&hellip;]<\/p>\n","protected":false},"author":9,"featured_media":0,"parent":11497,"menu_order":0,"comment_status":"closed","ping_status":"closed","template":"page-wide","meta":{"footnotes":""},"class_list":["post-11513","page","type-page","status-publish","hentry"],"_links":{"self":[{"href":"https:\/\/www.upmd.fr\/vi\/wp-json\/wp\/v2\/pages\/11513","targetHints":{"allow":["GET"]}}],"collection":[{"href":"https:\/\/www.upmd.fr\/vi\/wp-json\/wp\/v2\/pages"}],"about":[{"href":"https:\/\/www.upmd.fr\/vi\/wp-json\/wp\/v2\/types\/page"}],"author":[{"embeddable":true,"href":"https:\/\/www.upmd.fr\/vi\/wp-json\/wp\/v2\/users\/9"}],"replies":[{"embeddable":true,"href":"https:\/\/www.upmd.fr\/vi\/wp-json\/wp\/v2\/comments?post=11513"}],"version-history":[{"count":0,"href":"https:\/\/www.upmd.fr\/vi\/wp-json\/wp\/v2\/pages\/11513\/revisions"}],"up":[{"embeddable":true,"href":"https:\/\/www.upmd.fr\/vi\/wp-json\/wp\/v2\/pages\/11497"}],"wp:attachment":[{"href":"https:\/\/www.upmd.fr\/vi\/wp-json\/wp\/v2\/media?parent=11513"}],"curies":[{"name":"wp","href":"https:\/\/api.w.org\/{rel}","templated":true}]}}