{"id":11508,"date":"2019-06-10T04:21:13","date_gmt":"2019-06-09T21:21:13","guid":{"rendered":"https:\/\/www.upmd.fr\/to-chuc-cua-chung-toi-muc-luc\/%f0%9f%85%bf-do-dung-hoc-tap\/"},"modified":"2025-08-29T12:02:25","modified_gmt":"2025-08-29T05:02:25","slug":"%f0%9f%85%bf-do-dung-hoc-tap","status":"publish","type":"page","link":"https:\/\/www.upmd.fr\/vi\/to-chuc-cua-chung-toi-muc-luc\/%f0%9f%85%bf-do-dung-hoc-tap\/","title":{"rendered":"\ud83c\udd7f \u0110\u1ed3 d\u00f9ng h\u1ecdc t\u1eadp"},"content":{"rendered":"\n<div style=\"height:24px\" aria-hidden=\"true\" class=\"wp-block-spacer\"><\/div>\n\n\n\n<div class=\"wp-block-group is-layout-grid wp-container-core-group-is-layout-09953040 wp-block-group-is-layout-grid\">\n<div class=\"wp-block-group wp-container-content-a7057f16 is-vertical is-content-justification-center is-layout-flex wp-container-core-group-is-layout-ce155fab wp-block-group-is-layout-flex\">\n<figure class=\"wp-block-image size-full\"><a href=\"#procedure_precommande\"><img loading=\"lazy\" decoding=\"async\" width=\"512\" height=\"512\" src=\"https:\/\/www.upmd.fr\/wp-content\/uploads\/2024\/10\/order-school-supply.png\" alt=\"H\u00ecnh \u1ea3nh \u0111\u1eb7t h\u00e0ng \u0111\u1ed3 d\u00f9ng h\u1ecdc t\u1eadp\" class=\"wp-image-8672\" srcset=\"https:\/\/www.upmd.fr\/wp-content\/uploads\/2024\/10\/order-school-supply.png 512w, https:\/\/www.upmd.fr\/wp-content\/uploads\/2024\/10\/order-school-supply-300x300.png 300w, https:\/\/www.upmd.fr\/wp-content\/uploads\/2024\/10\/order-school-supply-150x150.png 150w\" sizes=\"auto, (max-width: 512px) 100vw, 512px\" \/><\/a><\/figure>\n\n\n\n<p>\u0110\u1eb7t h\u00e0ng tr\u01b0\u1edbc<\/p>\n<\/div>\n\n\n\n<div class=\"wp-block-group is-vertical is-content-justification-center is-layout-flex wp-container-core-group-is-layout-ce155fab wp-block-group-is-layout-flex\">\n<figure class=\"wp-block-image size-full\"><a href=\"#calendrier_permanences\"><img loading=\"lazy\" decoding=\"async\" width=\"512\" height=\"512\" src=\"https:\/\/www.upmd.fr\/wp-content\/uploads\/2024\/10\/clock-yellow-orange.png\" alt=\"H\u00ecnh \u1ea3nh \u0111\u1ed3ng h\u1ed3 m\u00e0u v\u00e0ng\" class=\"wp-image-8652\" srcset=\"https:\/\/www.upmd.fr\/wp-content\/uploads\/2024\/10\/clock-yellow-orange.png 512w, https:\/\/www.upmd.fr\/wp-content\/uploads\/2024\/10\/clock-yellow-orange-300x300.png 300w, https:\/\/www.upmd.fr\/wp-content\/uploads\/2024\/10\/clock-yellow-orange-150x150.png 150w\" sizes=\"auto, (max-width: 512px) 100vw, 512px\" \/><\/a><\/figure>\n\n\n\n<p>L\u1ecbch tr\u00ecnh<\/p>\n<\/div>\n\n\n\n<div class=\"wp-block-group is-vertical is-content-justification-center is-layout-flex wp-container-core-group-is-layout-ce155fab wp-block-group-is-layout-flex\">\n<figure class=\"wp-block-image size-full\"><a href=\"#contact_fournitures_scolaires\"><img loading=\"lazy\" decoding=\"async\" width=\"512\" height=\"512\" src=\"https:\/\/www.upmd.fr\/wp-content\/uploads\/2024\/10\/question-blue.png\" alt=\"C\u00e2u h\u1ecfi tr\u1ee3 gi\u00fap h\u00ecnh \u1ea3nh\" class=\"wp-image-8653\" srcset=\"https:\/\/www.upmd.fr\/wp-content\/uploads\/2024\/10\/question-blue.png 512w, https:\/\/www.upmd.fr\/wp-content\/uploads\/2024\/10\/question-blue-300x300.png 300w, https:\/\/www.upmd.fr\/wp-content\/uploads\/2024\/10\/question-blue-150x150.png 150w\" sizes=\"auto, (max-width: 512px) 100vw, 512px\" \/><\/a><\/figure>\n\n\n\n<p class=\"has-text-align-center\">Li\u00ean h\u1ec7<\/p>\n<\/div>\n<\/div>\n\n\n\n<div style=\"height:var(--wp--preset--spacing--20)\" aria-hidden=\"true\" class=\"wp-block-spacer\"><\/div>\n\n\n\n<hr class=\"wp-block-separator has-alpha-channel-opacity\"\/>\n\n\n\n<div style=\"height:var(--wp--preset--spacing--10)\" aria-hidden=\"true\" class=\"wp-block-spacer\"><\/div>\n\n\n\n<h2 class=\"wp-block-heading\">\u26a0 QUAN TR\u1eccNG<\/h2>\n\n\n\n<p>&nbsp;1 &#8211; C\u00e1c v\u1eadt d\u1ee5ng do UPMD qu\u1ea3n l\u00fd <strong>ch\u1ec9 d\u00e0nh cho th\u00e0nh vi\u00ean*<\/strong> .<br> 2 &#8211; Vui l\u00f2ng mang theo th\u1ebb xe bu\u00fdt SBS ho\u1eb7c s\u1ed1 th\u1ebb th\u00e0nh vi\u00ean UPMD c\u1ee7a b\u1ea1n.<br> 3 &#8211; \u0110\u1ebfn v\u0103n ph\u00f2ng l\u1ea5y \u0111\u1ed3 d\u00f9ng trong gi\u1edd m\u1edf c\u1eeda b\u00ean d\u01b0\u1edbi b\u1eb1ng ti\u1ec1n m\u1eb7t (ti\u1ec1n th\u1eeba ch\u00ednh x\u00e1c) v\u00e0 m\u1ed9t chi\u1ebfc t\u00fai.<\/p>\n\n\n\n<p><strong>*<\/strong> N\u1ebfu b\u1ea1n kh\u00f4ng ph\u1ea3i l\u00e0 th\u00e0nh vi\u00ean UPMD: <a href=\"https:\/\/www.upmd.fr\/adhesion-a-lupmd\/\"><strong>vui l\u00f2ng tham gia<\/strong><\/a> tr\u01b0\u1edbc khi g\u1eedi \u0111\u01a1n \u0111\u1eb7t h\u00e0ng tr\u01b0\u1edbc.<\/p>\n\n\n\n<div style=\"height:var(--wp--preset--spacing--10)\" aria-hidden=\"true\" class=\"wp-block-spacer\"><\/div>\n\n\n\n<div class=\"wp-block-group alignfull has-accent-5-background-color has-background has-global-padding is-layout-constrained wp-container-core-group-is-layout-d89aad35 wp-block-group-is-layout-constrained\" style=\"margin-top:0;margin-bottom:0;padding-top:var(--wp--preset--spacing--50);padding-right:var(--wp--preset--spacing--50);padding-bottom:var(--wp--preset--spacing--50);padding-left:var(--wp--preset--spacing--50)\">\n<div class=\"wp-block-columns alignwide is-layout-flex wp-container-core-columns-is-layout-1da03c2a wp-block-columns-is-layout-flex\">\n<div class=\"wp-block-column is-vertically-aligned-center is-layout-flow wp-block-column-is-layout-flow\" style=\"flex-basis:60%\">\n<figure class=\"wp-block-image size-full is-style-rounded wp-duotone-duotone-1 is-style-rounded--1\"><img loading=\"lazy\" decoding=\"async\" width=\"2560\" height=\"1174\" src=\"https:\/\/www.upmd.fr\/wp-content\/uploads\/2024\/09\/fournitures-scolaires-crop-3.jpg\" alt=\"\" class=\"wp-image-6696\" style=\"aspect-ratio:1.7777777777777777;object-fit:cover\" srcset=\"https:\/\/www.upmd.fr\/wp-content\/uploads\/2024\/09\/fournitures-scolaires-crop-3.jpg 2560w, https:\/\/www.upmd.fr\/wp-content\/uploads\/2024\/09\/fournitures-scolaires-crop-3-300x138.jpg 300w, https:\/\/www.upmd.fr\/wp-content\/uploads\/2024\/09\/fournitures-scolaires-crop-3-1024x470.jpg 1024w, https:\/\/www.upmd.fr\/wp-content\/uploads\/2024\/09\/fournitures-scolaires-crop-3-768x352.jpg 768w, https:\/\/www.upmd.fr\/wp-content\/uploads\/2024\/09\/fournitures-scolaires-crop-3-1536x704.jpg 1536w, https:\/\/www.upmd.fr\/wp-content\/uploads\/2024\/09\/fournitures-scolaires-crop-3-2048x939.jpg 2048w\" sizes=\"auto, (max-width: 2560px) 100vw, 2560px\" \/><\/figure>\n<\/div>\n\n\n\n<div class=\"wp-block-column is-layout-flow wp-block-column-is-layout-flow\" style=\"flex-basis:40%\">\n<h2 class=\"wp-block-heading\">Tham gia nh\u00f3m \ud83c\udd7f \u0110\u1ed3 d\u00f9ng h\u1ecdc t\u1eadp<\/h2>\n\n\n\n<p>Ch\u00fang t\u00f4i c\u1ea7n s\u1ef1 h\u1ed7 tr\u1ee3 c\u1ee7a b\u1ea1n \u0111\u1ec3 ti\u1ebfp t\u1ee5c cung c\u1ea5p cho tr\u1ebb em nh\u1eefng v\u1eadt d\u1ee5ng c\u1ea7n thi\u1ebft h\u00e0ng ng\u00e0y.<\/p>\n\n\n\n<div class=\"wp-block-buttons is-layout-flex wp-block-buttons-is-layout-flex\">\n<div class=\"wp-block-button\"><a class=\"wp-block-button__link wp-element-button\" href=\"mailto:fournitures.scolaires@upmd.fr\" target=\"_blank\" rel=\"noreferrer noopener\">\u2764\ufe0f H\u00e3y tham gia c\u00f9ng ch\u00fang t\u00f4i<\/a><\/div>\n<\/div>\n<\/div>\n<\/div>\n<\/div>\n\n\n\n<h2 class=\"wp-block-heading\">\ud83d\udcda \ud83c\udfbc Ai l\u00e0 ng\u01b0\u1eddi \u0111\u00e3 c\u00f3 \u00fd t\u01b0\u1edfng \u0111i\u00ean r\u1ed3 n\u00e0y m\u1ed9t ng\u00e0y n\u00e0o \u0111\u00f3 \u0111\u1ec3 ph\u00e1t minh ra tr\u01b0\u1eddng h\u1ecdc&#8230; \ud83c\udfb5<\/h2>\n\n\n\n<p>K\u00ednh g\u1eedi Qu\u00fd ph\u1ee5 huynh,<\/p>\n\n\n\n<p><strong>C\u00e1c ph\u1ee5 huynh t\u00ecnh nguy\u1ec7n c\u1ee7a UPMD<\/strong> \u0111i\u1ec1u h\u00e0nh m\u1ed9t d\u1ecbch v\u1ee5 t\u1ea1i v\u0103n ph\u00f2ng UPMD &#8211; ph\u00eda sau v\u0103n ph\u00f2ng CPE \/ Vie Scolaire &#8211; t\u1ea1i tr\u01b0\u1eddng v\u00e0 cung c\u1ea5p cho c\u00e1c th\u00e0nh vi\u00ean m\u1ed9t s\u1ed1 \u0111\u1ed3 d\u00f9ng h\u1ecdc t\u1eadp nh\u1ea5t \u0111\u1ecbnh.<\/p>\n\n\n\n<div style=\"height:var(--wp--preset--spacing--10)\" aria-hidden=\"true\" class=\"wp-block-spacer\"><\/div>\n\n\n\n<hr class=\"wp-block-separator has-alpha-channel-opacity\"\/>\n\n\n\n<div style=\"height:var(--wp--preset--spacing--10)\" aria-hidden=\"true\" class=\"wp-block-spacer\"><\/div>\n\n\n\n<h2 class=\"wp-block-heading\" id=\"procedure_precommande\">Quy tr\u00ecnh \u0111\u1eb7t h\u00e0ng tr\u01b0\u1edbc<\/h2>\n\n\n\n<p>1 &#8211; \u0110\u01a1n \u0111\u1eb7t h\u00e0ng tr\u01b0\u1edbc ph\u1ea3i \u0111\u01b0\u1ee3c g\u1eedi qua email m\u1ed9t ng\u00e0y tr\u01b0\u1edbc \u0111\u00f3 \u0111\u1ec3 \u0111\u01b0\u1ee3c x\u1eed l\u00fd k\u1ecbp th\u1eddi.<br> 2 &#8211; Ho\u00e0n t\u1ea5t <strong><a href=\"https:\/\/www.upmd.fr\/wp-content\/uploads\/2024\/09\/upmd-fourniture-pre-commande-sept-2024-5-3.xlsx\" target=\"_blank\" rel=\"noreferrer noopener\">m\u1eabu \u0111\u01a1n \u0111\u1eb7t h\u00e0ng<\/a><\/strong> tr\u1ef1c tuy\u1ebfn tr\u00ean Excel &#8211; kh\u00f4ng \u0111i\u1ec1n th\u1ee7 c\u00f4ng.<br> 3 &#8211; G\u1eedi l\u1ea1i qua email \u1edf \u0111\u1ecbnh d\u1ea1ng Excel (kh\u00f4ng ph\u1ea3i PDF) t\u1edbi \u0111\u1ecba ch\u1ec9: <a href=\"mailto:fournitures.scolaires@upmd.fr\">fournitures.scolaires@upmd.fr<\/a><br> 4 &#8211; \u0110\u1ebfn v\u0103n ph\u00f2ng l\u1ea5y \u0111\u1ed3 d\u00f9ng trong gi\u1edd m\u1edf c\u1eeda n\u00eau tr\u00ean v\u1edbi ti\u1ec1n m\u1eb7t v\u00e0 m\u1ed9t chi\u1ebfc t\u00fai.&nbsp;<\/p>\n\n\n\n<div class=\"wp-block-file\"><a id=\"wp-block-file--media-3a197955-fb02-46c8-8196-6772b9e7ed93\" href=\"https:\/\/www.upmd.fr\/wp-content\/uploads\/2025\/08\/UPMD-school-supplies-Pre-order-Sept-2025-26.xlsx\">UPMD school supplies &#8211; Pre-order Sept 2025-26<\/a><a href=\"https:\/\/www.upmd.fr\/wp-content\/uploads\/2025\/08\/UPMD-school-supplies-Pre-order-Sept-2025-26.xlsx\" class=\"wp-block-file__button wp-element-button\" download aria-describedby=\"wp-block-file--media-3a197955-fb02-46c8-8196-6772b9e7ed93\">T\u1ea3i xu\u1ed1ng<\/a><\/div>\n\n\n\n<div style=\"height:var(--wp--preset--spacing--10)\" aria-hidden=\"true\" class=\"wp-block-spacer\"><\/div>\n\n\n\n<hr class=\"wp-block-separator has-alpha-channel-opacity\"\/>\n\n\n\n<div style=\"height:var(--wp--preset--spacing--10)\" aria-hidden=\"true\" class=\"wp-block-spacer\"><\/div>\n\n\n\n<h2 class=\"wp-block-heading\" id=\"calendrier_permanences\">L\u1ecbch l\u00e0m vi\u1ec7c c\u1ee7a v\u0103n ph\u00f2ng<\/h2>\n\n\n\n<figure class=\"wp-block-image size-thumbnail is-resized\"><img loading=\"lazy\" decoding=\"async\" width=\"150\" height=\"150\" src=\"https:\/\/www.upmd.fr\/wp-content\/uploads\/2024\/10\/horaires-fournitures-150x150.png\" alt=\"H\u00ecnh \u1ea3nh th\u1eddi kh\u00f3a bi\u1ec3u \u0111\u1ed3 d\u00f9ng h\u1ecdc t\u1eadp\" class=\"wp-image-8673\" style=\"width:60px\" srcset=\"https:\/\/www.upmd.fr\/wp-content\/uploads\/2024\/10\/horaires-fournitures-150x150.png 150w, https:\/\/www.upmd.fr\/wp-content\/uploads\/2024\/10\/horaires-fournitures-300x300.png 300w, https:\/\/www.upmd.fr\/wp-content\/uploads\/2024\/10\/horaires-fournitures.png 512w\" sizes=\"auto, (max-width: 150px) 100vw, 150px\" \/><\/figure>\n\n\n\n<p>Vi\u1ec7c b\u00e1n \u0111\u1ed3 d\u00f9ng h\u1ecdc t\u1eadp \u0111\u01b0\u1ee3c th\u1ef1c hi\u1ec7n t\u1ea1i v\u0103n ph\u00f2ng UPMD &#8211; ph\u00eda sau v\u0103n ph\u00f2ng CPE \/ School Life &#8211; t\u1ea1i tr\u01b0\u1eddng.<\/p>\n\n\n\n<figure class=\"wp-block-table\"><table class=\"has-fixed-layout\"><thead><tr><th>GHI CH\u00da TH\u00c1NG 9 N\u0102M 2025<\/th><th><b>TH\u1edcI<\/b><\/th><th>GIAN<\/th><th>NG\u00c0Y<\/th><\/tr><\/thead><tbody><tr><td>Tr\u1edf l\u1ea1i tr\u01b0\u1eddng<\/td><td>Th\u1ee9 n\u0103m 04\/09<br> Th\u1ee9 s\u00e1u 05\/09<\/td><td><strong>8 s\u00e1ng-4 chi\u1ec1u<br>8 gi\u1edd s\u00e1ng &#8211; 5 gi\u1edd chi\u1ec1u<\/strong><\/td><td><strong>Ch\u1ec9 nh\u1eadn \u0111\u01a1n \u0111\u1eb7t h\u00e0ng tr\u01b0\u1edbc<\/strong><\/td><\/tr><tr><td>Tu\u1ea7n th\u1ee9 2<\/td><td>T\u1eeb Th\u1ee9 Hai ng\u00e0y 08\/09 \u0111\u1ebfn Th\u1ee9 S\u00e1u ng\u00e0y 12\/09  (m\u1ed7i ng\u00e0y)<\/td><td><strong>8 gi\u1edd s\u00e1ng &#8211; 12 gi\u1edd tr\u01b0a <\/strong><br>12 gi\u1edd tr\u01b0a- 2 gi\u1edd chi\u1ec1u<\/td><td><strong>Ch\u1ec9 nh\u1eadn \u0111\u01a1n \u0111\u1eb7t h\u00e0ng tr\u01b0\u1edbc<\/strong><br>B\u00e1n tr\u1ef1c ti\u1ebfp kh\u00f4ng c\u1ea7n \u0111\u1eb7t h\u00e0ng tr\u01b0\u1edbc<\/td><\/tr><tr><td>Tu\u1ea7n th\u1ee9 3 v\u00e0 th\u1ee9 4<\/td><td>ng\u00e0y 17\/09<br> Th\u1ee9 s\u00e1u 19\/09<br> Th\u1ee9 t\u01b0 24\/09<br> Th\u1ee9 s\u00e1u 26\/09<\/td><td>8 gi\u1edd s\u00e1ng-2 gi\u1edd chi\u1ec1u<br>8 gi\u1edd s\u00e1ng-2 gi\u1edd chi\u1ec1u<br>8 gi\u1edd s\u00e1ng-2 gi\u1edd chi\u1ec1u<br>8 gi\u1edd s\u00e1ng &#8211; 2 gi\u1edd chi\u1ec1u<\/td><td>B\u00e1n tr\u1ef1c ti\u1ebfp kh\u00f4ng c\u1ea7n \u0111\u1eb7t h\u00e0ng tr\u01b0\u1edbc<\/td><\/tr><\/tbody><\/table><\/figure>\n\n\n\n<p><strong>TH\u00c1NG 10 N\u0102M 2025<\/strong> : T\u1ea7n su\u1ea5t l\u00e0m vi\u1ec7c c\u1ee7a v\u0103n ph\u00f2ng s\u1ebd \u0111\u01b0\u1ee3c \u0111\u00e1nh gi\u00e1 l\u1ea1i (1-2 ng\u00e0y) t\u00f9y theo nhu c\u1ea7u.<\/p>\n\n\n\n<p><strong>Nh\u1eafc nh\u1edf<\/strong> :<br> Ch\u00fang t\u00f4i kh\u00f4ng cung c\u1ea5p t\u00fai n\u00ean b\u1ea1n c\u1ea7n ph\u1ea3i t\u1ef1 mang theo.<br> Vui l\u00f2ng chu\u1ea9n b\u1ecb s\u1ed1 ti\u1ec1n m\u1eb7t t\u01b0\u01a1ng \u1ee9ng v\u1edbi s\u1ed1 ti\u1ec1n b\u1ea1n \u0111\u1eb7t h\u00e0ng, ngu\u1ed3n ti\u1ec1n l\u1ebb c\u1ee7a ch\u00fang t\u00f4i r\u1ea5t h\u1ea1n ch\u1ebf. C\u1ea3m \u01a1n b\u1ea1n \u0111\u00e3 hi\u1ec3u. <\/p>\n\n\n\n<p><strong>C\u1ea3m \u01a1n v\u00e0 ch\u00fac b\u1ea1n c\u00f3 m\u1ed9t kh\u1edfi \u0111\u1ea7u n\u0103m h\u1ecdc t\u1ed1t \u0111\u1eb9p!<\/strong><\/p>\n\n\n\n<div style=\"height:var(--wp--preset--spacing--10)\" aria-hidden=\"true\" class=\"wp-block-spacer\"><\/div>\n\n\n\n<hr class=\"wp-block-separator has-alpha-channel-opacity\"\/>\n\n\n\n<div style=\"height:var(--wp--preset--spacing--10)\" aria-hidden=\"true\" class=\"wp-block-spacer\"><\/div>\n\n\n\n<h2 class=\"wp-block-heading\" id=\"contact_fournitures_scolaires\">Li\u00ean h\u1ec7<\/h2>\n\n\n\n<figure class=\"wp-block-image size-thumbnail is-resized\"><img loading=\"lazy\" decoding=\"async\" width=\"150\" height=\"150\" src=\"https:\/\/www.upmd.fr\/wp-content\/uploads\/2024\/10\/question-blue-150x150.png\" alt=\"C\u00e2u h\u1ecfi tr\u1ee3 gi\u00fap h\u00ecnh \u1ea3nh\" class=\"wp-image-8653\" style=\"width:60px\" srcset=\"https:\/\/www.upmd.fr\/wp-content\/uploads\/2024\/10\/question-blue-150x150.png 150w, https:\/\/www.upmd.fr\/wp-content\/uploads\/2024\/10\/question-blue-300x300.png 300w, https:\/\/www.upmd.fr\/wp-content\/uploads\/2024\/10\/question-blue.png 512w\" sizes=\"auto, (max-width: 150px) 100vw, 150px\" \/><\/figure>\n\n\n\n<p>\u0110\u1ec3 \u0111\u01b0\u1ee3c tr\u1ee3 gi\u00fap ho\u1eb7c c\u00f3 b\u1ea5t k\u1ef3 c\u00e2u h\u1ecfi n\u00e0o: <strong>fournitures.scolaires@upmd.fr<\/strong><\/p>\n\n\n\n<div style=\"height:var(--wp--preset--spacing--10)\" aria-hidden=\"true\" class=\"wp-block-spacer\"><\/div>\n","protected":false},"excerpt":{"rendered":"<p>\u0110\u1eb7t h\u00e0ng tr\u01b0\u1edbc L\u1ecbch tr\u00ecnh Li\u00ean h\u1ec7 \u26a0 QUAN TR\u1eccNG &nbsp;1 &#8211; C\u00e1c v\u1eadt d\u1ee5ng do UPMD qu\u1ea3n l\u00fd ch\u1ec9 d\u00e0nh cho th\u00e0nh vi\u00ean* . 2 &#8211; Vui l\u00f2ng mang theo th\u1ebb xe bu\u00fdt SBS ho\u1eb7c s\u1ed1 th\u1ebb th\u00e0nh vi\u00ean UPMD c\u1ee7a b\u1ea1n. 3 &#8211; \u0110\u1ebfn v\u0103n ph\u00f2ng l\u1ea5y \u0111\u1ed3 d\u00f9ng trong gi\u1edd m\u1edf c\u1eeda [&hellip;]<\/p>\n","protected":false},"author":12,"featured_media":10070,"parent":11488,"menu_order":2,"comment_status":"closed","ping_status":"closed","template":"page-wide","meta":{"footnotes":""},"class_list":["post-11508","page","type-page","status-publish","has-post-thumbnail","hentry"],"_links":{"self":[{"href":"https:\/\/www.upmd.fr\/vi\/wp-json\/wp\/v2\/pages\/11508","targetHints":{"allow":["GET"]}}],"collection":[{"href":"https:\/\/www.upmd.fr\/vi\/wp-json\/wp\/v2\/pages"}],"about":[{"href":"https:\/\/www.upmd.fr\/vi\/wp-json\/wp\/v2\/types\/page"}],"author":[{"embeddable":true,"href":"https:\/\/www.upmd.fr\/vi\/wp-json\/wp\/v2\/users\/12"}],"replies":[{"embeddable":true,"href":"https:\/\/www.upmd.fr\/vi\/wp-json\/wp\/v2\/comments?post=11508"}],"version-history":[{"count":4,"href":"https:\/\/www.upmd.fr\/vi\/wp-json\/wp\/v2\/pages\/11508\/revisions"}],"predecessor-version":[{"id":11936,"href":"https:\/\/www.upmd.fr\/vi\/wp-json\/wp\/v2\/pages\/11508\/revisions\/11936"}],"up":[{"embeddable":true,"href":"https:\/\/www.upmd.fr\/vi\/wp-json\/wp\/v2\/pages\/11488"}],"wp:featuredmedia":[{"embeddable":true,"href":"https:\/\/www.upmd.fr\/vi\/wp-json\/wp\/v2\/media\/10070"}],"wp:attachment":[{"href":"https:\/\/www.upmd.fr\/vi\/wp-json\/wp\/v2\/media?parent=11508"}],"curies":[{"name":"wp","href":"https:\/\/api.w.org\/{rel}","templated":true}]}}