{"id":11503,"date":"2019-09-04T08:09:18","date_gmt":"2019-09-04T01:09:18","guid":{"rendered":"https:\/\/www.upmd.fr\/ban-uy-ban-uy-ban\/%f0%9f%85%b2-uy-ban-giao-duc-suc-khoe-va-cong-dan-cesc\/"},"modified":"2019-09-04T08:09:18","modified_gmt":"2019-09-04T01:09:18","slug":"%f0%9f%85%b2-uy-ban-giao-duc-suc-khoe-va-cong-dan-cesc","status":"publish","type":"page","link":"https:\/\/www.upmd.fr\/vi\/ban-uy-ban-uy-ban\/%f0%9f%85%b2-uy-ban-giao-duc-suc-khoe-va-cong-dan-cesc\/","title":{"rendered":"\ud83c\udd72 \u1ee6y ban Gi\u00e1o d\u1ee5c S\u1ee9c kh\u1ecfe v\u00e0 C\u00f4ng d\u00e2n (CESC)"},"content":{"rendered":"\n<h1 class=\"wp-block-heading\">L\u00e0m th\u1ebf n\u00e0o ch\u00fang ta c\u00f3 th\u1ec3 gi\u00fap con em m\u00ecnh h\u1ecdc c\u00e1ch ch\u0103m s\u00f3c s\u1ee9c kh\u1ecfe v\u00e0 tr\u1edf th\u00e0nh c\u00f4ng d\u00e2n?<\/h1>\n\n\n\n<p><strong>Li\u00ean h\u1ec7 v\u1edbi CESC qua <a href=\"mailto:contact@upmd.fr\">contact@upmd.fr<\/a> [<\/strong><\/p>\n\n\n\n<p>\u1ee6y ban Gi\u00e1o d\u1ee5c S\u1ee9c kh\u1ecfe v\u00e0 C\u00f4ng d\u00e2n (CESC) l\u00e0 m\u1ed9t ph\u1ea7n trong ban qu\u1ea3n l\u00fd c\u1ee7a m\u1ed7i c\u01a1 s\u1edf tr\u01b0\u1eddng trung h\u1ecdc, theo quy \u0111\u1ecbnh c\u1ee7a \u0110i\u1ec1u <a href=\"http:\/\/www.legifrance.gouv.fr\/affichCode.do?idArticle=LEGIARTI000018380672&amp;idSectionTA=LEGISCTA000018380674&amp;cidTexte=LEGITEXT000006071191&amp;dateTexte=20081104\" target=\"_blank\" rel=\"noopener noreferrer\">R 421-46<\/a> v\u00e0 <a href=\"http:\/\/www.legifrance.gouv.fr\/affichCodeArticle.do%25252525253Bjsessionid=092A84AC1A886D22855221692F597139.tpdjo14v_2?idArticle=LEGIARTI000018380670&amp;cidTexte=LEGITEXT000006071191&amp;dateTexte=20081104\" target=\"_blank\" rel=\"noopener noreferrer\">\u0110i\u1ec1u 421-47<\/a> c\u1ee7a B\u1ed9 lu\u1eadt Gi\u00e1o d\u1ee5c.  <\/p>\n\n\n\n<p>\u0110\u00e2y l\u00e0 c\u01a1 quan ph\u1ea3n \u00e1nh, quan s\u00e1t v\u00e0 \u0111\u1ec1 xu\u1ea5t thi\u1ebft k\u1ebf, th\u1ef1c hi\u1ec7n v\u00e0 \u0111\u00e1nh gi\u00e1 m\u1ed9t d\u1ef1 \u00e1n gi\u00e1o d\u1ee5c v\u1ec1 gi\u00e1o d\u1ee5c c\u00f4ng d\u00e2n, s\u1ee9c kh\u1ecfe v\u00e0 ph\u00f2ng ng\u1eeba b\u1ea1o l\u1ef1c, \u0111\u01b0\u1ee3c t\u00edch h\u1ee3p v\u00e0o d\u1ef1 \u00e1n th\u00e0nh l\u1eadp. CESC t\u1ed5 ch\u1ee9c quan h\u1ec7 \u0111\u1ed1i t\u00e1c theo c\u00e1c v\u1ea5n \u0111\u1ec1 gi\u00e1o d\u1ee5c c\u1ea7n gi\u1ea3i quy\u1ebft. <\/p>\n\n\n\n<p><strong>Nhi\u1ec7m v\u1ee5<\/strong><\/p>\n\n\n\n<ul class=\"wp-block-list\">\n<li>\u0111\u00f3ng g\u00f3p v\u00e0o gi\u00e1o d\u1ee5c c\u00f4ng d\u00e2n,<\/li>\n\n\n\n<li>chu\u1ea9n b\u1ecb k\u1ebf ho\u1ea1ch ph\u00f2ng ng\u1eeba b\u1ea1o l\u1ef1c,<\/li>\n\n\n\n<li>\u0111\u1ec1 xu\u1ea5t c\u00e1c h\u00e0nh \u0111\u1ed9ng gi\u00fap \u0111\u1ee1 cha m\u1eb9 g\u1eb7p kh\u00f3 kh\u0103n v\u00e0 ch\u1ed1ng l\u1ea1i s\u1ef1 lo\u1ea1i tr\u1eeb,<\/li>\n\n\n\n<li>x\u00e1c \u0111\u1ecbnh ch\u01b0\u01a1ng tr\u00ecnh gi\u00e1o d\u1ee5c s\u1ee9c kh\u1ecfe, t\u00ecnh d\u1ee5c v\u00e0 ph\u00f2ng ng\u1eeba h\u00e0nh vi nghi\u1ec7n ng\u1eadp.<\/li>\n<\/ul>\n\n\n\n<p><strong>Th\u00e0nh ph\u1ea7n<\/strong><\/p>\n\n\n\n<ul class=\"wp-block-list\">\n<li>nh\u00e2n vi\u00ean gi\u00e1o d\u1ee5c, x\u00e3 h\u1ed9i v\u00e0 y t\u1ebf c\u1ee7a c\u01a1 s\u1edf,<\/li>\n\n\n\n<li>\u0111\u1ea1i di\u1ec7n c\u1ee7a \u0111\u1ed9i ng\u0169 gi\u1ea3ng vi\u00ean,<\/li>\n\n\n\n<li>\u0111\u1ea1i di\u1ec7n ph\u1ee5 huynh,<\/li>\n\n\n\n<li>\u0111\u1ea1i di\u1ec7n sinh vi\u00ean,<\/li>\n\n\n\n<li>\u0111\u1ea1i di\u1ec7n c\u1ee7a ch\u00ednh quy\u1ec1n th\u00e0nh ph\u1ed1 v\u00e0 ch\u00ednh quy\u1ec1n \u0111\u1ecba ph\u01b0\u01a1ng.<\/li>\n<\/ul>\n\n\n\n<p>Ng\u01b0\u1eddi \u0111\u1ea1i di\u1ec7n cho c\u00e1n b\u1ed9 gi\u00e1o vi\u00ean, ph\u1ee5 huynh v\u00e0 h\u1ecdc sinh \u0111\u01b0\u1ee3c ng\u01b0\u1eddi \u0111\u1ee9ng \u0111\u1ea7u c\u01a1 s\u1edf b\u1ed5 nhi\u1ec7m theo \u0111\u1ec1 ngh\u1ecb c\u1ee7a c\u00e1c th\u00e0nh vi\u00ean h\u1ed9i \u0111\u1ed3ng qu\u1ea3n tr\u1ecb thu\u1ed9c nh\u00f3m m\u00ecnh ph\u1ee5 tr\u00e1ch.<\/p>\n\n\n\n<p><strong>\u0110\u1ed1i t\u00e1c<\/strong><\/p>\n\n\n\n<p>CESC c\u00f3 th\u1ec3 m\u1eddi c\u00e1c \u0111\u1ed1i t\u00e1c c\u00f3 n\u0103ng l\u1ef1c tham gia v\u00e0o c\u00f4ng vi\u1ec7c c\u1ee7a m\u00ecnh, nh\u1eefng ng\u01b0\u1eddi c\u00f3 kh\u1ea3 n\u0103ng \u0111\u00f3ng g\u00f3p h\u1eefu \u00edch cho ch\u00ednh s\u00e1ch gi\u00e1o d\u1ee5c v\u00e0 ph\u00f2ng ng\u1eeba c\u1ee7a c\u01a1 s\u1edf.<\/p>\n\n\n\n<p><strong>Ch\u1ee7 t\u1ecbch<\/strong><\/p>\n\n\n\n<p>CESC do ng\u01b0\u1eddi \u0111\u1ee9ng \u0111\u1ea7u c\u01a1 s\u1edf l\u00e0m ch\u1ee7 t\u1ecbch.<\/p>\n\n\n\n<div style=\"height:var(--wp--preset--spacing--20)\" aria-hidden=\"true\" class=\"wp-block-spacer\"><\/div>\n\n\n\n<hr class=\"wp-block-separator has-alpha-channel-opacity\">\n\n\n\n<div style=\"height:var(--wp--preset--spacing--20)\" aria-hidden=\"true\" class=\"wp-block-spacer\"><\/div>\n\n\n\n<h2 class=\"wp-block-heading\">Li\u00ean h\u1ec7<\/h2>\n\n\n\n<p>li\u00ean h\u1ec7@upmd.fr<\/p>\n\n\n\n<div style=\"height:var(--wp--preset--spacing--20)\" aria-hidden=\"true\" class=\"wp-block-spacer\"><\/div>\n\n\n\n<hr class=\"wp-block-separator has-alpha-channel-opacity\">\n\n\n\n<div style=\"height:var(--wp--preset--spacing--20)\" aria-hidden=\"true\" class=\"wp-block-spacer\"><\/div>\n\n\n\n<div class=\"wp-block-group alignfull has-text-color has-background is-layout-flow wp-block-group-is-layout-flow\" style=\"color:#000000;background-color:#ffffff\">\n<div style=\"height:64px\" aria-hidden=\"true\" class=\"wp-block-spacer\"><\/div>\n\n\n\n<p class=\"has-text-align-center has-small-font-size\" style=\"line-height:.9\"><strong>T\u00f4i cam k\u1ebft<\/strong><\/p>\n\n\n\n<h2 class=\"wp-block-heading has-text-align-center\" id=\"schedule-a-visit\" style=\"font-size:clamp(32.969px, 2.061rem + ((1vw - 3.2px) * 2.712), 59px);px;line-height:1.15\"><strong>\u0110\u1ed1i v\u1edbi tr\u1ebb em l\u00e0 c\u00f4ng d\u00e2n<\/strong><\/h2>\n\n\n\n<div class=\"wp-block-buttons is-horizontal is-content-justification-center is-layout-flex wp-container-core-buttons-is-layout-03627597 wp-block-buttons-is-layout-flex\">\n<div class=\"wp-block-button has-custom-width wp-block-button__width-50\"><a class=\"wp-block-button__link has-text-color has-background wp-element-button\" href=\"mailto:contact@upmd.fr\" style=\"border-radius:50px;color:#ffffff;background-color:#000000\" target=\"_blank\" rel=\"noreferrer noopener\">\u0110\u01af\u1ee2C R\u1ed2I<\/a><\/div>\n<\/div>\n\n\n\n<div style=\"height:64px\" aria-hidden=\"true\" class=\"wp-block-spacer\"><\/div>\n<\/div>\n\n\n\n<h2 class=\"wp-block-heading\">Danh s\u00e1ch \u0111\u1ea1i di\u1ec7n ph\u1ee5 huynh t\u1ea1i CESC<\/h2>\n\n\n\n<p>\u261e <a href=\"https:\/\/www.upmd.fr\/index.php\/2023\/10\/15\/parents-representants-2023-2024\/\" data-type=\"post\" data-id=\"7450\">Danh s\u00e1ch \u0111\u1ea1i di\u1ec7n ph\u1ee5 huynh trong h\u1ed9i \u0111\u1ed3ng nh\u00e0 tr\u01b0\u1eddng n\u0103m h\u1ecdc 2023-2024<\/a><\/p>\n\n\n\n<p>\u261e Danh s\u00e1ch \u0111\u1ea1i di\u1ec7n ph\u1ee5 huynh trong h\u1ed9i \u0111\u1ed3ng nh\u00e0 tr\u01b0\u1eddng n\u0103m h\u1ecdc 2024-2025 (s\u1eafp c\u00f3)<\/p>\n\n\n\n<div style=\"height:var(--wp--preset--spacing--20)\" aria-hidden=\"true\" class=\"wp-block-spacer\"><\/div>\n\n\n\n<hr class=\"wp-block-separator has-alpha-channel-opacity\">\n\n\n\n<div style=\"height:20px\" aria-hidden=\"true\" class=\"wp-block-spacer\"><\/div>\n\n\n\n<h2 class=\"wp-block-heading\">B\u00e0i vi\u1ebft m\u1edbi nh\u1ea5t H\u1ed9i \u0111\u1ed3ng, \u1ee6y ban, \u1ee6y ban<\/h2>\n\n\n<ul class=\"wp-block-latest-posts__list wp-block-latest-posts\"><li><a class=\"wp-block-latest-posts__post-title\" href=\"https:\/\/www.upmd.fr\/vi\/bao-cao-hoi-dong-nha-truong-quy-1-nam-2024-2025-13-11-2024-en-attente-de-validation\/\">B\u00e1o c\u00e1o H\u1ed9i \u0111\u1ed3ng nh\u00e0 tr\u01b0\u1eddng \u2013 Qu\u00fd 1 n\u0103m 2024-2025 (13\/11\/2024) [En attente de validation]<\/a><\/li>\n<li><a class=\"wp-block-latest-posts__post-title\" href=\"https:\/\/www.upmd.fr\/vi\/%f0%9f%87%bb%f0%9f%87%b3-hoi-dong-lop-cua-hoc-sinh-trung-hoc-co-so-va-trung-hoc-pho-thong\/\">\ud83c\uddfb\ud83c\uddf3 H\u1ed9i \u0111\u1ed3ng l\u1edbp c\u1ee7a h\u1ecdc sinh trung h\u1ecdc c\u01a1 s\u1edf v\u00e0 trung h\u1ecdc ph\u1ed5 th\u00f4ng<\/a><\/li>\n<\/ul>","protected":false},"excerpt":{"rendered":"<p>L\u00e0m th\u1ebf n\u00e0o ch\u00fang ta c\u00f3 th\u1ec3 gi\u00fap con em m\u00ecnh h\u1ecdc c\u00e1ch ch\u0103m s\u00f3c s\u1ee9c kh\u1ecfe v\u00e0 tr\u1edf th\u00e0nh c\u00f4ng d\u00e2n? Li\u00ean h\u1ec7 v\u1edbi CESC qua contact@upmd.fr [ \u1ee6y ban Gi\u00e1o d\u1ee5c S\u1ee9c kh\u1ecfe v\u00e0 C\u00f4ng d\u00e2n (CESC) l\u00e0 m\u1ed9t ph\u1ea7n trong ban qu\u1ea3n l\u00fd c\u1ee7a m\u1ed7i c\u01a1 s\u1edf tr\u01b0\u1eddng trung h\u1ecdc, theo quy [&hellip;]<\/p>\n","protected":false},"author":3,"featured_media":0,"parent":11460,"menu_order":8,"comment_status":"closed","ping_status":"closed","template":"page-wide","meta":{"footnotes":""},"class_list":["post-11503","page","type-page","status-publish","hentry"],"_links":{"self":[{"href":"https:\/\/www.upmd.fr\/vi\/wp-json\/wp\/v2\/pages\/11503","targetHints":{"allow":["GET"]}}],"collection":[{"href":"https:\/\/www.upmd.fr\/vi\/wp-json\/wp\/v2\/pages"}],"about":[{"href":"https:\/\/www.upmd.fr\/vi\/wp-json\/wp\/v2\/types\/page"}],"author":[{"embeddable":true,"href":"https:\/\/www.upmd.fr\/vi\/wp-json\/wp\/v2\/users\/3"}],"replies":[{"embeddable":true,"href":"https:\/\/www.upmd.fr\/vi\/wp-json\/wp\/v2\/comments?post=11503"}],"version-history":[{"count":0,"href":"https:\/\/www.upmd.fr\/vi\/wp-json\/wp\/v2\/pages\/11503\/revisions"}],"up":[{"embeddable":true,"href":"https:\/\/www.upmd.fr\/vi\/wp-json\/wp\/v2\/pages\/11460"}],"wp:attachment":[{"href":"https:\/\/www.upmd.fr\/vi\/wp-json\/wp\/v2\/media?parent=11503"}],"curies":[{"name":"wp","href":"https:\/\/api.w.org\/{rel}","templated":true}]}}