{"id":11502,"date":"2019-06-12T04:05:13","date_gmt":"2019-06-11T21:05:13","guid":{"rendered":"https:\/\/www.upmd.fr\/to-chuc-cua-chung-toi-muc-luc\/%f0%9f%85%bf-hoi-cho\/"},"modified":"2019-06-12T04:05:13","modified_gmt":"2019-06-11T21:05:13","slug":"%f0%9f%85%bf-hoi-cho","status":"publish","type":"page","link":"https:\/\/www.upmd.fr\/vi\/to-chuc-cua-chung-toi-muc-luc\/%f0%9f%85%bf-hoi-cho\/","title":{"rendered":"\ud83c\udd7f H\u1ed9i ch\u1ee3"},"content":{"rendered":"\n<h2 class=\"wp-block-heading\">\ud83c\udfa1 M\u1ed9t truy\u1ec1n th\u1ed1ng tuy\u1ec7t v\u1eddi<\/h2>\n\n\n\n<p>\u0110\u1ed1i v\u1edbi c\u1ea3 ng\u01b0\u1eddi l\u1edbn v\u00e0 tr\u1ebb em, nh\u00f3m UPMD \u0111\u1ec1u n\u1ed7 l\u1ef1c h\u1ebft m\u00ecnh trong su\u1ed1t n\u0103m \u0111\u1ec3 chu\u1ea9n b\u1ecb cho s\u1ef1 ki\u1ec7n quan tr\u1ecdng n\u00e0y, \u0111\u00e1nh d\u1ea5u m\u1ed9t n\u0103m kh\u00e9p l\u1ea1i t\u01b0\u01a1i \u0111\u1eb9p.<\/p>\n\n\n\n<div style=\"height:var(--wp--preset--spacing--10)\" aria-hidden=\"true\" class=\"wp-block-spacer\"><\/div>\n\n\n\n<hr class=\"wp-block-separator has-alpha-channel-opacity\">\n\n\n\n<div style=\"height:var(--wp--preset--spacing--10)\" aria-hidden=\"true\" class=\"wp-block-spacer\"><\/div>\n\n\n\n<h2 class=\"wp-block-heading\">\ud83d\udce3 Tham gia t\u1ed5 ch\u1ee9c<\/h2>\n\n\n\n<p>B\u1eaft \u0111\u1ea7u v\u00e0o th\u00e1ng 1-th\u00e1ng 2!<\/p>\n\n\n\n<p class=\"has-text-align-center\"><strong>kermesse@upmd.fr  <\/strong><\/p>\n\n\n\n<div style=\"height:var(--wp--preset--spacing--10)\" aria-hidden=\"true\" class=\"wp-block-spacer\"><\/div>\n\n\n\n<hr class=\"wp-block-separator has-alpha-channel-opacity\">\n\n\n\n<div style=\"height:var(--wp--preset--spacing--10)\" aria-hidden=\"true\" class=\"wp-block-spacer\"><\/div>\n\n\n\n<h2 class=\"wp-block-heading\">\ud83c\udf8f Tr\u1edf th\u00e0nh nh\u00e0 t\u00e0i tr\u1ee3 c\u1ee7a H\u1ed9i ch\u1ee3<\/h2>\n\n\n\n<p>T\u1ea1i sao n\u00ean t\u00e0i tr\u1ee3 cho h\u1ed9i ch\u1ee3?<\/p>\n\n\n\n<p class=\"has-text-align-center\"><strong>sponsor@upmd.fr<\/strong><\/p>\n\n\n\n<div style=\"height:var(--wp--preset--spacing--10)\" aria-hidden=\"true\" class=\"wp-block-spacer\"><\/div>\n\n\n\n<hr class=\"wp-block-separator has-alpha-channel-opacity\">\n\n\n\n<div style=\"height:var(--wp--preset--spacing--10)\" aria-hidden=\"true\" class=\"wp-block-spacer\"><\/div>\n\n\n\n<h2 class=\"wp-block-heading\">\ud83c\udf7a Tham gia v\u1edbi t\u01b0 c\u00e1ch l\u00e0 ch\u1ee7 nh\u00e0 h\u00e0ng ho\u1eb7c ngh\u1ec7 nh\u00e2n<\/h2>\n\n\n\n<p class=\"has-text-align-center\"><strong>ngh\u1ec7 nh\u00e2n@upmd.fr<\/strong><\/p>\n\n\n\n<div style=\"height:var(--wp--preset--spacing--10)\" aria-hidden=\"true\" class=\"wp-block-spacer\"><\/div>\n\n\n\n<hr class=\"wp-block-separator has-alpha-channel-opacity\">\n\n\n\n<div style=\"height:var(--wp--preset--spacing--10)\" aria-hidden=\"true\" class=\"wp-block-spacer\"><\/div>\n\n\n\n<h2 class=\"wp-block-heading\">\u270f\ufe0f Tin t\u1ee9c m\u1edbi nh\u1ea5t c\u1ee7a Kermesse<\/h2>\n\n\n<ul class=\"wp-block-latest-posts__list is-grid columns-3 wp-block-latest-posts\"><li><a class=\"wp-block-latest-posts__post-title\" href=\"https:\/\/www.upmd.fr\/vi\/hoi-cho-2024-hoat-dong-cua-bao-tang-nho-danh-cho-tre-em-%f0%9f%8e%a1-%f0%9f%8e%a1\/\">H\u1ed9i ch\u1ee3 2024 | Ho\u1ea1t \u0111\u1ed9ng c\u1ee7a B\u1ea3o t\u00e0ng nh\u1ecf d\u00e0nh cho tr\u1ebb em \ud83c\udfa1 \ud83c\udfa1<\/a><\/li>\n<\/ul>\n\n\n<p>\u261e <a href=\"https:\/\/www.upmd.fr\/vi\/tat-ca-tin-tuc\/tat-ca-cac-bai-viet-tiec-su-kien\/\" data-type=\"page\" data-id=\"8308\">T\u1ea5t c\u1ea3 b\u00e0i vi\u1ebft: Ti\u1ec7c &amp; S\u1ef1 ki\u1ec7n<\/a><\/p>\n\n\n\n<div style=\"height:var(--wp--preset--spacing--10)\" aria-hidden=\"true\" class=\"wp-block-spacer\"><\/div>\n\n\n\n<hr class=\"wp-block-separator has-alpha-channel-opacity\">\n\n\n\n<div style=\"height:var(--wp--preset--spacing--10)\" aria-hidden=\"true\" class=\"wp-block-spacer\"><\/div>\n\n\n\n<h2 class=\"wp-block-heading\">\ud83c\udfa5 K\u00fd \u1ee9c c\u00f4ng b\u1eb1ng<\/h2>\n\n\n\n<p><a href=\"https:\/\/www.upmd.fr\/index.php\/2019\/06\/12\/kermesse-2019\/\" data-type=\"post\" data-id=\"7552\">H\u1ed9i ch\u1ee3 2019<\/a><\/p>\n\n\n\n<p>H\u1ed9i ch\u1ee3 2024<\/p>\n\n\n\n<div style=\"height:var(--wp--preset--spacing--10)\" aria-hidden=\"true\" class=\"wp-block-spacer\"><\/div>\n\n\n\n<hr class=\"wp-block-separator has-alpha-channel-opacity\">\n\n\n\n<div style=\"height:var(--wp--preset--spacing--10)\" aria-hidden=\"true\" class=\"wp-block-spacer\"><\/div>\n\n\n\n<div class=\"wp-block-group is-nowrap is-layout-flex wp-container-core-group-is-layout-6c531013 wp-block-group-is-layout-flex\">\n<p>C\u1eadp nh\u1eadt m\u1edbi nh\u1ea5t:<\/p>\n\n\n<\/div>\n","protected":false},"excerpt":{"rendered":"<p>\ud83c\udfa1 M\u1ed9t truy\u1ec1n th\u1ed1ng tuy\u1ec7t v\u1eddi \u0110\u1ed1i v\u1edbi c\u1ea3 ng\u01b0\u1eddi l\u1edbn v\u00e0 tr\u1ebb em, nh\u00f3m UPMD \u0111\u1ec1u n\u1ed7 l\u1ef1c h\u1ebft m\u00ecnh trong su\u1ed1t n\u0103m \u0111\u1ec3 chu\u1ea9n b\u1ecb cho s\u1ef1 ki\u1ec7n quan tr\u1ecdng n\u00e0y, \u0111\u00e1nh d\u1ea5u m\u1ed9t n\u0103m kh\u00e9p l\u1ea1i t\u01b0\u01a1i \u0111\u1eb9p. \ud83d\udce3 Tham gia t\u1ed5 ch\u1ee9c B\u1eaft \u0111\u1ea7u v\u00e0o th\u00e1ng 1-th\u00e1ng 2! kermesse@upmd.fr \ud83c\udf8f Tr\u1edf [&hellip;]<\/p>\n","protected":false},"author":8,"featured_media":10078,"parent":11488,"menu_order":6,"comment_status":"closed","ping_status":"closed","template":"page-wide","meta":{"footnotes":""},"class_list":["post-11502","page","type-page","status-publish","has-post-thumbnail","hentry"],"_links":{"self":[{"href":"https:\/\/www.upmd.fr\/vi\/wp-json\/wp\/v2\/pages\/11502","targetHints":{"allow":["GET"]}}],"collection":[{"href":"https:\/\/www.upmd.fr\/vi\/wp-json\/wp\/v2\/pages"}],"about":[{"href":"https:\/\/www.upmd.fr\/vi\/wp-json\/wp\/v2\/types\/page"}],"author":[{"embeddable":true,"href":"https:\/\/www.upmd.fr\/vi\/wp-json\/wp\/v2\/users\/8"}],"replies":[{"embeddable":true,"href":"https:\/\/www.upmd.fr\/vi\/wp-json\/wp\/v2\/comments?post=11502"}],"version-history":[{"count":0,"href":"https:\/\/www.upmd.fr\/vi\/wp-json\/wp\/v2\/pages\/11502\/revisions"}],"up":[{"embeddable":true,"href":"https:\/\/www.upmd.fr\/vi\/wp-json\/wp\/v2\/pages\/11488"}],"wp:featuredmedia":[{"embeddable":true,"href":"https:\/\/www.upmd.fr\/vi\/wp-json\/wp\/v2\/media\/10078"}],"wp:attachment":[{"href":"https:\/\/www.upmd.fr\/vi\/wp-json\/wp\/v2\/media?parent=11502"}],"curies":[{"name":"wp","href":"https:\/\/api.w.org\/{rel}","templated":true}]}}