{"id":11501,"date":"2019-06-10T04:19:29","date_gmt":"2019-06-09T21:19:29","guid":{"rendered":"https:\/\/www.upmd.fr\/to-chuc-cua-chung-toi-muc-luc\/%f0%9f%85%bf-van-chuyen-den-truong\/"},"modified":"2019-06-10T04:19:29","modified_gmt":"2019-06-09T21:19:29","slug":"%f0%9f%85%bf-van-chuyen-den-truong","status":"publish","type":"page","link":"https:\/\/www.upmd.fr\/vi\/to-chuc-cua-chung-toi-muc-luc\/%f0%9f%85%bf-van-chuyen-den-truong\/","title":{"rendered":"\ud83c\udd7f V\u1eadn chuy\u1ec3n \u0111\u1ebfn tr\u01b0\u1eddng"},"content":{"rendered":"\n<div style=\"height:var(--wp--preset--spacing--20)\" aria-hidden=\"true\" class=\"wp-block-spacer\"><\/div>\n\n\n\n<div class=\"wp-block-group is-layout-grid wp-container-core-group-is-layout-8e1495bb wp-block-group-is-layout-grid\">\n<div class=\"wp-block-group wp-container-content-d3ec78f9 is-vertical is-content-justification-center is-nowrap is-layout-flex wp-container-core-group-is-layout-d7b04dc7 wp-block-group-is-layout-flex\">\n<figure class=\"wp-block-image size-medium\"><a href=\"https:\/\/www.upmd.fr\/vi\/%f0%9f%87%bb%f0%9f%87%b3-2024-2025-dang-ky-xe-buyt\/\"><img loading=\"lazy\" decoding=\"async\" width=\"300\" height=\"300\" src=\"https:\/\/www.upmd.fr\/wp-content\/uploads\/2024\/10\/bus-registering1-300x300.png\" alt=\"\u0110\u0103ng k\u00fd xe bu\u00fdt\" class=\"wp-image-8648\" srcset=\"https:\/\/www.upmd.fr\/wp-content\/uploads\/2024\/10\/bus-registering1-300x300.png 300w, https:\/\/www.upmd.fr\/wp-content\/uploads\/2024\/10\/bus-registering1-150x150.png 150w, https:\/\/www.upmd.fr\/wp-content\/uploads\/2024\/10\/bus-registering1.png 512w\" sizes=\"auto, (max-width: 300px) 100vw, 300px\" \/><\/a><\/figure>\n\n\n\n<p class=\"has-text-align-center\">\u0110\u0103ng k\u00fd<\/p>\n<\/div>\n\n\n\n<div class=\"wp-block-group is-vertical is-content-justification-center is-layout-flex wp-container-core-group-is-layout-ce155fab wp-block-group-is-layout-flex\">\n<figure class=\"wp-block-image size-medium\"><a href=\"https:\/\/www.upmd.fr\/vi\/tram-buyt-amp\/\"><img loading=\"lazy\" decoding=\"async\" width=\"300\" height=\"300\" src=\"https:\/\/www.upmd.fr\/wp-content\/uploads\/2024\/10\/clock-yellow-orange-300x300.png\" alt=\"H\u00ecnh \u1ea3nh \u0111\u1ed3ng h\u1ed3 m\u00e0u v\u00e0ng\" class=\"wp-image-8652\" srcset=\"https:\/\/www.upmd.fr\/wp-content\/uploads\/2024\/10\/clock-yellow-orange-300x300.png 300w, https:\/\/www.upmd.fr\/wp-content\/uploads\/2024\/10\/clock-yellow-orange-150x150.png 150w, https:\/\/www.upmd.fr\/wp-content\/uploads\/2024\/10\/clock-yellow-orange.png 512w\" sizes=\"auto, (max-width: 300px) 100vw, 300px\" \/><\/a><\/figure>\n\n\n\n<p class=\"has-text-align-center\">L\u1ecbch tr\u00ecnh<\/p>\n<\/div>\n\n\n\n<div class=\"wp-block-group is-vertical is-content-justification-center is-layout-flex wp-container-core-group-is-layout-ce155fab wp-block-group-is-layout-flex\">\n<figure class=\"wp-block-image size-medium\"><a href=\"https:\/\/www.upmd.fr\/vi\/tram-buyt-amp\/\"><img loading=\"lazy\" decoding=\"async\" width=\"300\" height=\"300\" src=\"https:\/\/www.upmd.fr\/wp-content\/uploads\/2024\/10\/map-300x300.png\" alt=\"b\u1ea3n \u0111\u1ed3 xe bu\u00fdt\" class=\"wp-image-8651\" srcset=\"https:\/\/www.upmd.fr\/wp-content\/uploads\/2024\/10\/map-300x300.png 300w, https:\/\/www.upmd.fr\/wp-content\/uploads\/2024\/10\/map-150x150.png 150w, https:\/\/www.upmd.fr\/wp-content\/uploads\/2024\/10\/map.png 512w\" sizes=\"auto, (max-width: 300px) 100vw, 300px\" \/><\/a><\/figure>\n\n\n\n<p class=\"has-text-align-center\">C\u00e1c tr\u1ea1m<\/p>\n<\/div>\n\n\n\n<div class=\"wp-block-group is-vertical is-content-justification-center is-layout-flex wp-container-core-group-is-layout-ce155fab wp-block-group-is-layout-flex\">\n<figure class=\"wp-block-image size-medium\"><a href=\"#contact_transport_scolaire\"><img loading=\"lazy\" decoding=\"async\" width=\"300\" height=\"300\" src=\"https:\/\/www.upmd.fr\/wp-content\/uploads\/2024\/10\/question-blue-300x300.png\" alt=\"\" class=\"wp-image-8653\" srcset=\"https:\/\/www.upmd.fr\/wp-content\/uploads\/2024\/10\/question-blue-300x300.png 300w, https:\/\/www.upmd.fr\/wp-content\/uploads\/2024\/10\/question-blue-150x150.png 150w, https:\/\/www.upmd.fr\/wp-content\/uploads\/2024\/10\/question-blue.png 512w\" sizes=\"auto, (max-width: 300px) 100vw, 300px\" \/><\/a><\/figure>\n\n\n\n<p class=\"has-text-align-center\">Li\u00ean h\u1ec7<\/p>\n<\/div>\n<\/div>\n\n\n\n<div style=\"height:var(--wp--preset--spacing--20)\" aria-hidden=\"true\" class=\"wp-block-spacer\"><\/div>\n\n\n\n<div class=\"wp-block-group alignfull has-accent-5-background-color has-background has-global-padding is-layout-constrained wp-container-core-group-is-layout-d89aad35 wp-block-group-is-layout-constrained\" style=\"margin-top:0;margin-bottom:0;padding-top:var(--wp--preset--spacing--50);padding-right:var(--wp--preset--spacing--50);padding-bottom:var(--wp--preset--spacing--50);padding-left:var(--wp--preset--spacing--50)\">\n<div class=\"wp-block-columns alignwide is-layout-flex wp-container-core-columns-is-layout-1da03c2a wp-block-columns-is-layout-flex\">\n<div class=\"wp-block-column is-vertically-aligned-center is-layout-flow wp-block-column-is-layout-flow\" style=\"flex-basis:60%\">\n<figure class=\"wp-block-image size-large is-style-rounded wp-duotone-duotone-1 is-style-rounded--1\"><img loading=\"lazy\" decoding=\"async\" width=\"1024\" height=\"341\" src=\"https:\/\/www.upmd.fr\/wp-content\/uploads\/2024\/09\/school-bus-toy-1200x400-1-1024x341.jpg\" alt=\"\" class=\"wp-image-7589\" style=\"object-fit:cover\" srcset=\"https:\/\/www.upmd.fr\/wp-content\/uploads\/2024\/09\/school-bus-toy-1200x400-1-1024x341.jpg 1024w, https:\/\/www.upmd.fr\/wp-content\/uploads\/2024\/09\/school-bus-toy-1200x400-1-300x100.jpg 300w, https:\/\/www.upmd.fr\/wp-content\/uploads\/2024\/09\/school-bus-toy-1200x400-1-768x256.jpg 768w, https:\/\/www.upmd.fr\/wp-content\/uploads\/2024\/09\/school-bus-toy-1200x400-1.jpg 1200w\" sizes=\"auto, (max-width: 1024px) 100vw, 1024px\" \/><\/figure>\n<\/div>\n\n\n\n<div class=\"wp-block-column is-layout-flow wp-block-column-is-layout-flow\" style=\"flex-basis:40%\">\n<h2 class=\"wp-block-heading\">Tham gia \u0111\u1ed9i \ud83c\udd7f V\u1eadn chuy\u1ec3n tr\u01b0\u1eddng h\u1ecdc<\/h2>\n\n\n\n<p>\u0110\u1ed9i ng\u0169 t\u00ecnh nguy\u1ec7n vi\u00ean v\u1eadn chuy\u1ec3n c\u1ee7a tr\u01b0\u1eddng c\u1ea7n s\u1ef1 gi\u00fap \u0111\u1ee1 c\u1ee7a b\u1ea1n \u0111\u1ec3 ti\u1ebfp t\u1ee5c \u0111\u1ea3m b\u1ea3o s\u1ef1 tho\u1ea3i m\u00e1i v\u00e0 an to\u00e0n, l\u00e0m vi\u1ec7c v\u1edbi nh\u00e0 tr\u01b0\u1eddng v\u00e0 \u0111\u1ed1i t\u00e1c v\u1eadn chuy\u1ec3n.<\/p>\n\n\n\n<div class=\"wp-block-buttons is-layout-flex wp-block-buttons-is-layout-flex\">\n<div class=\"wp-block-button\"><a class=\"wp-block-button__link wp-element-button\" href=\"mailto:transport@upmd.fr\" target=\"_blank\" rel=\"noreferrer noopener\">Tham gia c\u00f9ng ch\u00fang t\u00f4i<\/a><\/div>\n<\/div>\n<\/div>\n<\/div>\n<\/div>\n\n\n\n<div style=\"height:var(--wp--preset--spacing--20)\" aria-hidden=\"true\" class=\"wp-block-spacer\"><\/div>\n\n\n\n<h2 class=\"wp-block-heading\">\ud83d\udee1 S\u1ef1 tho\u1ea3i m\u00e1i v\u00e0 an to\u00e0n<\/h2>\n\n\n\n<p>Trung t\u00e2m v\u1eadn chuy\u1ec3n tr\u01b0\u1eddng h\u1ecdc l\u00e0 m\u1ed9t nh\u00f3m l\u00e0m vi\u1ec7c g\u1ed3m <strong>c\u00e1c ph\u1ee5 huynh t\u00ecnh nguy\u1ec7n<\/strong> c\u00f3 m\u1ee5c ti\u00eau <strong>h\u1ee3p t\u00e1c v\u1edbi nh\u00e0 tr\u01b0\u1eddng v\u00e0 c\u00f4ng ty v\u1eadn chuy\u1ec3n<\/strong> \u0111\u1ec3 c\u00f9ng nhau t\u00ecm c\u00e1ch c\u1ea3i thi\u1ec7n s\u1ef1 tho\u1ea3i m\u00e1i v\u00e0 an to\u00e0n h\u00e0ng ng\u00e0y cho tr\u1ebb em tr\u00ean xe bu\u00fdt.<\/p>\n\n\n\n<p>M\u1ed9t th\u1ecfa thu\u1eadn \u0111\u01b0\u1ee3c k\u00fd k\u1ebft gi\u1eefa h\u00e3ng v\u1eadn t\u1ea3i v\u00e0 UPMD v\u00e0 \u0111\u01b0\u1ee3c gia h\u1ea1n 3 n\u0103m m\u1ed9t l\u1ea7n. UPMD h\u1ed7 tr\u1ee3 h\u00e3ng v\u1eadn t\u1ea3i trong vi\u1ec7c x\u00e2y d\u1ef1ng ch\u01b0\u01a1ng tr\u00ecnh \u0111\u00e0o t\u1ea1o an to\u00e0n, t\u1ed5 ch\u1ee9c v\u1eadn chuy\u1ec3n, thay \u0111\u1ed5i m\u1ed9t s\u1ed1 \u0111i\u1ec3m tr\u1ea3 ho\u1eb7c \u0111\u00f3n kh\u00e1ch, th\u1ef1c hi\u1ec7n ki\u1ec3m to\u00e1n an to\u00e0n v\u00e0 b\u1ea3ng d\u1eef li\u1ec7u an to\u00e0n. <\/p>\n\n\n\n<div style=\"height:var(--wp--preset--spacing--10)\" aria-hidden=\"true\" class=\"wp-block-spacer\"><\/div>\n\n\n\n<hr class=\"wp-block-separator has-alpha-channel-opacity\">\n\n\n\n<div style=\"height:var(--wp--preset--spacing--10)\" aria-hidden=\"true\" class=\"wp-block-spacer\"><\/div>\n\n\n\n<h2 class=\"wp-block-heading\">\ud83d\ude8d \u0110\u1ed1i t\u00e1c v\u1eadn chuy\u1ec3n<\/h2>\n\n\n\n<p>M\u1ed9t th\u1ecfa thu\u1eadn \u0111\u01b0\u1ee3c k\u00fd k\u1ebft gi\u1eefa h\u00e3ng v\u1eadn t\u1ea3i v\u00e0 UPMD v\u00e0 \u0111\u01b0\u1ee3c gia h\u1ea1n 3 n\u0103m m\u1ed9t l\u1ea7n. UPMD h\u1ed7 tr\u1ee3 h\u00e3ng v\u1eadn t\u1ea3i trong vi\u1ec7c x\u00e2y d\u1ef1ng ch\u01b0\u01a1ng tr\u00ecnh \u0111\u00e0o t\u1ea1o an to\u00e0n, t\u1ed5 ch\u1ee9c v\u1eadn chuy\u1ec3n, thay \u0111\u1ed5i m\u1ed9t s\u1ed1 \u0111i\u1ec3m tr\u1ea3 ho\u1eb7c \u0111\u00f3n kh\u00e1ch, th\u1ef1c hi\u1ec7n ki\u1ec3m to\u00e1n an to\u00e0n v\u00e0 b\u1ea3ng d\u1eef li\u1ec7u an to\u00e0n. <\/p>\n\n\n\n<p>\u261e <a href=\"https:\/\/www.upmd.fr\/call-for-tender-school-bus-2020-2023\/\">K\u00eau g\u1ecdi \u0111\u1ea5u th\u1ea7u 2020-2023<\/a> (m\u00f4 h\u00ecnh s\u1eed d\u1ee5ng cho n\u0103m 2023-2026)<\/p>\n\n\n\n<p>\u261e <a href=\"https:\/\/www.upmd.fr\/vi\/ket-qua-goi-thau-phuong-tien-giao-thong-truong-hoc-2023-26\/\" data-type=\"post\" data-id=\"7607\">K\u1ebft qu\u1ea3 \u0111\u1ea5u th\u1ea7u n\u0103m 2023-2026<\/a><\/p>\n\n\n\n<div style=\"height:var(--wp--preset--spacing--10)\" aria-hidden=\"true\" class=\"wp-block-spacer\"><\/div>\n\n\n\n<hr class=\"wp-block-separator has-alpha-channel-opacity\">\n\n\n\n<div style=\"height:var(--wp--preset--spacing--10)\" aria-hidden=\"true\" class=\"wp-block-spacer\"><\/div>\n\n\n\n<h2 class=\"wp-block-heading\" id=\"contact_transport_scolaire\">Li\u00ean h\u1ec7<\/h2>\n\n\n\n<figure class=\"wp-block-image size-thumbnail is-resized\"><img loading=\"lazy\" decoding=\"async\" width=\"150\" height=\"150\" src=\"https:\/\/www.upmd.fr\/wp-content\/uploads\/2024\/10\/question-blue-150x150.png\" alt=\"\" class=\"wp-image-8653\" style=\"aspect-ratio:1;object-fit:cover;width:50px\" srcset=\"https:\/\/www.upmd.fr\/wp-content\/uploads\/2024\/10\/question-blue-150x150.png 150w, https:\/\/www.upmd.fr\/wp-content\/uploads\/2024\/10\/question-blue-300x300.png 300w, https:\/\/www.upmd.fr\/wp-content\/uploads\/2024\/10\/question-blue.png 512w\" sizes=\"auto, (max-width: 150px) 100vw, 150px\" \/><\/figure>\n\n\n\n<div class=\"wp-block-group is-layout-grid wp-container-core-group-is-layout-478b6e6b wp-block-group-is-layout-grid\">\n<div class=\"wp-block-group wp-container-content-69bc4bdf is-vertical is-layout-flex wp-container-core-group-is-layout-fe9cc265 wp-block-group-is-layout-flex\">\n<p class=\"has-text-align-center\"><strong>UPMD<\/strong><\/p>\n\n\n\n<p class=\"has-text-align-left\"><strong><a href=\"mailto:transport@upmd.fr\">transport@upmd.fr<\/a><\/strong><\/p>\n\n\n\n<h6 class=\"wp-block-heading\"><strong>Olivier DARIUS<br> Bruno TREFEL<br> NGUYEN Ph\u01b0\u01a1ng Th\u1ea3o (Claire) &#8211; l\u1ed7i th\u1eddi<br> Anh Tu\u1ea5n HUYNH (Thomas) &#8211; l\u1ed7i th\u1eddi<br> Tr\u01b0\u01a1ng H\u1ea3i VO (Louis) &#8211; l\u1ed7i th\u1eddi<\/strong><\/h6>\n<\/div>\n\n\n\n<div class=\"wp-block-group wp-container-content-69bc4bdf is-vertical is-layout-flex wp-container-core-group-is-layout-fe9cc265 wp-block-group-is-layout-flex\">\n<p><strong>\u0110\u1ed1i t\u00e1c v\u1eadn chuy\u1ec3n<\/strong><\/p>\n\n\n\n<p>(Email c\u1ee7a SBS)<\/p>\n\n\n\n<p>(t\u00ean c\u1ee7a ng\u01b0\u1eddi qu\u1ea3n l\u00fd SBS)<\/p>\n<\/div>\n\n\n\n<div class=\"wp-block-group is-vertical is-layout-flex wp-container-core-group-is-layout-fe9cc265 wp-block-group-is-layout-flex\">\n<p><strong>LFI Marguerite Duras<\/strong><\/p>\n<\/div>\n<\/div>\n\n\n\n<p class=\"has-text-align-left\"><strong><br><\/strong><\/p>\n\n\n\n<div style=\"height:var(--wp--preset--spacing--10)\" aria-hidden=\"true\" class=\"wp-block-spacer\"><\/div>\n\n\n\n<hr class=\"wp-block-separator has-alpha-channel-opacity\">\n\n\n\n<div style=\"height:var(--wp--preset--spacing--10)\" aria-hidden=\"true\" class=\"wp-block-spacer\"><\/div>\n\n\n\n<h2 class=\"wp-block-heading\">Li\u00ean k\u1ebft h\u1eefu \u00edch<\/h2>\n\n\n\n<p><a href=\"https:\/\/www.upmd.fr\/school-bus-registration-2024-2025\/\">\u261e \u0110\u0103ng k\u00fd xe \u0111\u01b0a \u0111\u00f3n h\u1ecdc sinh n\u0103m h\u1ecdc 2024-2025<\/a><\/p>\n\n\n\n<p>\u261e <a href=\"https:\/\/www.upmd.fr\/%f0%9f%87%ab%f0%9f%87%b7%f0%9f%87%bb%f0%9f%87%b3%f0%9f%87%ac%f0%9f%87%a7-transport-scolaire-stations-et-horaires-2024-2025-tram-buyt-gio-don-bus-stations-schedule\/\">Danh s\u00e1ch c\u00e1c tr\u1ea1m v\u00e0 th\u1eddi gian bi\u1ec3u 2024-2025<\/a><\/p>\n\n\n\n<p>\u261e <a href=\"https:\/\/www.upmd.fr\/vi\/tram-xe-buyt-lich-gio\/\" data-type=\"link\" data-id=\"https:\/\/www.upmd.fr\/index.php\/2023\/10\/20\/bus-stops-schedule-2023-2024\/\">Danh s\u00e1ch c\u00e1c ga v\u00e0 l\u1ecbch tr\u00ecnh 2023-2024<\/a> (c\u0169 c\u00f3 b\u1ea3n \u0111\u1ed3)<\/p>\n\n\n\n<p>\u261e <a href=\"https:\/\/www.upmd.fr\/vi\/%f0%9f%87%bb%f0%9f%87%b3-ket-qua-khao-sat-dich-vu-van-tai-truong-hoc-2022\/\" data-type=\"post\" data-id=\"7665\">K\u1ebft qu\u1ea3 Kh\u1ea3o s\u00e1t Giao th\u00f4ng Tr\u01b0\u1eddng h\u1ecdc n\u0103m 2022<\/a><\/p>\n\n\n\n<p class=\"has-text-align-right\">L\u1ea7n s\u1eeda \u0111\u1ed5i cu\u1ed1i c\u00f9ng<\/p>\n\n\n\n\n\n<div style=\"height:var(--wp--preset--spacing--20)\" aria-hidden=\"true\" class=\"wp-block-spacer\"><\/div>\n\n\n\n<hr class=\"wp-block-separator has-alpha-channel-opacity\">\n\n\n\n<div style=\"height:var(--wp--preset--spacing--20)\" aria-hidden=\"true\" class=\"wp-block-spacer\"><\/div>\n\n\n\n<h2 class=\"wp-block-heading\">\u270f\ufe0f B\u00e0i vi\u1ebft m\u1edbi nh\u1ea5t: V\u1eadn chuy\u1ec3n tr\u01b0\u1eddng h\u1ecdc<\/h2>\n\n\n<ul class=\"wp-block-latest-posts__list is-grid columns-3 wp-block-latest-posts\"><li><a class=\"wp-block-latest-posts__post-title\" href=\"https:\/\/www.upmd.fr\/vi\/%f0%9f%9a%8c-ra-mat-tuan-le-an-toan-xe-buyt-truong-hoc-tai-marguerite-duras-%f0%9f%9a%b8-%e2%9c%a8\/\">\ud83d\ude8c RA M\u1eaeT TU\u1ea6N L\u1ec4 AN TO\u00c0N XE BU\u00ddT TR\u01af\u1edcNG H\u1eccC T\u1ea0I MARGUERITE DURAS! \ud83d\udeb8 \u2728<\/a><\/li>\n<li><a class=\"wp-block-latest-posts__post-title\" href=\"https:\/\/www.upmd.fr\/vi\/%f0%9f%87%ab%f0%9f%87%b7-dang-ky-phuong-tien-giao-thong-nam-2025-2026\/\">\ud83c\uddeb\ud83c\uddf7 \u0110\u0103ng k\u00fd ph\u01b0\u01a1ng ti\u1ec7n giao th\u00f4ng n\u0103m 2025-2026<\/a><\/li>\n<li><a class=\"wp-block-latest-posts__post-title\" href=\"https:\/\/www.upmd.fr\/vi\/tram-buyt-amp\/\">\ud83c\uddfb\ud83c\uddf3 Tr\u1ea1m bu\u00fdt &amp; gi\u1edd \u0111\u00f3n | 2024 &#8211; 2025<\/a><\/li>\n<li><a class=\"wp-block-latest-posts__post-title\" href=\"https:\/\/www.upmd.fr\/vi\/%f0%9f%87%bb%f0%9f%87%b3-2024-2025-dang-ky-xe-buyt\/\">\ud83c\uddfb\ud83c\uddf3 2024-2025 \u0110\u0103ng k\u00fd xe bu\u00fdt<\/a><\/li>\n<li><a class=\"wp-block-latest-posts__post-title\" href=\"https:\/\/www.upmd.fr\/vi\/tram-xe-buyt-lich-gio\/\">Tr\u1ea1m xe bu\u00fdt &amp; l\u1ecbch gi\u1edd<\/a><\/li>\n<li><a class=\"wp-block-latest-posts__post-title\" href=\"https:\/\/www.upmd.fr\/vi\/ket-qua-goi-thau-phuong-tien-giao-thong-truong-hoc-2023-26\/\">K\u1ebft qu\u1ea3 g\u1ecdi th\u1ea7u ph\u01b0\u01a1ng ti\u1ec7n giao th\u00f4ng tr\u01b0\u1eddng h\u1ecdc 2023-26<\/a><\/li>\n<\/ul>\n\n\n<p>\u261e <a href=\"https:\/\/www.upmd.fr\/index.php\/actu\/articles-school-bus\/\" data-type=\"page\" data-id=\"7624\">T\u1ea5t c\u1ea3 c\u00e1c b\u00e0i vi\u1ebft v\u1ec1 Giao th\u00f4ng tr\u01b0\u1eddng h\u1ecdc&#8230;<\/a><\/p>\n\n\n\n<p><\/p>\n","protected":false},"excerpt":{"rendered":"<p>\u0110\u0103ng k\u00fd L\u1ecbch tr\u00ecnh C\u00e1c tr\u1ea1m Li\u00ean h\u1ec7 Tham gia \u0111\u1ed9i \ud83c\udd7f V\u1eadn chuy\u1ec3n tr\u01b0\u1eddng h\u1ecdc \u0110\u1ed9i ng\u0169 t\u00ecnh nguy\u1ec7n vi\u00ean v\u1eadn chuy\u1ec3n c\u1ee7a tr\u01b0\u1eddng c\u1ea7n s\u1ef1 gi\u00fap \u0111\u1ee1 c\u1ee7a b\u1ea1n \u0111\u1ec3 ti\u1ebfp t\u1ee5c \u0111\u1ea3m b\u1ea3o s\u1ef1 tho\u1ea3i m\u00e1i v\u00e0 an to\u00e0n, l\u00e0m vi\u1ec7c v\u1edbi nh\u00e0 tr\u01b0\u1eddng v\u00e0 \u0111\u1ed1i t\u00e1c v\u1eadn chuy\u1ec3n. \ud83d\udee1 S\u1ef1 tho\u1ea3i [&hellip;]<\/p>\n","protected":false},"author":9,"featured_media":10068,"parent":11488,"menu_order":1,"comment_status":"closed","ping_status":"closed","template":"page-wide","meta":{"footnotes":""},"class_list":["post-11501","page","type-page","status-publish","has-post-thumbnail","hentry"],"_links":{"self":[{"href":"https:\/\/www.upmd.fr\/vi\/wp-json\/wp\/v2\/pages\/11501","targetHints":{"allow":["GET"]}}],"collection":[{"href":"https:\/\/www.upmd.fr\/vi\/wp-json\/wp\/v2\/pages"}],"about":[{"href":"https:\/\/www.upmd.fr\/vi\/wp-json\/wp\/v2\/types\/page"}],"author":[{"embeddable":true,"href":"https:\/\/www.upmd.fr\/vi\/wp-json\/wp\/v2\/users\/9"}],"replies":[{"embeddable":true,"href":"https:\/\/www.upmd.fr\/vi\/wp-json\/wp\/v2\/comments?post=11501"}],"version-history":[{"count":0,"href":"https:\/\/www.upmd.fr\/vi\/wp-json\/wp\/v2\/pages\/11501\/revisions"}],"up":[{"embeddable":true,"href":"https:\/\/www.upmd.fr\/vi\/wp-json\/wp\/v2\/pages\/11488"}],"wp:featuredmedia":[{"embeddable":true,"href":"https:\/\/www.upmd.fr\/vi\/wp-json\/wp\/v2\/media\/10068"}],"wp:attachment":[{"href":"https:\/\/www.upmd.fr\/vi\/wp-json\/wp\/v2\/media?parent=11501"}],"curies":[{"name":"wp","href":"https:\/\/api.w.org\/{rel}","templated":true}]}}