{"id":11500,"date":"2024-09-29T19:16:49","date_gmt":"2024-09-29T12:16:49","guid":{"rendered":"https:\/\/www.upmd.fr\/to-chuc-cua-chung-toi-muc-luc\/%f0%9f%85%bf-hop-phu-huynh-va-tiec-chieu-dai\/"},"modified":"2024-09-29T19:16:49","modified_gmt":"2024-09-29T12:16:49","slug":"%f0%9f%85%bf-hop-phu-huynh-va-tiec-chieu-dai","status":"publish","type":"page","link":"https:\/\/www.upmd.fr\/vi\/to-chuc-cua-chung-toi-muc-luc\/%f0%9f%85%bf-hop-phu-huynh-va-tiec-chieu-dai\/","title":{"rendered":"\ud83c\udd7f H\u1ecdp ph\u1ee5 huynh v\u00e0 ti\u1ec7c chi\u00eau \u0111\u00e3i"},"content":{"rendered":"\n<p>Ch\u00fang t\u00f4i \u0111ang t\u00ecm ki\u1ebfm ph\u1ee5 huynh t\u00ecnh nguy\u1ec7n \u0111\u1ec3 kh\u1edfi \u0111\u1ed9ng l\u1ea1i ho\u1ea1t \u0111\u1ed9ng n\u00e0y.<\/p>\n\n\n\n<div style=\"height:var(--wp--preset--spacing--10)\" aria-hidden=\"true\" class=\"wp-block-spacer\"><\/div>\n\n\n\n<figure class=\"wp-block-image aligncenter size-full is-resized\"><img loading=\"lazy\" decoding=\"async\" width=\"512\" height=\"512\" src=\"https:\/\/www.upmd.fr\/wp-content\/uploads\/2024\/09\/constructionsign.png\" alt=\"[H\u00ecnh \u1ea3nh r\u00e0o ch\u1eafn]\" class=\"wp-image-8366\" style=\"aspect-ratio:1;object-fit:cover;width:100px\" srcset=\"https:\/\/www.upmd.fr\/wp-content\/uploads\/2024\/09\/constructionsign.png 512w, https:\/\/www.upmd.fr\/wp-content\/uploads\/2024\/09\/constructionsign-300x300.png 300w, https:\/\/www.upmd.fr\/wp-content\/uploads\/2024\/09\/constructionsign-150x150.png 150w\" sizes=\"auto, (max-width: 512px) 100vw, 512px\" \/><figcaption class=\"wp-element-caption\">\u0110\u1ec3 \u0111\u01b0\u1ee3c ph\u00e1t tri\u1ec3n<\/figcaption><\/figure>\n\n\n\n<div style=\"height:var(--wp--preset--spacing--10)\" aria-hidden=\"true\" class=\"wp-block-spacer\"><\/div>\n\n\n\n<hr class=\"wp-block-separator has-alpha-channel-opacity\">\n\n\n\n<div style=\"height:var(--wp--preset--spacing--10)\" aria-hidden=\"true\" class=\"wp-block-spacer\"><\/div>\n\n\n\n<h2 class=\"wp-block-heading\">Li\u00ean h\u1ec7<\/h2>\n\n\n\n<p>li\u00ean h\u1ec7@upmd.fr<\/p>\n\n\n\n<div style=\"height:var(--wp--preset--spacing--10)\" aria-hidden=\"true\" class=\"wp-block-spacer\"><\/div>\n\n\n\n<hr class=\"wp-block-separator has-alpha-channel-opacity\">\n\n\n\n<div style=\"height:var(--wp--preset--spacing--10)\" aria-hidden=\"true\" class=\"wp-block-spacer\"><\/div>\n\n\n\n<h2 class=\"wp-block-heading\">\u270f\ufe0f B\u00e0i vi\u1ebft m\u1edbi nh\u1ea5t: H\u1ecdp ph\u1ee5 huynh &amp; ti\u1ec7c chi\u00eau \u0111\u00e3i<\/h2>\n\n\n<ul class=\"wp-block-latest-posts__list is-grid columns-3 wp-block-latest-posts\"><li><a class=\"wp-block-latest-posts__post-title\" href=\"https:\/\/www.upmd.fr\/vi\/upmd-cau-long-bat-dau\/\">\ud83c\udff8 UPMD C\u1ea7u Long b\u1eaft \u0111\u1ea7u ! Khai tr\u01b0\u01a1ng Ch\u1ee7 Nh\u1eadt 12\/10\/2025 9:00-12:00<\/a><\/li>\n<li><a class=\"wp-block-latest-posts__post-title\" href=\"https:\/\/www.upmd.fr\/vi\/nam-phong-nha-sach-phap-don-dat-hang-sach-2025\/\">Nam Phong Nh\u00e0 S\u00e1ch Ph\u00e1p | \u0110\u01a1n \u0111\u1eb7t h\u00e0ng s\u00e1ch 2025<\/a><\/li>\n<li><a class=\"wp-block-latest-posts__post-title\" href=\"https:\/\/www.upmd.fr\/vi\/dai-hoi-2025-thu-moi\/\">\u0110\u1ea1i h\u1ed9i 2025 \u2013 Th\u1ee9 B\u1ea3y, 20 th\u00e1ng 09<\/a><\/li>\n<li><a class=\"wp-block-latest-posts__post-title\" href=\"https:\/\/www.upmd.fr\/vi\/upmd-chuyen-den-phong-004\/\">UPMD chuy\u1ec3n \u0111\u1ebfn ph\u00f2ng 004<\/a><\/li>\n<li><a class=\"wp-block-latest-posts__post-title\" href=\"https:\/\/www.upmd.fr\/vi\/balls-and-marbles-ngay-5-den-ngay-9-thang-5-nam-2025\/\">Balls and Marbles &#8211; Ng\u00e0y 5 \u0111\u1ebfn ng\u00e0y 9 th\u00e1ng 5 n\u0103m 2025<\/a><\/li>\n<li><a class=\"wp-block-latest-posts__post-title\" href=\"https:\/\/www.upmd.fr\/vi\/ra-mat-trang-web-moi-%f0%9f%8e%89\/\">Ra m\u1eaft trang web m\u1edbi! \ud83c\udf89<\/a><\/li>\n<\/ul>\n\n\n<div style=\"height:var(--wp--preset--spacing--10)\" aria-hidden=\"true\" class=\"wp-block-spacer\"><\/div>\n\n\n\n<hr class=\"wp-block-separator has-alpha-channel-opacity\">\n\n\n\n<div style=\"height:16px\" aria-hidden=\"true\" class=\"wp-block-spacer\"><\/div>\n\n\n\n<div class=\"wp-block-group is-nowrap is-layout-flex wp-container-core-group-is-layout-6c531013 wp-block-group-is-layout-flex\">\n<p>C\u1eadp nh\u1eadt l\u1ea7n cu\u1ed1i:<\/p>\n\n\n<\/div>\n","protected":false},"excerpt":{"rendered":"<p>Ch\u00fang t\u00f4i \u0111ang t\u00ecm ki\u1ebfm ph\u1ee5 huynh t\u00ecnh nguy\u1ec7n \u0111\u1ec3 kh\u1edfi \u0111\u1ed9ng l\u1ea1i ho\u1ea1t \u0111\u1ed9ng n\u00e0y. Li\u00ean h\u1ec7 li\u00ean h\u1ec7@upmd.fr \u270f\ufe0f B\u00e0i vi\u1ebft m\u1edbi nh\u1ea5t: H\u1ecdp ph\u1ee5 huynh &amp; ti\u1ec7c chi\u00eau \u0111\u00e3i C\u1eadp nh\u1eadt l\u1ea7n cu\u1ed1i:<\/p>\n","protected":false},"author":8,"featured_media":10080,"parent":11488,"menu_order":7,"comment_status":"closed","ping_status":"closed","template":"page-wide","meta":{"footnotes":""},"class_list":["post-11500","page","type-page","status-publish","has-post-thumbnail","hentry"],"_links":{"self":[{"href":"https:\/\/www.upmd.fr\/vi\/wp-json\/wp\/v2\/pages\/11500","targetHints":{"allow":["GET"]}}],"collection":[{"href":"https:\/\/www.upmd.fr\/vi\/wp-json\/wp\/v2\/pages"}],"about":[{"href":"https:\/\/www.upmd.fr\/vi\/wp-json\/wp\/v2\/types\/page"}],"author":[{"embeddable":true,"href":"https:\/\/www.upmd.fr\/vi\/wp-json\/wp\/v2\/users\/8"}],"replies":[{"embeddable":true,"href":"https:\/\/www.upmd.fr\/vi\/wp-json\/wp\/v2\/comments?post=11500"}],"version-history":[{"count":0,"href":"https:\/\/www.upmd.fr\/vi\/wp-json\/wp\/v2\/pages\/11500\/revisions"}],"up":[{"embeddable":true,"href":"https:\/\/www.upmd.fr\/vi\/wp-json\/wp\/v2\/pages\/11488"}],"wp:featuredmedia":[{"embeddable":true,"href":"https:\/\/www.upmd.fr\/vi\/wp-json\/wp\/v2\/media\/10080"}],"wp:attachment":[{"href":"https:\/\/www.upmd.fr\/vi\/wp-json\/wp\/v2\/media?parent=11500"}],"curies":[{"name":"wp","href":"https:\/\/api.w.org\/{rel}","templated":true}]}}