{"id":11497,"date":"2024-09-20T07:10:05","date_gmt":"2024-09-20T00:10:05","guid":{"rendered":"https:\/\/www.upmd.fr\/to-chuc-cua-chung-toi-muc-luc\/%f0%9f%85%bf-hoc-bong-ho-tro\/"},"modified":"2024-09-20T07:10:05","modified_gmt":"2024-09-20T00:10:05","slug":"%f0%9f%85%bf-hoc-bong-ho-tro","status":"publish","type":"page","link":"https:\/\/www.upmd.fr\/vi\/to-chuc-cua-chung-toi-muc-luc\/%f0%9f%85%bf-hoc-bong-ho-tro\/","title":{"rendered":"\ud83c\udd7f H\u1ecdc b\u1ed5ng &amp; h\u1ed7 tr\u1ee3"},"content":{"rendered":"\n<div class=\"wp-block-group is-layout-grid wp-container-core-group-is-layout-8e1495bb wp-block-group-is-layout-grid\">\n<div class=\"wp-block-group is-vertical is-layout-flex wp-container-core-group-is-layout-fe9cc265 wp-block-group-is-layout-flex\">\n<div class=\"wp-block-group is-vertical is-content-justification-center is-layout-flex wp-container-core-group-is-layout-ce155fab wp-block-group-is-layout-flex\">\n<figure class=\"wp-block-image size-medium\"><a href=\"https:\/\/www.upmd.fr\/vi\/to-chuc-cua-chung-toi-muc-luc\/%f0%9f%85%bf-hoc-bong-ho-tro\/hoc-bong-lanh-su-quan\/\"><img loading=\"lazy\" decoding=\"async\" width=\"300\" height=\"300\" src=\"https:\/\/www.upmd.fr\/wp-content\/uploads\/2024\/10\/Inscription-bourse-300x300.png\" alt=\"\u0110\u0103ng k\u00fd h\u1ecdc b\u1ed5ng h\u00ecnh \u1ea3nh\" class=\"wp-image-8687\" srcset=\"https:\/\/www.upmd.fr\/wp-content\/uploads\/2024\/10\/Inscription-bourse-300x300.png 300w, https:\/\/www.upmd.fr\/wp-content\/uploads\/2024\/10\/Inscription-bourse-150x150.png 150w, https:\/\/www.upmd.fr\/wp-content\/uploads\/2024\/10\/Inscription-bourse.png 512w\" sizes=\"auto, (max-width: 300px) 100vw, 300px\" \/><\/a><\/figure>\n\n\n\n<p class=\"has-text-align-center\">N\u1ed9p \u0111\u01a1n xin h\u1ecdc b\u1ed5ng<\/p>\n<\/div>\n<\/div>\n\n\n\n<div class=\"wp-block-group wp-container-content-d3ec78f9 is-vertical is-content-justification-center is-layout-flex wp-container-core-group-is-layout-ce155fab wp-block-group-is-layout-flex\">\n<figure class=\"wp-block-image size-medium\"><a href=\"#contact_bourses_aides\"><img loading=\"lazy\" decoding=\"async\" width=\"300\" height=\"300\" src=\"https:\/\/www.upmd.fr\/wp-content\/uploads\/2024\/10\/question-blue-300x300.png\" alt=\"C\u00e2u h\u1ecfi tr\u1ee3 gi\u00fap h\u00ecnh \u1ea3nh\" class=\"wp-image-8653\" srcset=\"https:\/\/www.upmd.fr\/wp-content\/uploads\/2024\/10\/question-blue-300x300.png 300w, https:\/\/www.upmd.fr\/wp-content\/uploads\/2024\/10\/question-blue-150x150.png 150w, https:\/\/www.upmd.fr\/wp-content\/uploads\/2024\/10\/question-blue.png 512w\" sizes=\"auto, (max-width: 300px) 100vw, 300px\" \/><\/a><\/figure>\n\n\n\n<p>Tr\u1ee3 gi\u00fap &#8211; C\u00e2u h\u1ecfi<\/p>\n<\/div>\n<\/div>\n\n\n\n<div style=\"height:var(--wp--preset--spacing--10)\" aria-hidden=\"true\" class=\"wp-block-spacer\"><\/div>\n\n\n\n<div class=\"wp-block-group alignfull has-accent-5-background-color has-background has-global-padding is-layout-constrained wp-container-core-group-is-layout-d89aad35 wp-block-group-is-layout-constrained\" style=\"margin-top:0;margin-bottom:0;padding-top:var(--wp--preset--spacing--50);padding-right:var(--wp--preset--spacing--50);padding-bottom:var(--wp--preset--spacing--50);padding-left:var(--wp--preset--spacing--50)\">\n<div class=\"wp-block-columns alignwide is-layout-flex wp-container-core-columns-is-layout-1da03c2a wp-block-columns-is-layout-flex\">\n<div class=\"wp-block-column is-vertically-aligned-center is-layout-flow wp-block-column-is-layout-flow\" style=\"flex-basis:60%\">\n<figure class=\"wp-block-image size-full is-resized is-style-rounded wp-duotone-duotone-1 is-style-rounded--1\"><img loading=\"lazy\" decoding=\"async\" width=\"1200\" height=\"406\" src=\"https:\/\/www.upmd.fr\/wp-content\/uploads\/2024\/09\/kids-hand-toy-1200x400-1.jpg\" alt=\"H\u00ecnh \u1ea3nh quy\u00ean g\u00f3p\" class=\"wp-image-7590\" style=\"width:703px;height:auto\" srcset=\"https:\/\/www.upmd.fr\/wp-content\/uploads\/2024\/09\/kids-hand-toy-1200x400-1.jpg 1200w, https:\/\/www.upmd.fr\/wp-content\/uploads\/2024\/09\/kids-hand-toy-1200x400-1-300x102.jpg 300w, https:\/\/www.upmd.fr\/wp-content\/uploads\/2024\/09\/kids-hand-toy-1200x400-1-1024x346.jpg 1024w, https:\/\/www.upmd.fr\/wp-content\/uploads\/2024\/09\/kids-hand-toy-1200x400-1-768x260.jpg 768w\" sizes=\"auto, (max-width: 1200px) 100vw, 1200px\" \/><\/figure>\n<\/div>\n\n\n\n<div class=\"wp-block-column is-layout-flow wp-block-column-is-layout-flow\" style=\"flex-basis:40%\">\n<h2 class=\"wp-block-heading\">\u0110o\u00e0n k\u1ebft v\u1edbi tr\u1ebb em t\u1eeb c\u00e1c gia \u0111\u00ecnh c\u00f3 ho\u00e0n c\u1ea3nh kh\u00f3 kh\u0103n<\/h2>\n\n\n\n<p>Ch\u00fang t\u00f4i c\u1ea7n s\u1ef1 \u1ee7ng h\u1ed9 c\u1ee7a b\u1ea1n.<\/p>\n\n\n\n<div class=\"wp-block-buttons is-layout-flex wp-block-buttons-is-layout-flex\">\n<div class=\"wp-block-button\"><a class=\"wp-block-button__link wp-element-button\" href=\"mailto:commission.sociale@upmd.fr\" target=\"_blank\" rel=\"noreferrer noopener\">Tham gia c\u00f9ng ch\u00fang t\u00f4i<\/a><\/div>\n<\/div>\n<\/div>\n<\/div>\n<\/div>\n\n\n\n<h1 class=\"wp-block-heading\">\u0110o\u00e0n k\u1ebft v\u1edbi tr\u1ebb em t\u1eeb c\u00e1c gia \u0111\u00ecnh c\u00f3 ho\u00e0n c\u1ea3nh kh\u00f3 kh\u0103n<\/h1>\n\n\n\n<h2 class=\"wp-block-heading\">\ud83d\udd6f H\u1ecdc b\u1ed5ng<\/h2>\n\n\n\n<p>Ch\u00fang t\u00f4i gi\u00fap c\u00e1c gia \u0111\u00ecnh n\u1ed9p \u0111\u01a1n xin h\u1ecdc b\u1ed5ng.<\/p>\n\n\n\n<p>\u261e <a href=\"https:\/\/www.upmd.fr\/vi\/to-chuc-cua-chung-toi-muc-luc\/%f0%9f%85%bf-hoc-bong-ho-tro\/hoc-bong-lanh-su-quan\/\" data-type=\"page\" data-id=\"152\">Th\u00f4ng tin th\u00eam v\u1ec1 H\u1ecdc b\u1ed5ng c\u1ee7a tr\u01b0\u1eddng<\/a><\/p>\n\n\n\n<div style=\"height:var(--wp--preset--spacing--10)\" aria-hidden=\"true\" class=\"wp-block-spacer\"><\/div>\n\n\n\n<hr class=\"wp-block-separator has-alpha-channel-opacity\">\n\n\n\n<div style=\"height:var(--wp--preset--spacing--10)\" aria-hidden=\"true\" class=\"wp-block-spacer\"><\/div>\n\n\n\n<h2 class=\"wp-block-heading\">\ud83d\ude80 H\u1ed7 tr\u1ee3 h\u1ecdc thu\u1eadt<\/h2>\n\n\n\n<p>Ch\u00fang t\u00f4i t\u1ed5 ch\u1ee9c h\u1ed7 tr\u1ee3 h\u1ecdc thu\u1eadt.<\/p>\n\n\n\n<p>\u261e <a href=\"https:\/\/www.upmd.fr\/vi\/?page_id=11515\" data-type=\"page\" data-id=\"3606\">Th\u00f4ng tin th\u00eam v\u1ec1 h\u1ed7 tr\u1ee3 h\u1ecdc thu\u1eadt.<\/a><\/p>\n\n\n\n<div style=\"height:var(--wp--preset--spacing--10)\" aria-hidden=\"true\" class=\"wp-block-spacer\"><\/div>\n\n\n\n<hr class=\"wp-block-separator has-alpha-channel-opacity\">\n\n\n\n<div style=\"height:var(--wp--preset--spacing--10)\" aria-hidden=\"true\" class=\"wp-block-spacer\"><\/div>\n\n\n\n<h2 class=\"wp-block-heading\">\ud83d\udeb2 D\u1ef1 \u00e1n OLES<\/h2>\n\n\n\n<p>OLES: C\u00e1c t\u1ed5 ch\u1ee9c t\u01b0\u01a1ng tr\u1ee3 v\u00e0 \u0111o\u00e0n k\u1ebft \u0111\u1ecba ph\u01b0\u01a1ng<\/p>\n\n\n\n<p>\u261e <a href=\"https:\/\/www.upmd.fr\/vi\/%f0%9f%87%bb%f0%9f%87%b3-projet-oles-2021\/\" data-type=\"post\" data-id=\"7519\">D\u1ef1 \u00e1n OLES 2021<\/a><\/p>\n\n\n\n<div style=\"height:var(--wp--preset--spacing--10)\" aria-hidden=\"true\" class=\"wp-block-spacer\"><\/div>\n\n\n\n<hr class=\"wp-block-separator has-alpha-channel-opacity\">\n\n\n\n<div style=\"height:var(--wp--preset--spacing--10)\" aria-hidden=\"true\" class=\"wp-block-spacer\"><\/div>\n\n\n\n<h2 class=\"wp-block-heading\" id=\"contact_bourses_aides\">Li\u00ean h\u1ec7<\/h2>\n\n\n\n<figure class=\"wp-block-image size-thumbnail is-resized\"><img loading=\"lazy\" decoding=\"async\" width=\"150\" height=\"150\" src=\"https:\/\/www.upmd.fr\/wp-content\/uploads\/2024\/10\/question-blue-150x150.png\" alt=\"C\u00e2u h\u1ecfi tr\u1ee3 gi\u00fap h\u00ecnh \u1ea3nh\" class=\"wp-image-8653\" style=\"width:50px\" srcset=\"https:\/\/www.upmd.fr\/wp-content\/uploads\/2024\/10\/question-blue-150x150.png 150w, https:\/\/www.upmd.fr\/wp-content\/uploads\/2024\/10\/question-blue-300x300.png 300w, https:\/\/www.upmd.fr\/wp-content\/uploads\/2024\/10\/question-blue.png 512w\" sizes=\"auto, (max-width: 150px) 100vw, 150px\" \/><\/figure>\n\n\n\n<p>M\u1ecdi th\u1eafc m\u1eafc v\u1ec1 h\u1ecdc b\u1ed5ng v\u00e0 h\u1ed7 tr\u1ee3: <a href=\"mailto:commission.social@upmd.fr\">commission.social@upmd.fr<\/a><\/p>\n\n\n\n<div style=\"height:var(--wp--preset--spacing--10)\" aria-hidden=\"true\" class=\"wp-block-spacer\"><\/div>\n\n\n\n<hr class=\"wp-block-separator has-alpha-channel-opacity\">\n\n\n\n<div style=\"height:var(--wp--preset--spacing--10)\" aria-hidden=\"true\" class=\"wp-block-spacer\"><\/div>\n\n\n\n<h2 class=\"wp-block-heading\">\u270f\ufe0f B\u00e0i vi\u1ebft m\u1edbi nh\u1ea5t: H\u1ecdc b\u1ed5ng &amp; h\u1ed7 tr\u1ee3<\/h2>\n\n\n<ul class=\"wp-block-latest-posts__list is-grid columns-3 wp-block-latest-posts\"><li><a class=\"wp-block-latest-posts__post-title\" href=\"https:\/\/www.upmd.fr\/vi\/%f0%9f%87%bb%f0%9f%87%b3-projet-oles-2021\/\">\ud83c\uddfb\ud83c\uddf3 Projet OLES 2021<\/a><\/li>\n<li><a class=\"wp-block-latest-posts__post-title\" href=\"https:\/\/www.upmd.fr\/vi\/%f0%9f%87%bb%f0%9f%87%b3-tang-may-tinh\/\">\ud83c\uddfb\ud83c\uddf3 T\u1eb7ng m\u00e1y t\u00ednh<\/a><\/li>\n<\/ul>\n\n\n<p>\u261e <a href=\"https:\/\/www.upmd.fr\/vi\/tat-ca-tin-tuc\/tat-ca-cac-bai-viet-hoc-bong-ho-tro\/\" data-type=\"page\" data-id=\"8315\">T\u1ea5t c\u1ea3 c\u00e1c b\u00e0i vi\u1ebft: H\u1ecdc b\u1ed5ng &amp; h\u1ed7 tr\u1ee3<\/a><\/p>\n\n\n\n<div style=\"height:var(--wp--preset--spacing--10)\" aria-hidden=\"true\" class=\"wp-block-spacer\"><\/div>\n\n\n\n<hr class=\"wp-block-separator has-alpha-channel-opacity\">\n\n\n\n<div style=\"height:var(--wp--preset--spacing--10)\" aria-hidden=\"true\" class=\"wp-block-spacer\"><\/div>\n\n\n\n<div class=\"wp-block-group is-nowrap is-layout-flex wp-container-core-group-is-layout-6c531013 wp-block-group-is-layout-flex\">\n<p>C\u1eadp nh\u1eadt l\u1ea7n cu\u1ed1i:<\/p>\n\n\n<\/div>\n\n\n\n<p><\/p>\n","protected":false},"excerpt":{"rendered":"<p>N\u1ed9p \u0111\u01a1n xin h\u1ecdc b\u1ed5ng Tr\u1ee3 gi\u00fap &#8211; C\u00e2u h\u1ecfi \u0110o\u00e0n k\u1ebft v\u1edbi tr\u1ebb em t\u1eeb c\u00e1c gia \u0111\u00ecnh c\u00f3 ho\u00e0n c\u1ea3nh kh\u00f3 kh\u0103n Ch\u00fang t\u00f4i c\u1ea7n s\u1ef1 \u1ee7ng h\u1ed9 c\u1ee7a b\u1ea1n. \u0110o\u00e0n k\u1ebft v\u1edbi tr\u1ebb em t\u1eeb c\u00e1c gia \u0111\u00ecnh c\u00f3 ho\u00e0n c\u1ea3nh kh\u00f3 kh\u0103n \ud83d\udd6f H\u1ecdc b\u1ed5ng Ch\u00fang t\u00f4i gi\u00fap c\u00e1c gia \u0111\u00ecnh [&hellip;]<\/p>\n","protected":false},"author":10,"featured_media":10072,"parent":11488,"menu_order":3,"comment_status":"closed","ping_status":"closed","template":"page-wide","meta":{"footnotes":""},"class_list":["post-11497","page","type-page","status-publish","has-post-thumbnail","hentry"],"_links":{"self":[{"href":"https:\/\/www.upmd.fr\/vi\/wp-json\/wp\/v2\/pages\/11497","targetHints":{"allow":["GET"]}}],"collection":[{"href":"https:\/\/www.upmd.fr\/vi\/wp-json\/wp\/v2\/pages"}],"about":[{"href":"https:\/\/www.upmd.fr\/vi\/wp-json\/wp\/v2\/types\/page"}],"author":[{"embeddable":true,"href":"https:\/\/www.upmd.fr\/vi\/wp-json\/wp\/v2\/users\/10"}],"replies":[{"embeddable":true,"href":"https:\/\/www.upmd.fr\/vi\/wp-json\/wp\/v2\/comments?post=11497"}],"version-history":[{"count":0,"href":"https:\/\/www.upmd.fr\/vi\/wp-json\/wp\/v2\/pages\/11497\/revisions"}],"up":[{"embeddable":true,"href":"https:\/\/www.upmd.fr\/vi\/wp-json\/wp\/v2\/pages\/11488"}],"wp:featuredmedia":[{"embeddable":true,"href":"https:\/\/www.upmd.fr\/vi\/wp-json\/wp\/v2\/media\/10072"}],"wp:attachment":[{"href":"https:\/\/www.upmd.fr\/vi\/wp-json\/wp\/v2\/media?parent=11497"}],"curies":[{"name":"wp","href":"https:\/\/api.w.org\/{rel}","templated":true}]}}