{"id":11488,"date":"2024-09-29T16:43:21","date_gmt":"2024-09-29T09:43:21","guid":{"rendered":"https:\/\/www.upmd.fr\/to-chuc-cua-chung-toi-muc-luc\/"},"modified":"2024-09-29T16:43:21","modified_gmt":"2024-09-29T09:43:21","slug":"to-chuc-cua-chung-toi-muc-luc","status":"publish","type":"page","link":"https:\/\/www.upmd.fr\/vi\/to-chuc-cua-chung-toi-muc-luc\/","title":{"rendered":"T\u1ed5 ch\u1ee9c c\u1ee7a ch\u00fang t\u00f4i | M\u1ee5c l\u1ee5c"},"content":{"rendered":"\n<h2 class=\"wp-block-heading\">\ud83d\ude8d V\u1eadn chuy\u1ec3n \u0111\u1ebfn tr\u01b0\u1eddng<\/h2>\n\n\n\n<p>\u0110\u01a1n v\u1ecb v\u1eadn chuy\u1ec3n h\u1ecdc sinh l\u00e0 nh\u00f3m l\u00e0m vi\u1ec7c g\u1ed3m c\u00e1c ph\u1ee5 huynh t\u00ecnh nguy\u1ec7n c\u00f3 m\u1ee5c ti\u00eau h\u1ee3p t\u00e1c v\u1edbi nh\u00e0 tr\u01b0\u1eddng v\u00e0 c\u00f4ng ty v\u1eadn chuy\u1ec3n \u0111\u1ec3 c\u00f9ng nhau t\u00ecm c\u00e1ch c\u1ea3i thi\u1ec7n s\u1ef1 tho\u1ea3i m\u00e1i v\u00e0 an to\u00e0n h\u00e0ng ng\u00e0y cho tr\u1ebb em tr\u00ean xe bu\u00fdt.<\/p>\n\n\n\n<p><a href=\"https:\/\/www.upmd.fr\/vi\/to-chuc-cua-chung-toi-muc-luc\/%f0%9f%85%bf-van-chuyen-den-truong\/\" data-type=\"page\" data-id=\"138\">T\u00ecm hi\u1ec3u th\u00eam<\/a> &#8230;<\/p>\n\n\n\n<h2 class=\"wp-block-heading\">\ud83c\udf92 \u0110\u1ed3 d\u00f9ng h\u1ecdc t\u1eadp<\/h2>\n\n\n\n<p>UPMD cung c\u1ea5p cho h\u1ecdc sinh Tr\u01b0\u1eddng Trung h\u1ecdc Qu\u1ed1c t\u1ebf Ph\u00e1p nh\u1eefng \u0111\u1ed3 d\u00f9ng h\u1ecdc t\u1eadp kh\u00f4ng \u0111\u01b0\u1ee3c b\u00e1n t\u1ea1i c\u00e1c hi\u1ec7u s\u00e1ch \u1edf Vi\u1ec7t Nam. H\u1ecdc sinh v\u00e0 ph\u1ee5 huynh c\u00f3 th\u1ec3 mua \u0111\u1ed3 d\u00f9ng h\u1ecdc t\u1eadp trong su\u1ed1t n\u0103m h\u1ecdc t\u1ea1i V\u0103n ph\u00f2ng Hi\u1ec7p h\u1ed9i (gi\u1eefa ph\u00f2ng k\u1ebf to\u00e1n v\u00e0 ph\u00f2ng y t\u1ebf) n\u1eb1m t\u1ea1i Lyc\u00e9e Fran\u00e7ais International Marguerite Duras. <\/p>\n\n\n\n<p><a href=\"https:\/\/www.upmd.fr\/vi\/to-chuc-cua-chung-toi-muc-luc\/%f0%9f%85%bf-do-dung-hoc-tap\/\" data-type=\"page\" data-id=\"150\">T\u00ecm hi\u1ec3u th\u00eam&#8230;<\/a><\/p>\n\n\n\n<h2 class=\"wp-block-heading\">\ud83e\ude79 H\u1ecdc b\u1ed5ng &amp; h\u1ed7 tr\u1ee3<\/h2>\n\n\n\n<p>H\u1ecdc b\u1ed5ng d\u00e0nh ri\u00eang cho tr\u1ebb em Ph\u00e1p \u0111ang sinh s\u1ed1ng c\u00f9ng gia \u0111\u00ecnh (\u00edt nh\u1ea5t m\u1ed9t trong hai ph\u1ee5 huynh) \u1edf n\u01b0\u1edbc ngo\u00e0i, \u0111\u01b0\u1ee3c \u0111\u0103ng k\u00fd trong s\u1ed5 \u0111\u0103ng k\u00fd to\u00e0n c\u1ea7u c\u1ee7a ng\u01b0\u1eddi Ph\u00e1p s\u1ed1ng b\u00ean ngo\u00e0i n\u01b0\u1edbc Ph\u00e1p v\u00e0 theo h\u1ecdc t\u1ea1i m\u1ed9t c\u01a1 s\u1edf gi\u00e1o d\u1ee5c \u0111\u01b0\u1ee3c B\u1ed9 Gi\u00e1o d\u1ee5c Qu\u1ed1c gia ch\u1ea5p thu\u1eadn, bao g\u1ed3m Lyc\u00e9e Fran\u00e7ais International. Ch\u00fang \u0111\u01b0\u1ee3c trao t\u00f9y thu\u1ed9c v\u00e0o \u0111i\u1ec1u ki\u1ec7n ngu\u1ed3n l\u1ef1c. Nh\u1eefng \u0111i\u1ec1u n\u00e0y ph\u1ea3i ph\u00f9 h\u1ee3p v\u1edbi thang ph\u00e2n b\u1ed5 \u0111\u01b0\u1ee3c thi\u1ebft l\u1eadp theo t\u00ecnh h\u00ecnh kinh t\u1ebf v\u00e0 x\u00e3 h\u1ed9i c\u1ee7a m\u1ed7i qu\u1ed1c gia.  <\/p>\n\n\n\n<p>UPMD mong mu\u1ed1n gi\u00fap \u0111\u1ee1 c\u00e1c gia \u0111\u00ecnh, \u0111\u1eb7c bi\u1ec7t l\u00e0 c\u00e1c gia \u0111\u00ecnh \u0111\u01a1n th\u00e2n c\u00f3 cha ho\u1eb7c m\u1eb9 n\u00f3i ti\u1ebfng Vi\u1ec7t, ho\u00e0n th\u00e0nh \u0111\u01a1n xin h\u1ecdc b\u1ed5ng cho con em m\u00ecnh. Tr\u00ean th\u1ef1c t\u1ebf, h\u00e0ng n\u0103m, c\u00e1c \u0111\u01a1n xin c\u1ea5p th\u1ecb th\u1ef1c \u0111\u1ec1u b\u1ecb ho\u00e3n l\u1ea1i ho\u1eb7c t\u1eeb ch\u1ed1i do th\u00f4ng tin kh\u00f4ng ch\u00ednh x\u00e1c ho\u1eb7c thi\u1ebfu. <\/p>\n\n\n\n<p><a href=\"https:\/\/www.upmd.fr\/vi\/to-chuc-cua-chung-toi-muc-luc\/%f0%9f%85%bf-hoc-bong-ho-tro\/\" data-type=\"page\" data-id=\"7525\">T\u00ecm hi\u1ec3u th\u00eam&#8230;<\/a><\/p>\n\n\n\n<h2 class=\"wp-block-heading\">\ud83c\udf89 Ng\u00e0y l\u1ec5 &amp; s\u1ef1 ki\u1ec7n: Halloween, Gi\u00e1ng sinh, T\u1ebft<\/h2>\n\n\n\n<p>C\u00e1c th\u00e0nh vi\u00ean t\u00ecnh nguy\u1ec7n t\u1ed5 ch\u1ee9c nhi\u1ec1u s\u1ef1 ki\u1ec7n d\u00e0nh cho tr\u1ebb em v\u00e0o nh\u1eefng th\u1eddi \u0111i\u1ec3m quan tr\u1ecdng n\u00e0y trong n\u0103m.<\/p>\n\n\n\n<p><a href=\"https:\/\/www.upmd.fr\/vi\/to-chuc-cua-chung-toi-muc-luc\/%f0%9f%85%bf-tiec-tung-su-kien\/\" data-type=\"page\" data-id=\"8248\">T\u00ecm hi\u1ec3u th\u00eam&#8230;<\/a><\/p>\n\n\n\n<h2 class=\"wp-block-heading\">\u26bd\ufe0f B\u00f3ng \u0111\u00e1<\/h2>\n\n\n\n<p>L\u00e0 nh\u1eefng ng\u01b0\u1eddi \u0111am m\u00ea b\u00f3ng \u0111\u00e1, c\u00e1c th\u00e0nh vi\u00ean c\u1ee7a UPMD n\u0103ng n\u1ed5 \u0111i\u1ec1u h\u00e0nh c\u00e2u l\u1ea1c b\u1ed9 b\u00f3ng \u0111\u00e1 \u0111\u1ec3 tr\u1ebb em c\u00f3 th\u1ec3 ph\u00e1t tri\u1ec3n ngh\u1ec7 thu\u1eadt r\u00ea b\u00f3ng, chuy\u1ec1n b\u00f3ng v\u00e0 tr\u00ean h\u1ebft l\u00e0 tinh th\u1ea7n \u0111\u1ed3ng \u0111\u1ed9i v\u00e0 l\u1ed1i ch\u01a1i t\u1eadp th\u1ec3.<\/p>\n\n\n\n<p><a href=\"https:\/\/www.upmd.fr\/vi\/to-chuc-cua-chung-toi-muc-luc\/%f0%9f%85%bf-bong-da\/\" data-type=\"page\" data-id=\"6708\">T\u00ecm hi\u1ec3u th\u00eam&#8230;<\/a><\/p>\n\n\n\n<h2 class=\"wp-block-heading\">\ud83c\udfa1 H\u1ed9i ch\u1ee3<\/h2>\n\n\n\n<p><strong>H\u00e0ng n\u0103m, hi\u1ec7p h\u1ed9i t\u1ed5 ch\u1ee9c ng\u00e0y l\u1ec5 tuy\u1ec7t v\u1eddi n\u00e0y v\u1edbi s\u1ef1 gi\u00fap \u0111\u1ee1 c\u1ee7a LFI.<\/strong><\/p>\n\n\n\n<p>C\u00e1c ch\u01b0\u01a1ng tr\u00ecnh cu\u1ed1i n\u0103m do c\u00e1c l\u1edbp kh\u00e1c nhau t\u1ed5 ch\u1ee9c k\u1ebft h\u1ee3p v\u1edbi c\u00e1c tr\u00f2 ch\u01a1i d\u00e0nh cho m\u1ecdi ng\u01b0\u1eddi, b\u00e1n h\u00e0ng thanh l\u00fd, gian h\u00e0ng th\u1ee7 c\u00f4ng, \u0111\u1ed3 \u0103n nh\u1eb9 v\u00e0 b\u1eefa tr\u01b0a, v\u00e0 t\u1ea5t nhi\u00ean l\u00e0 c\u1ea3 ch\u01b0\u01a1ng tr\u00ecnh x\u1ed5 s\u1ed1 l\u1edbn!<\/p>\n\n\n\n<p><strong>M\u1ed9t ng\u00e0y tr\u1ecdng \u0111\u1ea1i \u0111\u01b0\u1ee3c m\u1ecdi gia \u0111\u00ecnh h\u00e1o h\u1ee9c mong \u0111\u1ee3i.<\/strong><\/p>\n\n\n\n<p><a href=\"https:\/\/www.upmd.fr\/vi\/to-chuc-cua-chung-toi-muc-luc\/%f0%9f%85%bf-hoi-cho\/\" data-type=\"page\" data-id=\"323\">T\u00ecm hi\u1ec3u th\u00eam&#8230;<\/a><\/p>\n\n\n\n<h2 class=\"wp-block-heading\">\ud83e\udd50 H\u1ecdp v\u00e0 ch\u00e0o \u0111\u00f3n ph\u1ee5 huynh<\/h2>\n\n\n\n<p>B\u1ea1n c\u00f3 mu\u1ed1n g\u1eb7p g\u1ee1 nh\u1eefng ph\u1ee5 huynh kh\u00e1c \u0111\u1ec3 trao \u0111\u1ed5i kinh nghi\u1ec7m kh\u00f4ng? Ch\u00e0o \u0111\u00f3n cha m\u1eb9 m\u1edbi hay t\u1ed5 ch\u1ee9c th\u1ea3o lu\u1eadn v\u1ec1 vi\u1ec7c gi\u00e1o d\u1ee5c con c\u00e1i c\u1ee7a b\u1ea1n? \u0110\u1ed9i n\u00e0y c\u1ea7n b\u1ea1n  <\/p>\n\n\n\n<p><a href=\"https:\/\/www.upmd.fr\/vi\/to-chuc-cua-chung-toi-muc-luc\/%f0%9f%85%bf-hop-phu-huynh-va-tiec-chieu-dai\/\" data-type=\"page\" data-id=\"8251\">T\u00ecm hi\u1ec3u th\u00eam&#8230;<\/a><\/p>\n\n\n\n<p><\/p>\n\n\n\n<h2 class=\"wp-block-heading\">\ud83c\udf35 Xu\u1ea5t b\u1ea3n &amp; truy\u1ec1n th\u00f4ng<\/h2>\n\n\n\n<p>\u0110\u1ec3 truy\u1ec1n \u0111\u1ea1t v\u1ec1 c\u00e1c ho\u1ea1t \u0111\u1ed9ng c\u1ee7a m\u00ecnh. B\u1ea1n c\u00f3 n\u0103ng khi\u1ebfu trong l\u0129nh v\u1ef1c xu\u1ea5t b\u1ea3n ho\u1eb7c truy\u1ec1n th\u00f4ng web kh\u00f4ng? B\u1ea1n c\u00f3 mu\u1ed1n th\u1ec3 hi\u1ec7n t\u00e0i n\u0103ng thi\u1ebft k\u1ebf c\u1ee7a m\u00ecnh kh\u00f4ng? Tham gia nh\u00f3m x\u1eed l\u00fd web, email, Facebook v\u00e0 c\u00e1c \u1ea5n ph\u1ea9m kh\u00e1c.   <\/p>\n\n\n\n<p><a href=\"https:\/\/www.upmd.fr\/vi\/to-chuc-cua-chung-toi-muc-luc\/%f0%9f%85%bf-xuat-ban-va-truyen-thong\/\" data-type=\"page\" data-id=\"7903\">T\u00ecm hi\u1ec3u th\u00eam&#8230;<\/a><\/p>\n","protected":false},"excerpt":{"rendered":"<p>\ud83d\ude8d V\u1eadn chuy\u1ec3n \u0111\u1ebfn tr\u01b0\u1eddng \u0110\u01a1n v\u1ecb v\u1eadn chuy\u1ec3n h\u1ecdc sinh l\u00e0 nh\u00f3m l\u00e0m vi\u1ec7c g\u1ed3m c\u00e1c ph\u1ee5 huynh t\u00ecnh nguy\u1ec7n c\u00f3 m\u1ee5c ti\u00eau h\u1ee3p t\u00e1c v\u1edbi nh\u00e0 tr\u01b0\u1eddng v\u00e0 c\u00f4ng ty v\u1eadn chuy\u1ec3n \u0111\u1ec3 c\u00f9ng nhau t\u00ecm c\u00e1ch c\u1ea3i thi\u1ec7n s\u1ef1 tho\u1ea3i m\u00e1i v\u00e0 an to\u00e0n h\u00e0ng ng\u00e0y cho tr\u1ebb em tr\u00ean xe bu\u00fdt. [&hellip;]<\/p>\n","protected":false},"author":8,"featured_media":10102,"parent":0,"menu_order":0,"comment_status":"closed","ping_status":"closed","template":"page-wide","meta":{"footnotes":""},"class_list":["post-11488","page","type-page","status-publish","has-post-thumbnail","hentry"],"_links":{"self":[{"href":"https:\/\/www.upmd.fr\/vi\/wp-json\/wp\/v2\/pages\/11488","targetHints":{"allow":["GET"]}}],"collection":[{"href":"https:\/\/www.upmd.fr\/vi\/wp-json\/wp\/v2\/pages"}],"about":[{"href":"https:\/\/www.upmd.fr\/vi\/wp-json\/wp\/v2\/types\/page"}],"author":[{"embeddable":true,"href":"https:\/\/www.upmd.fr\/vi\/wp-json\/wp\/v2\/users\/8"}],"replies":[{"embeddable":true,"href":"https:\/\/www.upmd.fr\/vi\/wp-json\/wp\/v2\/comments?post=11488"}],"version-history":[{"count":0,"href":"https:\/\/www.upmd.fr\/vi\/wp-json\/wp\/v2\/pages\/11488\/revisions"}],"wp:featuredmedia":[{"embeddable":true,"href":"https:\/\/www.upmd.fr\/vi\/wp-json\/wp\/v2\/media\/10102"}],"wp:attachment":[{"href":"https:\/\/www.upmd.fr\/vi\/wp-json\/wp\/v2\/media?parent=11488"}],"curies":[{"name":"wp","href":"https:\/\/api.w.org\/{rel}","templated":true}]}}