{"id":11484,"date":"2024-09-23T06:44:33","date_gmt":"2024-09-22T23:44:33","guid":{"rendered":"https:\/\/www.upmd.fr\/%f0%9f%85%bf-xuat-ban-va-truyen-thong\/"},"modified":"2025-03-24T10:05:23","modified_gmt":"2025-03-24T03:05:23","slug":"%f0%9f%85%bf-xuat-ban-va-truyen-thong","status":"publish","type":"page","link":"https:\/\/www.upmd.fr\/vi\/to-chuc-cua-chung-toi-muc-luc\/%f0%9f%85%bf-xuat-ban-va-truyen-thong\/","title":{"rendered":"\ud83c\udd7f Xu\u1ea5t b\u1ea3n v\u00e0 truy\u1ec1n th\u00f4ng"},"content":{"rendered":"\n<h1 class=\"wp-block-heading\">\ud83c\udfdc Ng\u00e0y x\u1eeda ng\u00e0y x\u01b0a&#8230;<\/h1>\n\n\n\n<p>B\u1ea3n tin<\/p>\n\n\n\n<p><a href=\"https:\/\/www.upmd.fr\/vi\/to-chuc-cua-chung-toi-muc-luc\/%f0%9f%85%bf-xuat-ban-va-truyen-thong\/ban-tin-cua-phu-huynh\/\" data-type=\"page\" data-id=\"478\">B\u1ea3n tin c\u1ee7a ph\u1ee5 huynh<\/a><\/p>\n\n\n\n<h2 class=\"wp-block-heading\">\ud83d\ude82 Ch\u00fang t\u00f4i c\u0169ng ch\u0103m s\u00f3c:<\/h2>\n\n\n\n<ul class=\"wp-block-list\">\n<li>Trang web (v\u00e2ng, trang n\u00e0y)<\/li>\n\n\n\n<li><a href=\"https:\/\/www.facebook.com\/UPMD.Marguerite.Duras\" target=\"_blank\" rel=\"noreferrer noopener\">Facebook<\/a><\/li>\n\n\n\n<li><a href=\"https:\/\/chat.whatsapp.com\/BhV4dzoqCmVLvQq7ElgiQZ\" target=\"_blank\" rel=\"noreferrer noopener\">Whatsapp<\/a> (ngu\u1ed3n c\u1ea5p tin t\u1ee9c)<\/li>\n\n\n\n<li><a href=\"https:\/\/www.youtube.com\/@YOUPMD\" target=\"_blank\" rel=\"noreferrer noopener\">Youtube<\/a><\/li>\n<\/ul>\n\n\n\n<h2 class=\"wp-block-heading\">Li\u00ean h\u1ec7<\/h2>\n\n\n\n<p>communication@upmd.fr<\/p>\n\n\n\n<div style=\"height:var(--wp--preset--spacing--10)\" aria-hidden=\"true\" class=\"wp-block-spacer\"><\/div>\n\n\n\n<hr class=\"wp-block-separator has-alpha-channel-opacity\">\n\n\n\n<div style=\"height:var(--wp--preset--spacing--10)\" aria-hidden=\"true\" class=\"wp-block-spacer\"><\/div>\n\n\n\n<h2 class=\"wp-block-heading\">\u270f\ufe0f B\u00e0i vi\u1ebft m\u1edbi nh\u1ea5t<\/h2>\n\n\n<ul class=\"wp-block-latest-posts__list is-grid columns-3 wp-block-latest-posts\"><li><a class=\"wp-block-latest-posts__post-title\" href=\"https:\/\/www.upmd.fr\/vi\/ra-mat-trang-web-moi-%f0%9f%8e%89\/\">Ra m\u1eaft trang web m\u1edbi! \ud83c\udf89<\/a><\/li>\n<li><a class=\"wp-block-latest-posts__post-title\" href=\"https:\/\/www.upmd.fr\/vi\/%f0%9f%87%bb%f0%9f%87%b3-upmd-whatsapp-fil-tin-tuc\/\">\ud83c\uddfb\ud83c\uddf3 UPMD WhatsApp Fil Tin t\u1ee9c<\/a><\/li>\n<li><a class=\"wp-block-latest-posts__post-title\" href=\"https:\/\/www.upmd.fr\/vi\/%f0%9f%87%bb%f0%9f%87%b3-la-gazette-des-parents-n7\/\">\ud83c\uddfb\ud83c\uddf3 La Gazette des parents n\u00b07<\/a><\/li>\n<\/ul>\n\n\n<div style=\"height:var(--wp--preset--spacing--10)\" aria-hidden=\"true\" class=\"wp-block-spacer\"><\/div>\n\n\n\n<hr class=\"wp-block-separator has-alpha-channel-opacity\">\n\n\n\n<div style=\"height:var(--wp--preset--spacing--10)\" aria-hidden=\"true\" class=\"wp-block-spacer\"><\/div>\n\n\n\n<div class=\"wp-block-group is-nowrap is-layout-flex wp-container-core-group-is-layout-6c531013 wp-block-group-is-layout-flex\">\n<p>C\u1eadp nh\u1eadt l\u1ea7n cu\u1ed1i<\/p>\n\n\n<div class=\"wp-block-post-date__modified-date wp-block-post-date\"><time datetime=\"2025-03-24T10:05:23+07:00\">24\/03\/2025<\/time><\/div><\/div>\n","protected":false},"excerpt":{"rendered":"<p>\ud83c\udfdc Ng\u00e0y x\u1eeda ng\u00e0y x\u01b0a&#8230; B\u1ea3n tin B\u1ea3n tin c\u1ee7a ph\u1ee5 huynh \ud83d\ude82 Ch\u00fang t\u00f4i c\u0169ng ch\u0103m s\u00f3c: Li\u00ean h\u1ec7 communication@upmd.fr \u270f\ufe0f B\u00e0i vi\u1ebft m\u1edbi nh\u1ea5t C\u1eadp nh\u1eadt l\u1ea7n cu\u1ed1i<\/p>\n","protected":false},"author":8,"featured_media":10088,"parent":11488,"menu_order":8,"comment_status":"closed","ping_status":"closed","template":"page-wide","meta":{"footnotes":""},"class_list":["post-11484","page","type-page","status-publish","has-post-thumbnail","hentry"],"_links":{"self":[{"href":"https:\/\/www.upmd.fr\/vi\/wp-json\/wp\/v2\/pages\/11484","targetHints":{"allow":["GET"]}}],"collection":[{"href":"https:\/\/www.upmd.fr\/vi\/wp-json\/wp\/v2\/pages"}],"about":[{"href":"https:\/\/www.upmd.fr\/vi\/wp-json\/wp\/v2\/types\/page"}],"author":[{"embeddable":true,"href":"https:\/\/www.upmd.fr\/vi\/wp-json\/wp\/v2\/users\/8"}],"replies":[{"embeddable":true,"href":"https:\/\/www.upmd.fr\/vi\/wp-json\/wp\/v2\/comments?post=11484"}],"version-history":[{"count":1,"href":"https:\/\/www.upmd.fr\/vi\/wp-json\/wp\/v2\/pages\/11484\/revisions"}],"predecessor-version":[{"id":11489,"href":"https:\/\/www.upmd.fr\/vi\/wp-json\/wp\/v2\/pages\/11484\/revisions\/11489"}],"up":[{"embeddable":true,"href":"https:\/\/www.upmd.fr\/vi\/wp-json\/wp\/v2\/pages\/11488"}],"wp:featuredmedia":[{"embeddable":true,"href":"https:\/\/www.upmd.fr\/vi\/wp-json\/wp\/v2\/media\/10088"}],"wp:attachment":[{"href":"https:\/\/www.upmd.fr\/vi\/wp-json\/wp\/v2\/media?parent=11484"}],"curies":[{"name":"wp","href":"https:\/\/api.w.org\/{rel}","templated":true}]}}