{"id":11481,"date":"2019-09-04T09:36:37","date_gmt":"2019-09-04T02:36:37","guid":{"rendered":"https:\/\/www.upmd.fr\/gioi-thieu-ve-upmd\/hoi-dong-quan-tri-upmd\/"},"modified":"2025-03-24T13:38:00","modified_gmt":"2025-03-24T06:38:00","slug":"hoi-dong-quan-tri-upmd","status":"publish","type":"page","link":"https:\/\/www.upmd.fr\/vi\/gioi-thieu-ve-upmd\/hoi-dong-quan-tri-upmd\/","title":{"rendered":"H\u1ed9i \u0111\u1ed3ng qu\u1ea3n tr\u1ecb UPMD"},"content":{"rendered":"\n<h1 class=\"wp-block-heading\">G\u1eb7p g\u1ee1 nh\u00f3m c\u1ee7a ch\u00fang t\u00f4i<\/h1>\n\n\n\n<p>UPMD l\u00e0 m\u1ed9t hi\u1ec7p h\u1ed9i phi l\u1ee3i nhu\u1eadn, \u0111\u01b0\u1ee3c \u0111i\u1ec1u h\u00e0nh b\u1edfi c\u00e1c t\u00ecnh nguy\u1ec7n vi\u00ean.<\/p>\n\n\n\n<h2 class=\"wp-block-heading\">\u2699\ufe0f H\u1ed9i \u0111\u1ed3ng qu\u1ea3n tr\u1ecb<\/h2>\n\n\n\n<p>\u0110\u00f4i khi \u0111\u01b0\u1ee3c g\u1ecdi l\u00e0 &#8220;CA&#8221;, <strong>H\u1ed9i \u0111\u1ed3ng qu\u1ea3n tr\u1ecb<\/strong> l\u00e0 c\u01a1 quan qu\u1ea3n l\u00fd hi\u1ec7p h\u1ed9i c\u1ee7a ch\u00fang t\u00f4i. H\u1ed9i \u0111\u01b0\u1ee3c th\u00e0nh l\u1eadp h\u00e0ng n\u0103m t\u1ea1i <strong>cu\u1ed9c h\u1ecdp chung<\/strong> c\u1ee7a hi\u1ec7p h\u1ed9i di\u1ec5n ra v\u00e0o \u0111\u1ea7u n\u0103m h\u1ecdc (th\u01b0\u1eddng l\u00e0 v\u00e0o th\u00e1ng 10). <\/p>\n\n\n\n<p>H\u1ed9i \u0111\u1ed3ng qu\u1ea3n tr\u1ecb b\u1ea7u ra m\u1ed9t \u1ee7y ban \u0111i\u1ec1u h\u00e0nh t\u1eeb c\u00e1c th\u00e0nh vi\u00ean c\u1ee7a m\u00ecnh.<\/p>\n\n\n\n<h2 class=\"wp-block-heading\">\ud83d\udee0 V\u0103n ph\u00f2ng \u0111i\u1ec1u h\u00e0nh<\/h2>\n\n\n\n<p>Ban \u0111i\u1ec1u h\u00e0nh bao g\u1ed3m nh\u1eefng t\u00ecnh nguy\u1ec7n vi\u00ean t\u1eadn t\u00e2m nh\u1ea5t. \u0110\u01b0\u1ee3c b\u1ea7u t\u1eeb c\u00e1c th\u00e0nh vi\u00ean c\u1ee7a H\u1ed9i \u0111\u1ed3ng qu\u1ea3n tr\u1ecb t\u1ea1i \u0110\u1ea1i h\u1ed9i \u0111\u1ed3ng th\u01b0\u1eddng ni\u00ean, m\u1ed9t s\u1ed1 ng\u01b0\u1eddi c\u00f3 th\u1ec3 d\u00e0nh trung b\u00ecnh h\u01a1n 4 gi\u1edd m\u1ed7i ng\u00e0y trong m\u1ed9t n\u0103m v\u00ec l\u1ee3i \u00edch c\u1ee7a t\u1ea5t c\u1ea3 m\u1ecdi ng\u01b0\u1eddi. <\/p>\n\n\n\n<h2 class=\"wp-block-heading\">\ud83d\udd27 C\u00e1c th\u00e0nh vi\u00ean kh\u00e1c c\u1ee7a H\u1ed9i \u0111\u1ed3ng qu\u1ea3n tr\u1ecb<\/h2>\n\n\n\n<p>C\u00e1c th\u00e0nh vi\u00ean kh\u00e1c c\u1ee7a H\u1ed9i \u0111\u1ed3ng qu\u1ea3n tr\u1ecb gi\u1ed1ng nh\u01b0 V\u0103n ph\u00f2ng t\u00ecnh nguy\u1ec7n vi\u00ean \u0111\u01b0\u1ee3c b\u1ea7u t\u1ea1i \u0110\u1ea1i h\u1ed9i \u0111\u1ed3ng th\u01b0\u1eddng ni\u00ean ho\u1eb7c \u0111\u01b0\u1ee3c b\u1ed5 nhi\u1ec7m v\u00e0o cu\u1ed1i n\u0103m \u0111\u1ec3 h\u1ed7 tr\u1ee3 m\u1ecdi nhi\u1ec7m v\u1ee5 c\u1ee7a hi\u1ec7p h\u1ed9i.  <\/p>\n\n\n\n<p>Th\u00e0nh vi\u00ean danh d\u1ef1 l\u00e0 th\u00e0nh vi\u00ean \u0111\u01b0\u1ee3c c\u00f4ng nh\u1eadn v\u00ec c\u00f3 cam k\u1ebft b\u1ec1n v\u1eefng ho\u1eb7c th\u00e0nh t\u00edch xu\u1ea5t s\u1eafc.<\/p>\n\n\n\n<h2 class=\"wp-block-heading\">\ud83d\udd0e Danh s\u00e1ch th\u00e0nh vi\u00ean H\u1ed9i \u0111\u1ed3ng qu\u1ea3n tr\u1ecb<\/h2>\n\n\n\n<p><a href=\"https:\/\/www.upmd.fr\/ca-members-2023-2024\/\" data-type=\"post\" data-id=\"7424\">Danh s\u00e1ch th\u00e0nh vi\u00ean H\u1ed9i \u0111\u1ed3ng qu\u1ea3n tr\u1ecb UPMD 2023-2024<\/a><\/p>\n\n\n\n<p><a href=\"https:\/\/www.upmd.fr\/vi\/hoi-dong-quan-tri\/\" data-type=\"page\" data-id=\"11552\">Danh s\u00e1ch th\u00e0nh vi\u00ean H\u1ed9i \u0111\u1ed3ng qu\u1ea3n tr\u1ecb UPMD 2024-2025<\/a><\/p>\n\n\n\n<p><\/p>\n","protected":false},"excerpt":{"rendered":"<p>G\u1eb7p g\u1ee1 nh\u00f3m c\u1ee7a ch\u00fang t\u00f4i UPMD l\u00e0 m\u1ed9t hi\u1ec7p h\u1ed9i phi l\u1ee3i nhu\u1eadn, \u0111\u01b0\u1ee3c \u0111i\u1ec1u h\u00e0nh b\u1edfi c\u00e1c t\u00ecnh nguy\u1ec7n vi\u00ean. \u2699\ufe0f H\u1ed9i \u0111\u1ed3ng qu\u1ea3n tr\u1ecb \u0110\u00f4i khi \u0111\u01b0\u1ee3c g\u1ecdi l\u00e0 &#8220;CA&#8221;, H\u1ed9i \u0111\u1ed3ng qu\u1ea3n tr\u1ecb l\u00e0 c\u01a1 quan qu\u1ea3n l\u00fd hi\u1ec7p h\u1ed9i c\u1ee7a ch\u00fang t\u00f4i. H\u1ed9i \u0111\u01b0\u1ee3c th\u00e0nh l\u1eadp h\u00e0ng n\u0103m t\u1ea1i cu\u1ed9c [&hellip;]<\/p>\n","protected":false},"author":3,"featured_media":0,"parent":11363,"menu_order":5,"comment_status":"closed","ping_status":"closed","template":"page-wide","meta":{"footnotes":""},"class_list":["post-11481","page","type-page","status-publish","hentry"],"_links":{"self":[{"href":"https:\/\/www.upmd.fr\/vi\/wp-json\/wp\/v2\/pages\/11481","targetHints":{"allow":["GET"]}}],"collection":[{"href":"https:\/\/www.upmd.fr\/vi\/wp-json\/wp\/v2\/pages"}],"about":[{"href":"https:\/\/www.upmd.fr\/vi\/wp-json\/wp\/v2\/types\/page"}],"author":[{"embeddable":true,"href":"https:\/\/www.upmd.fr\/vi\/wp-json\/wp\/v2\/users\/3"}],"replies":[{"embeddable":true,"href":"https:\/\/www.upmd.fr\/vi\/wp-json\/wp\/v2\/comments?post=11481"}],"version-history":[{"count":1,"href":"https:\/\/www.upmd.fr\/vi\/wp-json\/wp\/v2\/pages\/11481\/revisions"}],"predecessor-version":[{"id":11642,"href":"https:\/\/www.upmd.fr\/vi\/wp-json\/wp\/v2\/pages\/11481\/revisions\/11642"}],"up":[{"embeddable":true,"href":"https:\/\/www.upmd.fr\/vi\/wp-json\/wp\/v2\/pages\/11363"}],"wp:attachment":[{"href":"https:\/\/www.upmd.fr\/vi\/wp-json\/wp\/v2\/media?parent=11481"}],"curies":[{"name":"wp","href":"https:\/\/api.w.org\/{rel}","templated":true}]}}