{"id":11480,"date":"2024-09-30T17:19:23","date_gmt":"2024-09-30T10:19:23","guid":{"rendered":"https:\/\/www.upmd.fr\/chinh-sach-bao-mat\/"},"modified":"2024-09-30T17:19:23","modified_gmt":"2024-09-30T10:19:23","slug":"chinh-sach-bao-mat","status":"publish","type":"page","link":"https:\/\/www.upmd.fr\/vi\/chinh-sach-bao-mat\/","title":{"rendered":"Ch\u00ednh s\u00e1ch b\u1ea3o m\u1eadt"},"content":{"rendered":"\n<h2 class=\"wp-block-heading\">Ch\u00ednh s\u00e1ch b\u1ea3o m\u1eadt<\/h2>\n\n\n\n<h3 class=\"wp-block-heading\">1. <strong>Gi\u1edbi thi\u1ec7u<\/strong><\/h3>\n\n\n\n<p>Hi\u1ec7p h\u1ed9i ph\u1ee5 huynh Union des Parents de Marguerite Duras (UPMD) (sau \u0111\u00e2y g\u1ecdi l\u00e0 &#8220;Hi\u1ec7p h\u1ed9i&#8221;) cam k\u1ebft b\u1ea3o v\u1ec7 quy\u1ec1n ri\u00eang t\u01b0 c\u1ee7a c\u00e1c th\u00e0nh vi\u00ean v\u00e0 tu\u00e2n th\u1ee7 c\u00e1c quy \u0111\u1ecbnh hi\u1ec7n h\u00e0nh v\u1ec1 b\u1ea3o v\u1ec7 d\u1eef li\u1ec7u c\u00e1 nh\u00e2n, \u0111\u1eb7c bi\u1ec7t l\u00e0 Quy \u0111\u1ecbnh b\u1ea3o v\u1ec7 d\u1eef li\u1ec7u chung (GDPR). Ch\u00ednh s\u00e1ch b\u1ea3o m\u1eadt n\u00e0y gi\u1ea3i th\u00edch c\u00e1ch ch\u00fang t\u00f4i thu th\u1eadp, s\u1eed d\u1ee5ng v\u00e0 b\u1ea3o v\u1ec7 th\u00f4ng tin c\u00e1 nh\u00e2n m\u00e0 b\u1ea1n cung c\u1ea5p cho ch\u00fang t\u00f4i th\u00f4ng qua trang web c\u1ee7a ch\u00fang t\u00f4i. <\/p>\n\n\n\n<h3 class=\"wp-block-heading\">2. <strong>D\u1eef li\u1ec7u \u0111\u01b0\u1ee3c thu th\u1eadp<\/strong><\/h3>\n\n\n\n<p>Trong ho\u1ea1t \u0111\u1ed9ng c\u1ee7a m\u00ecnh, ch\u00fang t\u00f4i thu th\u1eadp v\u00e0 x\u1eed l\u00fd c\u00e1c d\u1eef li\u1ec7u c\u00e1 nh\u00e2n sau:<\/p>\n\n\n\n<ul class=\"wp-block-list\">\n<li>H\u1ecd v\u00e0 t\u00ean c\u1ee7a cha m\u1eb9 v\u00e0 con c\u00e1i<\/li>\n\n\n\n<li>L\u1edbp tr\u1ebb em<\/li>\n\n\n\n<li>\u0110\u1ecba ch\u1ec9 email<\/li>\n\n\n\n<li>Tham gia \u0111\u01b0a \u0111\u00f3n \u0111\u1ebfn tr\u01b0\u1eddng (c\u00f3\/kh\u00f4ng)<\/li>\n\n\n\n<li>\u0110\u1ecba ch\u1ec9 g\u1eedi th\u01b0<\/li>\n\n\n\n<li>S\u1ed1 \u0111i\u1ec7n tho\u1ea1i li\u00ean l\u1ea1c<\/li>\n\n\n\n<li>Ng\u00e0y sinh<\/li>\n\n\n\n<li>Ng\u00f4n ng\u1eef giao ti\u1ebfp<\/li>\n\n\n\n<li>Nh\u1eefng t\u00ecnh tr\u1ea1ng \u0111\u1eb7c bi\u1ec7t c\u1ea7n l\u01b0u \u00fd (D\u1ecb \u1ee9ng, khuy\u1ebft t\u1eadt, v.v.)<\/li>\n\n\n\n<li>Qu\u1ed1c t\u1ecbch<\/li>\n<\/ul>\n\n\n\n<p>D\u1eef li\u1ec7u n\u00e0y ch\u1ec9 \u0111\u01b0\u1ee3c thu th\u1eadp khi b\u1ea1n t\u1ef1 nguy\u1ec7n cung c\u1ea5p cho ch\u00fang t\u00f4i, v\u00ed d\u1ee5 nh\u01b0 khi b\u1ea1n \u0111\u0103ng k\u00fd v\u1edbi hi\u1ec7p h\u1ed9i \u0111\u1ec3 \u0111\u01b0\u1ee3c h\u01b0\u1edfng d\u1ecbch v\u1ee5 \u0111\u01b0a \u0111\u00f3n \u0111\u1ebfn tr\u01b0\u1eddng.<\/p>\n\n\n\n<h3 class=\"wp-block-heading\">3. <strong>M\u1ee5c \u0111\u00edch x\u1eed l\u00fd d\u1eef li\u1ec7u<\/strong><\/h3>\n\n\n\n<p>Ch\u00fang t\u00f4i thu th\u1eadp d\u1eef li\u1ec7u n\u00e0y cho c\u00e1c m\u1ee5c \u0111\u00edch sau:<\/p>\n\n\n\n<ul class=\"wp-block-list\">\n<li><strong>Qu\u1ea3n l\u00fd h\u00e0nh ch\u00ednh<\/strong> : t\u1ed5 ch\u1ee9c c\u00e1c ho\u1ea1t \u0111\u1ed9ng c\u1ee7a hi\u1ec7p h\u1ed9i, truy\u1ec1n \u0111\u1ea1t th\u00f4ng tin quan tr\u1ecdng.<\/li>\n\n\n\n<li><strong>V\u1eadn chuy\u1ec3n h\u1ecdc sinh<\/strong> : qu\u1ea3n l\u00fd \u0111\u0103ng k\u00fd v\u00e0 \u0111i\u1ec1u ph\u1ed1i v\u1eadn chuy\u1ec3n h\u1ecdc sinh.<\/li>\n\n\n\n<li><strong>Giao ti\u1ebfp<\/strong> : g\u1eedi email \u0111\u1ec3 th\u00f4ng b\u00e1o v\u1ec1 c\u00e1c cu\u1ed9c h\u1ecdp, s\u1ef1 ki\u1ec7n v\u00e0 ho\u1ea1t \u0111\u1ed9ng c\u1ee7a hi\u1ec7p h\u1ed9i.<\/li>\n\n\n\n<li><strong>T\u00f9y ch\u1ecdn ng\u00f4n ng\u1eef<\/strong> : \u0111\u1ea3m b\u1ea3o giao ti\u1ebfp b\u1eb1ng ng\u00f4n ng\u1eef do c\u00e1c th\u00e0nh vi\u00ean l\u1ef1a ch\u1ecdn.<\/li>\n<\/ul>\n\n\n\n<h3 class=\"wp-block-heading\">4. <strong>C\u01a1 s\u1edf ph\u00e1p l\u00fd \u0111\u1ec3 x\u1eed l\u00fd<\/strong><\/h3>\n\n\n\n<p>Vi\u1ec7c x\u1eed l\u00fd d\u1eef li\u1ec7u c\u00e1 nh\u00e2n d\u1ef1a tr\u00ean:<\/p>\n\n\n\n<ul class=\"wp-block-list\">\n<li><strong>S\u1ef1 \u0111\u1ed3ng \u00fd<\/strong> : B\u1eb1ng c\u00e1ch \u0111\u00e1nh d\u1ea5u v\u00e0o \u00f4 ch\u1ea5p nh\u1eadn khi \u0111\u0103ng k\u00fd, b\u1ea1n \u0111\u1ed3ng \u00fd cho Hi\u1ec7p h\u1ed9i s\u1eed d\u1ee5ng d\u1eef li\u1ec7u c\u00e1 nh\u00e2n c\u1ee7a b\u1ea1n cho c\u00e1c m\u1ee5c \u0111\u00edch \u0111\u00e3 n\u00eau \u1edf tr\u00ean.<\/li>\n\n\n\n<li><strong>L\u1ee3i \u00edch h\u1ee3p ph\u00e1p<\/strong> : \u0111\u1ea3m b\u1ea3o ho\u1ea1t \u0111\u1ed9ng \u0111\u00fang \u0111\u1eafn c\u1ee7a Hi\u1ec7p h\u1ed9i v\u00e0 qu\u1ea3n l\u00fd c\u00e1c ho\u1ea1t \u0111\u1ed9ng m\u00e0 b\u1ea1n tham gia.<\/li>\n<\/ul>\n\n\n\n<h3 class=\"wp-block-heading\">5. <strong>Ng\u01b0\u1eddi nh\u1eadn d\u1eef li\u1ec7u<\/strong><\/h3>\n\n\n\n<p>D\u1eef li\u1ec7u \u0111\u01b0\u1ee3c thu th\u1eadp ch\u1ec9 c\u00f3 th\u1ec3 \u0111\u01b0\u1ee3c truy c\u1eadp b\u1edfi c\u00e1c th\u00e0nh vi\u00ean \u0111\u01b0\u1ee3c \u1ee7y quy\u1ec1n c\u1ee7a v\u0103n ph\u00f2ng hi\u1ec7p h\u1ed9i v\u00e0 nh\u1eefng ng\u01b0\u1eddi ch\u1ecbu tr\u00e1ch nhi\u1ec7m v\u1ec1 tr\u01b0\u1eddng h\u1ecdc v\u00e0 c\u00e1c ho\u1ea1t \u0111\u1ed9ng ngo\u1ea1i kh\u00f3a. Kh\u00f4ng c\u00f3 d\u1eef li\u1ec7u c\u00e1 nh\u00e2n n\u00e0o \u0111\u01b0\u1ee3c cung c\u1ea5p cho b\u00ean th\u1ee9 ba m\u00e0 kh\u00f4ng c\u00f3 s\u1ef1 \u0111\u1ed3ng \u00fd r\u00f5 r\u00e0ng c\u1ee7a b\u1ea1n, tr\u1eeb khi ph\u00e1p lu\u1eadt y\u00eau c\u1ea7u. <\/p>\n\n\n\n<h3 class=\"wp-block-heading\">6. <strong>Th\u1eddi gian l\u01b0u gi\u1eef d\u1eef li\u1ec7u<\/strong><\/h3>\n\n\n\n<p>D\u1eef li\u1ec7u c\u00e1 nh\u00e2n c\u1ee7a b\u1ea1n \u0111\u01b0\u1ee3c l\u01b0u gi\u1eef trong su\u1ed1t th\u1eddi gian b\u1ea1n l\u00e0 th\u00e0nh vi\u00ean c\u1ee7a Hi\u1ec7p h\u1ed9i v\u00e0 cho \u0111\u1ebfn khi[indiquer une dur\u00e9e] sau khi k\u1ebft th\u00fac vi\u1ec7c n\u00e0y, \u0111\u1ec3 tu\u00e2n th\u1ee7 c\u00e1c ngh\u0129a v\u1ee5 ph\u00e1p l\u00fd. Sau th\u1eddi h\u1ea1n n\u00e0y, ch\u00fang s\u1ebd b\u1ecb x\u00f3a ho\u1eb7c \u1ea9n danh. <\/p>\n\n\n\n<h3 class=\"wp-block-heading\">7. <strong>Quy\u1ec1n c\u1ee7a b\u1ea1n<\/strong><\/h3>\n\n\n\n<p>Theo quy \u0111\u1ecbnh c\u1ee7a GDPR, b\u1ea1n c\u00f3 c\u00e1c quy\u1ec1n sau \u0111\u00e2y li\u00ean quan \u0111\u1ebfn d\u1eef li\u1ec7u c\u00e1 nh\u00e2n c\u1ee7a m\u00ecnh:<\/p>\n\n\n\n<ul class=\"wp-block-list\">\n<li><strong>Quy\u1ec1n truy c\u1eadp<\/strong> : b\u1ea1n c\u00f3 quy\u1ec1n y\u00eau c\u1ea7u sao ch\u00e9p d\u1eef li\u1ec7u c\u00e1 nh\u00e2n c\u1ee7a m\u00ecnh.<\/li>\n\n\n\n<li><strong>Quy\u1ec1n ch\u1ec9nh s\u1eeda<\/strong> : b\u1ea1n c\u00f3 th\u1ec3 y\u00eau c\u1ea7u ch\u1ec9nh s\u1eeda b\u1ea5t k\u1ef3 th\u00f4ng tin n\u00e0o kh\u00f4ng ch\u00ednh x\u00e1c ho\u1eb7c kh\u00f4ng \u0111\u1ea7y \u0111\u1ee7.<\/li>\n\n\n\n<li><strong>Quy\u1ec1n x\u00f3a<\/strong> : b\u1ea1n c\u00f3 th\u1ec3 y\u00eau c\u1ea7u x\u00f3a d\u1eef li\u1ec7u c\u1ee7a m\u00ecnh trong m\u1ed9t s\u1ed1 \u0111i\u1ec1u ki\u1ec7n nh\u1ea5t \u0111\u1ecbnh.<\/li>\n\n\n\n<li><strong>Quy\u1ec1n h\u1ea1n ch\u1ebf x\u1eed l\u00fd<\/strong> : B\u1ea1n c\u00f3 quy\u1ec1n y\u00eau c\u1ea7u h\u1ea1n ch\u1ebf vi\u1ec7c x\u1eed l\u00fd d\u1eef li\u1ec7u c\u1ee7a m\u00ecnh.<\/li>\n\n\n\n<li><strong>Quy\u1ec1n chuy\u1ec3n d\u1eef li\u1ec7u<\/strong> : b\u1ea1n c\u00f3 quy\u1ec1n nh\u1eadn d\u1eef li\u1ec7u c\u00e1 nh\u00e2n c\u1ee7a m\u00ecnh theo \u0111\u1ecbnh d\u1ea1ng c\u00f3 c\u1ea5u tr\u00fac, \u0111\u01b0\u1ee3c s\u1eed d\u1ee5ng ph\u1ed5 bi\u1ebfn v\u00e0 c\u00f3 th\u1ec3 \u0111\u1ecdc \u0111\u01b0\u1ee3c b\u1eb1ng m\u00e1y.<\/li>\n\n\n\n<li><strong>Quy\u1ec1n ph\u1ea3n \u0111\u1ed1i<\/strong> : b\u1ea1n c\u00f3 th\u1ec3 ph\u1ea3n \u0111\u1ed1i vi\u1ec7c x\u1eed l\u00fd d\u1eef li\u1ec7u c\u1ee7a m\u00ecnh b\u1ea5t k\u1ef3 l\u00fac n\u00e0o v\u00ec nh\u1eefng l\u00fd do li\u00ean quan \u0111\u1ebfn t\u00ecnh hu\u1ed1ng c\u1ee5 th\u1ec3 c\u1ee7a b\u1ea1n.<\/li>\n<\/ul>\n\n\n\n<p>\u0110\u1ec3 th\u1ef1c hi\u1ec7n c\u00e1c quy\u1ec1n n\u00e0y, b\u1ea1n c\u00f3 th\u1ec3 li\u00ean h\u1ec7 v\u1edbi ch\u00fang t\u00f4i theo \u0111\u1ecba ch\u1ec9 sau:[email de contact] .<\/p>\n\n\n\n<h3 class=\"wp-block-heading\">8. <strong>C\u00e1c bi\u1ec7n ph\u00e1p an ninh<\/strong><\/h3>\n\n\n\n<p>Ch\u00fang t\u00f4i th\u1ef1c hi\u1ec7n c\u00e1c bi\u1ec7n ph\u00e1p k\u1ef9 thu\u1eadt v\u00e0 t\u1ed5 ch\u1ee9c ph\u00f9 h\u1ee3p \u0111\u1ec3 b\u1ea3o v\u1ec7 d\u1eef li\u1ec7u c\u00e1 nh\u00e2n c\u1ee7a b\u1ea1n kh\u1ecfi b\u1ecb h\u1ee7y ho\u1ea1i, m\u1ea5t m\u00e1t, thay \u0111\u1ed5i, ti\u1ebft l\u1ed9 tr\u00e1i ph\u00e9p ho\u1eb7c truy c\u1eadp tr\u00e1i ph\u00e9p m\u1ed9t c\u00e1ch v\u00f4 t\u00ecnh ho\u1eb7c b\u1ea5t h\u1ee3p ph\u00e1p.<\/p>\n\n\n\n<h3 class=\"wp-block-heading\">9. <strong>Cookie<\/strong><\/h3>\n\n\n\n<p>Trang web c\u1ee7a ch\u00fang t\u00f4i s\u1eed d\u1ee5ng cookie \u0111\u1ec3 c\u1ea3i thi\u1ec7n tr\u1ea3i nghi\u1ec7m c\u1ee7a ng\u01b0\u1eddi d\u00f9ng. \u0110\u1ec3 bi\u1ebft th\u00eam th\u00f4ng tin v\u1ec1 vi\u1ec7c s\u1eed d\u1ee5ng cookie v\u00e0 thay \u0111\u1ed5i t\u00f9y ch\u1ecdn c\u1ee7a b\u1ea1n, vui l\u00f2ng xem[Politique de cookies] . <\/p>\n\n\n\n<h3 class=\"wp-block-heading\">10. <strong>Nh\u1eefng thay \u0111\u1ed5i v\u1ec1 Ch\u00ednh s\u00e1ch b\u1ea3o m\u1eadt<\/strong><\/h3>\n\n\n\n<p>Ch\u00ednh s\u00e1ch b\u1ea3o m\u1eadt n\u00e0y c\u00f3 th\u1ec3 \u0111\u01b0\u1ee3c s\u1eeda \u0111\u1ed5i b\u1ea5t c\u1ee9 l\u00fac n\u00e0o. Trong tr\u01b0\u1eddng h\u1ee3p c\u00f3 thay \u0111\u1ed5i \u0111\u00e1ng k\u1ec3, b\u1ea1n s\u1ebd \u0111\u01b0\u1ee3c th\u00f4ng b\u00e1o qua trang web ho\u1eb7c qua email. <\/p>\n\n\n\n<h3 class=\"wp-block-heading\">11. <strong>Li\u00ean h\u1ec7<\/strong><\/h3>\n\n\n\n<p>N\u1ebfu c\u00f3 b\u1ea5t k\u1ef3 c\u00e2u h\u1ecfi n\u00e0o li\u00ean quan \u0111\u1ebfn ch\u00ednh s\u00e1ch b\u1ea3o m\u1eadt n\u00e0y, b\u1ea1n c\u00f3 th\u1ec3 li\u00ean h\u1ec7 v\u1edbi ch\u00fang t\u00f4i theo \u0111\u1ecba ch\u1ec9 sau: contact@upmd.fr.<\/p>\n\n\n\n<div style=\"height:var(--wp--preset--spacing--10)\" aria-hidden=\"true\" class=\"wp-block-spacer\"><\/div>\n\n\n\n<hr class=\"wp-block-separator has-alpha-channel-opacity\">\n\n\n\n<div style=\"height:var(--wp--preset--spacing--10)\" aria-hidden=\"true\" class=\"wp-block-spacer\"><\/div>\n\n\n\n<div class=\"wp-block-group is-nowrap is-layout-flex wp-container-core-group-is-layout-6c531013 wp-block-group-is-layout-flex\">\n<p>C\u1eadp nh\u1eadt :  <\/p>\n\n\n<\/div>\n","protected":false},"excerpt":{"rendered":"<p>Ch\u00ednh s\u00e1ch b\u1ea3o m\u1eadt 1. Gi\u1edbi thi\u1ec7u Hi\u1ec7p h\u1ed9i ph\u1ee5 huynh Union des Parents de Marguerite Duras (UPMD) (sau \u0111\u00e2y g\u1ecdi l\u00e0 &#8220;Hi\u1ec7p h\u1ed9i&#8221;) cam k\u1ebft b\u1ea3o v\u1ec7 quy\u1ec1n ri\u00eang t\u01b0 c\u1ee7a c\u00e1c th\u00e0nh vi\u00ean v\u00e0 tu\u00e2n th\u1ee7 c\u00e1c quy \u0111\u1ecbnh hi\u1ec7n h\u00e0nh v\u1ec1 b\u1ea3o v\u1ec7 d\u1eef li\u1ec7u c\u00e1 nh\u00e2n, \u0111\u1eb7c bi\u1ec7t l\u00e0 Quy \u0111\u1ecbnh [&hellip;]<\/p>\n","protected":false},"author":8,"featured_media":0,"parent":0,"menu_order":0,"comment_status":"closed","ping_status":"closed","template":"","meta":{"footnotes":""},"class_list":["post-11480","page","type-page","status-publish","hentry"],"_links":{"self":[{"href":"https:\/\/www.upmd.fr\/vi\/wp-json\/wp\/v2\/pages\/11480","targetHints":{"allow":["GET"]}}],"collection":[{"href":"https:\/\/www.upmd.fr\/vi\/wp-json\/wp\/v2\/pages"}],"about":[{"href":"https:\/\/www.upmd.fr\/vi\/wp-json\/wp\/v2\/types\/page"}],"author":[{"embeddable":true,"href":"https:\/\/www.upmd.fr\/vi\/wp-json\/wp\/v2\/users\/8"}],"replies":[{"embeddable":true,"href":"https:\/\/www.upmd.fr\/vi\/wp-json\/wp\/v2\/comments?post=11480"}],"version-history":[{"count":0,"href":"https:\/\/www.upmd.fr\/vi\/wp-json\/wp\/v2\/pages\/11480\/revisions"}],"wp:attachment":[{"href":"https:\/\/www.upmd.fr\/vi\/wp-json\/wp\/v2\/media?parent=11480"}],"curies":[{"name":"wp","href":"https:\/\/api.w.org\/{rel}","templated":true}]}}