{"id":11479,"date":"2019-08-30T10:34:06","date_gmt":"2019-08-30T03:34:06","guid":{"rendered":"https:\/\/www.upmd.fr\/ban-tin-cua-phu-huynh\/"},"modified":"2025-03-24T10:04:50","modified_gmt":"2025-03-24T03:04:50","slug":"ban-tin-cua-phu-huynh","status":"publish","type":"page","link":"https:\/\/www.upmd.fr\/vi\/to-chuc-cua-chung-toi-muc-luc\/%f0%9f%85%bf-xuat-ban-va-truyen-thong\/ban-tin-cua-phu-huynh\/","title":{"rendered":"B\u1ea3n tin c\u1ee7a ph\u1ee5 huynh"},"content":{"rendered":"\n<h1 class=\"wp-block-heading\">Giao ti\u1ebfp gi\u1eefa cha m\u1eb9<\/h1>\n\n\n\n<p>UPMD th\u01b0\u1eddng xuy\u00ean xu\u1ea5t b\u1ea3n B\u1ea3n tin d\u00e0nh cho ph\u1ee5 huynh \u0111\u1ec3 cung c\u1ea5p th\u00f4ng tin v\u1ec1 c\u00e1c ho\u1ea1t \u0111\u1ed9ng v\u00e0 tin t\u1ee9c c\u1ee7a tr\u01b0\u1eddng.  <\/p>\n\n\n\n<h2 class=\"wp-block-heading\">T\u1ea5t c\u1ea3 c\u00e1c s\u1ed1<\/h2>\n\n\n\n<p>\u261e <a href=\"https:\/\/www.upmd.fr\/la-gazette-des-parents-numero-1\/\" data-type=\"post\" data-id=\"1019\">B\u00e1o Ph\u1ee5 huynh s\u1ed1 1<\/a> \ud83c\uddeb\ud83c\uddf7<br> \u261e <a href=\"https:\/\/www.upmd.fr\/la-gazette-des-parents-numero-2\/\" data-type=\"post\" data-id=\"1023\">B\u00e1o Ph\u1ee5 huynh s\u1ed1 2<\/a> \ud83c\uddeb\ud83c\uddf7<br> \u261e <a href=\"https:\/\/www.upmd.fr\/la-gazette-des-parents-numero-3\/\" data-type=\"post\" data-id=\"1026\">B\u00e1o Ph\u1ee5 huynh s\u1ed1 3<\/a> \ud83c\uddeb\ud83c\uddf7<br> \u261e <a href=\"https:\/\/www.upmd.fr\/la-gazette-des-parents-numero-4\/\" data-type=\"post\" data-id=\"1925\">B\u00e1o Ph\u1ee5 huynh s\u1ed1 4<\/a> \ud83c\uddeb\ud83c\uddf7<br> \u261e <a href=\"https:\/\/www.upmd.fr\/la-gazette-des-parents-numero-5\/\" data-type=\"post\" data-id=\"1939\">B\u00e1o Ph\u1ee5 huynh s\u1ed1 5<\/a> \ud83c\uddeb\ud83c\uddf7 \ud83c\uddec\ud83c\udde7<br> \u261e <a href=\"https:\/\/www.upmd.fr\/la-gazette-des-parents-numero-2\/\" data-type=\"post\" data-id=\"2175\">B\u00e1o Ph\u1ee5 huynh s\u1ed1 6<\/a> \ud83c\uddeb\ud83c\uddf7 \ud83c\uddec\ud83c\udde7<br> \u261e <a href=\"https:\/\/www.upmd.fr\/vi\/%f0%9f%87%bb%f0%9f%87%b3-la-gazette-des-parents-n7\/\" data-type=\"post\" data-id=\"2168\">B\u00e1o Ph\u1ee5 huynh s\u1ed1 7<\/a> \ud83c\uddeb\ud83c\uddf7 \ud83c\uddec\ud83c\udde7 \ud83c\uddfb\ud83c\uddf3<\/p>\n\n\n\n<div style=\"height:var(--wp--preset--spacing--20)\" aria-hidden=\"true\" class=\"wp-block-spacer\"><\/div>\n\n\n\n<hr class=\"wp-block-separator has-alpha-channel-opacity\">\n\n\n\n<div style=\"height:var(--wp--preset--spacing--20)\" aria-hidden=\"true\" class=\"wp-block-spacer\"><\/div>\n\n\n\n<p>C\u1eadp nh\u1eadt ng\u00e0y 20\/09\/2024:  <\/p>\n\n\n\n<p class=\"has-base-2-color has-accent-3-background-color has-text-color has-background has-link-color wp-elements-a29c402e8f57526ae30ddd2139b53bcc\">Th\u1eadt kh\u00f4ng may, t\u1edd Parents&#8217; Gazette \u0111\u00e3 ng\u1eebng ho\u1ea1t \u0111\u1ed9ng trong th\u1eddi gian Covid v\u00e0 kh\u00f4ng c\u00f2n \u0111\u01b0\u1ee3c xu\u1ea5t b\u1ea3n k\u1ec3 t\u1eeb \u0111\u00f3.  <\/p>\n\n\n\n<div style=\"height:var(--wp--preset--spacing--10)\" aria-hidden=\"true\" class=\"wp-block-spacer\"><\/div>\n\n\n\n<h2 class=\"wp-block-heading\">B\u1ea1n c\u00f3 mu\u1ed1n kh\u1edfi \u0111\u1ed9ng l\u1ea1i The Parents\u2019 Gazette kh\u00f4ng?<\/h2>\n\n\n\n<p>Li\u00ean h\u1ec7: <a href=\"mailto:communication@upmd.fr\">communication@upmd.fr<\/a><\/p>\n\n\n\n<div style=\"height:18px\" aria-hidden=\"true\" class=\"wp-block-spacer\"><\/div>\n","protected":false},"excerpt":{"rendered":"<p>Giao ti\u1ebfp gi\u1eefa cha m\u1eb9 UPMD th\u01b0\u1eddng xuy\u00ean xu\u1ea5t b\u1ea3n B\u1ea3n tin d\u00e0nh cho ph\u1ee5 huynh \u0111\u1ec3 cung c\u1ea5p th\u00f4ng tin v\u1ec1 c\u00e1c ho\u1ea1t \u0111\u1ed9ng v\u00e0 tin t\u1ee9c c\u1ee7a tr\u01b0\u1eddng. T\u1ea5t c\u1ea3 c\u00e1c s\u1ed1 \u261e B\u00e1o Ph\u1ee5 huynh s\u1ed1 1 \ud83c\uddeb\ud83c\uddf7 \u261e B\u00e1o Ph\u1ee5 huynh s\u1ed1 2 \ud83c\uddeb\ud83c\uddf7 \u261e B\u00e1o Ph\u1ee5 huynh s\u1ed1 3 \ud83c\uddeb\ud83c\uddf7 [&hellip;]<\/p>\n","protected":false},"author":3,"featured_media":10037,"parent":11484,"menu_order":0,"comment_status":"closed","ping_status":"closed","template":"page-wide","meta":{"footnotes":""},"class_list":["post-11479","page","type-page","status-publish","has-post-thumbnail","hentry"],"_links":{"self":[{"href":"https:\/\/www.upmd.fr\/vi\/wp-json\/wp\/v2\/pages\/11479","targetHints":{"allow":["GET"]}}],"collection":[{"href":"https:\/\/www.upmd.fr\/vi\/wp-json\/wp\/v2\/pages"}],"about":[{"href":"https:\/\/www.upmd.fr\/vi\/wp-json\/wp\/v2\/types\/page"}],"author":[{"embeddable":true,"href":"https:\/\/www.upmd.fr\/vi\/wp-json\/wp\/v2\/users\/3"}],"replies":[{"embeddable":true,"href":"https:\/\/www.upmd.fr\/vi\/wp-json\/wp\/v2\/comments?post=11479"}],"version-history":[{"count":1,"href":"https:\/\/www.upmd.fr\/vi\/wp-json\/wp\/v2\/pages\/11479\/revisions"}],"predecessor-version":[{"id":11485,"href":"https:\/\/www.upmd.fr\/vi\/wp-json\/wp\/v2\/pages\/11479\/revisions\/11485"}],"up":[{"embeddable":true,"href":"https:\/\/www.upmd.fr\/vi\/wp-json\/wp\/v2\/pages\/11484"}],"wp:featuredmedia":[{"embeddable":true,"href":"https:\/\/www.upmd.fr\/vi\/wp-json\/wp\/v2\/media\/10037"}],"wp:attachment":[{"href":"https:\/\/www.upmd.fr\/vi\/wp-json\/wp\/v2\/media?parent=11479"}],"curies":[{"name":"wp","href":"https:\/\/api.w.org\/{rel}","templated":true}]}}