{"id":11473,"date":"2019-09-03T10:43:32","date_gmt":"2019-09-03T03:43:32","guid":{"rendered":"https:\/\/www.upmd.fr\/ban-uy-ban-uy-ban\/%f0%9f%85%b2-hoa-hong-cang-tin\/"},"modified":"2019-09-03T10:43:32","modified_gmt":"2019-09-03T03:43:32","slug":"%f0%9f%85%b2-hoa-hong-cang-tin","status":"publish","type":"page","link":"https:\/\/www.upmd.fr\/vi\/ban-uy-ban-uy-ban\/%f0%9f%85%b2-hoa-hong-cang-tin\/","title":{"rendered":"\ud83c\udd72 Hoa h\u1ed3ng c\u0103ng tin"},"content":{"rendered":"\n<h1 class=\"wp-block-heading\">V\u00ec s\u1ee9c kh\u1ecfe dinh d\u01b0\u1ee1ng c\u1ee7a con em ch\u00fang ta!<\/h1>\n\n\n\n<p>&nbsp;<strong>\u1ee6y ban c\u0103ng<\/strong> tin bao g\u1ed3m:<\/p>\n\n\n\n<ul class=\"wp-block-list\">\n<li>Ph\u00f3 hi\u1ec7u tr\u01b0\u1edfng<\/li>\n\n\n\n<li>T\u1ed5ng th\u01b0 k\u00fd<\/li>\n\n\n\n<li>Hi\u1ec7u tr\u01b0\u1edfng tr\u01b0\u1eddng ti\u1ec3u h\u1ecdc<\/li>\n\n\n\n<li>Y t\u00e1)<\/li>\n\n\n\n<li>\u0110\u1ea1i di\u1ec7n nh\u00e0 cung c\u1ea5p d\u1ecbch v\u1ee5 (Caterers)<\/li>\n\n\n\n<li>\u0110\u1ed9i ng\u0169 gi\u1ea3ng d\u1ea1y v\u00e0 gi\u00e1o d\u1ee5c<\/li>\n\n\n\n<li>2 Ph\u1ee5 huynh h\u1ecdc sinh<\/li>\n\n\n\n<li>4 H\u1ecdc sinh<\/li>\n<\/ul>\n\n\n\n<p>N\u00f3 h\u1ecdp th\u01b0\u1eddng xuy\u00ean.<\/p>\n\n\n\n<div style=\"height:var(--wp--preset--spacing--20)\" aria-hidden=\"true\" class=\"wp-block-spacer\"><\/div>\n\n\n\n<hr class=\"wp-block-separator has-alpha-channel-opacity\">\n\n\n\n<div style=\"height:var(--wp--preset--spacing--20)\" aria-hidden=\"true\" class=\"wp-block-spacer\"><\/div>\n\n\n\n<h2 class=\"wp-block-heading\">C\u00e1c th\u00e0nh vi\u00ean c\u1ee7a \u1ee6y ban Canteen<\/h2>\n\n\n\n<p>\u261e <a href=\"https:\/\/www.upmd.fr\/index.php\/2023\/10\/15\/commission-cantine-2023-2024\/\" data-type=\"post\" data-id=\"7440\">Danh s\u00e1ch th\u00e0nh vi\u00ean Ban c\u0103ng tin nhi\u1ec7m k\u1ef3 2023-2024<\/a><\/p>\n\n\n\n<p>\u261e Danh s\u00e1ch th\u00e0nh vi\u00ean Ban Ch\u1ea5p h\u00e0nh H\u1ed9i Nh\u00e0 tr\u01b0\u1eddng nhi\u1ec7m k\u1ef3 2024-2025 (s\u1eafp c\u00f3)<\/p>\n\n\n\n<div style=\"height:var(--wp--preset--spacing--20)\" aria-hidden=\"true\" class=\"wp-block-spacer\"><\/div>\n\n\n\n<hr class=\"wp-block-separator has-alpha-channel-opacity\">\n\n\n\n<div style=\"height:var(--wp--preset--spacing--20)\" aria-hidden=\"true\" class=\"wp-block-spacer\"><\/div>\n\n\n\n<div class=\"wp-block-group is-content-justification-right is-nowrap is-layout-flex wp-container-core-group-is-layout-17124a9a wp-block-group-is-layout-flex\">\n<p>C\u1eadp nh\u1eadt<\/p>\n\n\n<\/div>\n\n\n\n<h2 class=\"wp-block-heading\">B\u00e1o c\u00e1o m\u1edbi nh\u1ea5t<\/h2>\n\n\n\n<div class=\"wp-block-query is-layout-flow wp-block-query-is-layout-flow\"><\/div>\n\n\n\n<p><\/p>\n","protected":false},"excerpt":{"rendered":"<p>V\u00ec s\u1ee9c kh\u1ecfe dinh d\u01b0\u1ee1ng c\u1ee7a con em ch\u00fang ta! &nbsp;\u1ee6y ban c\u0103ng tin bao g\u1ed3m: N\u00f3 h\u1ecdp th\u01b0\u1eddng xuy\u00ean. C\u00e1c th\u00e0nh vi\u00ean c\u1ee7a \u1ee6y ban Canteen \u261e Danh s\u00e1ch th\u00e0nh vi\u00ean Ban c\u0103ng tin nhi\u1ec7m k\u1ef3 2023-2024 \u261e Danh s\u00e1ch th\u00e0nh vi\u00ean Ban Ch\u1ea5p h\u00e0nh H\u1ed9i Nh\u00e0 tr\u01b0\u1eddng nhi\u1ec7m k\u1ef3 2024-2025 (s\u1eafp c\u00f3) C\u1eadp [&hellip;]<\/p>\n","protected":false},"author":3,"featured_media":0,"parent":11460,"menu_order":9,"comment_status":"closed","ping_status":"closed","template":"page-wide","meta":{"footnotes":""},"class_list":["post-11473","page","type-page","status-publish","hentry"],"_links":{"self":[{"href":"https:\/\/www.upmd.fr\/vi\/wp-json\/wp\/v2\/pages\/11473","targetHints":{"allow":["GET"]}}],"collection":[{"href":"https:\/\/www.upmd.fr\/vi\/wp-json\/wp\/v2\/pages"}],"about":[{"href":"https:\/\/www.upmd.fr\/vi\/wp-json\/wp\/v2\/types\/page"}],"author":[{"embeddable":true,"href":"https:\/\/www.upmd.fr\/vi\/wp-json\/wp\/v2\/users\/3"}],"replies":[{"embeddable":true,"href":"https:\/\/www.upmd.fr\/vi\/wp-json\/wp\/v2\/comments?post=11473"}],"version-history":[{"count":0,"href":"https:\/\/www.upmd.fr\/vi\/wp-json\/wp\/v2\/pages\/11473\/revisions"}],"up":[{"embeddable":true,"href":"https:\/\/www.upmd.fr\/vi\/wp-json\/wp\/v2\/pages\/11460"}],"wp:attachment":[{"href":"https:\/\/www.upmd.fr\/vi\/wp-json\/wp\/v2\/media?parent=11473"}],"curies":[{"name":"wp","href":"https:\/\/api.w.org\/{rel}","templated":true}]}}