{"id":11470,"date":"2019-09-04T07:13:05","date_gmt":"2019-09-04T00:13:05","guid":{"rendered":"https:\/\/www.upmd.fr\/gioi-thieu-ve-upmd\/hien-chuong-thanh-vien\/"},"modified":"2019-09-04T07:13:05","modified_gmt":"2019-09-04T00:13:05","slug":"hien-chuong-thanh-vien","status":"publish","type":"page","link":"https:\/\/www.upmd.fr\/vi\/gioi-thieu-ve-upmd\/hien-chuong-thanh-vien\/","title":{"rendered":"Hi\u1ebfn ch\u01b0\u01a1ng th\u00e0nh vi\u00ean"},"content":{"rendered":"\n<h1 class=\"wp-block-heading\">Cu\u1ed1i c\u00f9ng, ch\u00fang ta h\u00e3y t\u00f4n tr\u1ecdng l\u1eabn nhau!<\/h1>\n\n\n\n<p>UPMD l\u00e0 m\u1ed9t hi\u1ec7p h\u1ed9i phi l\u1ee3i nhu\u1eadn, \u0111\u01b0\u1ee3c \u0111i\u1ec1u h\u00e0nh b\u1edfi m\u1ed9t nh\u00f3m ph\u1ee5 huynh t\u00ecnh nguy\u1ec7n. H\u1ecd tham gia v\u00e0o hi\u1ec7p h\u1ed9i v\u1edbi quan \u0111i\u1ec3m v\u1ecb tha ch\u1ee9 kh\u00f4ng ph\u1ea3i \u0111\u1ec3 th\u1ecfa m\u00e3n nhu c\u1ea7u c\u00e1 nh\u00e2n. <\/p>\n\n\n\n<p>M\u1ecdi th\u00e0nh vi\u00ean t\u00edch c\u1ef1c \u0111\u1ec1u tu\u00e2n th\u1ee7 c\u00e1c gi\u00e1 tr\u1ecb c\u1ee7a hi\u1ec7p h\u1ed9i, ngh\u0129a l\u00e0:<\/p>\n\n\n\n<ul class=\"wp-block-list\">\n<li style=\"margin-top:var(--wp--preset--spacing--10);margin-bottom:var(--wp--preset--spacing--10);line-height:1.5\"><b>Ch\u00ednh tr\u1ef1c:<\/b> UPMD theo \u0111u\u1ed5i m\u1ee5c ti\u00eau c\u1ee7a m\u00ecnh m\u1ed9t c\u00e1ch trung th\u1ef1c, ch\u00ednh x\u00e1c v\u00e0 c\u00f3 tr\u00e1ch nhi\u1ec7m, tu\u00e2n th\u1ee7 c\u00e1c quy t\u1eafc, \u0111\u1ea1o \u0111\u1ee9c v\u00e0 th\u1ecfa thu\u1eadn \u0111\u00e3 \u0111\u01b0a ra. C\u00e1c th\u00e0nh vi\u00ean c\u1ea7n ph\u1ea3i l\u1ecbch s\u1ef1 v\u00e0 t\u00f4n tr\u1ecdng khi giao ti\u1ebfp thay m\u1eb7t cho UPMD, \u0111\u1eb7c bi\u1ec7t l\u00e0 khi giao ti\u1ebfp v\u1edbi tr\u01b0\u1eddng trung h\u1ecdc. <\/li>\n\n\n\n<li style=\"margin-top:var(--wp--preset--spacing--10);margin-bottom:var(--wp--preset--spacing--10);line-height:1.5\"><b>Hi\u1ec7u qu\u1ea3:<\/b> UPMD tham gia v\u00e0o ho\u1ea1t \u0111\u1ed9ng c\u1ee7a c\u01a1 s\u1edf \u0111\u1ec3 \u0111\u00f3ng g\u00f3p th\u00f4ng qua c\u00e1c vai tr\u00f2 \u0111\u01b0\u1ee3c x\u00e1c \u0111\u1ecbnh, tr\u00e1ch nhi\u1ec7m \u0111\u01b0\u1ee3c x\u00e1c \u0111\u1ecbnh v\u00e0 t\u1ef1 ch\u1ee7 nh\u1eb1m \u0111\u1ea1t \u0111\u01b0\u1ee3c c\u00e1c m\u1ee5c ti\u00eau \u0111\u1ec1 ra trong \u0111i\u1ec1u l\u1ec7.<\/li>\n\n\n\n<li style=\"margin-top:var(--wp--preset--spacing--10);margin-bottom:var(--wp--preset--spacing--10);line-height:1.5\"><b>\u0110o\u00e0n k\u1ebft:<\/b> UPMD lu\u00f4n h\u1ed7 tr\u1ee3, c\u1ea3 \u0111\u1ed1i v\u1edbi gia \u0111\u00ecnh th\u00e0nh vi\u00ean v\u00e0 trong n\u1ed9i b\u1ed9 \u0111\u01a1n v\u1ecb.<\/li>\n\n\n\n<li style=\"margin-top:var(--wp--preset--spacing--10);margin-bottom:var(--wp--preset--spacing--10);line-height:1.5\"><b>C\u00f4ng b\u1eb1ng:<\/b> UPMD t\u00f4n tr\u1ecdng s\u1ef1 kh\u00e1c bi\u1ec7t (ch\u1ee7ng t\u1ed9c, t\u00f4n gi\u00e1o, ng\u00f4n ng\u1eef, kh\u1ea3 n\u0103ng kh\u00e1c nhau, v.v.) v\u00e0 h\u00e0nh \u0111\u1ed9ng \u0111\u1ec3 kh\u00f4ng c\u00f3 s\u1ef1 ph\u00e2n bi\u1ec7t \u0111\u1ed1i x\u1eed trong c\u01a1 s\u1edf.<\/li>\n\n\n\n<li style=\"margin-top:var(--wp--preset--spacing--10);margin-bottom:var(--wp--preset--spacing--10);line-height:1.5\"><b>T\u00ednh minh b\u1ea1ch:<\/b> UPMD coi tr\u1ecdng t\u00ednh minh b\u1ea1ch trong m\u1ecdi h\u00e0nh \u0111\u1ed9ng v\u00e0 truy\u1ec1n th\u00f4ng \u0111\u1ec3 m\u1ecdi ng\u01b0\u1eddi \u0111\u1ec1u c\u00f3 th\u1ec3 hi\u1ec3u \u0111\u01b0\u1ee3c c\u00e1c ho\u1ea1t \u0111\u1ed9ng c\u1ee7a m\u00ecnh.<\/li>\n\n\n\n<li style=\"margin-top:var(--wp--preset--spacing--10);margin-bottom:var(--wp--preset--spacing--10);line-height:1.5\"><b>S\u1ef1 tham gia:<\/b> UPMD ch\u1ec9 t\u1ed3n t\u1ea1i th\u00f4ng qua s\u1ef1 tham gia c\u1ee7a c\u00e1c th\u00e0nh vi\u00ean. Do \u0111\u00f3, m\u1ecdi ng\u01b0\u1eddi ph\u1ea3i, trong ph\u1ea1m vi kh\u1ea3 n\u0103ng c\u1ee7a m\u00ecnh, \u0111\u00f3ng g\u00f3p v\u00e0 n\u1ebfu h\u1ecd \u0111\u1ea3m nh\u1eadn m\u1ed9t ho\u1eb7c nhi\u1ec1u tr\u00e1ch nhi\u1ec7m, h\u1ecd c\u00f3 quy\u1ec1n t\u1ef1 do t\u1eeb b\u1ecf ch\u00fang v\u00e0o th\u1eddi \u0111i\u1ec3m h\u1ecd l\u1ef1a ch\u1ecdn, sau khi \u0111\u00e3 th\u00f4ng b\u00e1o cho H\u1ed9i \u0111\u1ed3ng qu\u1ea3n tr\u1ecb v\u00e0, n\u1ebfu c\u00f3 th\u1ec3, l\u1ef1a ch\u1ecdn\/gi\u1edbi thi\u1ec7u m\u1ed9t ho\u1eb7c nhi\u1ec1u \u1ee9ng c\u1eed vi\u00ean \u0111\u1ec3 thay th\u1ebf h\u1ecd. <\/li>\n\n\n\n<li style=\"margin-top:var(--wp--preset--spacing--10);margin-bottom:var(--wp--preset--spacing--10);line-height:1.5\"><b>D\u00e2n ch\u1ee7:<\/b> UPMD \u0111\u1ea1i di\u1ec7n cho t\u1ea5t c\u1ea3 c\u00e1c th\u00e0nh vi\u00ean v\u00e0 c\u00e1c l\u1ee3i \u00edch, k\u1ef3 v\u1ecdng, v.v. c\u1ee7a h\u1ecd, v\u00e0 b\u1eb1ng m\u1ecdi c\u00e1ch t\u00ecm c\u00e1ch hi\u1ec3u v\u00e0 \u0111\u1ea1i di\u1ec7n cho h\u1ecd t\u1ed1t h\u01a1n. C\u00e1c quy t\u1eafc ho\u1ea1t \u0111\u1ed9ng c\u1ee7a n\u00f3 (\u0111a s\u1ed1, \u0111\u1ee7 s\u1ed1 \u0111\u1ea1i bi\u1ec3u, v.v.) ph\u1ea3n \u00e1nh \u0111\u1ecbnh h\u01b0\u1edbng n\u00e0y. <\/li>\n\n\n\n<li style=\"margin-top:var(--wp--preset--spacing--10);margin-bottom:var(--wp--preset--spacing--10);line-height:1.5\"><b>T\u00ednh c\u1edfi m\u1edf:<\/b> UPMD lu\u00f4n l\u1eafng nghe nh\u1eefng \u0111\u1ec1 xu\u1ea5t v\u00e0 g\u1ee3i \u00fd c\u1ee7a c\u00e1c th\u00e0nh vi\u00ean.<\/li>\n<\/ul>\n\n\n\n<p><strong>C\u00e1c th\u00e0nh vi\u00ean duy tr\u00ec c\u00e1c gi\u00e1 tr\u1ecb c\u1ee7a hi\u1ec7p h\u1ed9i \u0111\u1ed1i v\u1edbi b\u00ean th\u1ee9 ba v\u00e0 tu\u00e2n th\u1ee7 \u0111i\u1ec1u l\u1ec7 n\u00e0y.<\/strong><\/p>\n","protected":false},"excerpt":{"rendered":"<p>Cu\u1ed1i c\u00f9ng, ch\u00fang ta h\u00e3y t\u00f4n tr\u1ecdng l\u1eabn nhau! UPMD l\u00e0 m\u1ed9t hi\u1ec7p h\u1ed9i phi l\u1ee3i nhu\u1eadn, \u0111\u01b0\u1ee3c \u0111i\u1ec1u h\u00e0nh b\u1edfi m\u1ed9t nh\u00f3m ph\u1ee5 huynh t\u00ecnh nguy\u1ec7n. H\u1ecd tham gia v\u00e0o hi\u1ec7p h\u1ed9i v\u1edbi quan \u0111i\u1ec3m v\u1ecb tha ch\u1ee9 kh\u00f4ng ph\u1ea3i \u0111\u1ec3 th\u1ecfa m\u00e3n nhu c\u1ea7u c\u00e1 nh\u00e2n. M\u1ecdi th\u00e0nh vi\u00ean t\u00edch c\u1ef1c \u0111\u1ec1u tu\u00e2n [&hellip;]<\/p>\n","protected":false},"author":3,"featured_media":10096,"parent":11363,"menu_order":4,"comment_status":"closed","ping_status":"closed","template":"page-wide","meta":{"footnotes":""},"class_list":["post-11470","page","type-page","status-publish","has-post-thumbnail","hentry"],"_links":{"self":[{"href":"https:\/\/www.upmd.fr\/vi\/wp-json\/wp\/v2\/pages\/11470","targetHints":{"allow":["GET"]}}],"collection":[{"href":"https:\/\/www.upmd.fr\/vi\/wp-json\/wp\/v2\/pages"}],"about":[{"href":"https:\/\/www.upmd.fr\/vi\/wp-json\/wp\/v2\/types\/page"}],"author":[{"embeddable":true,"href":"https:\/\/www.upmd.fr\/vi\/wp-json\/wp\/v2\/users\/3"}],"replies":[{"embeddable":true,"href":"https:\/\/www.upmd.fr\/vi\/wp-json\/wp\/v2\/comments?post=11470"}],"version-history":[{"count":0,"href":"https:\/\/www.upmd.fr\/vi\/wp-json\/wp\/v2\/pages\/11470\/revisions"}],"up":[{"embeddable":true,"href":"https:\/\/www.upmd.fr\/vi\/wp-json\/wp\/v2\/pages\/11363"}],"wp:featuredmedia":[{"embeddable":true,"href":"https:\/\/www.upmd.fr\/vi\/wp-json\/wp\/v2\/media\/10096"}],"wp:attachment":[{"href":"https:\/\/www.upmd.fr\/vi\/wp-json\/wp\/v2\/media?parent=11470"}],"curies":[{"name":"wp","href":"https:\/\/api.w.org\/{rel}","templated":true}]}}