{"id":11468,"date":"2024-09-23T04:44:15","date_gmt":"2024-09-22T21:44:15","guid":{"rendered":"https:\/\/www.upmd.fr\/gioi-thieu-ve-upmd\/nhung-thach-thuc-dac-biet\/"},"modified":"2024-09-23T04:44:15","modified_gmt":"2024-09-22T21:44:15","slug":"nhung-thach-thuc-dac-biet","status":"publish","type":"page","link":"https:\/\/www.upmd.fr\/vi\/gioi-thieu-ve-upmd\/nhung-thach-thuc-dac-biet\/","title":{"rendered":"Nh\u1eefng th\u00e1ch th\u1ee9c \u0111\u1eb7c bi\u1ec7t"},"content":{"rendered":"\n<p>Do v\u1ecb tr\u00ed r\u1ea5t xa x\u00f4i, LFI Marguerite Duras mang l\u1ea1i nhi\u1ec1u l\u1ee3i th\u1ebf l\u1edbn nh\u01b0ng c\u0169ng c\u00f3 nhi\u1ec1u th\u00e1ch th\u1ee9c nghi\u00eam tr\u1ecdng cho ph\u1ee5 huynh v\u00e0 h\u1ed9i ph\u1ee5 huynh:<\/p>\n\n\n\n<h2 class=\"wp-block-heading\">\ud83d\ude8d L\u00e0m sao \u0111\u1ec3 s\u1eafp x\u1ebfp xe \u0111\u01b0a \u0111\u00f3n h\u1ecdc sinh \u0111\u1ebfn tr\u01b0\u1eddng cho h\u01a1n m\u1ed9t ngh\u00ecn h\u1ecdc sinh v\u1edbi m\u1ee9c gi\u00e1 h\u1ee3p l\u00fd?<\/h2>\n\n\n\n<p>M\u1ed9t trung t\u00e2m v\u1eadn chuy\u1ec3n h\u1ecdc sinh x\u1ee9ng t\u1ea7m c\u00f4ng ty, \u0111\u01b0\u1ee3c \u0111i\u1ec1u h\u00e0nh b\u1edfi&#8230; nh\u1eefng ng\u01b0\u1eddi t\u00ecnh nguy\u1ec7n.<\/p>\n\n\n\n<ul class=\"wp-block-list\">\n<li>Chu\u1ea9n b\u1ecb c\u00e1c cu\u1ed9c g\u1ecdi \u0111\u1ea5u th\u1ea7u \u0111\u1ec3 t\u00ecm nh\u00e0 cung c\u1ea5p d\u1ecbch v\u1ee5 v\u1eadn t\u1ea3i (\u0111\u01b0\u1ee3c g\u1ecdi l\u00e0 &#8220;ng\u01b0\u1eddi v\u1eadn chuy\u1ec3n&#8221;)<\/li>\n\n\n\n<li>Th\u01b0\u01a1ng l\u01b0\u1ee3ng v\u1edbi h\u00e3ng v\u1eadn chuy\u1ec3n (gi\u00e1 c\u1ea3, \u0111i\u1ec1u ki\u1ec7n an to\u00e0n, v.v.)  <\/li>\n\n\n\n<li>Li\u00ean l\u1ea1c h\u00e0ng ng\u00e0y v\u1edbi c\u00e1c gia \u0111\u00ecnh (con c\u00e1i \u0111\u1ebfn mu\u1ed9n, xe bu\u00fdt \u0111\u1ebfn mu\u1ed9n, c\u00e1c v\u1ea5n \u0111\u1ec1 trong su\u1ed1t chuy\u1ebfn \u0111i, v.v.)<\/li>\n\n\n\n<li>Tri\u1ec3n khai v\u00e0 b\u1ea3o tr\u00ec \u1ee9ng d\u1ee5ng theo d\u00f5i h\u00e0nh tr\u00ecnh c\u1ee7a con b\u1ea1n!<\/li>\n<\/ul>\n\n\n\n<p>Kh\u00f4ng th\u1ec3 nh\u1ea5n m\u1ea1nh \u0111\u1ee7 \u0111i\u1ec1u n\u00e0y. C\u00f4ng vi\u1ec7c g\u1ea7n nh\u01b0 to\u00e0n th\u1eddi gian n\u00e0y hi\u1ec7n \u0111\u01b0\u1ee3c th\u1ef1c hi\u1ec7n m\u1ed9t c\u00e1ch T\u1ef0 NGUY\u1ec6N.<\/p>\n\n\n\n<p>V\u00ec v\u1eady, c\u00e2u h\u1ecfi v\u1ec1 vi\u1ec7c ti\u1ebfp t\u1ee5c ho\u1ea1t \u0111\u1ed9ng n\u00e0y trong UPMD th\u01b0\u1eddng xuy\u00ean \u0111\u01b0\u1ee3c (l\u1eb7p l\u1ea1i). \u0110\u1ea1i h\u1ed9i \u0111\u1ed3ng ti\u1ebfp theo c\u0169ng s\u1ebd kh\u00f4ng ngo\u1ea1i l\u1ec7.<\/p>\n\n\n\n<p>C\u1ea2M \u01a0N V\u00c0 CH\u00daC M\u1ed8T L\u1ea6N N\u1eeeA <a href=\"https:\/\/www.upmd.fr\/index.php\/poles\/pole-transport\/\" data-type=\"page\" data-id=\"138\">\u0110\u1ed8I V\u1eacN CHUY\u1ec2N C\u1ee6A TR\u01af\u1edcNG<\/a> .  <\/p>\n\n\n\n<h2 class=\"wp-block-heading\">\ud83d\ude9c L\u00e0m th\u1ebf n\u00e0o \u0111\u1ec3 huy \u0111\u1ed9ng ph\u1ee5 huynh tham gia v\u00e0o \u0111\u1eddi s\u1ed1ng nh\u00e0 tr\u01b0\u1eddng &#8211; n\u01a1i xa x\u00f4i nh\u01b0 v\u1eady?<\/h2>\n\n\n\n<h4 class=\"wp-block-heading\">h\u00f4ng \u00edt h\u01a1n 13 <a href=\"https:\/\/www.upmd.fr\/vi\/ban-uy-ban-uy-ban\/\" data-type=\"page\" data-id=\"97\">H\u1ed9i \u0111\u1ed3ng, \u1ee6y ban, \u1ee6y ban<\/a><\/h4>\n\n\n\n<p>Kh\u00f4ng thi\u1ebfu c\u00e1c c\u01a1 quan ch\u00ednh th\u1ee9c m\u00e0 ph\u1ee5 huynh ph\u1ea3i tham gia th\u00f4ng qua ng\u01b0\u1eddi \u0111\u1ea1i di\u1ec7n c\u1ee7a m\u00ecnh.  <\/p>\n\n\n\n<p>H\u1ed9i \u0111\u1ed3ng l\u1edbp, H\u1ed9i \u0111\u1ed3ng nh\u00e0 tr\u01b0\u1eddng (m\u1eabu gi\u00e1o v\u00e0 ti\u1ec3u h\u1ecdc), H\u1ed9i \u0111\u1ed3ng tr\u01b0\u1eddng trung h\u1ecdc, H\u1ed9i \u0111\u1ed3ng th\u00e0nh l\u1eadp, H\u1ed9i \u0111\u1ed3ng k\u1ef7 lu\u1eadt tr\u01b0\u1eddng cao \u0111\u1eb3ng, H\u1ed9i \u0111\u1ed3ng k\u1ef7 lu\u1eadt tr\u01b0\u1eddng trung h\u1ecdc, \u1ee6y ban gi\u00e1o d\u1ee5c s\u1ee9c kh\u1ecfe v\u00e0 quy\u1ec1n c\u00f4ng d\u00e2n (CESC), \u1ee6y ban c\u0103ng tin, \u1ee6y ban v\u1ec7 sinh v\u00e0 an to\u00e0n c\u1ed9ng \u0111\u1ed3ng tr\u01b0\u1eddng h\u1ecdc, H\u1ed9i \u0111\u1ed3ng \u0111\u1eddi s\u1ed1ng tr\u01b0\u1eddng trung h\u1ecdc v\u00e0 \u0111\u1ea1i h\u1ecdc (CVLC), \u1ee6y ban h\u1ecdc b\u1ed5ng, \u1ee6y ban qu\u1ef9 \u0111o\u00e0n k\u1ebft, \u1ee6y ban l\u1ecbch h\u1ecdc, H\u1ed9i \u0111\u1ed3ng b\u1ed9 ph\u1eadn qu\u1ed1c t\u1ebf.<\/p>\n\n\n\n<p>Ph\u1ea7n l\u1edbn c\u00e1c gia \u0111\u00ecnh kh\u00f4ng s\u1ed1ng g\u1ea7n tr\u01b0\u1eddng n\u00ean vi\u1ec7c ph\u1ea3i \u0111\u1ebfn \u0111\u00f3 l\u00e0 \u0111i\u1ec1u hi\u1ec3n nhi\u00ean, ngay c\u1ea3 khi ch\u1ec9 h\u1ecdp v\u00e0i l\u1ea7n m\u1ed7i n\u0103m.<\/p>\n\n\n\n<p>L\u1edcI C\u1ea2M \u01a0N CH\u00c2N TH\u00c0NH \u0110\u1ebeN C\u00c1C PH\u1ee4 HUYNH T\u00ccNH NGUY\u1ec6N<\/p>\n\n\n\n<h2 class=\"wp-block-heading\">\ud83d\udc7d \u1ede Vi\u1ec7t Nam: S\u1ed5 &#8220;vu\u00f4ng l\u1edbn&#8221; l\u00e0 g\u00ec?<\/h2>\n\n\n\n<p>Cu\u1ed1n s\u1ed5 tay &#8220;\u00f4 vu\u00f4ng l\u1edbn&#8221; n\u1ed5i ti\u1ebfng c\u00f3 t\u00ean S\u00e9y\u00e8s l\u00e0 v\u1eadt d\u1ee5ng quen thu\u1ed9c \u0111\u1ed1i v\u1edbi h\u1ecdc sinh \u1edf v\u00f9ng \u0111\u00f4 th\u1ecb Ph\u00e1p. \u0110\u00e2y kh\u00f4ng ph\u1ea3i l\u00e0 chu\u1ea9n m\u1ef1c \u1edf Vi\u1ec7t Nam.<\/p>\n\n\n\n<p>Do \u0111\u00f3, UPMD c\u00f3 tr\u00e1ch nhi\u1ec7m bi\u00ean so\u1ea1n v\u00e0 ph\u00e2n ph\u1ed1i t\u00e0i li\u1ec7u n\u00e0y cho h\u1ecdc sinh v\u00e0o \u0111\u1ea7u m\u1ed7i n\u0103m h\u1ecdc v\u00e0 trong su\u1ed1t c\u1ea3 n\u0103m.<\/p>\n\n\n\n<p>H\u00c3Y \u0110\u1ebeN H\u1ed6 TR\u1ee2 \u0110\u1ed8I \u0110\u1ec2 CON B\u1ea0N KH\u00d4NG THI\u1ebeU C\u00c1C THI\u1ebeT B\u1eca C\u01a0 B\u1ea2N NH\u1ea4T: M\u1ed8T S\u1ed4 TAY<\/p>\n\n\n\n<p><\/p>\n\n\n\n<h2 class=\"wp-block-heading\">\ud83d\udeb2 T\u1ea1i LFI Marguerite Duras, 25% gia \u0111\u00ecnh ng\u01b0\u1eddi Ph\u00e1p l\u00e0 ng\u01b0\u1eddi nh\u1eadn \u0111\u01b0\u1ee3c h\u1ecdc b\u1ed5ng<\/h2>\n\n\n\n<p>B\u1ea1n c\u00f3 quen thu\u1ed9c v\u1edbi th\u1ee7 t\u1ee5c xin h\u1ecdc b\u1ed5ng c\u1ee7a ch\u00ednh quy\u1ec1n Ph\u00e1p kh\u00f4ng? Ch\u00fang t\u00f4i \u0111\u1ec3 b\u1ea1n h\u00ecnh dung c\u00f4ng vi\u1ec7c h\u1ed7 tr\u1ee3 v\u00e0 gi\u00fap \u0111\u1ee1 m\u00e0 \u0111i\u1ec1u n\u00e0y mang l\u1ea1i cho c\u00e1c t\u00ecnh nguy\u1ec7n vi\u00ean c\u1ee7a UPMD, m\u1ed9t l\u1ea7n n\u1eefa \u0111\u1ec3 tr\u1ebb em c\u00f3 th\u1ec3 c\u00f3 \u0111\u01b0\u1ee3c \u0111i\u1ec1u ki\u1ec7n h\u1ecdc t\u1eadp thu\u1eadn l\u1ee3i nh\u1ea5t c\u00f3 th\u1ec3.<\/p>\n\n\n\n<div class=\"wp-block-group alignfull has-text-color has-background is-layout-flow wp-block-group-is-layout-flow\" style=\"color:#000000;background-color:#ffffff\">\n<div style=\"height:64px\" aria-hidden=\"true\" class=\"wp-block-spacer\"><\/div>\n\n\n\n<p class=\"has-text-align-center has-small-font-size\" style=\"line-height:.9\"><strong>Gi\u00fap \u0111\u1ee1 ng\u01b0\u1eddi kh\u00e1c l\u00e0 gi\u00fap \u0111\u1ee1 ch\u00ednh m\u00ecnh<\/strong><\/p>\n\n\n\n<h2 class=\"wp-block-heading has-text-align-center\" id=\"schedule-a-visit\" style=\"font-size:clamp(24.034px, 1.502rem + ((1vw - 3.2px) * 1.663), 40px);line-height:1.15\"><strong>Li\u00ean h\u1ec7 v\u1edbi ch\u00fang t\u00f4i<\/strong><\/h2>\n\n\n\n<div class=\"wp-block-buttons is-horizontal is-content-justification-center is-layout-flex wp-container-core-buttons-is-layout-03627597 wp-block-buttons-is-layout-flex\">\n<div class=\"wp-block-button has-custom-width wp-block-button__width-50\"><a class=\"wp-block-button__link has-text-color has-background wp-element-button\" href=\"https:\/\/www.upmd.fr\/vi\/huu-ich\/lien-he-voi-chung-toi\/\" style=\"border-radius:50px;color:#ffffff;background-color:#000000\">\u0110\u01af\u1ee2C R\u1ed2I<\/a><\/div>\n<\/div>\n\n\n\n<div style=\"height:64px\" aria-hidden=\"true\" class=\"wp-block-spacer\"><\/div>\n<\/div>\n\n\n\n<h2 class=\"wp-block-heading\">\ud83c\udfaa Ho\u1ea1t \u0111\u1ed9ng &#8220;b\u00ecnh th\u01b0\u1eddng&#8221; c\u1ee7a APE l\u00e0 g\u00ec?<\/h2>\n\n\n\n<p>H\u1ed9i ph\u1ee5 huynh r\u00f5 r\u00e0ng c\u00f3 nhi\u1ec7m v\u1ee5 ph\u1ea3i&#8230; (c\u00f2n ti\u1ebfp)<\/p>\n\n\n\n<p><\/p>\n","protected":false},"excerpt":{"rendered":"<p>Do v\u1ecb tr\u00ed r\u1ea5t xa x\u00f4i, LFI Marguerite Duras mang l\u1ea1i nhi\u1ec1u l\u1ee3i th\u1ebf l\u1edbn nh\u01b0ng c\u0169ng c\u00f3 nhi\u1ec1u th\u00e1ch th\u1ee9c nghi\u00eam tr\u1ecdng cho ph\u1ee5 huynh v\u00e0 h\u1ed9i ph\u1ee5 huynh: \ud83d\ude8d L\u00e0m sao \u0111\u1ec3 s\u1eafp x\u1ebfp xe \u0111\u01b0a \u0111\u00f3n h\u1ecdc sinh \u0111\u1ebfn tr\u01b0\u1eddng cho h\u01a1n m\u1ed9t ngh\u00ecn h\u1ecdc sinh v\u1edbi m\u1ee9c gi\u00e1 h\u1ee3p l\u00fd? M\u1ed9t [&hellip;]<\/p>\n","protected":false},"author":8,"featured_media":10094,"parent":11363,"menu_order":2,"comment_status":"closed","ping_status":"closed","template":"page-wide","meta":{"footnotes":""},"class_list":["post-11468","page","type-page","status-publish","has-post-thumbnail","hentry"],"_links":{"self":[{"href":"https:\/\/www.upmd.fr\/vi\/wp-json\/wp\/v2\/pages\/11468","targetHints":{"allow":["GET"]}}],"collection":[{"href":"https:\/\/www.upmd.fr\/vi\/wp-json\/wp\/v2\/pages"}],"about":[{"href":"https:\/\/www.upmd.fr\/vi\/wp-json\/wp\/v2\/types\/page"}],"author":[{"embeddable":true,"href":"https:\/\/www.upmd.fr\/vi\/wp-json\/wp\/v2\/users\/8"}],"replies":[{"embeddable":true,"href":"https:\/\/www.upmd.fr\/vi\/wp-json\/wp\/v2\/comments?post=11468"}],"version-history":[{"count":0,"href":"https:\/\/www.upmd.fr\/vi\/wp-json\/wp\/v2\/pages\/11468\/revisions"}],"up":[{"embeddable":true,"href":"https:\/\/www.upmd.fr\/vi\/wp-json\/wp\/v2\/pages\/11363"}],"wp:featuredmedia":[{"embeddable":true,"href":"https:\/\/www.upmd.fr\/vi\/wp-json\/wp\/v2\/media\/10094"}],"wp:attachment":[{"href":"https:\/\/www.upmd.fr\/vi\/wp-json\/wp\/v2\/media?parent=11468"}],"curies":[{"name":"wp","href":"https:\/\/api.w.org\/{rel}","templated":true}]}}