{"id":11460,"date":"2019-06-09T23:23:34","date_gmt":"2019-06-09T16:23:34","guid":{"rendered":"https:\/\/www.upmd.fr\/ban-uy-ban-uy-ban\/"},"modified":"2025-03-24T10:09:14","modified_gmt":"2025-03-24T03:09:14","slug":"ban-uy-ban-uy-ban","status":"publish","type":"page","link":"https:\/\/www.upmd.fr\/vi\/ban-uy-ban-uy-ban\/","title":{"rendered":"BAN, \u1ee6Y BAN &amp; \u1ee6Y BAN"},"content":{"rendered":"\n<h1 class=\"wp-block-heading\">Ph\u1ee5 huynh trong tr\u01b0\u1eddng<\/h1>\n\n\n\n<p>Ph\u1ee5 huynh \u0111\u00f3ng vai tr\u00f2 trong c\u00e1c c\u01a1 quan ch\u00ednh th\u1ee9c c\u1ee7a tr\u01b0\u1eddng. Vai tr\u00f2 n\u00e0y c\u00f3 th\u1ec3 l\u00e0 c\u1ed1 v\u1ea5n ho\u1eb7c ra quy\u1ebft \u0111\u1ecbnh.   <\/p>\n\n\n\n<h2 class=\"wp-block-heading\">C\u00e1c H\u1ed9i \u0111\u1ed3ng<\/h2>\n\n\n\n<ul class=\"wp-block-list\">\n<li><a href=\"https:\/\/www.upmd.fr\/index.php\/conseils-comites-commissions\/conseil-de-classe\/\" data-type=\"page\" data-id=\"537\">H\u1ed9i \u0111\u1ed3ng l\u1edbp<\/a> (2 ph\u1ee5 huynh)<\/li>\n\n\n\n<li>H\u1ed9i \u0111\u1ed3ng nh\u00e0 tr\u01b0\u1eddng (15 ph\u1ee5 huynh)<\/li>\n\n\n\n<li>H\u1ed9i \u0111\u1ed3ng c\u1ea5p \u0111\u1ed9 2 (4 ph\u1ee5 huynh)<\/li>\n\n\n\n<li><a href=\"https:\/\/www.upmd.fr\/index.php\/commissions\/conseil-etablissement\/\" data-type=\"page\" data-id=\"448\">H\u1ed9i \u0111\u1ed3ng nh\u00e0 tr\u01b0\u1eddng<\/a> (4 ph\u1ee5 huynh)<\/li>\n\n\n\n<li><a href=\"https:\/\/www.upmd.fr\/index.php\/commissions\/conseils-discipline\/\" data-type=\"page\" data-id=\"594\">H\u1ed9i \u0111\u1ed3ng k\u1ef7 lu\u1eadt<\/a> (6 ph\u1ee5 huynh \u1edf tr\u01b0\u1eddng trung h\u1ecdc c\u01a1 s\u1edf, 4 ph\u1ee5 huynh \u1edf tr\u01b0\u1eddng trung h\u1ecdc ph\u1ed5 th\u00f4ng)<\/li>\n\n\n\n<li><a href=\"https:\/\/www.upmd.fr\/index.php\/commissions\/section-internationale\/\" data-type=\"page\" data-id=\"491\">H\u1ed9i \u0111\u1ed3ng M\u1ee5c qu\u1ed1c t\u1ebf (CSI)<\/a> (2 ph\u1ee5 huynh)  <\/li>\n\n\n\n<li><a href=\"https:\/\/www.upmd.fr\/vi\/ban-uy-ban-uy-ban\/%f0%9f%85%b2-hoi-dong-cuoc-song-trung-hoc-va-dai-hoc-cvlc\/\" data-type=\"page\" data-id=\"7912\">H\u1ed9i \u0111\u1ed3ng cu\u1ed9c s\u1ed1ng trung h\u1ecdc v\u00e0 \u0111\u1ea1i h\u1ecdc<\/a> (CVLC) (2 ph\u1ee5 huynh)<\/li>\n<\/ul>\n\n\n\n<h2 class=\"wp-block-heading\">C\u00e1c \u1ee6y ban<\/h2>\n\n\n\n<ul class=\"wp-block-list\">\n<li><a href=\"https:\/\/www.upmd.fr\/vi\/ban-uy-ban-uy-ban\/%f0%9f%85%b2-uy-ban-giao-duc-suc-khoe-va-cong-dan-cesc\/\" data-type=\"page\" data-id=\"571\">\u1ee6y ban Gi\u00e1o d\u1ee5c S\u1ee9c kh\u1ecfe v\u00e0 C\u00f4ng d\u00e2n (CESC)<\/a><\/li>\n<\/ul>\n\n\n\n<h2 class=\"wp-block-heading\">C\u00e1c \u1ee7y ban<\/h2>\n\n\n\n<ul class=\"wp-block-list\">\n<li><a href=\"https:\/\/www.upmd.fr\/vi\/ban-uy-ban-uy-ban\/%f0%9f%85%b2-hoa-hong-cang-tin\/\" data-type=\"page\" data-id=\"495\">\u1ee6y ban c\u0103ng tin<\/a> (2 ph\u1ee5 huynh)<\/li>\n\n\n\n<li><a href=\"https:\/\/www.upmd.fr\/vi\/ban-uy-ban-uy-ban\/%f0%9f%85%b2-uy-ban-an-toan-va-suc-khoe-cong-dong-truong-hoc\/\" data-type=\"page\" data-id=\"552\">\u1ee6y ban An to\u00e0n v\u00e0 S\u1ee9c kh\u1ecfe C\u1ed9ng \u0111\u1ed3ng Tr\u01b0\u1eddng h\u1ecdc (CHS)<\/a> (4 ph\u1ee5 huynh)<\/li>\n\n\n\n<li>\u1ee6y ban Qu\u1ef9 \u0110o\u00e0n k\u1ebft (2 ph\u1ee5 huynh)<\/li>\n\n\n\n<li>\u1ee6y ban nh\u1ecbp \u0111i\u1ec7u tr\u01b0\u1eddng h\u1ecdc (4 ph\u1ee5 huynh)<\/li>\n\n\n\n<li>\u1ee6y ban L\u00e3nh s\u1ef1 v\u1ec1 H\u1ecdc b\u1ed5ng<\/li>\n<\/ul>\n\n\n\n<div style=\"height:20px\" aria-hidden=\"true\" class=\"wp-block-spacer\"><\/div>\n\n\n\n<hr class=\"wp-block-separator has-alpha-channel-opacity\">\n\n\n\n<div style=\"height:20px\" aria-hidden=\"true\" class=\"wp-block-spacer\"><\/div>\n\n\n\n<p>Ngo\u00e0i vai tr\u00f2 c\u1ee7a c\u00e1c th\u00e0nh vi\u00ean H\u1ed9i \u0111\u1ed3ng qu\u1ea3n tr\u1ecb UPMD trong c\u00e1c H\u1ed9i \u0111\u1ed3ng v\u00e0 \u1ee6y ban c\u1ee7a tr\u01b0\u1eddng, UPMD c\u00f2n tham gia v\u00e0o nhi\u1ec1u nhi\u1ec7m v\u1ee5 kh\u00e1c v\u00e0 \u0111\u01b0\u1ee3c t\u1ed5 ch\u1ee9c b\u1edfi <a href=\"https:\/\/www.upmd.fr\/index.php\/poles\/\" data-type=\"page\" data-id=\"7479\">ng\u01b0\u1eddi Ba Lan<\/a> (V\u1eadn t\u1ea3i, \u0110\u1ed3 d\u00f9ng h\u1ecdc t\u1eadp, H\u1ed9i ch\u1ee3, Truy\u1ec1n th\u00f4ng, v.v.)<\/p>\n\n\n\n<div style=\"height:20px\" aria-hidden=\"true\" class=\"wp-block-spacer\"><\/div>\n\n\n\n<hr class=\"wp-block-separator has-alpha-channel-opacity\">\n\n\n\n<div style=\"height:20px\" aria-hidden=\"true\" class=\"wp-block-spacer\"><\/div>\n\n\n\n<div class=\"wp-block-group is-content-justification-right is-nowrap is-layout-flex wp-container-core-group-is-layout-17124a9a wp-block-group-is-layout-flex\">\n<p>C\u1eadp nh\u1eadt l\u1ea7n cu\u1ed1i<\/p>\n\n\n<div class=\"wp-block-post-date__modified-date wp-block-post-date\"><time datetime=\"2025-03-24T10:09:14+07:00\">24\/03\/2025<\/time><\/div><\/div>\n","protected":false},"excerpt":{"rendered":"<p>Ph\u1ee5 huynh trong tr\u01b0\u1eddng Ph\u1ee5 huynh \u0111\u00f3ng vai tr\u00f2 trong c\u00e1c c\u01a1 quan ch\u00ednh th\u1ee9c c\u1ee7a tr\u01b0\u1eddng. Vai tr\u00f2 n\u00e0y c\u00f3 th\u1ec3 l\u00e0 c\u1ed1 v\u1ea5n ho\u1eb7c ra quy\u1ebft \u0111\u1ecbnh. C\u00e1c H\u1ed9i \u0111\u1ed3ng C\u00e1c \u1ee6y ban C\u00e1c \u1ee7y ban Ngo\u00e0i vai tr\u00f2 c\u1ee7a c\u00e1c th\u00e0nh vi\u00ean H\u1ed9i \u0111\u1ed3ng qu\u1ea3n tr\u1ecb UPMD trong c\u00e1c H\u1ed9i \u0111\u1ed3ng v\u00e0 [&hellip;]<\/p>\n","protected":false},"author":8,"featured_media":0,"parent":0,"menu_order":0,"comment_status":"closed","ping_status":"closed","template":"page-wide","meta":{"footnotes":""},"class_list":["post-11460","page","type-page","status-publish","hentry"],"_links":{"self":[{"href":"https:\/\/www.upmd.fr\/vi\/wp-json\/wp\/v2\/pages\/11460","targetHints":{"allow":["GET"]}}],"collection":[{"href":"https:\/\/www.upmd.fr\/vi\/wp-json\/wp\/v2\/pages"}],"about":[{"href":"https:\/\/www.upmd.fr\/vi\/wp-json\/wp\/v2\/types\/page"}],"author":[{"embeddable":true,"href":"https:\/\/www.upmd.fr\/vi\/wp-json\/wp\/v2\/users\/8"}],"replies":[{"embeddable":true,"href":"https:\/\/www.upmd.fr\/vi\/wp-json\/wp\/v2\/comments?post=11460"}],"version-history":[{"count":1,"href":"https:\/\/www.upmd.fr\/vi\/wp-json\/wp\/v2\/pages\/11460\/revisions"}],"predecessor-version":[{"id":11509,"href":"https:\/\/www.upmd.fr\/vi\/wp-json\/wp\/v2\/pages\/11460\/revisions\/11509"}],"wp:attachment":[{"href":"https:\/\/www.upmd.fr\/vi\/wp-json\/wp\/v2\/media?parent=11460"}],"curies":[{"name":"wp","href":"https:\/\/api.w.org\/{rel}","templated":true}]}}