{"id":11452,"date":"2019-09-12T09:47:17","date_gmt":"2019-09-12T02:47:17","guid":{"rendered":"https:\/\/www.upmd.fr\/cac-cuoc-hop-voi-ban-quan-ly-va-aefe\/"},"modified":"2025-03-24T09:59:51","modified_gmt":"2025-03-24T02:59:51","slug":"cac-cuoc-hop-voi-ban-quan-ly-va-aefe","status":"publish","type":"page","link":"https:\/\/www.upmd.fr\/vi\/ban-uy-ban-uy-ban\/cac-cuoc-hop-voi-ban-quan-ly-va-aefe\/","title":{"rendered":"C\u00e1c cu\u1ed9c h\u1ecdp v\u1edbi Ban qu\u1ea3n l\u00fd v\u00e0 AEFE"},"content":{"rendered":"\n<h1 class=\"wp-block-heading\">L\u00e0m th\u1ebf n\u00e0o ch\u00fang ta c\u00f3 th\u1ec3 khi\u1ebfn tr\u01b0\u1eddng h\u1ecdc ph\u00e1t tri\u1ec3n?<\/h1>\n\n\n\n<p>Ph\u1ee5 huynh UPMD kh\u00f4ng m\u1ea5t th\u1eddi gian h\u1ecdp th\u01b0\u1eddng xuy\u00ean v\u1edbi ban qu\u1ea3n l\u00fd nh\u00e0 tr\u01b0\u1eddng \u0111\u1ec3 gi\u1ea3i quy\u1ebft c\u00e1c v\u1ea5n \u0111\u1ec1 hi\u1ec7n t\u1ea1i.<\/p>\n\n\n\n<p>C\u00e1c b\u1eadc ph\u1ee5 huynh c\u0169ng \u0111\u00e3 g\u1eb7p g\u1ee1 ng\u01b0\u1eddi \u0111\u1ee9ng \u0111\u1ea7u khu v\u1ef1c AEFE Paris Ch\u00e2u \u00c1 v\u00e0 \u0111i\u1ec1u ph\u1ed1i vi\u00ean AEFE Ch\u00e2u \u00c1 c\u00f3 tr\u1ee5 s\u1edf t\u1ea1i Bangkok.<\/p>\n\n\n\n<div style=\"height:var(--wp--preset--spacing--20)\" aria-hidden=\"true\" class=\"wp-block-spacer\"><\/div>\n\n\n\n<hr class=\"wp-block-separator has-alpha-channel-opacity\">\n\n\n\n<div style=\"height:var(--wp--preset--spacing--20)\" aria-hidden=\"true\" class=\"wp-block-spacer\"><\/div>\n\n\n\n<h2 class=\"wp-block-heading\">B\u00e0i vi\u1ebft m\u1edbi nh\u1ea5t H\u1ed9i \u0111\u1ed3ng, \u1ee6y ban &amp; \u1ee6y ban<\/h2>\n\n\n<ul class=\"wp-block-latest-posts__list wp-block-latest-posts\"><li><a class=\"wp-block-latest-posts__post-title\" href=\"https:\/\/www.upmd.fr\/vi\/bao-cao-hoi-dong-nha-truong-quy-1-nam-2024-2025-13-11-2024-en-attente-de-validation\/\">B\u00e1o c\u00e1o H\u1ed9i \u0111\u1ed3ng nh\u00e0 tr\u01b0\u1eddng \u2013 Qu\u00fd 1 n\u0103m 2024-2025 (13\/11\/2024) [En attente de validation]<\/a><\/li>\n<li><a class=\"wp-block-latest-posts__post-title\" href=\"https:\/\/www.upmd.fr\/vi\/%f0%9f%87%bb%f0%9f%87%b3-hoi-dong-lop-cua-hoc-sinh-trung-hoc-co-so-va-trung-hoc-pho-thong\/\">\ud83c\uddfb\ud83c\uddf3 H\u1ed9i \u0111\u1ed3ng l\u1edbp c\u1ee7a h\u1ecdc sinh trung h\u1ecdc c\u01a1 s\u1edf v\u00e0 trung h\u1ecdc ph\u1ed5 th\u00f4ng<\/a><\/li>\n<\/ul>\n\n\n<div style=\"height:var(--wp--preset--spacing--20)\" aria-hidden=\"true\" class=\"wp-block-spacer\"><\/div>\n\n\n\n<hr class=\"wp-block-separator has-alpha-channel-opacity\">\n\n\n\n<div style=\"height:var(--wp--preset--spacing--20)\" aria-hidden=\"true\" class=\"wp-block-spacer\"><\/div>\n\n\n\n<div class=\"wp-block-group is-nowrap is-layout-flex wp-container-core-group-is-layout-6c531013 wp-block-group-is-layout-flex\">\n<p>C\u1eadp nh\u1eadt :<\/p>\n\n\n<div class=\"wp-block-post-date__modified-date wp-block-post-date\"><time datetime=\"2025-03-24T09:59:51+07:00\">24\/03\/2025<\/time><\/div><\/div>\n","protected":false},"excerpt":{"rendered":"<p>L\u00e0m th\u1ebf n\u00e0o ch\u00fang ta c\u00f3 th\u1ec3 khi\u1ebfn tr\u01b0\u1eddng h\u1ecdc ph\u00e1t tri\u1ec3n? Ph\u1ee5 huynh UPMD kh\u00f4ng m\u1ea5t th\u1eddi gian h\u1ecdp th\u01b0\u1eddng xuy\u00ean v\u1edbi ban qu\u1ea3n l\u00fd nh\u00e0 tr\u01b0\u1eddng \u0111\u1ec3 gi\u1ea3i quy\u1ebft c\u00e1c v\u1ea5n \u0111\u1ec1 hi\u1ec7n t\u1ea1i. C\u00e1c b\u1eadc ph\u1ee5 huynh c\u0169ng \u0111\u00e3 g\u1eb7p g\u1ee1 ng\u01b0\u1eddi \u0111\u1ee9ng \u0111\u1ea7u khu v\u1ef1c AEFE Paris Ch\u00e2u \u00c1 v\u00e0 \u0111i\u1ec1u [&hellip;]<\/p>\n","protected":false},"author":3,"featured_media":0,"parent":11460,"menu_order":0,"comment_status":"closed","ping_status":"closed","template":"page-wide","meta":{"footnotes":""},"class_list":["post-11452","page","type-page","status-publish","hentry"],"_links":{"self":[{"href":"https:\/\/www.upmd.fr\/vi\/wp-json\/wp\/v2\/pages\/11452","targetHints":{"allow":["GET"]}}],"collection":[{"href":"https:\/\/www.upmd.fr\/vi\/wp-json\/wp\/v2\/pages"}],"about":[{"href":"https:\/\/www.upmd.fr\/vi\/wp-json\/wp\/v2\/types\/page"}],"author":[{"embeddable":true,"href":"https:\/\/www.upmd.fr\/vi\/wp-json\/wp\/v2\/users\/3"}],"replies":[{"embeddable":true,"href":"https:\/\/www.upmd.fr\/vi\/wp-json\/wp\/v2\/comments?post=11452"}],"version-history":[{"count":1,"href":"https:\/\/www.upmd.fr\/vi\/wp-json\/wp\/v2\/pages\/11452\/revisions"}],"predecessor-version":[{"id":11465,"href":"https:\/\/www.upmd.fr\/vi\/wp-json\/wp\/v2\/pages\/11452\/revisions\/11465"}],"up":[{"embeddable":true,"href":"https:\/\/www.upmd.fr\/vi\/wp-json\/wp\/v2\/pages\/11460"}],"wp:attachment":[{"href":"https:\/\/www.upmd.fr\/vi\/wp-json\/wp\/v2\/media?parent=11452"}],"curies":[{"name":"wp","href":"https:\/\/api.w.org\/{rel}","templated":true}]}}