{"id":11448,"date":"2019-09-04T03:24:23","date_gmt":"2019-09-03T20:24:23","guid":{"rendered":"https:\/\/www.upmd.fr\/%f0%9f%85%b2-hoi-dong-lop\/"},"modified":"2025-03-24T09:59:51","modified_gmt":"2025-03-24T02:59:51","slug":"%f0%9f%85%b2-hoi-dong-lop","status":"publish","type":"page","link":"https:\/\/www.upmd.fr\/vi\/ban-uy-ban-uy-ban\/%f0%9f%85%b2-hoi-dong-lop\/","title":{"rendered":"\ud83c\udd72 H\u1ed9i \u0111\u1ed3ng l\u1edbp"},"content":{"rendered":"\n<h1 class=\"wp-block-heading\">\u1ede trung t\u00e2m c\u1ee7a l\u1edbp h\u1ecdc<\/h1>\n\n\n\n<h2 class=\"wp-block-heading\">Trung h\u1ecdc c\u01a1 s\u1edf v\u00e0 trung h\u1ecdc ph\u1ed5 th\u00f4ng<\/h2>\n\n\n\n<p>H\u1ed9i \u0111\u1ed3ng l\u1edbp l\u00e0 cu\u1ed9c h\u1ecdp di\u1ec5n ra m\u1ed7i h\u1ecdc k\u1ef3 \u0111\u1ec3 \u0111\u00e1nh gi\u00e1 t\u00ecnh h\u00ecnh l\u1edbp h\u1ecdc v\u00e0 n\u00eau ra nh\u1eefng c\u00e2u h\u1ecfi li\u00ean quan \u0111\u1ebfn vi\u1ec7c gi\u1ea3ng d\u1ea1y su\u00f4n s\u1ebb trong su\u1ed1t th\u1eddi gian \u0111\u00f3.<\/p>\n\n\n\n<p>M\u1ed7i l\u1edbp c\u00f3 2 \u0111\u1ea1i bi\u1ec3u ph\u1ee5 huynh v\u00e0 2 \u0111\u1ea1i bi\u1ec3u h\u1ecdc sinh tham d\u1ef1 cu\u1ed9c h\u1ecdp.&nbsp;<\/p>\n\n\n\n<p>C\u00e1c \u0111\u1ea1i bi\u1ec3u \u0111\u01b0\u1ee3c ch\u1ec9 \u0111\u1ecbnh tr\u00ean c\u01a1 s\u1edf t\u1ef1 nguy\u1ec7n v\u00e0o \u0111\u1ea7u n\u0103m h\u1ecdc cho m\u1ed7i l\u1edbp. 2 cha m\u1eb9 ch\u00ednh v\u00e0 l\u00fd t\u01b0\u1edfng nh\u1ea5t l\u00e0 2 cha m\u1eb9 thay th\u1ebf. <\/p>\n\n\n\n<div style=\"height:var(--wp--preset--spacing--20)\" aria-hidden=\"true\" class=\"wp-block-spacer\"><\/div>\n\n\n\n<hr class=\"wp-block-separator has-alpha-channel-opacity\">\n\n\n\n<div style=\"height:var(--wp--preset--spacing--20)\" aria-hidden=\"true\" class=\"wp-block-spacer\"><\/div>\n\n\n\n<h2 class=\"wp-block-heading\">Li\u00ean k\u1ebft h\u1eefu \u00edch<\/h2>\n\n\n\n<p>\u261e <a href=\"https:\/\/www.upmd.fr\/wp-content\/uploads\/2024\/12\/Le-role-du-parent-delegue-en-conseil-de-classe_FR.pdf\" target=\"_blank\" rel=\"noreferrer noopener\">Vai tr\u00f2 c\u1ee7a \u0111\u1ea1i bi\u1ec3u ph\u1ee5 huynh trong h\u1ed9i \u0111\u1ed3ng l\u1edbp<\/a> \ud83c\uddeb\ud83c\uddf7<br> \u261e <a href=\"https:\/\/www.upmd.fr\/wp-content\/uploads\/2024\/12\/Le-role-du-parent-delegue-en-conseil-de-classe-VN.pdf\" target=\"_blank\" rel=\"noreferrer noopener\">C\u00f3 ba c\u00e1ch \u0111\u1ec3 tho\u00e1t kh\u1ecfi v\u1ea5n \u0111\u1ec1 n\u00e0y<\/a> \ud83c\uddfb\ud83c\uddf3<\/p>\n\n\n\n<div style=\"height:var(--wp--preset--spacing--20)\" aria-hidden=\"true\" class=\"wp-block-spacer\"><\/div>\n\n\n\n<hr class=\"wp-block-separator has-alpha-channel-opacity\">\n\n\n\n<div style=\"height:var(--wp--preset--spacing--20)\" aria-hidden=\"true\" class=\"wp-block-spacer\"><\/div>\n\n\n\n<h2 class=\"wp-block-heading\">L\u00e0m th\u1ebf n\u00e0o \u0111\u1ec3 n\u1ed9p \u0111\u01a1n?<\/h2>\n\n\n\n<p>Th\u00f4ng th\u01b0\u1eddng, ch\u1ec9 c\u1ea7n th\u00f4ng b\u00e1o cho gi\u00e1o vi\u00ean ch\u1ee7 nhi\u1ec7m c\u1ee7a l\u1edbp qua <strong>email<\/strong> ho\u1eb7c <strong>tin nh\u1eafn Pronote<\/strong> .<\/p>\n\n\n\n<div style=\"height:var(--wp--preset--spacing--20)\" aria-hidden=\"true\" class=\"wp-block-spacer\"><\/div>\n\n\n\n<hr class=\"wp-block-separator has-alpha-channel-opacity\">\n\n\n\n<div style=\"height:var(--wp--preset--spacing--20)\" aria-hidden=\"true\" class=\"wp-block-spacer\"><\/div>\n\n\n\n<h2 class=\"wp-block-heading\">Li\u00ean h\u1ec7 v\u1edbi ch\u00fang t\u00f4i<\/h2>\n\n\n\n<p><a href=\"mailto:contact@upmd.fr\">li\u00ean h\u1ec7@upmd.fr<\/a>&nbsp;<\/p>\n\n\n\n<div style=\"height:var(--wp--preset--spacing--20)\" aria-hidden=\"true\" class=\"wp-block-spacer\"><\/div>\n\n\n\n<div class=\"wp-block-group alignfull has-text-color has-background is-layout-flow wp-block-group-is-layout-flow\" style=\"color:#000000;background-color:#ffffff\">\n<div style=\"height:64px\" aria-hidden=\"true\" class=\"wp-block-spacer\"><\/div>\n\n\n\n<p class=\"has-text-align-center has-small-font-size\" style=\"line-height:.9\"><strong>Cha m\u1eb9 tham gia, con c\u00e1i th\u00e0nh c\u00f4ng<\/strong><\/p>\n\n\n\n<h2 class=\"wp-block-heading has-text-align-center\" id=\"schedule-a-visit\" style=\"font-size:clamp(32.969px, 2.061rem + ((1vw - 3.2px) * 2.712), 59px);px;line-height:1.15\"><strong>Tr\u1edf n\u00ean<\/strong><br> <strong>\u0111\u1ea1i di\u1ec7n l\u1edbp<\/strong><\/h2>\n\n\n\n<div class=\"wp-block-buttons is-horizontal is-content-justification-center is-layout-flex wp-container-core-buttons-is-layout-03627597 wp-block-buttons-is-layout-flex\">\n<div class=\"wp-block-button has-custom-width wp-block-button__width-50\"><a class=\"wp-block-button__link has-text-color has-background wp-element-button\" href=\"mailto:contact@upmd.fr\" style=\"border-radius:50px;color:#ffffff;background-color:#000000\" target=\"_blank\" rel=\"noreferrer noopener\">Li\u00ean h\u1ec7 v\u1edbi ch\u00fang t\u00f4i<\/a><\/div>\n<\/div>\n\n\n\n<div style=\"height:64px\" aria-hidden=\"true\" class=\"wp-block-spacer\"><\/div>\n<\/div>\n\n\n\n<div style=\"height:var(--wp--preset--spacing--20)\" aria-hidden=\"true\" class=\"wp-block-spacer\"><\/div>\n\n\n\n<hr class=\"wp-block-separator has-alpha-channel-opacity\">\n\n\n\n<div style=\"height:var(--wp--preset--spacing--20)\" aria-hidden=\"true\" class=\"wp-block-spacer\"><\/div>\n\n\n\n<p class=\"has-text-align-left\">C\u1eadp nh\u1eadt l\u1ea7n cu\u1ed1i: 20\/09\/2024<\/p>\n\n\n\n<div style=\"height:var(--wp--preset--spacing--20)\" aria-hidden=\"true\" class=\"wp-block-spacer\"><\/div>\n\n\n\n<hr class=\"wp-block-separator has-alpha-channel-opacity\">\n\n\n\n<div style=\"height:var(--wp--preset--spacing--20)\" aria-hidden=\"true\" class=\"wp-block-spacer\"><\/div>\n\n\n\n<h2 class=\"wp-block-heading\">B\u00e0i vi\u1ebft m\u1edbi nh\u1ea5t H\u1ed9i \u0111\u1ed3ng, \u1ee6y ban &amp; \u1ee6y ban<\/h2>\n\n\n<ul class=\"wp-block-latest-posts__list wp-block-latest-posts\"><li><a class=\"wp-block-latest-posts__post-title\" href=\"https:\/\/www.upmd.fr\/vi\/bao-cao-hoi-dong-nha-truong-quy-1-nam-2024-2025-13-11-2024-en-attente-de-validation\/\">B\u00e1o c\u00e1o H\u1ed9i \u0111\u1ed3ng nh\u00e0 tr\u01b0\u1eddng \u2013 Qu\u00fd 1 n\u0103m 2024-2025 (13\/11\/2024) [En attente de validation]<\/a><\/li>\n<li><a class=\"wp-block-latest-posts__post-title\" href=\"https:\/\/www.upmd.fr\/vi\/%f0%9f%87%bb%f0%9f%87%b3-hoi-dong-lop-cua-hoc-sinh-trung-hoc-co-so-va-trung-hoc-pho-thong\/\">\ud83c\uddfb\ud83c\uddf3 H\u1ed9i \u0111\u1ed3ng l\u1edbp c\u1ee7a h\u1ecdc sinh trung h\u1ecdc c\u01a1 s\u1edf v\u00e0 trung h\u1ecdc ph\u1ed5 th\u00f4ng<\/a><\/li>\n<\/ul>\n\n\n<p><\/p>\n","protected":false},"excerpt":{"rendered":"<p>\u1ede trung t\u00e2m c\u1ee7a l\u1edbp h\u1ecdc Trung h\u1ecdc c\u01a1 s\u1edf v\u00e0 trung h\u1ecdc ph\u1ed5 th\u00f4ng H\u1ed9i \u0111\u1ed3ng l\u1edbp l\u00e0 cu\u1ed9c h\u1ecdp di\u1ec5n ra m\u1ed7i h\u1ecdc k\u1ef3 \u0111\u1ec3 \u0111\u00e1nh gi\u00e1 t\u00ecnh h\u00ecnh l\u1edbp h\u1ecdc v\u00e0 n\u00eau ra nh\u1eefng c\u00e2u h\u1ecfi li\u00ean quan \u0111\u1ebfn vi\u1ec7c gi\u1ea3ng d\u1ea1y su\u00f4n s\u1ebb trong su\u1ed1t th\u1eddi gian \u0111\u00f3. M\u1ed7i l\u1edbp c\u00f3 [&hellip;]<\/p>\n","protected":false},"author":8,"featured_media":0,"parent":11460,"menu_order":1,"comment_status":"closed","ping_status":"closed","template":"page-wide","meta":{"footnotes":""},"class_list":["post-11448","page","type-page","status-publish","hentry"],"_links":{"self":[{"href":"https:\/\/www.upmd.fr\/vi\/wp-json\/wp\/v2\/pages\/11448","targetHints":{"allow":["GET"]}}],"collection":[{"href":"https:\/\/www.upmd.fr\/vi\/wp-json\/wp\/v2\/pages"}],"about":[{"href":"https:\/\/www.upmd.fr\/vi\/wp-json\/wp\/v2\/types\/page"}],"author":[{"embeddable":true,"href":"https:\/\/www.upmd.fr\/vi\/wp-json\/wp\/v2\/users\/8"}],"replies":[{"embeddable":true,"href":"https:\/\/www.upmd.fr\/vi\/wp-json\/wp\/v2\/comments?post=11448"}],"version-history":[{"count":1,"href":"https:\/\/www.upmd.fr\/vi\/wp-json\/wp\/v2\/pages\/11448\/revisions"}],"predecessor-version":[{"id":11462,"href":"https:\/\/www.upmd.fr\/vi\/wp-json\/wp\/v2\/pages\/11448\/revisions\/11462"}],"up":[{"embeddable":true,"href":"https:\/\/www.upmd.fr\/vi\/wp-json\/wp\/v2\/pages\/11460"}],"wp:attachment":[{"href":"https:\/\/www.upmd.fr\/vi\/wp-json\/wp\/v2\/media?parent=11448"}],"curies":[{"name":"wp","href":"https:\/\/api.w.org\/{rel}","templated":true}]}}