{"id":11446,"date":"2024-09-30T00:47:19","date_gmt":"2024-09-29T17:47:19","guid":{"rendered":"https:\/\/www.upmd.fr\/hiep-hoi-theo-luat-nam-1901\/"},"modified":"2024-09-30T00:47:19","modified_gmt":"2024-09-29T17:47:19","slug":"hiep-hoi-theo-luat-nam-1901","status":"publish","type":"page","link":"https:\/\/www.upmd.fr\/vi\/hiep-hoi-theo-luat-nam-1901\/","title":{"rendered":"Hi\u1ec7p h\u1ed9i theo lu\u1eadt n\u0103m 1901"},"content":{"rendered":"\n<p>UPMD l\u00e0 m\u1ed9t APE, m\u1ed9t hi\u1ec7p h\u1ed9i \u0111\u01b0\u1ee3c th\u00e0nh l\u1eadp theo lu\u1eadt n\u0103m 1901, \u0111\u01b0\u1ee3c \u0111\u0103ng k\u00fd t\u1ea1i Ph\u00e1p.<\/p>\n\n\n\n<p>Ph\u1ea3i tu\u00e2n th\u1ee7 theo lu\u1eadt ph\u00e1p c\u1ee7a Ph\u00e1p.<\/p>\n\n\n\n<div style=\"height:16px\" aria-hidden=\"true\" class=\"wp-block-spacer\"><\/div>\n\n\n\n<hr class=\"wp-block-separator has-alpha-channel-opacity\">\n\n\n\n<div style=\"height:var(--wp--preset--spacing--10)\" aria-hidden=\"true\" class=\"wp-block-spacer\"><\/div>\n\n\n\n<h2 class=\"wp-block-heading\">Quy ch\u1ebf<\/h2>\n\n\n\n<p>\u261e <a href=\"https:\/\/www.upmd.fr\/wp-content\/uploads\/2022\/02\/statuts-2022.pdf\">\u0110i\u1ec1u l\u1ec7 hi\u1ec7p h\u1ed9i<\/a><\/p>\n\n\n\n<div style=\"height:16px\" aria-hidden=\"true\" class=\"wp-block-spacer\"><\/div>\n\n\n\n<hr class=\"wp-block-separator has-alpha-channel-opacity\">\n\n\n\n<div style=\"height:var(--wp--preset--spacing--10)\" aria-hidden=\"true\" class=\"wp-block-spacer\"><\/div>\n\n\n\n<h2 class=\"wp-block-heading\">\u270f\ufe0f B\u00e0i vi\u1ebft m\u1edbi nh\u1ea5t: Lu\u1eadt hi\u1ec7p h\u1ed9i 1901<\/h2>\n\n\n<ul class=\"wp-block-latest-posts__list is-grid columns-3 wp-block-latest-posts\"><li><a class=\"wp-block-latest-posts__post-title\" href=\"https:\/\/www.upmd.fr\/vi\/dai-hoi-2025-thu-moi\/\">\u0110\u1ea1i h\u1ed9i 2025 \u2013 Th\u1ee9 B\u1ea3y, 20 th\u00e1ng 09<\/a><\/li>\n<li><a class=\"wp-block-latest-posts__post-title\" href=\"https:\/\/www.upmd.fr\/vi\/upmd-chuyen-den-phong-004\/\">UPMD chuy\u1ec3n \u0111\u1ebfn ph\u00f2ng 004<\/a><\/li>\n<li><a class=\"wp-block-latest-posts__post-title\" href=\"https:\/\/www.upmd.fr\/vi\/loi-moi-dai-hoi-thong-thuong-%f0%9f%93%a3\/\">L\u1eddi m\u1eddi \u0110\u1ea1i h\u1ed9i th\u00f4ng th\u01b0\u1eddng \ud83d\udce3<\/a><\/li>\n<li><a class=\"wp-block-latest-posts__post-title\" href=\"https:\/\/www.upmd.fr\/vi\/lieu-dich-vu-van-chuyen\/\">\ud83c\uddfb\ud83c\uddf3 Li\u1ec7u d\u1ecbch v\u1ee5 v\u1eadn chuy\u1ec3n \u0111\u1ebfn tr\u01b0\u1eddng c\u1ee7a LFI c\u00f3 b\u1ecb \u0111e d\u1ecda kh\u00f4ng?<\/a><\/li>\n<li><a class=\"wp-block-latest-posts__post-title\" href=\"https:\/\/www.upmd.fr\/vi\/%f0%9f%87%bb%f0%9f%87%b3-dai-hoi-dong-ngay-10-thang-11-nam-2020-bao-cao\/\">\ud83c\uddfb\ud83c\uddf3 \u0110\u1ea1i h\u1ed9i \u0111\u1ed3ng ng\u00e0y 10 th\u00e1ng 11 n\u0103m 2020: b\u00e1o c\u00e1o<\/a><\/li>\n<\/ul>\n\n\n<div style=\"height:16px\" aria-hidden=\"true\" class=\"wp-block-spacer\"><\/div>\n\n\n\n<hr class=\"wp-block-separator has-alpha-channel-opacity\">\n\n\n\n<div style=\"height:var(--wp--preset--spacing--10)\" aria-hidden=\"true\" class=\"wp-block-spacer\"><\/div>\n\n\n\n<div class=\"wp-block-group is-nowrap is-layout-flex wp-container-core-group-is-layout-6c531013 wp-block-group-is-layout-flex\">\n<p>C\u1eadp nh\u1eadt l\u1ea7n cu\u1ed1i:<\/p>\n\n\n<\/div>\n","protected":false},"excerpt":{"rendered":"<p>UPMD l\u00e0 m\u1ed9t APE, m\u1ed9t hi\u1ec7p h\u1ed9i \u0111\u01b0\u1ee3c th\u00e0nh l\u1eadp theo lu\u1eadt n\u0103m 1901, \u0111\u01b0\u1ee3c \u0111\u0103ng k\u00fd t\u1ea1i Ph\u00e1p. Ph\u1ea3i tu\u00e2n th\u1ee7 theo lu\u1eadt ph\u00e1p c\u1ee7a Ph\u00e1p. Quy ch\u1ebf \u261e \u0110i\u1ec1u l\u1ec7 hi\u1ec7p h\u1ed9i \u270f\ufe0f B\u00e0i vi\u1ebft m\u1edbi nh\u1ea5t: Lu\u1eadt hi\u1ec7p h\u1ed9i 1901 C\u1eadp nh\u1eadt l\u1ea7n cu\u1ed1i:<\/p>\n","protected":false},"author":8,"featured_media":10104,"parent":0,"menu_order":0,"comment_status":"closed","ping_status":"closed","template":"page-wide","meta":{"footnotes":""},"class_list":["post-11446","page","type-page","status-publish","has-post-thumbnail","hentry"],"_links":{"self":[{"href":"https:\/\/www.upmd.fr\/vi\/wp-json\/wp\/v2\/pages\/11446","targetHints":{"allow":["GET"]}}],"collection":[{"href":"https:\/\/www.upmd.fr\/vi\/wp-json\/wp\/v2\/pages"}],"about":[{"href":"https:\/\/www.upmd.fr\/vi\/wp-json\/wp\/v2\/types\/page"}],"author":[{"embeddable":true,"href":"https:\/\/www.upmd.fr\/vi\/wp-json\/wp\/v2\/users\/8"}],"replies":[{"embeddable":true,"href":"https:\/\/www.upmd.fr\/vi\/wp-json\/wp\/v2\/comments?post=11446"}],"version-history":[{"count":0,"href":"https:\/\/www.upmd.fr\/vi\/wp-json\/wp\/v2\/pages\/11446\/revisions"}],"wp:featuredmedia":[{"embeddable":true,"href":"https:\/\/www.upmd.fr\/vi\/wp-json\/wp\/v2\/media\/10104"}],"wp:attachment":[{"href":"https:\/\/www.upmd.fr\/vi\/wp-json\/wp\/v2\/media?parent=11446"}],"curies":[{"name":"wp","href":"https:\/\/api.w.org\/{rel}","templated":true}]}}