{"id":11444,"date":"2019-09-04T09:17:48","date_gmt":"2019-09-04T02:17:48","guid":{"rendered":"https:\/\/www.upmd.fr\/%f0%9f%85%b2-hoi-dong-nha-truong-2\/"},"modified":"2025-03-24T09:59:51","modified_gmt":"2025-03-24T02:59:51","slug":"%f0%9f%85%b2-hoi-dong-nha-truong-2","status":"publish","type":"page","link":"https:\/\/www.upmd.fr\/vi\/ban-uy-ban-uy-ban\/%f0%9f%85%b2-hoi-dong-nha-truong-2\/","title":{"rendered":"\ud83c\udd72 H\u1ed9i \u0111\u1ed3ng nh\u00e0 tr\u01b0\u1eddng"},"content":{"rendered":"\n<h1 class=\"wp-block-heading\">Ti\u1ec3u h\u1ecdc: M\u1eabu gi\u00e1o v\u00e0 Ti\u1ec3u h\u1ecdc<\/h1>\n\n\n\n<p>H\u1ed9i \u0111\u1ed3ng nh\u00e0 tr\u01b0\u1eddng ph\u1ee5 tr\u00e1ch gi\u00e1o d\u1ee5c ti\u1ec3u h\u1ecdc, t\u1ee9c l\u00e0 gi\u00e1o d\u1ee5c m\u1ea7m non v\u00e0 ti\u1ec3u h\u1ecdc (kh\u00f4ng gi\u1ed1ng nh\u01b0 H\u1ed9i \u0111\u1ed3ng th\u00e0nh l\u1eadp ph\u1ee5 tr\u00e1ch gi\u00e1o d\u1ee5c ti\u1ec3u h\u1ecdc v\u00e0 trung h\u1ecdc). D\u01b0\u1edbi s\u1ef1 ch\u1ee7 tr\u00ec c\u1ee7a hi\u1ec7u tr\u01b0\u1edfng nh\u00e0 tr\u01b0\u1eddng, h\u1ed9i \u0111\u1ed3ng h\u1ecdp m\u1ed7i h\u1ecdc k\u1ef3 m\u1ed9t l\u1ea7n (3 l\u1ea7n m\u1ed9t n\u0103m) \u0111\u1ec3 \u0111\u01b0a ra c\u00e1c quy\u1ebft \u0111\u1ecbnh li\u00ean quan \u0111\u1ebfn \u0111\u1eddi s\u1ed1ng nh\u00e0 tr\u01b0\u1eddng, b\u1ecf phi\u1ebfu v\u1ec1 c\u00e1c quy \u0111\u1ecbnh n\u1ed9i b\u1ed9 c\u1ee7a tr\u01b0\u1eddng v\u00e0 th\u00f4ng qua d\u1ef1 \u00e1n c\u1ee7a tr\u01b0\u1eddng.   <\/p>\n\n\n\n<p>N\u00f3 bao g\u1ed3m:<\/p>\n\n\n\n<ul class=\"wp-block-list\">\n<li>Ban qu\u1ea3n l\u00fd tr\u01b0\u1eddng h\u1ecdc<\/li>\n\n\n\n<li>gi\u00e1o vi\u00ean (12 phi\u1ebfu b\u1ea7u)<\/li>\n\n\n\n<li>M\u1ed9t gi\u00e1o vi\u00ean chuy\u00ean m\u00f4n (1 phi\u1ebfu b\u1ea7u)<\/li>\n\n\n\n<li>\u0110\u1ea1i di\u1ec7n ph\u1ee5 huynh (12 phi\u1ebfu b\u1ea7u)<\/li>\n<\/ul>\n\n\n\n<p>&nbsp;V\u1edbi gi\u1ecdng n\u00f3i tham v\u1ea5n:<\/p>\n\n\n\n<ul class=\"wp-block-list\">\n<li>Tr\u01b0\u1edfng c\u01a1 s\u1edf ho\u1eb7c ph\u00f3 c\u01a1 s\u1edf<\/li>\n\n\n\n<li>T\u1ed5ng th\u01b0 k\u00fd<\/li>\n\n\n\n<li>Thanh tra Gi\u00e1o d\u1ee5c Qu\u1ed1c gia t\u1ea1i n\u01a1i c\u01b0 tr\u00fa<\/li>\n<\/ul>\n\n\n\n<p>&nbsp;\u0110\u00e2y l\u00e0 c\u01a1 quan t\u01b0 v\u1ea5n mang t\u00ednh th\u1ec3 ch\u1ebf, \u0111\u01b0a ra \u00fd ki\u1ebfn \u200b\u200bv\u1ec1 c\u00e1c v\u1ea5n \u0111\u1ec1 ch\u00ednh c\u1ee7a \u0111\u1eddi s\u1ed1ng tr\u01b0\u1eddng h\u1ecdc.<br> H\u1ed9i \u0111\u1ed3ng h\u1ecdp \u0111\u1ec3 \u0111\u01b0a ra quy\u1ebft \u0111\u1ecbnh li\u00ean quan \u0111\u1ebfn \u0111\u1eddi s\u1ed1ng nh\u00e0 tr\u01b0\u1eddng, b\u1ecf phi\u1ebfu v\u1ec1 c\u00e1c quy \u0111\u1ecbnh n\u1ed9i b\u1ed9 c\u1ee7a tr\u01b0\u1eddng v\u00e0 th\u00f4ng qua d\u1ef1 \u00e1n c\u1ee7a tr\u01b0\u1eddng.<\/p>\n\n\n\n<div style=\"height:var(--wp--preset--spacing--20)\" aria-hidden=\"true\" class=\"wp-block-spacer\"><\/div>\n\n\n\n<hr class=\"wp-block-separator has-alpha-channel-opacity\">\n\n\n\n<div style=\"height:var(--wp--preset--spacing--20)\" aria-hidden=\"true\" class=\"wp-block-spacer\"><\/div>\n\n\n\n<p class=\"has-text-align-left\">Li\u00ean h\u1ec7 v\u1edbi h\u1ed9i \u0111\u1ed3ng nh\u00e0 tr\u01b0\u1eddng qua <a href=\"mailto:contact@upmd.fr\">conseil.ecole@upmd.fr<\/a><\/p>\n\n\n\n<div style=\"height:var(--wp--preset--spacing--20)\" aria-hidden=\"true\" class=\"wp-block-spacer\"><\/div>\n\n\n\n<hr class=\"wp-block-separator has-alpha-channel-opacity\">\n\n\n\n<div style=\"height:var(--wp--preset--spacing--20)\" aria-hidden=\"true\" class=\"wp-block-spacer\"><\/div>\n\n\n\n<p>\u261e <a href=\"https:\/\/www.upmd.fr\/index.php\/2023\/09\/23\/representants-parents-conseil-ecole-2023-2024\/\">\u0110\u1ea1i di\u1ec7n ph\u1ee5 huynh trong H\u1ed9i \u0111\u1ed3ng nh\u00e0 tr\u01b0\u1eddng n\u0103m h\u1ecdc 2023-2024<\/a><\/p>\n\n\n\n<p>\u261e <a href=\"https:\/\/www.upmd.fr\/index.php\/2023\/09\/23\/liste-parents-enseignants-conseil-ecole-2023-2024\/\" data-type=\"post\" data-id=\"7964\">Danh s\u00e1ch \u0111\u1ea7y \u0111\u1ee7 Ph\u1ee5 huynh v\u00e0 Gi\u00e1o vi\u00ean trong H\u1ed9i \u0111\u1ed3ng Nh\u00e0 tr\u01b0\u1eddng n\u0103m h\u1ecdc 2023-2024<\/a><\/p>\n\n\n\n<div style=\"height:24px\" aria-hidden=\"true\" class=\"wp-block-spacer\"><\/div>\n\n\n\n<hr class=\"wp-block-separator has-alpha-channel-opacity\">\n\n\n\n<p>&nbsp;<\/p>\n\n\n\n<h3 class=\"wp-block-heading\">B\u00e0i vi\u1ebft m\u1edbi nh\u1ea5t: H\u1ed9i \u0111\u1ed3ng, \u1ee7y ban v\u00e0 \u1ee7y ban<\/h3>\n\n\n<ul class=\"wp-block-latest-posts__list wp-block-latest-posts\"><li><a class=\"wp-block-latest-posts__post-title\" href=\"https:\/\/www.upmd.fr\/vi\/bao-cao-hoi-dong-nha-truong-quy-1-nam-2024-2025-13-11-2024-en-attente-de-validation\/\">B\u00e1o c\u00e1o H\u1ed9i \u0111\u1ed3ng nh\u00e0 tr\u01b0\u1eddng \u2013 Qu\u00fd 1 n\u0103m 2024-2025 (13\/11\/2024) [En attente de validation]<\/a><\/li>\n<li><a class=\"wp-block-latest-posts__post-title\" href=\"https:\/\/www.upmd.fr\/vi\/%f0%9f%87%bb%f0%9f%87%b3-hoi-dong-lop-cua-hoc-sinh-trung-hoc-co-so-va-trung-hoc-pho-thong\/\">\ud83c\uddfb\ud83c\uddf3 H\u1ed9i \u0111\u1ed3ng l\u1edbp c\u1ee7a h\u1ecdc sinh trung h\u1ecdc c\u01a1 s\u1edf v\u00e0 trung h\u1ecdc ph\u1ed5 th\u00f4ng<\/a><\/li>\n<\/ul>\n\n\n<p><\/p>\n","protected":false},"excerpt":{"rendered":"<p>Ti\u1ec3u h\u1ecdc: M\u1eabu gi\u00e1o v\u00e0 Ti\u1ec3u h\u1ecdc H\u1ed9i \u0111\u1ed3ng nh\u00e0 tr\u01b0\u1eddng ph\u1ee5 tr\u00e1ch gi\u00e1o d\u1ee5c ti\u1ec3u h\u1ecdc, t\u1ee9c l\u00e0 gi\u00e1o d\u1ee5c m\u1ea7m non v\u00e0 ti\u1ec3u h\u1ecdc (kh\u00f4ng gi\u1ed1ng nh\u01b0 H\u1ed9i \u0111\u1ed3ng th\u00e0nh l\u1eadp ph\u1ee5 tr\u00e1ch gi\u00e1o d\u1ee5c ti\u1ec3u h\u1ecdc v\u00e0 trung h\u1ecdc). D\u01b0\u1edbi s\u1ef1 ch\u1ee7 tr\u00ec c\u1ee7a hi\u1ec7u tr\u01b0\u1edfng nh\u00e0 tr\u01b0\u1eddng, h\u1ed9i \u0111\u1ed3ng h\u1ecdp m\u1ed7i [&hellip;]<\/p>\n","protected":false},"author":3,"featured_media":0,"parent":11460,"menu_order":2,"comment_status":"closed","ping_status":"closed","template":"page-wide","meta":{"footnotes":""},"class_list":["post-11444","page","type-page","status-publish","hentry"],"_links":{"self":[{"href":"https:\/\/www.upmd.fr\/vi\/wp-json\/wp\/v2\/pages\/11444","targetHints":{"allow":["GET"]}}],"collection":[{"href":"https:\/\/www.upmd.fr\/vi\/wp-json\/wp\/v2\/pages"}],"about":[{"href":"https:\/\/www.upmd.fr\/vi\/wp-json\/wp\/v2\/types\/page"}],"author":[{"embeddable":true,"href":"https:\/\/www.upmd.fr\/vi\/wp-json\/wp\/v2\/users\/3"}],"replies":[{"embeddable":true,"href":"https:\/\/www.upmd.fr\/vi\/wp-json\/wp\/v2\/comments?post=11444"}],"version-history":[{"count":1,"href":"https:\/\/www.upmd.fr\/vi\/wp-json\/wp\/v2\/pages\/11444\/revisions"}],"predecessor-version":[{"id":11464,"href":"https:\/\/www.upmd.fr\/vi\/wp-json\/wp\/v2\/pages\/11444\/revisions\/11464"}],"up":[{"embeddable":true,"href":"https:\/\/www.upmd.fr\/vi\/wp-json\/wp\/v2\/pages\/11460"}],"wp:attachment":[{"href":"https:\/\/www.upmd.fr\/vi\/wp-json\/wp\/v2\/media?parent=11444"}],"curies":[{"name":"wp","href":"https:\/\/api.w.org\/{rel}","templated":true}]}}