{"id":11432,"date":"2019-09-04T08:59:51","date_gmt":"2019-09-04T01:59:51","guid":{"rendered":"https:\/\/www.upmd.fr\/%f0%9f%85%b2-tu-van-ky-luat\/"},"modified":"2025-03-24T09:59:51","modified_gmt":"2025-03-24T02:59:51","slug":"%f0%9f%85%b2-tu-van-ky-luat","status":"publish","type":"page","link":"https:\/\/www.upmd.fr\/vi\/ban-uy-ban-uy-ban\/%f0%9f%85%b2-tu-van-ky-luat\/","title":{"rendered":"\ud83c\udd72 T\u01b0 v\u1ea5n k\u1ef7 lu\u1eadt"},"content":{"rendered":"\n<h1 class=\"wp-block-heading\">Vi\u1ec7c \u0111\u1ee9ng tr\u00ean h\u00e0ng r\u00e0o bi\u1ec3u t\u00ecnh ch\u1eb3ng h\u1ec1 vui v\u1ebb ch\u00fat n\u00e0o!<\/h1>\n\n\n\n<p>H\u1ed9i \u0111\u1ed3ng k\u1ef7 lu\u1eadt bao g\u1ed3m 14 th\u00e0nh vi\u00ean sau \u0111\u00e2y:<\/p>\n\n\n\n<ul class=\"wp-block-list\">\n<li>9 th\u00e0nh vi\u00ean c\u1ee7a c\u01a1 s\u1edf: ng\u01b0\u1eddi \u0111\u1ee9ng \u0111\u1ea7u c\u01a1 s\u1edf, ph\u00f3 c\u1ee7a ng\u01b0\u1eddi \u0111\u1ee9ng \u0111\u1ea7u, 1 c\u1ed1 v\u1ea5n gi\u00e1o d\u1ee5c ch\u00ednh (CPE), ng\u01b0\u1eddi qu\u1ea3n l\u00fd c\u01a1 s\u1edf v\u00e0 5 \u0111\u1ea1i di\u1ec7n nh\u00e2n vi\u00ean \u0111\u01b0\u1ee3c b\u1ea7u<\/li>\n\n\n\n<li>3 \u0111\u1ea1i di\u1ec7n \u0111\u01b0\u1ee3c b\u1ea7u c\u1ee7a ph\u1ee5 huynh h\u1ecdc sinh trung h\u1ecdc c\u01a1 s\u1edf \/ 2 \u0111\u1ea1i di\u1ec7n \u1edf trung h\u1ecdc ph\u1ed5 th\u00f4ng<\/li>\n\n\n\n<li>2 \u0111\u1ea1i di\u1ec7n h\u1ecdc sinh \u0111\u01b0\u1ee3c b\u1ea7u \u1edf tr\u01b0\u1eddng trung h\u1ecdc c\u01a1 s\u1edf \/ 3 \u1edf tr\u01b0\u1eddng trung h\u1ecdc ph\u1ed5 th\u00f4ng<\/li>\n<\/ul>\n\n\n\n<div style=\"height:var(--wp--preset--spacing--20)\" aria-hidden=\"true\" class=\"wp-block-spacer\"><\/div>\n\n\n\n<hr class=\"wp-block-separator has-alpha-channel-opacity\">\n\n\n\n<div style=\"height:var(--wp--preset--spacing--20)\" aria-hidden=\"true\" class=\"wp-block-spacer\"><\/div>\n\n\n\n<p class=\"has-text-align-left\">Li\u00ean h\u1ec7 v\u1edbi \u0111\u1ea1i di\u1ec7n c\u1ee7a b\u1ea1n t\u1ea1i H\u1ed9i \u0111\u1ed3ng k\u1ef7 lu\u1eadt qua <a href=\"mailto:contact@upmd.fr\">contact@upmd.fr<\/a> <\/p>\n\n\n\n<div style=\"height:var(--wp--preset--spacing--20)\" aria-hidden=\"true\" class=\"wp-block-spacer\"><\/div>\n\n\n\n<hr class=\"wp-block-separator has-alpha-channel-opacity\">\n\n\n\n<div style=\"height:var(--wp--preset--spacing--20)\" aria-hidden=\"true\" class=\"wp-block-spacer\"><\/div>\n\n\n\n<p>\u261e <a href=\"https:\/\/www.upmd.fr\/index.php\/2024\/03\/04\/representants-des-parents-aux-conseils-de-discipline-2023-2024\/\">\u0110\u1ea1i di\u1ec7n ph\u1ee5 huynh t\u1ea1i H\u1ed9i \u0111\u1ed3ng k\u1ef7 lu\u1eadt n\u0103m h\u1ecdc 2023-2024<\/a><\/p>\n\n\n\n<p>\u261e <a href=\"https:\/\/www.upmd.fr\/index.php\/2024\/09\/23\/liste-complete-des-membres-des-conseils-de-discipline-2023-2024\/\" data-type=\"post\" data-id=\"7943\">Danh s\u00e1ch \u0111\u1ea7y \u0111\u1ee7 c\u00e1c th\u00e0nh vi\u00ean H\u1ed9i \u0111\u1ed3ng k\u1ef7 lu\u1eadt n\u0103m 2023-2024<\/a><\/p>\n\n\n\n<p>\u261e <a href=\"https:\/\/www.upmd.fr\/index.php\/2023\/11\/01\/designations-upmd-aux-conseils-comites-commissions-2023-2024\/\" data-type=\"post\" data-id=\"7753\">Danh s\u00e1ch \u0111\u1ea7y \u0111\u1ee7 c\u00e1c cu\u1ed9c b\u1ed5 nhi\u1ec7m c\u1ee7a UPMD v\u00e0o H\u1ed9i \u0111\u1ed3ng\/\u1ee6y ban\/\u1ee6y ban 2023-2024<\/a><\/p>\n\n\n\n<div style=\"height:var(--wp--preset--spacing--20)\" aria-hidden=\"true\" class=\"wp-block-spacer\"><\/div>\n\n\n\n<hr class=\"wp-block-separator has-alpha-channel-opacity\">\n\n\n\n<div style=\"height:var(--wp--preset--spacing--20)\" aria-hidden=\"true\" class=\"wp-block-spacer\"><\/div>\n\n\n\n<div class=\"wp-block-group is-content-justification-right is-nowrap is-layout-flex wp-container-core-group-is-layout-17124a9a wp-block-group-is-layout-flex\">\n<p>C\u1eadp nh\u1eadt<\/p>\n\n\n<div class=\"wp-block-post-date__modified-date wp-block-post-date\"><time datetime=\"2025-03-24T09:59:51+07:00\">24\/03\/2025<\/time><\/div><\/div>\n\n\n\n<p><\/p>\n","protected":false},"excerpt":{"rendered":"<p>Vi\u1ec7c \u0111\u1ee9ng tr\u00ean h\u00e0ng r\u00e0o bi\u1ec3u t\u00ecnh ch\u1eb3ng h\u1ec1 vui v\u1ebb ch\u00fat n\u00e0o! H\u1ed9i \u0111\u1ed3ng k\u1ef7 lu\u1eadt bao g\u1ed3m 14 th\u00e0nh vi\u00ean sau \u0111\u00e2y: Li\u00ean h\u1ec7 v\u1edbi \u0111\u1ea1i di\u1ec7n c\u1ee7a b\u1ea1n t\u1ea1i H\u1ed9i \u0111\u1ed3ng k\u1ef7 lu\u1eadt qua contact@upmd.fr \u261e \u0110\u1ea1i di\u1ec7n ph\u1ee5 huynh t\u1ea1i H\u1ed9i \u0111\u1ed3ng k\u1ef7 lu\u1eadt n\u0103m h\u1ecdc 2023-2024 \u261e Danh s\u00e1ch \u0111\u1ea7y [&hellip;]<\/p>\n","protected":false},"author":3,"featured_media":0,"parent":11460,"menu_order":5,"comment_status":"closed","ping_status":"closed","template":"page-wide","meta":{"footnotes":""},"class_list":["post-11432","page","type-page","status-publish","hentry"],"_links":{"self":[{"href":"https:\/\/www.upmd.fr\/vi\/wp-json\/wp\/v2\/pages\/11432","targetHints":{"allow":["GET"]}}],"collection":[{"href":"https:\/\/www.upmd.fr\/vi\/wp-json\/wp\/v2\/pages"}],"about":[{"href":"https:\/\/www.upmd.fr\/vi\/wp-json\/wp\/v2\/types\/page"}],"author":[{"embeddable":true,"href":"https:\/\/www.upmd.fr\/vi\/wp-json\/wp\/v2\/users\/3"}],"replies":[{"embeddable":true,"href":"https:\/\/www.upmd.fr\/vi\/wp-json\/wp\/v2\/comments?post=11432"}],"version-history":[{"count":1,"href":"https:\/\/www.upmd.fr\/vi\/wp-json\/wp\/v2\/pages\/11432\/revisions"}],"predecessor-version":[{"id":11463,"href":"https:\/\/www.upmd.fr\/vi\/wp-json\/wp\/v2\/pages\/11432\/revisions\/11463"}],"up":[{"embeddable":true,"href":"https:\/\/www.upmd.fr\/vi\/wp-json\/wp\/v2\/pages\/11460"}],"wp:attachment":[{"href":"https:\/\/www.upmd.fr\/vi\/wp-json\/wp\/v2\/media?parent=11432"}],"curies":[{"name":"wp","href":"https:\/\/api.w.org\/{rel}","templated":true}]}}