{"id":11429,"date":"2019-06-09T15:33:28","date_gmt":"2019-06-09T08:33:28","guid":{"rendered":"https:\/\/www.upmd.fr\/gioi-thieu-ve-upmd\/doi-tac-va-nha-tai-tro-cua-chung-toi\/"},"modified":"2019-06-09T15:33:28","modified_gmt":"2019-06-09T08:33:28","slug":"doi-tac-va-nha-tai-tro-cua-chung-toi","status":"publish","type":"page","link":"https:\/\/www.upmd.fr\/vi\/gioi-thieu-ve-upmd\/doi-tac-va-nha-tai-tro-cua-chung-toi\/","title":{"rendered":"\u0110\u1ed1i t\u00e1c v\u00e0 nh\u00e0 t\u00e0i tr\u1ee3 c\u1ee7a ch\u00fang t\u00f4i"},"content":{"rendered":"\n<p>Hi\u1ec7p h\u1ed9i ho\u1ea1t \u0111\u1ed9ng ch\u1ee7 y\u1ebfu d\u1ef1a tr\u00ean s\u1ef1 l\u00e0m vi\u1ec7c t\u1ef1 nguy\u1ec7n v\u00e0 thi\u1ec7n ch\u00ed c\u1ee7a c\u00e1c th\u00e0nh vi\u00ean t\u00edch c\u1ef1c.  <\/p>\n\n\n\n<p>Ch\u00fang ta c\u0169ng c\u1ea7n thi\u1ebft l\u1eadp quan h\u1ec7 \u0111\u1ed1i t\u00e1c cho m\u1ed9t s\u1ed1 ho\u1ea1t \u0111\u1ed9ng nh\u1ea5t \u0111\u1ecbnh.<\/p>\n\n\n\n<p>Cu\u1ed1i c\u00f9ng, trong khi ngu\u1ed3n t\u00e0i ch\u00ednh c\u1ee7a ch\u00fang t\u00f4i ch\u1ee7 y\u1ebfu \u0111\u1ebfn t\u1eeb ph\u00ed th\u00e0nh vi\u00ean, s\u1ef1 gi\u00fap \u0111\u1ee1 c\u1ee7a c\u00e1c nh\u00e0 t\u00e0i tr\u1ee3 c\u0169ng r\u1ea5t quan tr\u1ecdng trong vi\u1ec7c t\u00e0i tr\u1ee3 cho m\u1ed9t s\u1ed1 s\u1ef1 ki\u1ec7n nh\u1ea5t \u0111\u1ecbnh.<\/p>\n\n\n\n<p><strong>Xin ch\u00e2n th\u00e0nh c\u1ea3m \u01a1n h\u1ecd!<\/strong><\/p>\n\n\n\n<div style=\"height:var(--wp--preset--spacing--10)\" aria-hidden=\"true\" class=\"wp-block-spacer\"><\/div>\n\n\n\n<hr class=\"wp-block-separator has-alpha-channel-opacity\">\n\n\n\n<div style=\"height:var(--wp--preset--spacing--10)\" aria-hidden=\"true\" class=\"wp-block-spacer\"><\/div>\n\n\n\n<h2 class=\"wp-block-heading\">\u0110\u1ed1i t\u00e1c v\u00e0 nh\u00e0 t\u00e0i tr\u1ee3 c\u1ee7a ch\u00fang t\u00f4i<\/h2>\n\n\n\n<p>\u261e <a href=\"https:\/\/www.upmd.fr\/vi\/gioi-thieu-ve-upmd\/doi-tac-nha-tai-tro-2023-2024\/\" data-type=\"page\" data-id=\"8417\">\u0110\u1ed1i t\u00e1c v\u00e0 nh\u00e0 t\u00e0i tr\u1ee3 2023-2024<\/a><\/p>\n\n\n\n<p>\u261e \u0110\u1ed1i t\u00e1c 2018-2019<\/p>\n\n\n\n<div style=\"height:var(--wp--preset--spacing--10)\" aria-hidden=\"true\" class=\"wp-block-spacer\"><\/div>\n\n\n\n<hr class=\"wp-block-separator has-alpha-channel-opacity\">\n\n\n\n<div style=\"height:var(--wp--preset--spacing--10)\" aria-hidden=\"true\" class=\"wp-block-spacer\"><\/div>\n\n\n\n<div class=\"wp-block-group is-nowrap is-layout-flex wp-container-core-group-is-layout-6c531013 wp-block-group-is-layout-flex\">\n<p>C\u1eadp nh\u1eadt v\u00e0o:<\/p>\n\n\n<\/div>\n\n\n\n<p><\/p>\n","protected":false},"excerpt":{"rendered":"<p>Hi\u1ec7p h\u1ed9i ho\u1ea1t \u0111\u1ed9ng ch\u1ee7 y\u1ebfu d\u1ef1a tr\u00ean s\u1ef1 l\u00e0m vi\u1ec7c t\u1ef1 nguy\u1ec7n v\u00e0 thi\u1ec7n ch\u00ed c\u1ee7a c\u00e1c th\u00e0nh vi\u00ean t\u00edch c\u1ef1c. Ch\u00fang ta c\u0169ng c\u1ea7n thi\u1ebft l\u1eadp quan h\u1ec7 \u0111\u1ed1i t\u00e1c cho m\u1ed9t s\u1ed1 ho\u1ea1t \u0111\u1ed9ng nh\u1ea5t \u0111\u1ecbnh. Cu\u1ed1i c\u00f9ng, trong khi ngu\u1ed3n t\u00e0i ch\u00ednh c\u1ee7a ch\u00fang t\u00f4i ch\u1ee7 y\u1ebfu \u0111\u1ebfn t\u1eeb ph\u00ed th\u00e0nh [&hellip;]<\/p>\n","protected":false},"author":9,"featured_media":10108,"parent":11363,"menu_order":7,"comment_status":"closed","ping_status":"closed","template":"page-wide","meta":{"footnotes":""},"class_list":["post-11429","page","type-page","status-publish","has-post-thumbnail","hentry"],"_links":{"self":[{"href":"https:\/\/www.upmd.fr\/vi\/wp-json\/wp\/v2\/pages\/11429","targetHints":{"allow":["GET"]}}],"collection":[{"href":"https:\/\/www.upmd.fr\/vi\/wp-json\/wp\/v2\/pages"}],"about":[{"href":"https:\/\/www.upmd.fr\/vi\/wp-json\/wp\/v2\/types\/page"}],"author":[{"embeddable":true,"href":"https:\/\/www.upmd.fr\/vi\/wp-json\/wp\/v2\/users\/9"}],"replies":[{"embeddable":true,"href":"https:\/\/www.upmd.fr\/vi\/wp-json\/wp\/v2\/comments?post=11429"}],"version-history":[{"count":0,"href":"https:\/\/www.upmd.fr\/vi\/wp-json\/wp\/v2\/pages\/11429\/revisions"}],"up":[{"embeddable":true,"href":"https:\/\/www.upmd.fr\/vi\/wp-json\/wp\/v2\/pages\/11363"}],"wp:featuredmedia":[{"embeddable":true,"href":"https:\/\/www.upmd.fr\/vi\/wp-json\/wp\/v2\/media\/10108"}],"wp:attachment":[{"href":"https:\/\/www.upmd.fr\/vi\/wp-json\/wp\/v2\/media?parent=11429"}],"curies":[{"name":"wp","href":"https:\/\/api.w.org\/{rel}","templated":true}]}}