{"id":11366,"date":"2024-09-23T04:31:43","date_gmt":"2024-09-22T21:31:43","guid":{"rendered":"https:\/\/www.upmd.fr\/gioi-thieu-ve-upmd\/gan-30-tuoi-ma-con-het-rang\/"},"modified":"2024-09-23T04:31:43","modified_gmt":"2024-09-22T21:31:43","slug":"gan-30-tuoi-ma-con-het-rang","status":"publish","type":"page","link":"https:\/\/www.upmd.fr\/vi\/gioi-thieu-ve-upmd\/gan-30-tuoi-ma-con-het-rang\/","title":{"rendered":"G\u1ea7n 30 tu\u1ed5i m\u00e0 c\u00f2n h\u1ebft r\u0103ng"},"content":{"rendered":"\n<h2 class=\"wp-block-heading\">M\u1ed9t l\u1ecbch s\u1eed ng\u1eafn c\u1ee7a hi\u1ec7p h\u1ed9i c\u1ee7a ch\u00fang t\u00f4i<\/h2>\n\n\n\n<h2 class=\"wp-block-heading\">\u2693\ufe0f APE [H\u1ed5i Ph\u1ee5 Huynh] Tr\u01b0\u1eddng Colette<\/h2>\n\n\n\n<p>Tr\u01b0\u1eddng Colette tr\u1ea3i r\u1ed9ng tr\u00ean nhi\u1ec1u \u0111\u1ecba \u0111i\u1ec3m \u1edf trung t\u00e2m th\u00e0nh ph\u1ed1 H\u1ed3 Ch\u00ed Minh.<br>N\u0103m 1998, theo y\u00eau c\u1ea7u c\u1ee7a ban qu\u1ea3n l\u00fd th\u1eddi gian, H\u1ed9i Ph\u1ee5 huynh (APE) c\u1ee7a tr\u01b0\u1eddng Colette \u0111\u00e3 \u0111\u01b0\u1ee3c th\u00e0nh l\u1eadp. M\u1ee5c \u0111\u00edch l\u00e0 \u0111\u1ec3 qu\u1ea3n l\u00fd c\u00e1c ho\u1ea1t \u0111\u1ed9ng kh\u00e1c nhau: cung c\u1ea5p b\u1ea3o hi\u1ec3m tr\u01b0\u1eddng h\u1ecdc, c\u00e2u l\u1ea1c b\u1ed9 th\u1ec3 thao, ho\u1ea1t \u0111\u1ed9ng sau gi\u1edd h\u1ecdc, d\u1ecbch v\u1ee5 gi\u1eef tr\u1ebb v\u1edbi d\u1ecbch v\u1ee5 \u0103n u\u1ed1ng t\u1ea1i tr\u01b0\u1eddng ti\u1ec3u h\u1ecdc v\u00e0 d\u1ecbch v\u1ee5 \u0103n u\u1ed1ng b\u1ed5 sung t\u1ea1i tr\u01b0\u1eddng trung h\u1ecdc, t\u1ed5 ch\u1ee9c h\u1ed9i ch\u1ee3 cu\u1ed1i n\u0103m v\u00e0 c\u00e1c l\u1ec5 h\u1ed9i kh\u00e1c nhau trong n\u0103m h\u1ecdc (Gi\u00e1ng Sinh, T\u1ebft, v.v.).<\/p>\n\n\n\n<p>T\u1eeb n\u0103m 2008, APE \u0111\u00e3 chu\u1ea9n b\u1ecb chuy\u1ec3n tr\u01b0\u1eddng Colette v\u1ec1 qu\u1eadn 9 (Q9 &#8211; ho\u1eb7c D9 cho Qu\u1eadn 9 theo Anglophiles), \u0111\u1ecba \u0111i\u1ec3m hi\u1ec7n t\u1ea1i c\u1ee7a Lyc\u00e9e s\u1ebd \u0111\u01b0\u1ee3c \u0111\u1eb7t theo t\u00ean c\u1ee7a nh\u00e0 v\u0103n n\u1ed5i ti\u1ebfng Marguerite Duras.<\/p>\n\n\n\n<h3 class=\"wp-block-heading\"><strong>Ch\u1ee7 t\u1ecbch APE Colette:<\/strong><\/h3>\n\n\n\n<ul class=\"wp-block-list\">\n<li>N\u0103m h\u1ecdc 2008-09 (APE Colette): Nasir PKM Abdul<\/li>\n\n\n\n<li>N\u0103m h\u1ecdc 2009-10 ((APE Colette): Odile Loram<\/li>\n\n\n\n<li>H\u00e8 2010: t\u1ea1m th\u1eddi do Nicolas L\u01b0\u01a1ng cung c\u1ea5p<\/li>\n<\/ul>\n\n\n\n<h2 class=\"wp-block-heading\">\ud83c\udf2c Chia c\u1eaft trong qu\u00e1 tr\u00ecnh di c\u01b0 v\u00e0 \u0111o\u00e0n t\u1ee5<\/h2>\n\n\n\n<p>Sau nh\u1eefng b\u1ea5t \u0111\u1ed3ng trong qu\u00e1 tr\u00ecnh chuy\u1ec3n giao sang D9, APE LEA \u0111\u00e3 \u0111\u01b0\u1ee3c th\u00e0nh l\u1eadp. <\/p>\n\n\n\n<p>2010: S\u00e1p nh\u1eadp APE Colette v\u1edbi APE LEA v\u00e0 th\u00e0nh l\u1eadp APEP (Hi\u1ec7p h\u1ed9i ph\u1ee5 huynh v\u00e0 \u0111\u1ed1i t\u00e1c)<br>H\u00e8 2010: chuy\u1ec3n giao ho\u1ea1t \u0111\u1ed9ng t\u1eeb tr\u01b0\u1eddng Colette sang LFI Duras (D9)<\/p>\n\n\n\n<h3 class=\"wp-block-heading\"><strong>Ch\u1ee7 t\u1ecbch APEP:<\/strong><\/h3>\n\n\n\n<ul class=\"wp-block-list\">\n<li>N\u0103m h\u1ecdc 2010-11: Rapha\u00eblle M\u00e9thais<\/li>\n\n\n\n<li>N\u0103m h\u1ecdc 2011-12: Jacques Schellekens<\/li>\n\n\n\n<li>N\u0103m h\u1ecdc 2012-2013: Rapha\u00eblle M\u00e9thais<\/li>\n<\/ul>\n\n\n\n<h2 class=\"wp-block-heading\">\ud83e\udddc\u200d\u2640\ufe0f 2013: Gi\u1ea3i th\u1ec3 APEP v\u00e0 th\u00e0nh l\u1eadp UPMD<\/h2>\n\n\n\n<h3 class=\"wp-block-heading\"><strong>Ch\u1ee7 t\u1ecbch\/\u0110\u1ed3ng ch\u1ee7 t\u1ecbch UPMD:<\/strong><\/h3>\n\n\n\n<ul class=\"wp-block-list\">\n<li>N\u0103m h\u1ecdc 2013-2014: Bernard Prieur<\/li>\n\n\n\n<li>N\u0103m h\u1ecdc 2013-2014 \u0111\u1ebfn 2017-2018: Rapha\u00eblle M\u00e9thais<\/li>\n\n\n\n<li>N\u0103m h\u1ecdc 2017-2018 v\u00e0 2018-2019: Carine Camart &amp; Marie B\u00e9n\u00e9dicte Laclad\u00e8re<\/li>\n\n\n\n<li>N\u0103m h\u1ecdc 2019-2020: Bruno Treffel &amp; Jaime Peypoch<\/li>\n\n\n\n<li>N\u0103m h\u1ecdc 2020-2021 \u0111\u1ebfn nay: Bruno Treffel &amp; Olivier Darius<\/li>\n<\/ul>\n\n\n\n<h2 class=\"wp-block-heading\">\ud83c\udf36 Th\u1eed th\u00e1ch \u0111\u1eb7c bi\u1ec7t<\/h2>\n\n\n\n<p>V\u00ec ho\u00e0n c\u1ea3nh c\u1ee7a anh \u1ea5y&#8230; <a href=\"https:\/\/www.upmd.fr\/a-propos-upmd\/des-challenges-particuliers\/\" data-type=\"page\" data-id=\"7849\">Ti\u1ebfp t\u1ee5c \u0111\u1ecdc \u2192<\/a><\/p>\n\n\n\n<p><\/p>\n","protected":false},"excerpt":{"rendered":"<p>M\u1ed9t l\u1ecbch s\u1eed ng\u1eafn c\u1ee7a hi\u1ec7p h\u1ed9i c\u1ee7a ch\u00fang t\u00f4i \u2693\ufe0f APE [H\u1ed5i Ph\u1ee5 Huynh] Tr\u01b0\u1eddng Colette Tr\u01b0\u1eddng Colette tr\u1ea3i r\u1ed9ng tr\u00ean nhi\u1ec1u \u0111\u1ecba \u0111i\u1ec3m \u1edf trung t\u00e2m th\u00e0nh ph\u1ed1 H\u1ed3 Ch\u00ed Minh.N\u0103m 1998, theo y\u00eau c\u1ea7u c\u1ee7a ban qu\u1ea3n l\u00fd th\u1eddi gian, H\u1ed9i Ph\u1ee5 huynh (APE) c\u1ee7a tr\u01b0\u1eddng Colette \u0111\u00e3 \u0111\u01b0\u1ee3c th\u00e0nh l\u1eadp. M\u1ee5c [&hellip;]<\/p>\n","protected":false},"author":8,"featured_media":10092,"parent":11363,"menu_order":1,"comment_status":"closed","ping_status":"closed","template":"page-wide","meta":{"footnotes":""},"class_list":["post-11366","page","type-page","status-publish","has-post-thumbnail","hentry"],"_links":{"self":[{"href":"https:\/\/www.upmd.fr\/vi\/wp-json\/wp\/v2\/pages\/11366","targetHints":{"allow":["GET"]}}],"collection":[{"href":"https:\/\/www.upmd.fr\/vi\/wp-json\/wp\/v2\/pages"}],"about":[{"href":"https:\/\/www.upmd.fr\/vi\/wp-json\/wp\/v2\/types\/page"}],"author":[{"embeddable":true,"href":"https:\/\/www.upmd.fr\/vi\/wp-json\/wp\/v2\/users\/8"}],"replies":[{"embeddable":true,"href":"https:\/\/www.upmd.fr\/vi\/wp-json\/wp\/v2\/comments?post=11366"}],"version-history":[{"count":0,"href":"https:\/\/www.upmd.fr\/vi\/wp-json\/wp\/v2\/pages\/11366\/revisions"}],"up":[{"embeddable":true,"href":"https:\/\/www.upmd.fr\/vi\/wp-json\/wp\/v2\/pages\/11363"}],"wp:featuredmedia":[{"embeddable":true,"href":"https:\/\/www.upmd.fr\/vi\/wp-json\/wp\/v2\/media\/10092"}],"wp:attachment":[{"href":"https:\/\/www.upmd.fr\/vi\/wp-json\/wp\/v2\/media?parent=11366"}],"curies":[{"name":"wp","href":"https:\/\/api.w.org\/{rel}","templated":true}]}}